{"id":10263,"date":"2025-09-29T14:58:51","date_gmt":"2025-09-29T14:58:51","guid":{"rendered":"https:\/\/dersuessestopp.com\/?post_type=product&#038;p=10263"},"modified":"2025-10-09T03:12:28","modified_gmt":"2025-10-09T03:12:28","slug":"3100-tng","status":"publish","type":"product","link":"https:\/\/dersuessestopp.com\/hr\/product\/cax-3100-tng\/","title":{"rendered":"CXF 3100 TNG"},"content":{"rendered":"<p><img decoding=\"async\" src=\"https:\/\/customer.klimaitalia.it\/api\/file\/image\/7642\" \/><\/p>\n<p data-start=\"140\" data-end=\"622\">The <strong data-start=\"144\" data-end=\"160\">CXF 3100 TNG<\/strong> je profesionalac <strong data-start=\"179\" data-end=\"214\">ventilirani rashladni pult<\/strong> s <strong data-start=\"220\" data-end=\"241\">troja staklena vrata<\/strong>, idealno za ugostiteljske objekte i okru\u017eenja za poslu\u017eivanje hrane. Izra\u0111eno od <strong data-start=\"301\" data-end=\"329\">Nehr\u0111aju\u0107i \u010delik AISI 304<\/strong>, osigurava trajnost i higijenu. Rad na <strong data-start=\"381\" data-end=\"427\">pozitivni temperaturni raspon od +2\u00b0C do +8\u00b0C<\/strong>, sadr\u017ei <strong data-start=\"441\" data-end=\"457\">LED rasvjeta<\/strong>, <strong data-start=\"459\" data-end=\"481\">vrata s mekim zatvaranjem<\/strong>, i <strong data-start=\"490\" data-end=\"515\">elektroni\u010dki termostat<\/strong> za preciznu kontrolu temperature. Opcionalno <strong data-start=\"558\" data-end=\"577\">Pametna veza WiFi<\/strong> povezivost omogu\u0107uje daljinsko pra\u0107enje.<\/p>\n<p data-start=\"624\" data-end=\"643\"><strong data-start=\"624\" data-end=\"641\">Klju\u010dne zna\u010dajke:<\/strong><\/p>\n<ul data-start=\"644\" data-end=\"1027\">\n<li data-start=\"644\" data-end=\"683\">\n<p data-start=\"646\" data-end=\"683\">Raspon temperature: <strong data-start=\"665\" data-end=\"681\">+2\u00b0C do +8\u00b0C<\/strong><\/p>\n<\/li>\n<li data-start=\"684\" data-end=\"741\">\n<p data-start=\"686\" data-end=\"741\"><strong data-start=\"686\" data-end=\"715\">Ventilirani sustav hla\u0111enja<\/strong> za ujedna\u010denu temperaturu<\/p>\n<\/li>\n<li data-start=\"742\" data-end=\"796\">\n<p data-start=\"744\" data-end=\"796\"><strong data-start=\"744\" data-end=\"772\">Nehr\u0111aju\u0107i \u010delik AISI 304<\/strong> interijera i eksterijera<\/p>\n<\/li>\n<li data-start=\"797\" data-end=\"848\">\n<p data-start=\"799\" data-end=\"848\"><strong data-start=\"799\" data-end=\"814\">Staklena vrata<\/strong> s <strong data-start=\"820\" data-end=\"846\">mehanizam za meko zatvaranje<\/strong><\/p>\n<\/li>\n<li data-start=\"849\" data-end=\"892\">\n<p data-start=\"851\" data-end=\"892\"><strong data-start=\"851\" data-end=\"867\">LED rasvjeta<\/strong> za optimalnu vidljivost<\/p>\n<\/li>\n<li data-start=\"893\" data-end=\"939\">\n<p data-start=\"895\" data-end=\"939\"><strong data-start=\"895\" data-end=\"916\">Automatsko odmrzavanje<\/strong> s elektri\u010dnim grija\u010dem<\/p>\n<\/li>\n<li data-start=\"940\" data-end=\"987\">\n<p data-start=\"942\" data-end=\"987\">Izborno <strong data-start=\"951\" data-end=\"970\">Pametna veza WiFi<\/strong> daljinski upravlja\u010d<\/p>\n<\/li>\n<li data-start=\"988\" data-end=\"1027\">\n<p data-start=\"990\" data-end=\"1027\">Dimenzije: <strong data-start=\"1002\" data-end=\"1025\">1795 \u00d7 700 \u00d7 860 mm<\/strong><\/p>\n<\/li>\n<\/ul>\n<p>&nbsp;<\/p>\n<table style=\"height: 424px;\" width=\"800\" cellspacing=\"0\">\n<tbody>\n<tr>\n<td bgcolor=\"#FFFFFF\">\n<p class=\"s12\">Dimenzije mm<\/p>\n<\/td>\n<td bgcolor=\"#FFFFFF\">\n<p class=\"s12\"><span dir=\"auto\">CXF 3100 TN<\/span><\/p>\n<\/td>\n<td bgcolor=\"#FFFFFF\">\n<p class=\"s12\"><span dir=\"auto\">CXF 3100 TNG<\/span><\/p>\n<\/td>\n<td bgcolor=\"#FFFFFF\">\n<p class=\"s12\"><span dir=\"auto\">CXF 3140 TN<\/span><\/p>\n<\/td>\n<td bgcolor=\"#FFFFFF\">\n<p class=\"s12\"><span dir=\"auto\">CXF 3100 BT<\/span><\/p>\n<\/td>\n<\/tr>\n<tr>\n<td>\n<p class=\"s13\">Vanjske dimenzije (\u0160xDxV)<\/p>\n<\/td>\n<td>\n<p class=\"s13\">1795 x 700 x 860*<\/p>\n<\/td>\n<td>\n<p class=\"s13\"><span dir=\"auto\">1795 x 700 x 860*<\/span><\/p>\n<\/td>\n<td>\n<p class=\"s13\"><span dir=\"auto\">1795 x 700 x 860*<\/span><\/p>\n<\/td>\n<td>\n<p class=\"s13\"><span dir=\"auto\">1795 x 700 x 860*<\/span><\/p>\n<\/td>\n<\/tr>\n<tr>\n<td>\n<p class=\"s13\"><span dir=\"auto\">Dimenzije pakiranja (\u0160xDxV)<\/span><\/p>\n<\/td>\n<td>\n<p class=\"s13\">1825 x 730 x 910<\/p>\n<\/td>\n<td>\n<p class=\"s13\"><span dir=\"auto\">1825 x 730 x 910<\/span><\/p>\n<\/td>\n<td>\n<p class=\"s13\"><span dir=\"auto\">1825 x 730 x 910<\/span><\/p>\n<\/td>\n<td>\n<p class=\"s13\"><span dir=\"auto\">1825 x 730 x 910<\/span><\/p>\n<\/td>\n<\/tr>\n<tr>\n<td>\n<p class=\"s13\"><span dir=\"auto\">\u0160irina<\/span><\/p>\n<\/td>\n<td>\n<p class=\"s13\">1234<\/p>\n<\/td>\n<td>\n<p class=\"s13\"><span dir=\"auto\">1234<\/span><\/p>\n<\/td>\n<td>\n<p class=\"s13\"><span dir=\"auto\">1234<\/span><\/p>\n<\/td>\n<td>\n<p class=\"s13\"><span dir=\"auto\">1234<\/span><\/p>\n<\/td>\n<\/tr>\n<tr>\n<td>\n<p class=\"s13\"><span dir=\"auto\">Dubina<\/span><\/p>\n<\/td>\n<td>\n<p class=\"s13\">580<\/p>\n<\/td>\n<td>\n<p class=\"s13\"><span dir=\"auto\">580<\/span><\/p>\n<\/td>\n<td>\n<p class=\"s13\"><span dir=\"auto\">580<\/span><\/p>\n<\/td>\n<td>\n<p class=\"s13\"><span dir=\"auto\">580<\/span><\/p>\n<\/td>\n<\/tr>\n<tr>\n<td>\n<p class=\"s13\"><span dir=\"auto\">Visina<\/span><\/p>\n<\/td>\n<td>\n<p class=\"s13\">560<\/p>\n<\/td>\n<td>\n<p class=\"s13\"><span dir=\"auto\">560<\/span><\/p>\n<\/td>\n<td>\n<p class=\"s13\"><span dir=\"auto\">560<\/span><\/p>\n<\/td>\n<td>\n<p class=\"s13\"><span dir=\"auto\">560<\/span><\/p>\n<\/td>\n<\/tr>\n<tr>\n<td colspan=\"5\">\n<p class=\"s13\"><span dir=\"auto\">*Ukupna visina jedinica uklju\u010duje no\u017eice pode\u0161ene na minimalnu visinu<\/span><\/p>\n<\/td>\n<\/tr>\n<\/tbody>\n<\/table>\n<p>&nbsp;<\/p>\n<table style=\"height: 1463px;\" width=\"1339\" cellspacing=\"0\">\n<tbody>\n<tr>\n<td bgcolor=\"#FFFFFF\">\n<p class=\"s12\"><span dir=\"auto\">Tehni\u010dke zna\u010dajke<\/span><\/p>\n<\/td>\n<td bgcolor=\"#FFFFFF\">\n<p class=\"s12\"><span dir=\"auto\">CXF 3100 TN<\/span><\/p>\n<\/td>\n<td bgcolor=\"#FFFFFF\">\n<p class=\"s12\"><span dir=\"auto\">CXF 3100 TNG<\/span><\/p>\n<\/td>\n<td bgcolor=\"#FFFFFF\">\n<p class=\"s12\"><span dir=\"auto\">CXF 3110 \/ 3130 TN<\/span><\/p>\n<\/td>\n<td bgcolor=\"#FFFFFF\">\n<p class=\"s12\"><span dir=\"auto\">CXF 3140 TN<\/span><\/p>\n<\/td>\n<td bgcolor=\"#FFFFFF\">\n<p class=\"s12\"><span dir=\"auto\">CXF 3100 BT<\/span><\/p>\n<\/td>\n<\/tr>\n<tr>\n<td>\n<p class=\"s13\">Raspon temperature<\/p>\n<\/td>\n<td>\n<p class=\"s13\">-2 \u00b0C \/ +8 \u00b0C<\/p>\n<\/td>\n<td>\n<p class=\"s13\">+2 \u00b0C \/ +8 \u00b0C<\/p>\n<\/td>\n<td>\n<p class=\"s13\"><span dir=\"auto\">-2 \u00b0C \/ +8 \u00b0C<\/span><\/p>\n<\/td>\n<td>\n<p class=\"s13\"><span dir=\"auto\">-2 \u00b0C \/ +8 \u00b0C<\/span><\/p>\n<\/td>\n<td>\n<p class=\"s13\">-22 \u00b0C \/ -18 \u00b0C<\/p>\n<\/td>\n<\/tr>\n<tr>\n<td>\n<p class=\"s13\"><span dir=\"auto\">Klima\u00a0<\/span><span dir=\"auto\">Razred<\/span><\/p>\n<\/td>\n<td>\n<p class=\"s13\">5<\/p>\n<\/td>\n<td>\n<p class=\"s13\">4<\/p>\n<\/td>\n<td>\n<p class=\"s13\"><span dir=\"auto\">4<\/span><\/p>\n<\/td>\n<td>\n<p class=\"s13\"><span dir=\"auto\">4<\/span><\/p>\n<\/td>\n<td>\n<p class=\"s13\"><span dir=\"auto\">4<\/span><\/p>\n<\/td>\n<\/tr>\n<tr>\n<td>\n<p class=\"s13\">Neto bruto volumen<\/p>\n<\/td>\n<td>\n<p class=\"s13\">Poru\u010dnik 291\/358<\/p>\n<\/td>\n<td>\n<p class=\"s13\">Poru\u010dnik 302\/358<\/p>\n<\/td>\n<td>\n<p class=\"s13\">Poru\u010dnik 242\/358<\/p>\n<\/td>\n<td>\n<p class=\"s13\">Poru\u010dnik 194 \/ 358<\/p>\n<\/td>\n<td>\n<p class=\"s13\">Poru\u010dnik 281\/358<\/p>\n<\/td>\n<\/tr>\n<tr>\n<td>\n<p class=\"s13\"><span dir=\"auto\">Vanjska povr\u0161ina \/\u00a0<\/span><span dir=\"auto\">Tijelo<\/span><\/p>\n<\/td>\n<td>\n<p class=\"s13\"><span dir=\"auto\">Nehr\u0111aju\u0107i \u010delik AISI 304<\/span><\/p>\n<\/td>\n<td>\n<p class=\"s13\"><span dir=\"auto\">Nehr\u0111aju\u0107i \u010delik AISI 304<\/span><\/p>\n<\/td>\n<td>\n<p class=\"s13\"><span dir=\"auto\">Nehr\u0111aju\u0107i \u010delik AISI 304<\/span><\/p>\n<\/td>\n<td>\n<p class=\"s13\"><span dir=\"auto\">Nehr\u0111aju\u0107i \u010delik AISI 304<\/span><\/p>\n<\/td>\n<td>\n<p class=\"s13\"><span dir=\"auto\">Nehr\u0111aju\u0107i \u010delik AISI 304<\/span><\/p>\n<\/td>\n<\/tr>\n<tr>\n<td>\n<p class=\"s13\"><span dir=\"auto\">Vrata<\/span><\/p>\n<\/td>\n<td>\n<p class=\"s14\">&#8211;<\/p>\n<\/td>\n<td>\n<p class=\"s13\"><span dir=\"auto\">Staklo<\/span><span dir=\"auto\">\u200b<\/span><\/p>\n<\/td>\n<td>\n<p class=\"s14\"><span dir=\"auto\">&#8211;<\/span><\/p>\n<\/td>\n<td>\n<p class=\"s14\"><span dir=\"auto\">&#8211;<\/span><\/p>\n<\/td>\n<td>\n<p class=\"s14\"><span dir=\"auto\">&#8211;<\/span><\/p>\n<\/td>\n<\/tr>\n<tr>\n<td>\n<p class=\"s13\"><span dir=\"auto\">Unutarnji\u00a0<\/span><span dir=\"auto\">Obloga<\/span><\/p>\n<\/td>\n<td>\n<p class=\"s13\"><span dir=\"auto\">Nehr\u0111aju\u0107i \u010delik AISI 304<\/span><\/p>\n<\/td>\n<td>\n<p class=\"s13\"><span dir=\"auto\">Nehr\u0111aju\u0107i \u010delik AISI 304<\/span><\/p>\n<\/td>\n<td>\n<p class=\"s13\"><span dir=\"auto\">Nehr\u0111aju\u0107i \u010delik AISI 304<\/span><\/p>\n<\/td>\n<td>\n<p class=\"s13\"><span dir=\"auto\">Nehr\u0111aju\u0107i \u010delik AISI 304<\/span><\/p>\n<\/td>\n<td>\n<p class=\"s13\"><span dir=\"auto\">Nehr\u0111aju\u0107i \u010delik AISI 304<\/span><\/p>\n<\/td>\n<\/tr>\n<tr>\n<td>\n<p class=\"s13\"><span dir=\"auto\">Termostat<\/span><span dir=\"auto\">\u200b<\/span><\/p>\n<\/td>\n<td>\n<p class=\"s13\"><span dir=\"auto\">Elektronika<\/span><span dir=\"auto\">\u200b<\/span><\/p>\n<\/td>\n<td>\n<p class=\"s13\"><span dir=\"auto\">Elektronika<\/span><span dir=\"auto\">\u200b<\/span><\/p>\n<\/td>\n<td>\n<p class=\"s13\"><span dir=\"auto\">Elektronika<\/span><span dir=\"auto\">\u200b<\/span><\/p>\n<\/td>\n<td>\n<p class=\"s13\"><span dir=\"auto\">Elektronika<\/span><span dir=\"auto\">\u200b<\/span><\/p>\n<\/td>\n<td>\n<p class=\"s13\"><span dir=\"auto\">Elektronika<\/span><span dir=\"auto\">\u200b<\/span><\/p>\n<\/td>\n<\/tr>\n<tr>\n<td>\n<p class=\"s13\"><span dir=\"auto\">Buka\u00a0<\/span><span dir=\"auto\">razina<\/span><\/p>\n<\/td>\n<td>\n<p class=\"s13\">dB 42<\/p>\n<\/td>\n<td>\n<p class=\"s13\"><span dir=\"auto\">dB 42<\/span><\/p>\n<\/td>\n<td>\n<p class=\"s13\"><span dir=\"auto\">dB 42<\/span><\/p>\n<\/td>\n<td>\n<p class=\"s13\"><span dir=\"auto\">dB 42<\/span><\/p>\n<\/td>\n<td>\n<p class=\"s13\"><span dir=\"auto\">dB 42<\/span><\/p>\n<\/td>\n<\/tr>\n<tr>\n<td>\n<p class=\"s13\">Pametna veza WiFi<\/p>\n<p class=\"s13\"><span dir=\"auto\">Daljinski upravlja\u010d<\/span><\/p>\n<\/td>\n<td>\n<p class=\"s13\">Izborno<\/p>\n<\/td>\n<td>\n<p class=\"s13\"><span dir=\"auto\">Izborno<\/span><\/p>\n<\/td>\n<td>\n<p class=\"s13\"><span dir=\"auto\">Izborno<\/span><\/p>\n<\/td>\n<td>\n<p class=\"s13\"><span dir=\"auto\">Izborno<\/span><\/p>\n<\/td>\n<td>\n<p class=\"s13\"><span dir=\"auto\">Izborno<\/span><\/p>\n<\/td>\n<\/tr>\n<tr>\n<td>\n<p class=\"s13\">Debljina izolacije<\/p>\n<\/td>\n<td>\n<p class=\"s13\">60 mm<\/p>\n<\/td>\n<td>\n<p class=\"s13\"><span dir=\"auto\">60 mm<\/span><\/p>\n<\/td>\n<td>\n<p class=\"s13\"><span dir=\"auto\">60 mm<\/span><\/p>\n<\/td>\n<td>\n<p class=\"s13\"><span dir=\"auto\">60 mm<\/span><\/p>\n<\/td>\n<td>\n<p class=\"s13\">60 metara<\/p>\n<\/td>\n<\/tr>\n<tr>\n<td>\n<p class=\"s13\"><span dir=\"auto\">Odmrzavanje\u00a0<\/span><span dir=\"auto\">Odmrzavanje<\/span><\/p>\n<\/td>\n<td>\n<p class=\"s13\"><span dir=\"auto\">Automatski s elektri\u010dnim\u00a0<\/span><span dir=\"auto\">grija\u010d<\/span><\/p>\n<\/td>\n<td>\n<p class=\"s13\"><span dir=\"auto\">Automatski s elektri\u010dnim\u00a0<\/span><span dir=\"auto\">grija\u010d<\/span><\/p>\n<\/td>\n<td>\n<p class=\"s13\"><span dir=\"auto\">Automatski s elektri\u010dnim\u00a0<\/span><span dir=\"auto\">grija\u010d<\/span><\/p>\n<\/td>\n<td>\n<p class=\"s13\"><span dir=\"auto\">Automatski s elektri\u010dnim\u00a0<\/span><span dir=\"auto\">grija\u010d<\/span><\/p>\n<\/td>\n<td>\n<p class=\"s13\"><span dir=\"auto\">Automatski s elektri\u010dnim\u00a0<\/span><span dir=\"auto\">grija\u010d<\/span><\/p>\n<\/td>\n<\/tr>\n<tr>\n<td>\n<p class=\"s13\">Police (\u0160xV)<\/p>\n<\/td>\n<td>\n<p class=\"s13\">Br. 3 \u2013 mm 335 x 530 +<\/p>\n<p class=\"s13\">Br. 3 \u2013 mm 390 x 505<\/p>\n<\/td>\n<td>\n<p class=\"s13\"><span dir=\"auto\">Br. 3 \u2013 mm 335 x 530 +<\/span><\/p>\n<p class=\"s13\"><span dir=\"auto\">Br. 3 \u2013 mm 390 x 505<\/span><\/p>\n<\/td>\n<td>\n<p class=\"s13\">Br. 2 \u2013 mm 335 x 530 +<\/p>\n<p class=\"s13\">Br. 2 \u2013 mm 390 x 505<\/p>\n<\/td>\n<td>\n<p class=\"s13\">Br. 1 \u2013 mm 335 x 530 +<\/p>\n<p class=\"s13\">Br. 1 \u2013 mm 390 x 505<\/p>\n<\/td>\n<td>\n<p class=\"s13\"><span dir=\"auto\">Br. 3 \u2013 mm 335 x 530 +<\/span><\/p>\n<p class=\"s13\"><span dir=\"auto\">Br. 3 \u2013 mm 390 x 505<\/span><\/p>\n<\/td>\n<\/tr>\n<tr>\n<td>\n<p class=\"s13\"><span dir=\"auto\">Rasvjeta<\/span><span dir=\"auto\">\u200b<\/span><\/p>\n<\/td>\n<td>\n<p class=\"s14\">&#8211;<\/p>\n<\/td>\n<td>\n<p class=\"s13\">LED 3,6 W<\/p>\n<\/td>\n<td>\n<p class=\"s13\"><span dir=\"auto\">&#8211;<\/span><\/p>\n<\/td>\n<td>\n<p class=\"s13\"><span dir=\"auto\">&#8211;<\/span><\/p>\n<\/td>\n<td>\n<p class=\"s13\"><span dir=\"auto\">&#8211;<\/span><\/p>\n<\/td>\n<\/tr>\n<tr>\n<td>\n<p class=\"s13\"><span dir=\"auto\">Samo-\u00a0<\/span><span dir=\"auto\">zatvaranje vrata<\/span><\/p>\n<\/td>\n<td>\n<p class=\"s13\"><span dir=\"auto\">Meko zatvaranje<\/span><\/p>\n<\/td>\n<td>\n<p class=\"s13\"><span dir=\"auto\">Meko zatvaranje<\/span><\/p>\n<\/td>\n<td>\n<p class=\"s13\"><span dir=\"auto\">Meko zatvaranje<\/span><\/p>\n<\/td>\n<td>\n<p class=\"s13\"><span dir=\"auto\">Meko zatvaranje<\/span><\/p>\n<\/td>\n<td>\n<p class=\"s13\"><span dir=\"auto\">Meko zatvaranje<\/span><\/p>\n<\/td>\n<\/tr>\n<tr>\n<td>\n<p class=\"s13\"><span dir=\"auto\">Stopala<\/span><\/p>\n<\/td>\n<td>\n<p class=\"s13\">6 stopa v mm 110\/170<\/p>\n<\/td>\n<td>\n<p class=\"s13\"><span dir=\"auto\">1,8 metara <\/span><span dir=\"auto\">v mm 110\/170<\/span><\/p>\n<\/td>\n<td>\n<p class=\"s13\"><span dir=\"auto\">\u00a0<\/span><span dir=\"auto\">1,8 metara\u00a0<\/span><span dir=\"auto\">v mm 110\/170<\/span><\/p>\n<\/td>\n<td>\n<p class=\"s13\"><span dir=\"auto\">1,8 metara <\/span><span dir=\"auto\">v mm 110\/170<\/span><\/p>\n<\/td>\n<td>\n<p class=\"s13\"><span dir=\"auto\">1,8 metara <\/span><span dir=\"auto\">v mm 110\/170<\/span><\/p>\n<\/td>\n<\/tr>\n<tr>\n<td>\n<p class=\"s13\"><span dir=\"auto\">Kota\u010di\u0107i<\/span><\/p>\n<\/td>\n<td>\n<p class=\"s13\">Opcionalno \u2013 v mm 140<\/p>\n<\/td>\n<td>\n<p class=\"s13\"><span dir=\"auto\">Opcionalno \u2013 v mm 140<\/span><\/p>\n<\/td>\n<td>\n<p class=\"s13\"><span dir=\"auto\">Opcionalno \u2013 v mm 140<\/span><\/p>\n<\/td>\n<td>\n<p class=\"s13\"><span dir=\"auto\">Opcionalno \u2013 v mm 140<\/span><\/p>\n<\/td>\n<td>\n<p class=\"s13\"><span dir=\"auto\">Opcionalno \u2013 v mm 140<\/span><\/p>\n<\/td>\n<\/tr>\n<tr>\n<td>\n<p class=\"s13\"><span dir=\"auto\">Neto-\u00a0<\/span><span dir=\"auto\">Bruto te\u017eina<\/span><\/p>\n<\/td>\n<td>\n<p class=\"s13\">Kg 134 \/ 151<\/p>\n<\/td>\n<td>\n<p class=\"s13\"><span dir=\"auto\">Kg 134 \/ 151<\/span><\/p>\n<\/td>\n<td>\n<p class=\"s13\">Kg 144 \/ 161<\/p>\n<\/td>\n<td>\n<p class=\"s13\">Kg 154 \/ 171<\/p>\n<\/td>\n<td>\n<p class=\"s13\">Kg 136 \/ 154<\/p>\n<\/td>\n<\/tr>\n<tr>\n<td>\n<p class=\"s13\"><span dir=\"auto\">Napon<\/span><span dir=\"auto\">\u200b<\/span><\/p>\n<\/td>\n<td>\n<p class=\"s13\"><span dir=\"auto\">Na 220-240<\/span><\/p>\n<\/td>\n<td>\n<p class=\"s13\"><span dir=\"auto\">Na 220-240<\/span><\/p>\n<\/td>\n<td>\n<p class=\"s13\"><span dir=\"auto\">Na 220-240<\/span><\/p>\n<\/td>\n<td>\n<p class=\"s13\"><span dir=\"auto\">Na 220-240<\/span><\/p>\n<\/td>\n<td>\n<p class=\"s13\"><span dir=\"auto\">Na 220-240<\/span><\/p>\n<\/td>\n<\/tr>\n<tr>\n<td>\n<p class=\"s13\"><span dir=\"auto\">Frekvencija<\/span><span dir=\"auto\">\u200b<\/span><\/p>\n<\/td>\n<td>\n<p class=\"s13\">Hz 50<\/p>\n<\/td>\n<td>\n<p class=\"s13\"><span dir=\"auto\">Hz 50<\/span><\/p>\n<\/td>\n<td>\n<p class=\"s13\"><span dir=\"auto\">Hz 50<\/span><\/p>\n<\/td>\n<td>\n<p class=\"s13\"><span dir=\"auto\">Hz 50<\/span><\/p>\n<\/td>\n<td>\n<p class=\"s13\"><span dir=\"auto\">Hz 50<\/span><\/p>\n<\/td>\n<\/tr>\n<tr>\n<td>\n<p class=\"s13\"><span dir=\"auto\">Rashladno sredstvo<\/span><\/p>\n<\/td>\n<td>\n<p class=\"s13\">R600A<\/p>\n<\/td>\n<td>\n<p class=\"s13\"><span dir=\"auto\">R600A<\/span><\/p>\n<\/td>\n<td>\n<p class=\"s13\"><span dir=\"auto\">R600A<\/span><\/p>\n<\/td>\n<td>\n<p class=\"s13\"><span dir=\"auto\">R600A<\/span><\/p>\n<\/td>\n<td>\n<p class=\"s13\"><span dir=\"auto\">290 kuna<\/span><\/p>\n<\/td>\n<\/tr>\n<tr>\n<td>\n<p class=\"s13\"><span dir=\"auto\">Apsorpcija<\/span><span dir=\"auto\">\u200b<\/span><\/p>\n<\/td>\n<td>\n<p class=\"s13\"><span dir=\"auto\">U 300<\/span><\/p>\n<\/td>\n<td>\n<p class=\"s13\"><span dir=\"auto\">U 300<\/span><\/p>\n<\/td>\n<td>\n<p class=\"s13\"><span dir=\"auto\">U 300<\/span><\/p>\n<\/td>\n<td>\n<p class=\"s13\"><span dir=\"auto\">U 300<\/span><\/p>\n<\/td>\n<td>\n<p class=\"s13\"><span dir=\"auto\">Godine 570.<\/span><\/p>\n<\/td>\n<\/tr>\n<tr>\n<td>\n<p class=\"s13\"><span dir=\"auto\">Energija\u00a0<\/span><span dir=\"auto\">Potro\u0161nja<\/span><\/p>\n<\/td>\n<td>\n<p class=\"s13\"><span dir=\"auto\">kWh\/24 sata 2,25<\/span><\/p>\n<\/td>\n<td>\n<p class=\"s13\"><span dir=\"auto\">kWh\/24 sata 3.126<\/span><\/p>\n<\/td>\n<td>\n<p class=\"s13\"><span dir=\"auto\">kWh\/24 sata 2,25<\/span><\/p>\n<\/td>\n<td>\n<p class=\"s13\"><span dir=\"auto\">kWh\/24 sata 2,18<\/span><\/p>\n<\/td>\n<td>\n<p class=\"s13\"><span dir=\"auto\">kWh\/24 sata 8,11<\/span><\/p>\n<\/td>\n<\/tr>\n<\/tbody>\n<\/table>\n<p>&nbsp;<\/p>","protected":false},"excerpt":{"rendered":"<p>-2 \u00b0C \/ +8 \u00b0C Rashladni stol s ventiliranim staklenim vratima. Pozitivna temperatura.<\/p>","protected":false},"featured_media":10306,"comment_status":"open","ping_status":"closed","template":"","meta":[],"product_brand":[],"product_cat":[51],"product_tag":[],"class_list":{"0":"post-10263","1":"product","2":"type-product","3":"status-publish","4":"has-post-thumbnail","6":"product_cat-kitchen-catering-cooling","8":"first","9":"instock","10":"shipping-taxable","11":"purchasable","12":"product-type-simple"},"_links":{"self":[{"href":"https:\/\/dersuessestopp.com\/hr\/wp-json\/wp\/v2\/product\/10263","targetHints":{"allow":["GET"]}}],"collection":[{"href":"https:\/\/dersuessestopp.com\/hr\/wp-json\/wp\/v2\/product"}],"about":[{"href":"https:\/\/dersuessestopp.com\/hr\/wp-json\/wp\/v2\/types\/product"}],"replies":[{"embeddable":true,"href":"https:\/\/dersuessestopp.com\/hr\/wp-json\/wp\/v2\/comments?post=10263"}],"version-history":[{"count":5,"href":"https:\/\/dersuessestopp.com\/hr\/wp-json\/wp\/v2\/product\/10263\/revisions"}],"predecessor-version":[{"id":11968,"href":"https:\/\/dersuessestopp.com\/hr\/wp-json\/wp\/v2\/product\/10263\/revisions\/11968"}],"wp:featuredmedia":[{"embeddable":true,"href":"https:\/\/dersuessestopp.com\/hr\/wp-json\/wp\/v2\/media\/10306"}],"wp:attachment":[{"href":"https:\/\/dersuessestopp.com\/hr\/wp-json\/wp\/v2\/media?parent=10263"}],"wp:term":[{"taxonomy":"product_brand","embeddable":true,"href":"https:\/\/dersuessestopp.com\/hr\/wp-json\/wp\/v2\/product_brand?post=10263"},{"taxonomy":"product_cat","embeddable":true,"href":"https:\/\/dersuessestopp.com\/hr\/wp-json\/wp\/v2\/product_cat?post=10263"},{"taxonomy":"product_tag","embeddable":true,"href":"https:\/\/dersuessestopp.com\/hr\/wp-json\/wp\/v2\/product_tag?post=10263"}],"curies":[{"name":"wp","href":"https:\/\/api.w.org\/{rel}","templated":true}]}}