{"id":10258,"date":"2025-09-29T14:58:50","date_gmt":"2025-09-29T14:58:50","guid":{"rendered":"https:\/\/dersuessestopp.com\/?post_type=product&#038;p=10258"},"modified":"2025-10-09T03:22:37","modified_gmt":"2025-10-09T03:22:37","slug":"cax-3200-tng-s-alzatinom","status":"publish","type":"product","link":"https:\/\/dersuessestopp.com\/hr\/product\/cax-3200-tng-con-alzatina\/","title":{"rendered":"CXF 3200 TNG S ZA\u0160TITNOM STRANICOM"},"content":{"rendered":"<p><img decoding=\"async\" src=\"https:\/\/customer.klimaitalia.it\/api\/file\/image\/12760\" \/><\/p>\n<h2>Opis proizvoda<\/h2>\n<p>The <strong data-start=\"231\" data-end=\"247\">CXF 3200 TNG<\/strong> je profesionalac <strong data-start=\"266\" data-end=\"307\">rashladni pult s troja vrata od stakla<\/strong> s <strong data-start=\"313\" data-end=\"332\">stra\u017enja za\u0161titna oplata<\/strong>, idealno za restorane, barove i ugostiteljske objekte kojima je potrebna i vidljivost i performanse. Izra\u0111eno od <strong data-start=\"445\" data-end=\"473\">Nehr\u0111aju\u0107i \u010delik AISI 304<\/strong>, kombinira higijenu, izdr\u017eljivost i moderan dizajn. Djeluje u <strong data-start=\"544\" data-end=\"581\">temperaturni raspon od +2\u00b0C do +8\u00b0C<\/strong>, osigurava ravnomjerno hla\u0111enje i energetsku u\u010dinkovitost. Opremljen s <strong data-start=\"647\" data-end=\"671\">vrata od kaljenog stakla<\/strong>, <strong data-start=\"673\" data-end=\"689\">LED rasvjeta<\/strong>, <strong data-start=\"691\" data-end=\"716\">elektroni\u010dki termostat<\/strong>, i <strong data-start=\"722\" data-end=\"752\">automatsko elektri\u010dno odmrzavanje<\/strong>, pru\u017ea pouzdane performanse s elegantnom prezentacijom.<\/p>\n<h2>Tehni\u010dke specifikacije<\/h2>\n<table>\n<tbody>\n<tr>\n<td>Dimenzije mm<\/td>\n<td>CXF 3200 TN<\/td>\n<td>CXF 3200 TNG<\/td>\n<td>CXF 3200 BT<\/td>\n<\/tr>\n<tr>\n<td>Vanjske dimenzije (\u0160xDxV)<\/td>\n<td>1795 x 700 x 960*<\/td>\n<td>1795 x 700 x 960*<\/td>\n<td>1795 x 700 x 960*<\/td>\n<\/tr>\n<tr>\n<td>Dimenzije pakiranja (\u0160xDxV)<\/td>\n<td>1825 x 730 x 1010<\/td>\n<td>1825 x 730 x 1010<\/td>\n<td>1825 x 730 x 1010<\/td>\n<\/tr>\n<tr>\n<td>\u0160irina<\/td>\n<td>1234<\/td>\n<td>1234<\/td>\n<td>1234<\/td>\n<\/tr>\n<tr>\n<td>Dubina<\/td>\n<td>580<\/td>\n<td>580<\/td>\n<td>580<\/td>\n<\/tr>\n<tr>\n<td>Visina<\/td>\n<td>560<\/td>\n<td>560<\/td>\n<td>560<\/td>\n<\/tr>\n<tr>\n<td colspan=\"4\">Ukupna visina jedinica uklju\u010duje no\u017eice pode\u0161ene na minimalnu visinu.<\/td>\n<\/tr>\n<\/tbody>\n<\/table>\n<p>&nbsp;<\/p>\n<table>\n<tbody>\n<tr>\n<td>Tehni\u010dke zna\u010dajke<\/td>\n<td>CXF 3200 TN<\/td>\n<td>CXF 3200 TNG<\/td>\n<td>CXF 3200 BT<\/td>\n<\/tr>\n<tr>\n<td>Raspon temperature<\/td>\n<td>-2 \u00b0C \/ +8 \u00b0C<\/td>\n<td>+2 \u00b0C \/ +8 \u00b0C<\/td>\n<td>-22 \u00b0C \/ -18 \u00b0C<\/td>\n<\/tr>\n<tr>\n<td>Klimatski razred<\/td>\n<td>5<\/td>\n<td>4<\/td>\n<td>4<\/td>\n<\/tr>\n<tr>\n<td>Neto bruto volumen<\/td>\n<td>Poru\u010dnik 291\/358<\/td>\n<td>Poru\u010dnik 302\/358<\/td>\n<td>Poru\u010dnik 281\/358<\/td>\n<\/tr>\n<tr>\n<td>Tijelo<\/td>\n<td>Nehr\u0111aju\u0107i \u010delik AISI 304<\/td>\n<td>Nehr\u0111aju\u0107i \u010delik AISI 304<\/td>\n<td>Nehr\u0111aju\u0107i \u010delik AISI 304<\/td>\n<\/tr>\n<tr>\n<td>Unutarnja obloga<\/td>\n<td>Nehr\u0111aju\u0107i \u010delik AISI 304<\/td>\n<td>Nehr\u0111aju\u0107i \u010delik AISI 304<\/td>\n<td>Nehr\u0111aju\u0107i \u010delik AISI 304<\/td>\n<\/tr>\n<tr>\n<td>Termostat<\/td>\n<td>Elektronika<\/td>\n<td>Elektronika<\/td>\n<td>Elektronika<\/td>\n<\/tr>\n<tr>\n<td>Razina buke<\/td>\n<td>dB 42<\/td>\n<td>dB 42<\/td>\n<td>dB 42<\/td>\n<\/tr>\n<tr>\n<td>Daljinski upravlja\u010d<\/td>\n<td>Izborno<\/td>\n<td>Izborno<\/td>\n<td>Izborno<\/td>\n<\/tr>\n<tr>\n<td>Debljina izolacije<\/td>\n<td>60 mm<\/td>\n<td>60 mm<\/td>\n<td>60 metara<\/td>\n<\/tr>\n<tr>\n<td>Odmrzavanje<\/td>\n<td>Automatski s elektri\u010dnim grija\u010dem<\/td>\n<td>Automatski s elektri\u010dnim grija\u010dem<\/td>\n<td>\u00a0Automatski s elektri\u010dnim grija\u010dem<\/td>\n<\/tr>\n<tr>\n<td>Police (\u0160xV)<\/td>\n<td>Br. 3 \u2013 mm 335 x 530 + Br. 3 \u2013 mm 390 x 505<\/td>\n<td>Br. 3 \u2013 mm 335 x 530 + Br. 3 \u2013 mm 390 x 505<\/td>\n<td>Br. 3 \u2013 mm 335 x 530 + Br. 3 \u2013 mm 390 x 505<\/td>\n<\/tr>\n<tr>\n<td>Samozatvaraju\u0107a vrata<\/td>\n<td>Meko zatvaranje<\/td>\n<td>Meko zatvaranje<\/td>\n<td>Meko zatvaranje<\/td>\n<\/tr>\n<tr>\n<td>Visina za\u0161titne naslone<\/td>\n<td>110 mm<\/td>\n<td>110 mm<\/td>\n<td>110 mm<\/td>\n<\/tr>\n<tr>\n<td>Kota\u010di\u0107i-Noge<\/td>\n<td>4 stope<\/td>\n<td>4 stope<\/td>\n<td>4 stope<\/td>\n<\/tr>\n<tr>\n<td>Kota\u010di\u0107i<\/td>\n<td>Opcionalno \u2013 v mm 140<\/td>\n<td>Opcionalno \u2013 v mm 140<\/td>\n<td>Opcionalno \u2013 v mm 140<\/td>\n<\/tr>\n<tr>\n<td>Neto-bruto te\u017eina<\/td>\n<td>Kg 139 \/ 179<\/td>\n<td>Kg 144 \/ 161<\/td>\n<td>Kg 143 \/ 183<\/td>\n<\/tr>\n<tr>\n<td>Napon<\/td>\n<td>V 220-240<\/td>\n<td>V 220-240<\/td>\n<td>V 220-240<\/td>\n<\/tr>\n<tr>\n<td>Frekvencija<\/td>\n<td>Hz 50<\/td>\n<td>Hz 50<\/td>\n<td>Hz 50<\/td>\n<\/tr>\n<tr>\n<td>Rashladno sredstvo<\/td>\n<td>R600A<\/td>\n<td>R600A<\/td>\n<td>290 kuna<\/td>\n<\/tr>\n<tr>\n<td>Apsorpcija<\/td>\n<td>Z 300<\/td>\n<td>Z 300<\/td>\n<td>Z 570<\/td>\n<\/tr>\n<tr>\n<td>Potro\u0161nja energije<\/td>\n<td>kWh\/24 sata 2,25<\/td>\n<td>kWh\/24 sata 3.126<\/td>\n<td>kWh\/24 sata 8,11<\/td>\n<\/tr>\n<\/tbody>\n<\/table>","protected":false},"excerpt":{"rendered":"<p>-2 \u00b0C \/ +8 \u00b0C Hla\u0111eni stol s tri prednja staklena vrata, ventiliranim poklopcem i alzatinom. Pozitivna temperatura.<\/p>","protected":false},"featured_media":10296,"comment_status":"open","ping_status":"closed","template":"","meta":[],"product_brand":[],"product_cat":[51],"product_tag":[],"class_list":{"0":"post-10258","1":"product","2":"type-product","3":"status-publish","4":"has-post-thumbnail","6":"product_cat-kitchen-catering-cooling","8":"first","9":"instock","10":"shipping-taxable","11":"purchasable","12":"product-type-simple"},"_links":{"self":[{"href":"https:\/\/dersuessestopp.com\/hr\/wp-json\/wp\/v2\/product\/10258","targetHints":{"allow":["GET"]}}],"collection":[{"href":"https:\/\/dersuessestopp.com\/hr\/wp-json\/wp\/v2\/product"}],"about":[{"href":"https:\/\/dersuessestopp.com\/hr\/wp-json\/wp\/v2\/types\/product"}],"replies":[{"embeddable":true,"href":"https:\/\/dersuessestopp.com\/hr\/wp-json\/wp\/v2\/comments?post=10258"}],"version-history":[{"count":3,"href":"https:\/\/dersuessestopp.com\/hr\/wp-json\/wp\/v2\/product\/10258\/revisions"}],"predecessor-version":[{"id":12341,"href":"https:\/\/dersuessestopp.com\/hr\/wp-json\/wp\/v2\/product\/10258\/revisions\/12341"}],"wp:featuredmedia":[{"embeddable":true,"href":"https:\/\/dersuessestopp.com\/hr\/wp-json\/wp\/v2\/media\/10296"}],"wp:attachment":[{"href":"https:\/\/dersuessestopp.com\/hr\/wp-json\/wp\/v2\/media?parent=10258"}],"wp:term":[{"taxonomy":"product_brand","embeddable":true,"href":"https:\/\/dersuessestopp.com\/hr\/wp-json\/wp\/v2\/product_brand?post=10258"},{"taxonomy":"product_cat","embeddable":true,"href":"https:\/\/dersuessestopp.com\/hr\/wp-json\/wp\/v2\/product_cat?post=10258"},{"taxonomy":"product_tag","embeddable":true,"href":"https:\/\/dersuessestopp.com\/hr\/wp-json\/wp\/v2\/product_tag?post=10258"}],"curies":[{"name":"wp","href":"https:\/\/api.w.org\/{rel}","templated":true}]}}