{"id":10207,"date":"2025-09-29T14:58:30","date_gmt":"2025-09-29T14:58:30","guid":{"rendered":"https:\/\/dersuessestopp.com\/?post_type=product&#038;p=10207"},"modified":"2025-10-09T03:34:59","modified_gmt":"2025-10-09T03:34:59","slug":"cax-4100-tng","status":"publish","type":"product","link":"https:\/\/dersuessestopp.com\/hr\/product\/cax-4100-tng\/","title":{"rendered":"CXF 4100 TNG"},"content":{"rendered":"<p><img decoding=\"async\" src=\"https:\/\/customer.klimaitalia.it\/api\/file\/image\/12784\" \/><\/p>\n<p>&nbsp;<\/p>\n<h2>Opis proizvoda<\/h2>\n<p>The <strong data-start=\"191\" data-end=\"207\">CXF 4100 TNG<\/strong> je profesionalac <strong data-start=\"226\" data-end=\"288\">\u010detverovratni ventilirani rashladni pult sa staklenim vratima<\/strong>, idealno za restorane, hotele i kuhinje za catering. Izra\u0111eno od vrhunskog materijala <strong data-start=\"363\" data-end=\"391\">Nehr\u0111aju\u0107i \u010delik AISI 304<\/strong>, kombinira izdr\u017eljivost, higijenu i elegantnu funkcionalnost zaslona. Rade\u0107i u <strong data-start=\"476\" data-end=\"513\">temperaturni raspon od +2\u00b0C do +8\u00b0C<\/strong>, osigurava ravnomjerno hla\u0111enje i vidljivost proizvoda. Opremljen s <strong data-start=\"580\" data-end=\"596\">LED rasvjeta<\/strong>, <strong data-start=\"598\" data-end=\"626\">staklena vrata s mekim zatvaranjem<\/strong>, <strong data-start=\"628\" data-end=\"653\">elektroni\u010dki termostat<\/strong>, i <strong data-start=\"659\" data-end=\"689\">automatsko elektri\u010dno odmrzavanje<\/strong>, pru\u017ea pouzdane i energetski u\u010dinkovite performanse.<\/p>\n<h2>Tehni\u010dke specifikacije<\/h2>\n<table>\n<tbody>\n<tr>\n<td>Dimenzije mm<\/td>\n<td>CXF 4100 TN<\/td>\n<td>CXF 4100 TNG<\/td>\n<td>CXF 4100 BT<\/td>\n<\/tr>\n<tr>\n<td>Vanjske dimenzije (\u0160xDxV)<\/td>\n<td>2230 x 700 x 860*<\/td>\n<td>2230 x 700 x 860*<\/td>\n<td>2230 x 700 x 860*<\/td>\n<\/tr>\n<tr>\n<td>Dimenzije pakiranja (\u0160xDxV)<\/td>\n<td>2260 x 730 x 910<\/td>\n<td>2260 x 730 x 910<\/td>\n<td>2260 x 730 x 910<\/td>\n<\/tr>\n<tr>\n<td>\u0160irina<\/td>\n<td>1669<\/td>\n<td>1669<\/td>\n<td>1669<\/td>\n<\/tr>\n<tr>\n<td>Dubina<\/td>\n<td>530<\/td>\n<td>530<\/td>\n<td>530<\/td>\n<\/tr>\n<tr>\n<td>Visina<\/td>\n<td>560<\/td>\n<td>560<\/td>\n<td>560<\/td>\n<\/tr>\n<tr>\n<td colspan=\"4\">Ukupna visina jedinica uklju\u010duje no\u017eice pode\u0161ene na minimalnu visinu.<\/td>\n<\/tr>\n<\/tbody>\n<\/table>\n<p>&nbsp;<\/p>\n<table>\n<tbody>\n<tr>\n<td>\u00a0Tehni\u010dke zna\u010dajke<\/td>\n<td>CXF 4100 TN<\/td>\n<td>CXF 4100 TNG<\/td>\n<td>CXF 4100 BT<\/td>\n<\/tr>\n<tr>\n<td>Raspon temperature<\/td>\n<td>-2 \u00b0C \/ +8 \u00b0C<\/td>\n<td>+2 \u00b0C \/ +8 \u00b0C<\/td>\n<td>-22 \u00b0C \/ -18 \u00b0C<\/td>\n<\/tr>\n<tr>\n<td>Klimatski razred<\/td>\n<td>5<\/td>\n<td>4<\/td>\n<td>4<\/td>\n<\/tr>\n<tr>\n<td>Neto bruto volumen<\/td>\n<td>Poru\u010dnik 393\/476<\/td>\n<td>Poru\u010dnik 408\/616<\/td>\n<td>Poru\u010dnik 393\/476<\/td>\n<\/tr>\n<tr>\n<td>Tijelo<\/td>\n<td>Nehr\u0111aju\u0107i \u010delik AISI 304<\/td>\n<td>Nehr\u0111aju\u0107i \u010delik AISI 304<\/td>\n<td>Nehr\u0111aju\u0107i \u010delik AISI 304<\/td>\n<\/tr>\n<tr>\n<td>Unutarnja obloga<\/td>\n<td>Nehr\u0111aju\u0107i \u010delik AISI 304<\/td>\n<td>Nehr\u0111aju\u0107i \u010delik AISI 304<\/td>\n<td>Nehr\u0111aju\u0107i \u010delik AISI 304<\/td>\n<\/tr>\n<tr>\n<td>Termostat<\/td>\n<td>Elektronika<\/td>\n<td>Elektronika<\/td>\n<td>Elektronika<\/td>\n<\/tr>\n<tr>\n<td>Razina buke<\/td>\n<td>dB 42<\/td>\n<td>dB 42<\/td>\n<td>dB 42<\/td>\n<\/tr>\n<tr>\n<td>Daljinski upravlja\u010d<\/td>\n<td>Izborno<\/td>\n<td>Izborno<\/td>\n<td>Izborno<\/td>\n<\/tr>\n<tr>\n<td>Debljina izolacije<\/td>\n<td>60 mm<\/td>\n<td>60 mm<\/td>\n<td>60 metara<\/td>\n<\/tr>\n<tr>\n<td>Odmrzavanje<\/td>\n<td>Automatski s elektri\u010dnim grija\u010dem<\/td>\n<td>\u00a0Automatski s elektri\u010dnim grija\u010dem<\/td>\n<td>Automatski s elektri\u010dnim grija\u010dem<\/td>\n<\/tr>\n<tr>\n<td>Police (\u0160xV)<\/td>\n<td>Br. 4 \u2013 mm 335 x 530 + Br. 4 \u2013 mm 390 x 505<\/td>\n<td>Br. 4 \u2013 mm 335 x 530 + Br. 4 \u2013 mm 390 x 505<\/td>\n<td>Br. 4 \u2013 mm 335 x 530 + Br. 4 \u2013 mm 390 x 505<\/td>\n<\/tr>\n<tr>\n<td>Samozatvaraju\u0107a vrata<\/td>\n<td>Meko zatvaranje<\/td>\n<td>Meko zatvaranje<\/td>\n<td>Meko zatvaranje<\/td>\n<\/tr>\n<tr>\n<td>\u00a0Kota\u010di\u0107i-Noge<\/td>\n<td>1,8 metara<\/td>\n<td>1,8 metara<\/td>\n<td>1,8 metara<\/td>\n<\/tr>\n<tr>\n<td>Kota\u010di\u0107i<\/td>\n<td>Opcionalno \u2013 v mm 140<\/td>\n<td>Opcionalno \u2013 v mm 140<\/td>\n<td>Opcionalno \u2013 v mm 140<\/td>\n<\/tr>\n<tr>\n<td>Neto-bruto te\u017eina<\/td>\n<td>Kg 153 \/ 173<\/td>\n<td>Kg 153 \/ 173<\/td>\n<td>Kg 155 \/ 175<\/td>\n<\/tr>\n<tr>\n<td>Napon<\/td>\n<td>V 220-240<\/td>\n<td>V 220-240<\/td>\n<td>V 220-240<\/td>\n<\/tr>\n<tr>\n<td>Frekvencija<\/td>\n<td>Hz 50<\/td>\n<td>Hz 50<\/td>\n<td>Hz 50<\/td>\n<\/tr>\n<tr>\n<td>Rashladno sredstvo<\/td>\n<td>R600A<\/td>\n<td>R600A<\/td>\n<td>290 kuna<\/td>\n<\/tr>\n<tr>\n<td>Apsorpcija<\/td>\n<td>Z 300<\/td>\n<td>Z 300<\/td>\n<td>Z 660<\/td>\n<\/tr>\n<tr>\n<td>Potro\u0161nja energije<\/td>\n<td>kWh\/24 sata 2,95<\/td>\n<td>kWh\/24 sata 3.903<\/td>\n<td>kWh\/24 sata 10,68<\/td>\n<\/tr>\n<\/tbody>\n<\/table>","protected":false},"excerpt":{"rendered":"<p>-2 \u00b0C \/ +8 \u00b0C Hla\u0111eni stol s quattro ante staklenim vratima i ventilacijom. Pozitivna temperatura<\/p>","protected":false},"featured_media":10290,"comment_status":"open","ping_status":"closed","template":"","meta":[],"product_brand":[],"product_cat":[51],"product_tag":[],"class_list":{"0":"post-10207","1":"product","2":"type-product","3":"status-publish","4":"has-post-thumbnail","6":"product_cat-kitchen-catering-cooling","8":"first","9":"instock","10":"shipping-taxable","11":"purchasable","12":"product-type-simple"},"_links":{"self":[{"href":"https:\/\/dersuessestopp.com\/hr\/wp-json\/wp\/v2\/product\/10207","targetHints":{"allow":["GET"]}}],"collection":[{"href":"https:\/\/dersuessestopp.com\/hr\/wp-json\/wp\/v2\/product"}],"about":[{"href":"https:\/\/dersuessestopp.com\/hr\/wp-json\/wp\/v2\/types\/product"}],"replies":[{"embeddable":true,"href":"https:\/\/dersuessestopp.com\/hr\/wp-json\/wp\/v2\/comments?post=10207"}],"version-history":[{"count":3,"href":"https:\/\/dersuessestopp.com\/hr\/wp-json\/wp\/v2\/product\/10207\/revisions"}],"predecessor-version":[{"id":12354,"href":"https:\/\/dersuessestopp.com\/hr\/wp-json\/wp\/v2\/product\/10207\/revisions\/12354"}],"wp:featuredmedia":[{"embeddable":true,"href":"https:\/\/dersuessestopp.com\/hr\/wp-json\/wp\/v2\/media\/10290"}],"wp:attachment":[{"href":"https:\/\/dersuessestopp.com\/hr\/wp-json\/wp\/v2\/media?parent=10207"}],"wp:term":[{"taxonomy":"product_brand","embeddable":true,"href":"https:\/\/dersuessestopp.com\/hr\/wp-json\/wp\/v2\/product_brand?post=10207"},{"taxonomy":"product_cat","embeddable":true,"href":"https:\/\/dersuessestopp.com\/hr\/wp-json\/wp\/v2\/product_cat?post=10207"},{"taxonomy":"product_tag","embeddable":true,"href":"https:\/\/dersuessestopp.com\/hr\/wp-json\/wp\/v2\/product_tag?post=10207"}],"curies":[{"name":"wp","href":"https:\/\/api.w.org\/{rel}","templated":true}]}}