{"id":10199,"date":"2025-09-29T14:58:29","date_gmt":"2025-09-29T14:58:29","guid":{"rendered":"https:\/\/dersuessestopp.com\/?post_type=product&#038;p=10199"},"modified":"2025-10-09T00:23:31","modified_gmt":"2025-10-09T00:23:31","slug":"psx-2100-tn","status":"publish","type":"product","link":"https:\/\/dersuessestopp.com\/hr\/product\/psx-2100-tn\/","title":{"rendered":"PXF 2100 TN"},"content":{"rendered":"<p>&nbsp;<\/p>\n<h2><img decoding=\"async\" src=\"https:\/\/customer.klimaitalia.it\/api\/file\/image\/6791\" \/><\/h2>\n<h2>Opis proizvoda<\/h2>\n<p data-start=\"229\" data-end=\"742\">The <strong data-start=\"233\" data-end=\"248\">PXF 2100 TN<\/strong> je premija <strong data-start=\"262\" data-end=\"304\">ventilirani rashladni pult za peciva<\/strong> dizajnirano za profesionalne pekare, slasti\u010darnice i catering kuhinje. Izra\u0111eno od visokokvalitetnog <strong data-start=\"402\" data-end=\"430\">Nehr\u0111aju\u0107i \u010delik AISI 304<\/strong>, osigurava maksimalnu higijenu, trajnost i stabilnost temperature. S <strong data-start=\"506\" data-end=\"522\">+2\u00b0C do +8\u00b0C<\/strong> radnom rasponu, idealan je za pohranjivanje krema, slastica i sastojaka u savr\u0161enim uvjetima. Zna\u010dajke uklju\u010duju <strong data-start=\"640\" data-end=\"662\">vrata s mekim zatvaranjem<\/strong>, <strong data-start=\"664\" data-end=\"685\">automatsko odmrzavanje<\/strong>, i <strong data-start=\"694\" data-end=\"719\">elektroni\u010dki termostat<\/strong> za preciznu kontrolu.<\/p>\n<p data-start=\"744\" data-end=\"763\"><strong data-start=\"744\" data-end=\"761\">Klju\u010dne zna\u010dajke:<\/strong><\/p>\n<ul data-start=\"764\" data-end=\"1121\">\n<li data-start=\"764\" data-end=\"803\">\n<p data-start=\"766\" data-end=\"803\"><strong data-start=\"766\" data-end=\"788\">Raspon temperature:<\/strong> +2\u00b0C do +8\u00b0C<\/p>\n<\/li>\n<li data-start=\"804\" data-end=\"858\">\n<p data-start=\"806\" data-end=\"858\"><strong data-start=\"806\" data-end=\"834\">Nehr\u0111aju\u0107i \u010delik AISI 304<\/strong> interijera i eksterijera<\/p>\n<\/li>\n<li data-start=\"859\" data-end=\"913\">\n<p data-start=\"861\" data-end=\"913\"><strong data-start=\"861\" data-end=\"890\">Ventilirani sustav hla\u0111enja<\/strong> za ravnomjernu temperaturu<\/p>\n<\/li>\n<li data-start=\"914\" data-end=\"954\">\n<p data-start=\"916\" data-end=\"954\"><strong data-start=\"916\" data-end=\"952\">Vrata s mekim zatvaranjem i samozatvaranjem<\/strong><\/p>\n<\/li>\n<li data-start=\"955\" data-end=\"989\">\n<p data-start=\"957\" data-end=\"989\"><strong data-start=\"957\" data-end=\"987\">Automatsko elektri\u010dno odmrzavanje<\/strong><\/p>\n<\/li>\n<li data-start=\"990\" data-end=\"1040\">\n<p data-start=\"992\" data-end=\"1040\"><strong data-start=\"992\" data-end=\"1020\">Opcionalni Smart Link WiFi<\/strong> daljinsko pra\u0107enje<\/p>\n<\/li>\n<li data-start=\"1041\" data-end=\"1081\">\n<p data-start=\"1043\" data-end=\"1081\"><strong data-start=\"1043\" data-end=\"1066\">Potro\u0161nja energije:<\/strong> 1,76 kWh\/24 h<\/p>\n<\/li>\n<li data-start=\"1082\" data-end=\"1121\">\n<p data-start=\"1084\" data-end=\"1121\"><strong data-start=\"1084\" data-end=\"1099\">Dimenzije:<\/strong> 1510 \u00d7 800 \u00d7 860 mm<\/p>\n<\/li>\n<\/ul>\n<h2>Tehni\u010dke specifikacije<\/h2>\n<table>\n<tbody>\n<tr>\n<td>Dimenzije mm \/ Dimenzije mm<\/td>\n<td>PXF 2100 TN<\/td>\n<td>PXF 2200 TN<\/td>\n<\/tr>\n<tr>\n<td>Vanjske dimenzije (\u0160xDxV)<\/td>\n<td>1510 x 800 x 860*<\/td>\n<td>1510 x 800 x 960*<\/td>\n<\/tr>\n<tr>\n<td>Dimenzije pakiranja (\u0160xDxV)<\/td>\n<td>1540 x 830 x 910<\/td>\n<td>1540 x 830 x 1010<\/td>\n<\/tr>\n<tr>\n<td>\u0160irina<\/td>\n<td>945<\/td>\n<td>945<\/td>\n<\/tr>\n<tr>\n<td>Dubina<\/td>\n<td>680<\/td>\n<td>680<\/td>\n<\/tr>\n<tr>\n<td>Visina<\/td>\n<td>560<\/td>\n<td>560<\/td>\n<\/tr>\n<tr>\n<td colspan=\"3\">Ukupna visina jedinica uklju\u010duje no\u017eice pode\u0161ene na minimalnu visinu.<\/td>\n<\/tr>\n<\/tbody>\n<\/table>\n<p>&nbsp;<\/p>\n<table>\n<tbody>\n<tr>\n<td>Caratteristiche Tecniche \/ Tehni\u010dke zna\u010dajke<\/td>\n<td>PXF 2100 TN<\/td>\n<td>PXF 2200 TN<\/td>\n<\/tr>\n<tr>\n<td>Raspon temperature<\/td>\n<td>+2 \u00b0C \/ +8 \u00b0C<\/td>\n<td>+2 \u00b0C \/ +8 \u00b0C<\/td>\n<\/tr>\n<tr>\n<td>Klimatski razred<\/td>\n<td>5<\/td>\n<td>5<\/td>\n<\/tr>\n<tr>\n<td>Neto bruto volumen<\/td>\n<td>Poru\u010dnik 268 \/ 428<\/td>\n<td>Poru\u010dnik 268 \/ 428<\/td>\n<\/tr>\n<tr>\n<td>Tijelo<\/td>\n<td>Nehr\u0111aju\u0107i \u010delik AISI 304<\/td>\n<td>Nehr\u0111aju\u0107i \u010delik AISI 304<\/td>\n<\/tr>\n<tr>\n<td>Unutarnja obloga<\/td>\n<td>Nehr\u0111aju\u0107i \u010delik AISI 304<\/td>\n<td>Nehr\u0111aju\u0107i \u010delik AISI 304<\/td>\n<\/tr>\n<tr>\n<td>Termostat<\/td>\n<td>Elektronika<\/td>\n<td>Elektronika<\/td>\n<\/tr>\n<tr>\n<td>Razina buke<\/td>\n<td>dB 42<\/td>\n<td>dB 42<\/td>\n<\/tr>\n<tr>\n<td>Daljinski upravlja\u010d<\/td>\n<td>Izborno<\/td>\n<td>Izborno<\/td>\n<\/tr>\n<tr>\n<td>Debljina izolacije<\/td>\n<td>60 mm<\/td>\n<td>60 mm<\/td>\n<\/tr>\n<tr>\n<td>Odmrzavanje<\/td>\n<td>Automatski s elektri\u010dnim grija\u010dem<\/td>\n<td>Automatski s elektri\u010dnim grija\u010dem<\/td>\n<\/tr>\n<tr>\n<td>Police (\u0160xV)<\/td>\n<td>Br. 2 \u2013 mm 410 x 600 + Br. 2 \u2013 mm 465 x 605<\/td>\n<td>Br. 2 \u2013 mm 410 x 600 + Br. 2 \u2013 mm 465 x 605<\/td>\n<\/tr>\n<tr>\n<td>Samozatvaraju\u0107a vrata<\/td>\n<td>Meko zatvaranje<\/td>\n<td>Meko zatvaranje<\/td>\n<\/tr>\n<tr>\n<td>\/ Kota\u010di\u0107i-Noge<\/td>\n<td>4 stope<\/td>\n<td>4 stope<\/td>\n<\/tr>\n<tr>\n<td>Kota\u010di\u0107i<\/td>\n<td>Opcionalno \u2013 v mm 140<\/td>\n<td>Opcionalno \u2013 v mm 140<\/td>\n<\/tr>\n<tr>\n<td>Neto-bruto te\u017eina<\/td>\n<td>Kg 140 \/ 155<\/td>\n<td>Kg 150 \/ 165<\/td>\n<\/tr>\n<tr>\n<td>Napon<\/td>\n<td>V 220-240<\/td>\n<td>V 220-240<\/td>\n<\/tr>\n<tr>\n<td>Frekvencija<\/td>\n<td>Hz 50<\/td>\n<td>Hz 50<\/td>\n<\/tr>\n<tr>\n<td>Rashladno sredstvo<\/td>\n<td>R600A<\/td>\n<td>R600A<\/td>\n<\/tr>\n<tr>\n<td>Apsorpcija<\/td>\n<td>Z 300<\/td>\n<td>Z 300<\/td>\n<\/tr>\n<tr>\n<td>Potro\u0161nja energije<\/td>\n<td>kWh\/24 sata 1,76<\/td>\n<td>kWh\/24 sata 1,76<\/td>\n<\/tr>\n<\/tbody>\n<\/table>","protected":false},"excerpt":{"rendered":"<p>-2 \u00b0C \/ +8 \u00b0C Rashladni stol za pecivo s prednje strane ventiliran<\/p>","protected":false},"featured_media":10250,"comment_status":"open","ping_status":"closed","template":"","meta":[],"product_brand":[],"product_cat":[51],"product_tag":[],"class_list":{"0":"post-10199","1":"product","2":"type-product","3":"status-publish","4":"has-post-thumbnail","6":"product_cat-kitchen-catering-cooling","8":"first","9":"instock","10":"shipping-taxable","11":"purchasable","12":"product-type-simple"},"_links":{"self":[{"href":"https:\/\/dersuessestopp.com\/hr\/wp-json\/wp\/v2\/product\/10199","targetHints":{"allow":["GET"]}}],"collection":[{"href":"https:\/\/dersuessestopp.com\/hr\/wp-json\/wp\/v2\/product"}],"about":[{"href":"https:\/\/dersuessestopp.com\/hr\/wp-json\/wp\/v2\/types\/product"}],"replies":[{"embeddable":true,"href":"https:\/\/dersuessestopp.com\/hr\/wp-json\/wp\/v2\/comments?post=10199"}],"version-history":[{"count":3,"href":"https:\/\/dersuessestopp.com\/hr\/wp-json\/wp\/v2\/product\/10199\/revisions"}],"predecessor-version":[{"id":11989,"href":"https:\/\/dersuessestopp.com\/hr\/wp-json\/wp\/v2\/product\/10199\/revisions\/11989"}],"wp:featuredmedia":[{"embeddable":true,"href":"https:\/\/dersuessestopp.com\/hr\/wp-json\/wp\/v2\/media\/10250"}],"wp:attachment":[{"href":"https:\/\/dersuessestopp.com\/hr\/wp-json\/wp\/v2\/media?parent=10199"}],"wp:term":[{"taxonomy":"product_brand","embeddable":true,"href":"https:\/\/dersuessestopp.com\/hr\/wp-json\/wp\/v2\/product_brand?post=10199"},{"taxonomy":"product_cat","embeddable":true,"href":"https:\/\/dersuessestopp.com\/hr\/wp-json\/wp\/v2\/product_cat?post=10199"},{"taxonomy":"product_tag","embeddable":true,"href":"https:\/\/dersuessestopp.com\/hr\/wp-json\/wp\/v2\/product_tag?post=10199"}],"curies":[{"name":"wp","href":"https:\/\/api.w.org\/{rel}","templated":true}]}}