{"id":10188,"date":"2025-09-29T14:58:29","date_gmt":"2025-09-29T14:58:29","guid":{"rendered":"https:\/\/dersuessestopp.com\/?post_type=product&#038;p=10188"},"modified":"2025-10-09T00:49:50","modified_gmt":"2025-10-09T00:49:50","slug":"grickalica-3200-t-s-alzatinom","status":"publish","type":"product","link":"https:\/\/dersuessestopp.com\/hr\/product\/snack-3200-tn-con-alzatina\/","title":{"rendered":"SNACK 3200 TNF S POZADINOM ZA GRICKANJE"},"content":{"rendered":"<p><img decoding=\"async\" src=\"https:\/\/customer.klimaitalia.it\/api\/file\/image\/6887\" \/><\/p>\n<p>&nbsp;<\/p>\n<h2>Opis proizvoda<\/h2>\n<p data-start=\"241\" data-end=\"841\">The <strong data-start=\"245\" data-end=\"263\">SNACK 3200 TNF<\/strong> je profesionalac <strong data-start=\"282\" data-end=\"328\">rashladni pult s troja vrata, ventilirani<\/strong> s <strong data-start=\"334\" data-end=\"353\">stra\u017enja za\u0161titna oplata<\/strong>, dizajniran za restorane, barove i kuhinje za catering. Izra\u0111en u potpunosti od <strong data-start=\"430\" data-end=\"458\">Nehr\u0111aju\u0107i \u010delik AISI 304<\/strong>, nudi iznimnu izdr\u017eljivost, higijenu i jednostavnost \u010di\u0161\u0107enja. Rade\u0107i unutar <strong data-start=\"544\" data-end=\"581\">temperaturni raspon od -2\u00b0C do +8\u00b0C<\/strong>, ovaj model pru\u017ea pouzdano hla\u0111enje svje\u017eih sastojaka, pi\u0107a i hrane spremne za poslu\u017eivanje. Ima <strong data-start=\"695\" data-end=\"720\">elektroni\u010dki termostat<\/strong>, <strong data-start=\"722\" data-end=\"744\">vrata s mekim zatvaranjem<\/strong>, i <strong data-start=\"750\" data-end=\"780\">automatsko elektri\u010dno odmrzavanje<\/strong> za dosljedne performanse i energetski u\u010dinkovit rad.<\/p>\n<p data-start=\"843\" data-end=\"862\"><strong data-start=\"843\" data-end=\"860\">Klju\u010dne zna\u010dajke:<\/strong><\/p>\n<ul data-start=\"863\" data-end=\"1262\">\n<li data-start=\"863\" data-end=\"902\">\n<p data-start=\"865\" data-end=\"902\"><strong data-start=\"865\" data-end=\"887\">Raspon temperature:<\/strong> -2\u00b0C do +8\u00b0C<\/p>\n<\/li>\n<li data-start=\"903\" data-end=\"957\">\n<p data-start=\"905\" data-end=\"957\"><strong data-start=\"905\" data-end=\"933\">Nehr\u0111aju\u0107i \u010delik AISI 304<\/strong> interijera i eksterijera<\/p>\n<\/li>\n<li data-start=\"958\" data-end=\"1015\">\n<p data-start=\"960\" data-end=\"1015\"><strong data-start=\"960\" data-end=\"989\">Ventilirani sustav hla\u0111enja<\/strong> za ujedna\u010denu temperaturu<\/p>\n<\/li>\n<li data-start=\"1016\" data-end=\"1056\">\n<p data-start=\"1018\" data-end=\"1056\"><strong data-start=\"1018\" data-end=\"1054\">Vrata s mekim zatvaranjem i samozatvaranjem<\/strong><\/p>\n<\/li>\n<li data-start=\"1057\" data-end=\"1095\">\n<p data-start=\"1059\" data-end=\"1095\"><strong data-start=\"1059\" data-end=\"1086\">Visina stra\u017enje za\u0161titne naslone:<\/strong> 100 mm<\/p>\n<\/li>\n<li data-start=\"1096\" data-end=\"1130\">\n<p data-start=\"1098\" data-end=\"1130\"><strong data-start=\"1098\" data-end=\"1128\">Automatsko elektri\u010dno odmrzavanje<\/strong><\/p>\n<\/li>\n<li data-start=\"1131\" data-end=\"1181\">\n<p data-start=\"1133\" data-end=\"1181\"><strong data-start=\"1133\" data-end=\"1161\">Opcionalni Smart Link WiFi<\/strong> daljinsko pra\u0107enje<\/p>\n<\/li>\n<li data-start=\"1182\" data-end=\"1222\">\n<p data-start=\"1184\" data-end=\"1222\"><strong data-start=\"1184\" data-end=\"1207\">Potro\u0161nja energije:<\/strong> 1,93 kWh\/24 h<\/p>\n<\/li>\n<li data-start=\"1223\" data-end=\"1262\">\n<p data-start=\"1225\" data-end=\"1262\"><strong data-start=\"1225\" data-end=\"1240\">Dimenzije:<\/strong> 1795 \u00d7 600 \u00d7 960 mm<\/p>\n<\/li>\n<\/ul>\n<h2>Tehni\u010dke specifikacije<\/h2>\n<table>\n<tbody>\n<tr>\n<td>Dimenzije mm \/ Dimenzije mm<\/td>\n<td>SNACK 3200 TNF<\/td>\n<td>SNACK 3200 BTF<\/td>\n<\/tr>\n<tr>\n<td>Vanjske dimenzije (\u0160xDxV)<\/td>\n<td>1795 x 600 x 960*<\/td>\n<td>1795 x 600 x 960*<\/td>\n<\/tr>\n<tr>\n<td>Dimenzije pakiranja (\u0160xDxV)<\/td>\n<td>1825 x 630 x 1010<\/td>\n<td>1825 x 630 x 1010<\/td>\n<\/tr>\n<tr>\n<td>\u0160irina<\/td>\n<td>1234<\/td>\n<td>1234<\/td>\n<\/tr>\n<tr>\n<td>Dubina<\/td>\n<td>480<\/td>\n<td>480<\/td>\n<\/tr>\n<tr>\n<td>Visina<\/td>\n<td>560<\/td>\n<td>560<\/td>\n<\/tr>\n<tr>\n<td colspan=\"3\">Ukupna visina jedinica uklju\u010duje no\u017eice pode\u0161ene na minimalnu visinu.<\/td>\n<\/tr>\n<\/tbody>\n<\/table>\n<p>&nbsp;<\/p>\n<table>\n<tbody>\n<tr>\n<td>Caratteristiche Tecniche \/ Tehni\u010dke zna\u010dajke<\/td>\n<td>SNACK 3200 TNF<\/td>\n<td>SNACK 3200 BTF<\/td>\n<\/tr>\n<tr>\n<td>Raspon temperature<\/td>\n<td>-2 \u00b0C \/ +8 \u00b0C<\/td>\n<td>-22 \u00b0C \/ -18 \u00b0C<\/td>\n<\/tr>\n<tr>\n<td>Klimatski razred<\/td>\n<td>5<\/td>\n<td>4<\/td>\n<\/tr>\n<tr>\n<td>Neto bruto volumen<\/td>\n<td>Poru\u010dnik 231\/386<\/td>\n<td>Poru\u010dnik 231\/386<\/td>\n<\/tr>\n<tr>\n<td>Tijelo<\/td>\n<td>Nehr\u0111aju\u0107i \u010delik AISI 304<\/td>\n<td>Nehr\u0111aju\u0107i \u010delik AISI 304<\/td>\n<\/tr>\n<tr>\n<td>Unutarnja obloga<\/td>\n<td>Nehr\u0111aju\u0107i \u010delik AISI 304<\/td>\n<td>Nehr\u0111aju\u0107i \u010delik AISI 304<\/td>\n<\/tr>\n<tr>\n<td>Termostat<\/td>\n<td>Elektronika<\/td>\n<td>Elektronika<\/td>\n<\/tr>\n<tr>\n<td>Razina buke<\/td>\n<td>dB 42<\/td>\n<td>dB 42<\/td>\n<\/tr>\n<tr>\n<td>Daljinski upravlja\u010d<\/td>\n<td>Izborno<\/td>\n<td>Izborno<\/td>\n<\/tr>\n<tr>\n<td>Debljina izolacije<\/td>\n<td>60 mm<\/td>\n<td>60 mm<\/td>\n<\/tr>\n<tr>\n<td>Odmrzavanje<\/td>\n<td>Automatski s elektri\u010dnim grija\u010dem<\/td>\n<td>Automatski s elektri\u010dnim grija\u010dem<\/td>\n<\/tr>\n<tr>\n<td>Police (\u0160xV)<\/td>\n<td>Br. 3 \u2013 mm 335 x 430 + Br. 3 \u2013 mm 390 x 405<\/td>\n<td>Br. 3 \u2013 mm 335 x 430 + Br. 3 \u2013 mm 390 x 405<\/td>\n<\/tr>\n<tr>\n<td>Samozatvaraju\u0107a vrata<\/td>\n<td>Meko zatvaranje<\/td>\n<td>Meko zatvaranje<\/td>\n<\/tr>\n<tr>\n<td>Visina za\u0161titne naslone<\/td>\n<td>100 mm<\/td>\n<td>100 mm<\/td>\n<\/tr>\n<tr>\n<td>\/ Kota\u010di\u0107i-Noge<\/td>\n<td>6 stopa \u2013<\/td>\n<td>6 stopa \u2013<\/td>\n<\/tr>\n<tr>\n<td>Kota\u010di\u0107i<\/td>\n<td>Opcionalno \u2013 v mm 140<\/td>\n<td>Opcionalno \u2013 v mm 140<\/td>\n<\/tr>\n<tr>\n<td>Neto-bruto te\u017eina<\/td>\n<td>Kg 135,3 \/ 157,3<\/td>\n<td>Kg 145 \/ 163<\/td>\n<\/tr>\n<tr>\n<td>Napon<\/td>\n<td>V 220-240<\/td>\n<td>V 220-240<\/td>\n<\/tr>\n<tr>\n<td>Frekvencija<\/td>\n<td>Hz 50<\/td>\n<td>Hz 50<\/td>\n<\/tr>\n<tr>\n<td>Rashladno sredstvo<\/td>\n<td>R600A<\/td>\n<td>290 kuna<\/td>\n<\/tr>\n<tr>\n<td>Apsorpcija<\/td>\n<td>Z 300<\/td>\n<td>Z 570<\/td>\n<\/tr>\n<tr>\n<td>Potro\u0161nja energije<\/td>\n<td>kWh\/24 sata 1,93<\/td>\n<td>kWh\/24 sata 7,52<\/td>\n<\/tr>\n<\/tbody>\n<\/table>","protected":false},"excerpt":{"rendered":"<p>-2 \u00b0C \/ +8 \u00b0C Ventilirani rashladni stol, troja vrata s alzatinom. Pozitivna temperatura<\/p>","protected":false},"featured_media":10228,"comment_status":"open","ping_status":"closed","template":"","meta":[],"product_brand":[],"product_cat":[51],"product_tag":[],"class_list":{"0":"post-10188","1":"product","2":"type-product","3":"status-publish","4":"has-post-thumbnail","6":"product_cat-kitchen-catering-cooling","8":"first","9":"instock","10":"shipping-taxable","11":"purchasable","12":"product-type-simple"},"_links":{"self":[{"href":"https:\/\/dersuessestopp.com\/hr\/wp-json\/wp\/v2\/product\/10188","targetHints":{"allow":["GET"]}}],"collection":[{"href":"https:\/\/dersuessestopp.com\/hr\/wp-json\/wp\/v2\/product"}],"about":[{"href":"https:\/\/dersuessestopp.com\/hr\/wp-json\/wp\/v2\/types\/product"}],"replies":[{"embeddable":true,"href":"https:\/\/dersuessestopp.com\/hr\/wp-json\/wp\/v2\/comments?post=10188"}],"version-history":[{"count":3,"href":"https:\/\/dersuessestopp.com\/hr\/wp-json\/wp\/v2\/product\/10188\/revisions"}],"predecessor-version":[{"id":12015,"href":"https:\/\/dersuessestopp.com\/hr\/wp-json\/wp\/v2\/product\/10188\/revisions\/12015"}],"wp:featuredmedia":[{"embeddable":true,"href":"https:\/\/dersuessestopp.com\/hr\/wp-json\/wp\/v2\/media\/10228"}],"wp:attachment":[{"href":"https:\/\/dersuessestopp.com\/hr\/wp-json\/wp\/v2\/media?parent=10188"}],"wp:term":[{"taxonomy":"product_brand","embeddable":true,"href":"https:\/\/dersuessestopp.com\/hr\/wp-json\/wp\/v2\/product_brand?post=10188"},{"taxonomy":"product_cat","embeddable":true,"href":"https:\/\/dersuessestopp.com\/hr\/wp-json\/wp\/v2\/product_cat?post=10188"},{"taxonomy":"product_tag","embeddable":true,"href":"https:\/\/dersuessestopp.com\/hr\/wp-json\/wp\/v2\/product_tag?post=10188"}],"curies":[{"name":"wp","href":"https:\/\/api.w.org\/{rel}","templated":true}]}}