{"id":10187,"date":"2025-09-29T14:58:29","date_gmt":"2025-09-29T14:58:29","guid":{"rendered":"https:\/\/dersuessestopp.com\/?post_type=product&#038;p=10187"},"modified":"2025-10-09T00:45:40","modified_gmt":"2025-10-09T00:45:40","slug":"grickalica-4100-t","status":"publish","type":"product","link":"https:\/\/dersuessestopp.com\/hr\/product\/snack-4100-tn\/","title":{"rendered":"SNACK 4100 TNF"},"content":{"rendered":"<p>&nbsp;<\/p>\n<h2><img decoding=\"async\" src=\"https:\/\/customer.klimaitalia.it\/api\/file\/image\/6893\" \/><\/h2>\n<h2>Opis proizvoda<\/h2>\n<p data-start=\"211\" data-end=\"775\">The <strong data-start=\"215\" data-end=\"233\">SNACK 4100 TNF<\/strong> je profesionalac <strong data-start=\"252\" data-end=\"297\">\u010detverovratni ventilirani rashladni pult<\/strong>, idealno za restorane, snack barove i ugostiteljske objekte. Izra\u0111eno u potpunosti od <strong data-start=\"380\" data-end=\"408\">Nehr\u0111aju\u0107i \u010delik AISI 304<\/strong>, osigurava dugotrajnu izdr\u017eljivost, higijenu i jednostavno odr\u017eavanje. Rade\u0107i unutar <strong data-start=\"496\" data-end=\"533\">temperaturni raspon od -2\u00b0C do +8\u00b0C<\/strong>, pru\u017ea pouzdano hla\u0111enje svje\u017eih sastojaka i pripremljene hrane. Opremljen je <strong data-start=\"623\" data-end=\"648\">elektroni\u010dki termostat<\/strong>, <strong data-start=\"650\" data-end=\"672\">vrata s mekim zatvaranjem<\/strong>, i <strong data-start=\"678\" data-end=\"699\">automatsko odmrzavanje<\/strong>, jam\u010di dosljedne performanse i energetsku u\u010dinkovitost u svakodnevnoj upotrebi.<\/p>\n<p data-start=\"777\" data-end=\"796\"><strong data-start=\"777\" data-end=\"794\">Klju\u010dne zna\u010dajke:<\/strong><\/p>\n<ul data-start=\"797\" data-end=\"1164\">\n<li data-start=\"797\" data-end=\"836\">\n<p data-start=\"799\" data-end=\"836\"><strong data-start=\"799\" data-end=\"821\">Raspon temperature:<\/strong> -2\u00b0C do +8\u00b0C<\/p>\n<\/li>\n<li data-start=\"837\" data-end=\"891\">\n<p data-start=\"839\" data-end=\"891\"><strong data-start=\"839\" data-end=\"867\">Nehr\u0111aju\u0107i \u010delik AISI 304<\/strong> interijera i eksterijera<\/p>\n<\/li>\n<li data-start=\"892\" data-end=\"959\">\n<p data-start=\"894\" data-end=\"959\"><strong data-start=\"894\" data-end=\"923\">Ventilirani sustav hla\u0111enja<\/strong> za ravnomjernu raspodjelu temperature<\/p>\n<\/li>\n<li data-start=\"960\" data-end=\"1000\">\n<p data-start=\"962\" data-end=\"1000\"><strong data-start=\"962\" data-end=\"998\">Vrata s mekim zatvaranjem i samozatvaranjem<\/strong><\/p>\n<\/li>\n<li data-start=\"1001\" data-end=\"1035\">\n<p data-start=\"1003\" data-end=\"1035\"><strong data-start=\"1003\" data-end=\"1033\">Automatsko elektri\u010dno odmrzavanje<\/strong><\/p>\n<\/li>\n<li data-start=\"1036\" data-end=\"1083\">\n<p data-start=\"1038\" data-end=\"1083\"><strong data-start=\"1038\" data-end=\"1066\">Opcionalni Smart Link WiFi<\/strong> daljinski upravlja\u010d<\/p>\n<\/li>\n<li data-start=\"1084\" data-end=\"1124\">\n<p data-start=\"1086\" data-end=\"1124\"><strong data-start=\"1086\" data-end=\"1109\">Potro\u0161nja energije:<\/strong> 4,05 kWh\/24 h<\/p>\n<\/li>\n<li data-start=\"1125\" data-end=\"1164\">\n<p data-start=\"1127\" data-end=\"1164\"><strong data-start=\"1127\" data-end=\"1142\">Dimenzije:<\/strong> 2230 \u00d7 600 \u00d7 860 mm<\/p>\n<\/li>\n<\/ul>\n<h2>Tehni\u010dke specifikacije<\/h2>\n<table>\n<tbody>\n<tr>\n<td>Dimenzije mm \/ Dimenzije mm<\/td>\n<td>SNACK 4100 TNF<\/td>\n<td>SNACK 4100 BTF<\/td>\n<\/tr>\n<tr>\n<td>Vanjske dimenzije (\u0160xDxV)<\/td>\n<td>2230 x 600 x 860*<\/td>\n<td>2230 x 600 x 860*<\/td>\n<\/tr>\n<tr>\n<td>Dimenzije pakiranja (\u0160xDxV)<\/td>\n<td>2260 x 630 x 910<\/td>\n<td>2260 x 630 x 910<\/td>\n<\/tr>\n<tr>\n<td>\u0160irina<\/td>\n<td>1669<\/td>\n<td>1669<\/td>\n<\/tr>\n<tr>\n<td>Dubina<\/td>\n<td>480<\/td>\n<td>480<\/td>\n<\/tr>\n<tr>\n<td>Visina<\/td>\n<td>560<\/td>\n<td>560<\/td>\n<\/tr>\n<tr>\n<td colspan=\"3\">Ukupna visina jedinica uklju\u010duje no\u017eice pode\u0161ene na minimalnu visinu.<\/td>\n<\/tr>\n<\/tbody>\n<\/table>\n<p>&nbsp;<\/p>\n<table>\n<tbody>\n<tr>\n<td>Caratteristiche Tecniche \/ Tehni\u010dke zna\u010dajke<\/td>\n<td>SNACK 4100 TNF<\/td>\n<td>SNACK 4100 BTF<\/td>\n<\/tr>\n<tr>\n<td>Raspon temperature<\/td>\n<td>-2 \u00b0C \/ +8 \u00b0C<\/td>\n<td>-22 \u00b0C \/ -18 \u00b0C<\/td>\n<\/tr>\n<tr>\n<td>Klimatski razred<\/td>\n<td>5<\/td>\n<td>4<\/td>\n<\/tr>\n<tr>\n<td>Neto bruto volumen<\/td>\n<td>Poru\u010dnik 312 \/ 511<\/td>\n<td>Poru\u010dnik 312 \/ 511<\/td>\n<\/tr>\n<tr>\n<td>Tijelo<\/td>\n<td>Nehr\u0111aju\u0107i \u010delik AISI 304<\/td>\n<td>Nehr\u0111aju\u0107i \u010delik AISI 304<\/td>\n<\/tr>\n<tr>\n<td>Unutarnja obloga<\/td>\n<td>Nehr\u0111aju\u0107i \u010delik AISI 304<\/td>\n<td>Nehr\u0111aju\u0107i \u010delik AISI 304<\/td>\n<\/tr>\n<tr>\n<td>Termostat<\/td>\n<td>Elektronika<\/td>\n<td>Elektronika<\/td>\n<\/tr>\n<tr>\n<td>Razina buke<\/td>\n<td>dB 42<\/td>\n<td>dB 42<\/td>\n<\/tr>\n<tr>\n<td>Daljinski upravlja\u010d<\/td>\n<td>Izborno<\/td>\n<td>Izborno<\/td>\n<\/tr>\n<tr>\n<td>Debljina izolacije<\/td>\n<td>60 mm<\/td>\n<td>60 mm<\/td>\n<\/tr>\n<tr>\n<td>Odmrzavanje<\/td>\n<td>Automatski s elektri\u010dnim grija\u010dem<\/td>\n<td>Automatski s elektri\u010dnim grija\u010dem<\/td>\n<\/tr>\n<tr>\n<td>Police (\u0160xV)<\/td>\n<td>Br. 4 \u2013 mm 335 x 430 + Br. 4 \u2013 mm 390 x 405<\/td>\n<td>Br. 4 \u2013 mm 335 x 430 + Br. 4 \u2013 mm 390 x 405<\/td>\n<\/tr>\n<tr>\n<td>Samozatvaraju\u0107a vrata<\/td>\n<td>Meko zatvaranje<\/td>\n<td>Meko zatvaranje<\/td>\n<\/tr>\n<tr>\n<td>\/ Kota\u010di\u0107i-Noge<\/td>\n<td>6 stopa \u2013<\/td>\n<td>6 stopa \u2013<\/td>\n<\/tr>\n<tr>\n<td>Kota\u010di\u0107i<\/td>\n<td>Opcionalno \u2013 v mm 140<\/td>\n<td>Opcionalno \u2013 v mm 140<\/td>\n<\/tr>\n<tr>\n<td>Neto-bruto te\u017eina<\/td>\n<td>Kg 143 \/ 163<\/td>\n<td>Kg 151 \/ 171<\/td>\n<\/tr>\n<tr>\n<td>Napon<\/td>\n<td>V 220-240<\/td>\n<td>V 220-240<\/td>\n<\/tr>\n<tr>\n<td>Frekvencija<\/td>\n<td>Hz 50<\/td>\n<td>Hz 50<\/td>\n<\/tr>\n<tr>\n<td>Rashladno sredstvo<\/td>\n<td>R600a<\/td>\n<td>290 kuna<\/td>\n<\/tr>\n<tr>\n<td>Apsorpcija<\/td>\n<td>Z 300<\/td>\n<td>Z 570<\/td>\n<\/tr>\n<tr>\n<td>Potro\u0161nja energije<\/td>\n<td>kWh\/24 sata 4,05<\/td>\n<td>kWh\/24 sata 8,87<\/td>\n<\/tr>\n<\/tbody>\n<\/table>","protected":false},"excerpt":{"rendered":"<p>-2 \u00b0C \/ +8 \u00b0C Ventilirani rashladni stol, \u010detvero vrata. Pozitivna temperatura<\/p>","protected":false},"featured_media":10226,"comment_status":"open","ping_status":"closed","template":"","meta":[],"product_brand":[],"product_cat":[51],"product_tag":[],"class_list":{"0":"post-10187","1":"product","2":"type-product","3":"status-publish","4":"has-post-thumbnail","6":"product_cat-kitchen-catering-cooling","8":"first","9":"instock","10":"shipping-taxable","11":"purchasable","12":"product-type-simple"},"_links":{"self":[{"href":"https:\/\/dersuessestopp.com\/hr\/wp-json\/wp\/v2\/product\/10187","targetHints":{"allow":["GET"]}}],"collection":[{"href":"https:\/\/dersuessestopp.com\/hr\/wp-json\/wp\/v2\/product"}],"about":[{"href":"https:\/\/dersuessestopp.com\/hr\/wp-json\/wp\/v2\/types\/product"}],"replies":[{"embeddable":true,"href":"https:\/\/dersuessestopp.com\/hr\/wp-json\/wp\/v2\/comments?post=10187"}],"version-history":[{"count":4,"href":"https:\/\/dersuessestopp.com\/hr\/wp-json\/wp\/v2\/product\/10187\/revisions"}],"predecessor-version":[{"id":12013,"href":"https:\/\/dersuessestopp.com\/hr\/wp-json\/wp\/v2\/product\/10187\/revisions\/12013"}],"wp:featuredmedia":[{"embeddable":true,"href":"https:\/\/dersuessestopp.com\/hr\/wp-json\/wp\/v2\/media\/10226"}],"wp:attachment":[{"href":"https:\/\/dersuessestopp.com\/hr\/wp-json\/wp\/v2\/media?parent=10187"}],"wp:term":[{"taxonomy":"product_brand","embeddable":true,"href":"https:\/\/dersuessestopp.com\/hr\/wp-json\/wp\/v2\/product_brand?post=10187"},{"taxonomy":"product_cat","embeddable":true,"href":"https:\/\/dersuessestopp.com\/hr\/wp-json\/wp\/v2\/product_cat?post=10187"},{"taxonomy":"product_tag","embeddable":true,"href":"https:\/\/dersuessestopp.com\/hr\/wp-json\/wp\/v2\/product_tag?post=10187"}],"curies":[{"name":"wp","href":"https:\/\/api.w.org\/{rel}","templated":true}]}}