{"id":10186,"date":"2025-09-29T14:58:29","date_gmt":"2025-09-29T14:58:29","guid":{"rendered":"https:\/\/dersuessestopp.com\/?post_type=product&#038;p=10186"},"modified":"2025-10-09T00:43:03","modified_gmt":"2025-10-09T00:43:03","slug":"grickalica-4100-bt","status":"publish","type":"product","link":"https:\/\/dersuessestopp.com\/hr\/product\/snack-4100-bt\/","title":{"rendered":"SNACK 4100 BT"},"content":{"rendered":"<p>&nbsp;<\/p>\n<h2><img decoding=\"async\" src=\"https:\/\/customer.klimaitalia.it\/api\/file\/image\/6924\" \/><\/h2>\n<h2>Opis proizvoda<\/h2>\n<p data-start=\"220\" data-end=\"796\">The <strong data-start=\"224\" data-end=\"241\">SNACK 4100 BT<\/strong> je profesionalac <strong data-start=\"260\" data-end=\"301\">Ventilirani zamrziva\u010d s troja vrata<\/strong> s <strong data-start=\"307\" data-end=\"326\">stra\u017enja za\u0161titna oplata<\/strong>, idealno za komercijalne kuhinje, barove i ugostiteljske objekte. Izra\u0111eno u potpunosti od <strong data-start=\"418\" data-end=\"446\">Nehr\u0111aju\u0107i \u010delik AISI 304<\/strong>, osigurava dugotrajnu izdr\u017eljivost, higijenu i jednostavno \u010di\u0161\u0107enje. S <strong data-start=\"519\" data-end=\"560\">temperaturni raspon od -22\u00b0C do -18\u00b0C<\/strong>, omogu\u0107uje pouzdano zamrzavanje hrane i sastojaka. Opremljen je <strong data-start=\"635\" data-end=\"660\">elektroni\u010dki termostat<\/strong>, <strong data-start=\"662\" data-end=\"684\">vrata s mekim zatvaranjem<\/strong>, i <strong data-start=\"690\" data-end=\"711\">automatsko odmrzavanje<\/strong>, nudi visoke performanse i energetsku u\u010dinkovitost u zahtjevnim kuhinjskim operacijama.<\/p>\n<p data-start=\"798\" data-end=\"817\"><strong data-start=\"798\" data-end=\"815\">Klju\u010dne zna\u010dajke:<\/strong><\/p>\n<ul data-start=\"818\" data-end=\"1209\">\n<li data-start=\"818\" data-end=\"859\">\n<p data-start=\"820\" data-end=\"859\"><strong data-start=\"820\" data-end=\"842\">Raspon temperature:<\/strong> -22\u00b0C do -18\u00b0C<\/p>\n<\/li>\n<li data-start=\"860\" data-end=\"914\">\n<p data-start=\"862\" data-end=\"914\"><strong data-start=\"862\" data-end=\"890\">Nehr\u0111aju\u0107i \u010delik AISI 304<\/strong> interijera i eksterijera<\/p>\n<\/li>\n<li data-start=\"915\" data-end=\"973\">\n<p data-start=\"917\" data-end=\"973\"><strong data-start=\"917\" data-end=\"947\">Ventilirani sustav zamrzavanja<\/strong> za ujedna\u010denu temperaturu<\/p>\n<\/li>\n<li data-start=\"974\" data-end=\"1014\">\n<p data-start=\"976\" data-end=\"1014\"><strong data-start=\"976\" data-end=\"1012\">Vrata s mekim zatvaranjem i samozatvaranjem<\/strong><\/p>\n<\/li>\n<li data-start=\"1015\" data-end=\"1068\">\n<p data-start=\"1017\" data-end=\"1068\"><strong data-start=\"1017\" data-end=\"1036\">Stra\u017enja za\u0161titna plo\u010da<\/strong> za jednostavno \u010di\u0161\u0107enje i higijenu<\/p>\n<\/li>\n<li data-start=\"1069\" data-end=\"1103\">\n<p data-start=\"1071\" data-end=\"1103\"><strong data-start=\"1071\" data-end=\"1101\">Automatsko elektri\u010dno odmrzavanje<\/strong><\/p>\n<\/li>\n<li data-start=\"1104\" data-end=\"1151\">\n<p data-start=\"1106\" data-end=\"1151\"><strong data-start=\"1106\" data-end=\"1134\">Opcionalni Smart Link WiFi<\/strong> daljinski upravlja\u010d<\/p>\n<\/li>\n<li data-start=\"1152\" data-end=\"1209\">\n<p data-start=\"1154\" data-end=\"1209\"><strong data-start=\"1154\" data-end=\"1186\">Energetski u\u010dinkovite performanse<\/strong> za profesionalnu upotrebu<\/p>\n<\/li>\n<\/ul>\n<h2>Tehni\u010dke specifikacije<\/h2>\n<table>\n<tbody>\n<tr>\n<td>Dimenzije mm \/ Dimenzije mm<\/td>\n<td>SNACK 4200 TNF<\/td>\n<td>SNACK 4200 BTF<\/td>\n<\/tr>\n<tr>\n<td>Vanjske dimenzije (\u0160xDxV)<\/td>\n<td>2230 x 600 x 960*<\/td>\n<td>2230 x 600 x 960*<\/td>\n<\/tr>\n<tr>\n<td>Dimenzije pakiranja (\u0160xDxV)<\/td>\n<td>2260 x 630 x 1010<\/td>\n<td>2260 x 630 x 1010<\/td>\n<\/tr>\n<tr>\n<td>\u0160irina<\/td>\n<td>1669<\/td>\n<td>1669<\/td>\n<\/tr>\n<tr>\n<td>Dubina<\/td>\n<td>480<\/td>\n<td>480<\/td>\n<\/tr>\n<tr>\n<td>Visina<\/td>\n<td>560<\/td>\n<td>560<\/td>\n<\/tr>\n<tr>\n<td colspan=\"3\">Ukupna visina jedinica uklju\u010duje no\u017eice pode\u0161ene na minimalnu visinu.<\/td>\n<\/tr>\n<\/tbody>\n<\/table>\n<p>&nbsp;<\/p>\n<table>\n<tbody>\n<tr>\n<td>Caratteristiche Tecniche \/ Tehni\u010dke zna\u010dajke<\/td>\n<td>SNACK 4200 TNF<\/td>\n<td>SNACK 4200 BTF<\/td>\n<\/tr>\n<tr>\n<td>Raspon temperature<\/td>\n<td>-2 \u00b0C \/ +8 \u00b0C<\/td>\n<td>-22 \u00b0C \/ -18 \u00b0C<\/td>\n<\/tr>\n<tr>\n<td>Klimatski razred<\/td>\n<td>5<\/td>\n<td>4<\/td>\n<\/tr>\n<tr>\n<td>Neto bruto volumen<\/td>\n<td>Poru\u010dnik 312 \/ 511<\/td>\n<td>Poru\u010dnik 312 \/ 511<\/td>\n<\/tr>\n<tr>\n<td>Tijelo<\/td>\n<td>Nehr\u0111aju\u0107i \u010delik AISI 304<\/td>\n<td>Nehr\u0111aju\u0107i \u010delik AISI 304<\/td>\n<\/tr>\n<tr>\n<td>Unutarnja obloga<\/td>\n<td>Nehr\u0111aju\u0107i \u010delik AISI 304<\/td>\n<td>Nehr\u0111aju\u0107i \u010delik AISI 304<\/td>\n<\/tr>\n<tr>\n<td>Termostat<\/td>\n<td>Elektronika<\/td>\n<td>Elektronika<\/td>\n<\/tr>\n<tr>\n<td>Razina buke<\/td>\n<td>dB 42<\/td>\n<td>dB 42<\/td>\n<\/tr>\n<tr>\n<td>Daljinski upravlja\u010d<\/td>\n<td>Izborno<\/td>\n<td>Izborno<\/td>\n<\/tr>\n<tr>\n<td>Debljina izolacije<\/td>\n<td>60 mm<\/td>\n<td>60 mm<\/td>\n<\/tr>\n<tr>\n<td>Odmrzavanje<\/td>\n<td>Automatski s elektri\u010dnim grija\u010dem<\/td>\n<td>Automatski s elektri\u010dnim grija\u010dem<\/td>\n<\/tr>\n<tr>\n<td>Police (\u0160xV)<\/td>\n<td>Br. 4 \u2013 mm 335 x 430 + Br. 4 \u2013 mm 390 x 405<\/td>\n<td>Br. 4 \u2013 mm 335 x 430 + Br. 4 \u2013 mm 390 x 405<\/td>\n<\/tr>\n<tr>\n<td>Samozatvaraju\u0107a vrata<\/td>\n<td>Meko zatvaranje<\/td>\n<td>Meko zatvaranje<\/td>\n<\/tr>\n<tr>\n<td>Visina za\u0161titne naslone<\/td>\n<td>100 mm<\/td>\n<td>100 mm<\/td>\n<\/tr>\n<tr>\n<td>\/ Kota\u010di\u0107i-Noge<\/td>\n<td>6 stopa \u2013<\/td>\n<td>6 stopa \u2013<\/td>\n<\/tr>\n<tr>\n<td>Kota\u010di\u0107i<\/td>\n<td>Opcionalno \u2013 v mm 140<\/td>\n<td>Opcionalno \u2013 v mm 140<\/td>\n<\/tr>\n<tr>\n<td>Neto-bruto te\u017eina<\/td>\n<td>Kg 159,6 \/ 189,6<\/td>\n<td>Kg 170 \/ 200<\/td>\n<\/tr>\n<tr>\n<td>Napon<\/td>\n<td>V 220-240<\/td>\n<td>V 220-240<\/td>\n<\/tr>\n<tr>\n<td>Frekvencija<\/td>\n<td>Hz 50<\/td>\n<td>Hz 50<\/td>\n<\/tr>\n<tr>\n<td>Rashladno sredstvo<\/td>\n<td>R600A<\/td>\n<td>290 kuna<\/td>\n<\/tr>\n<tr>\n<td>Apsorpcija<\/td>\n<td>Z 300<\/td>\n<td>Z 570<\/td>\n<\/tr>\n<tr>\n<td>Potro\u0161nja energije<\/td>\n<td>kWh\/24 sata 4,05<\/td>\n<td>kWh\/24 sata 8,87<\/td>\n<\/tr>\n<\/tbody>\n<\/table>","protected":false},"excerpt":{"rendered":"<p>-20 \u00b0C \/ -10 \u00b0C Ventilirani rashladni stol, \u010detvero vrata. Negativna temperatura<\/p>","protected":false},"featured_media":10224,"comment_status":"open","ping_status":"closed","template":"","meta":[],"product_brand":[],"product_cat":[51],"product_tag":[],"class_list":{"0":"post-10186","1":"product","2":"type-product","3":"status-publish","4":"has-post-thumbnail","6":"product_cat-kitchen-catering-cooling","8":"first","9":"instock","10":"shipping-taxable","11":"purchasable","12":"product-type-simple"},"_links":{"self":[{"href":"https:\/\/dersuessestopp.com\/hr\/wp-json\/wp\/v2\/product\/10186","targetHints":{"allow":["GET"]}}],"collection":[{"href":"https:\/\/dersuessestopp.com\/hr\/wp-json\/wp\/v2\/product"}],"about":[{"href":"https:\/\/dersuessestopp.com\/hr\/wp-json\/wp\/v2\/types\/product"}],"replies":[{"embeddable":true,"href":"https:\/\/dersuessestopp.com\/hr\/wp-json\/wp\/v2\/comments?post=10186"}],"version-history":[{"count":3,"href":"https:\/\/dersuessestopp.com\/hr\/wp-json\/wp\/v2\/product\/10186\/revisions"}],"predecessor-version":[{"id":12010,"href":"https:\/\/dersuessestopp.com\/hr\/wp-json\/wp\/v2\/product\/10186\/revisions\/12010"}],"wp:featuredmedia":[{"embeddable":true,"href":"https:\/\/dersuessestopp.com\/hr\/wp-json\/wp\/v2\/media\/10224"}],"wp:attachment":[{"href":"https:\/\/dersuessestopp.com\/hr\/wp-json\/wp\/v2\/media?parent=10186"}],"wp:term":[{"taxonomy":"product_brand","embeddable":true,"href":"https:\/\/dersuessestopp.com\/hr\/wp-json\/wp\/v2\/product_brand?post=10186"},{"taxonomy":"product_cat","embeddable":true,"href":"https:\/\/dersuessestopp.com\/hr\/wp-json\/wp\/v2\/product_cat?post=10186"},{"taxonomy":"product_tag","embeddable":true,"href":"https:\/\/dersuessestopp.com\/hr\/wp-json\/wp\/v2\/product_tag?post=10186"}],"curies":[{"name":"wp","href":"https:\/\/api.w.org\/{rel}","templated":true}]}}