{"id":10185,"date":"2025-09-29T14:58:29","date_gmt":"2025-09-29T14:58:29","guid":{"rendered":"https:\/\/dersuessestopp.com\/?post_type=product&#038;p=10185"},"modified":"2025-10-09T00:40:35","modified_gmt":"2025-10-09T00:40:35","slug":"grickalica-4200-bt-s-alzatinom","status":"publish","type":"product","link":"https:\/\/dersuessestopp.com\/hr\/product\/snack-4200-bt-con-alzatina\/","title":{"rendered":"SNACK 4200 BTF S PRSKANJEM POVR\u0106A"},"content":{"rendered":"<p>&nbsp;<\/p>\n<h2><img decoding=\"async\" src=\"https:\/\/customer.klimaitalia.it\/api\/file\/image\/6936\" \/><\/h2>\n<h2>Opis proizvoda<\/h2>\n<p data-start=\"232\" data-end=\"824\">The <strong data-start=\"236\" data-end=\"254\">SNACK 4200 BTF<\/strong> je profesionalac <strong data-start=\"273\" data-end=\"313\">Ventilirani zamrziva\u010d s \u010detvero vrata<\/strong> s <strong data-start=\"319\" data-end=\"338\">stra\u017enja za\u0161titna oplata<\/strong>, idealno za restorane, snack barove i profesionalce u ugostiteljstvu. Izra\u0111eno u potpunosti od <strong data-start=\"422\" data-end=\"450\">Nehr\u0111aju\u0107i \u010delik AISI 304<\/strong>, osigurava maksimalnu trajnost, higijenu i jednostavno odr\u017eavanje. Radom unutar <strong data-start=\"536\" data-end=\"579\">raspon niskih temperatura od -22\u00b0C do -18\u00b0C<\/strong>, ovaj pult omogu\u0107uje pouzdano zamrzavanje sastojaka i unaprijed pripremljenih jela. S <strong data-start=\"680\" data-end=\"705\">elektroni\u010dki termostat<\/strong>, <strong data-start=\"707\" data-end=\"729\">vrata s mekim zatvaranjem<\/strong>, i <strong data-start=\"735\" data-end=\"756\">automatsko odmrzavanje<\/strong>, pru\u017ea dosljedne performanse za intenzivnu komercijalnu upotrebu.<\/p>\n<p data-start=\"826\" data-end=\"845\"><strong data-start=\"826\" data-end=\"843\">Klju\u010dne zna\u010dajke:<\/strong><\/p>\n<ul data-start=\"846\" data-end=\"1255\">\n<li data-start=\"846\" data-end=\"887\">\n<p data-start=\"848\" data-end=\"887\"><strong data-start=\"848\" data-end=\"870\">Raspon temperature:<\/strong> -22\u00b0C do -18\u00b0C<\/p>\n<\/li>\n<li data-start=\"888\" data-end=\"942\">\n<p data-start=\"890\" data-end=\"942\"><strong data-start=\"890\" data-end=\"918\">Nehr\u0111aju\u0107i \u010delik AISI 304<\/strong> interijera i eksterijera<\/p>\n<\/li>\n<li data-start=\"943\" data-end=\"1011\">\n<p data-start=\"945\" data-end=\"1011\"><strong data-start=\"945\" data-end=\"975\">Ventilirani sustav zamrzavanja<\/strong> za ravnomjernu raspodjelu temperature<\/p>\n<\/li>\n<li data-start=\"1012\" data-end=\"1052\">\n<p data-start=\"1014\" data-end=\"1052\"><strong data-start=\"1014\" data-end=\"1050\">Vrata s mekim zatvaranjem i samozatvaranjem<\/strong><\/p>\n<\/li>\n<li data-start=\"1053\" data-end=\"1091\">\n<p data-start=\"1055\" data-end=\"1091\"><strong data-start=\"1055\" data-end=\"1082\">Visina stra\u017enje za\u0161titne naslone:<\/strong> 100 mm<\/p>\n<\/li>\n<li data-start=\"1092\" data-end=\"1126\">\n<p data-start=\"1094\" data-end=\"1126\"><strong data-start=\"1094\" data-end=\"1124\">Automatsko elektri\u010dno odmrzavanje<\/strong><\/p>\n<\/li>\n<li data-start=\"1127\" data-end=\"1174\">\n<p data-start=\"1129\" data-end=\"1174\"><strong data-start=\"1129\" data-end=\"1157\">Opcionalni Smart Link WiFi<\/strong> daljinski upravlja\u010d<\/p>\n<\/li>\n<li data-start=\"1175\" data-end=\"1215\">\n<p data-start=\"1177\" data-end=\"1215\"><strong data-start=\"1177\" data-end=\"1200\">Potro\u0161nja energije:<\/strong> 8,87 kWh\/24 h<\/p>\n<\/li>\n<li data-start=\"1216\" data-end=\"1255\">\n<p data-start=\"1218\" data-end=\"1255\"><strong data-start=\"1218\" data-end=\"1233\">Dimenzije:<\/strong> 2230 \u00d7 600 \u00d7 960 mm<\/p>\n<\/li>\n<\/ul>\n<h2>Tehni\u010dke specifikacije<\/h2>\n<table>\n<tbody>\n<tr>\n<td>Dimenzije mm \/ Dimenzije mm<\/td>\n<td>SNACK 4200 TNF<\/td>\n<td>SNACK 4200 BTF<\/td>\n<\/tr>\n<tr>\n<td>Vanjske dimenzije (\u0160xDxV)<\/td>\n<td>2230 x 600 x 960*<\/td>\n<td>2230 x 600 x 960*<\/td>\n<\/tr>\n<tr>\n<td>Dimenzije pakiranja (\u0160xDxV)<\/td>\n<td>2260 x 630 x 1010<\/td>\n<td>2260 x 630 x 1010<\/td>\n<\/tr>\n<tr>\n<td>\u0160irina<\/td>\n<td>1669<\/td>\n<td>1669<\/td>\n<\/tr>\n<tr>\n<td>Dubina<\/td>\n<td>480<\/td>\n<td>480<\/td>\n<\/tr>\n<tr>\n<td>Visina<\/td>\n<td>560<\/td>\n<td>560<\/td>\n<\/tr>\n<tr>\n<td colspan=\"3\">Ukupna visina jedinica uklju\u010duje no\u017eice pode\u0161ene na minimalnu visinu.<\/td>\n<\/tr>\n<\/tbody>\n<\/table>\n<p>&nbsp;<\/p>\n<table>\n<tbody>\n<tr>\n<td>Caratteristiche Tecniche \/ Tehni\u010dke zna\u010dajke<\/td>\n<td>SNACK 4200 TNF<\/td>\n<td>SNACK 4200 BTF<\/td>\n<\/tr>\n<tr>\n<td>Raspon temperature<\/td>\n<td>-2 \u00b0C \/ +8 \u00b0C<\/td>\n<td>-22 \u00b0C \/ -18 \u00b0C<\/td>\n<\/tr>\n<tr>\n<td>Klimatski razred<\/td>\n<td>5<\/td>\n<td>4<\/td>\n<\/tr>\n<tr>\n<td>Neto bruto volumen<\/td>\n<td>Poru\u010dnik 312 \/ 511<\/td>\n<td>Poru\u010dnik 312 \/ 511<\/td>\n<\/tr>\n<tr>\n<td>Tijelo<\/td>\n<td>Nehr\u0111aju\u0107i \u010delik AISI 304<\/td>\n<td>Nehr\u0111aju\u0107i \u010delik AISI 304<\/td>\n<\/tr>\n<tr>\n<td>Unutarnja obloga<\/td>\n<td>Nehr\u0111aju\u0107i \u010delik AISI 304<\/td>\n<td>Nehr\u0111aju\u0107i \u010delik AISI 304<\/td>\n<\/tr>\n<tr>\n<td>Termostat<\/td>\n<td>Elektronika<\/td>\n<td>Elektronika<\/td>\n<\/tr>\n<tr>\n<td>Razina buke<\/td>\n<td>dB 42<\/td>\n<td>dB 42<\/td>\n<\/tr>\n<tr>\n<td>Daljinski upravlja\u010d<\/td>\n<td>Izborno<\/td>\n<td>Izborno<\/td>\n<\/tr>\n<tr>\n<td>Debljina izolacije<\/td>\n<td>60 mm<\/td>\n<td>60 mm<\/td>\n<\/tr>\n<tr>\n<td>Odmrzavanje<\/td>\n<td>Automatski s elektri\u010dnim grija\u010dem<\/td>\n<td>Automatski s elektri\u010dnim grija\u010dem<\/td>\n<\/tr>\n<tr>\n<td>Police (\u0160xV)<\/td>\n<td>Br. 4 \u2013 mm 335 x 430 + Br. 4 \u2013 mm 390 x 405<\/td>\n<td>Br. 4 \u2013 mm 335 x 430 + Br. 4 \u2013 mm 390 x 405<\/td>\n<\/tr>\n<tr>\n<td>Samozatvaraju\u0107a vrata<\/td>\n<td>Meko zatvaranje<\/td>\n<td>Meko zatvaranje<\/td>\n<\/tr>\n<tr>\n<td>Visina za\u0161titne naslone<\/td>\n<td>100 mm<\/td>\n<td>100 mm<\/td>\n<\/tr>\n<tr>\n<td>\/ Kota\u010di\u0107i-Noge<\/td>\n<td>6 stopa \u2013<\/td>\n<td>6 stopa \u2013<\/td>\n<\/tr>\n<tr>\n<td>Kota\u010di\u0107i<\/td>\n<td>Opcionalno \u2013 v mm 140<\/td>\n<td>Opcionalno \u2013 v mm 140<\/td>\n<\/tr>\n<tr>\n<td>Neto-bruto te\u017eina<\/td>\n<td>Kg 159,6 \/ 189,6<\/td>\n<td>Kg 170 \/ 200<\/td>\n<\/tr>\n<tr>\n<td>Napon<\/td>\n<td>V 220-240<\/td>\n<td>V 220-240<\/td>\n<\/tr>\n<tr>\n<td>Frekvencija<\/td>\n<td>Hz 50<\/td>\n<td>Hz 50<\/td>\n<\/tr>\n<tr>\n<td>Rashladno sredstvo<\/td>\n<td>R600A<\/td>\n<td>290 kuna<\/td>\n<\/tr>\n<tr>\n<td>Apsorpcija<\/td>\n<td>Z 300<\/td>\n<td>Z 570<\/td>\n<\/tr>\n<tr>\n<td>Potro\u0161nja energije<\/td>\n<td>kWh\/24 sata 4,05<\/td>\n<td>kWh\/24 sata 8,87<\/td>\n<\/tr>\n<\/tbody>\n<\/table>","protected":false},"excerpt":{"rendered":"<p>-20 \u00b0C \/ -10 \u00b0C Ventilirani rashladni stol, \u010detvero vrata s alzatinom. Negativna temperatura<\/p>","protected":false},"featured_media":10222,"comment_status":"open","ping_status":"closed","template":"","meta":[],"product_brand":[],"product_cat":[51],"product_tag":[],"class_list":{"0":"post-10185","1":"product","2":"type-product","3":"status-publish","4":"has-post-thumbnail","6":"product_cat-kitchen-catering-cooling","8":"first","9":"instock","10":"shipping-taxable","11":"purchasable","12":"product-type-simple"},"_links":{"self":[{"href":"https:\/\/dersuessestopp.com\/hr\/wp-json\/wp\/v2\/product\/10185","targetHints":{"allow":["GET"]}}],"collection":[{"href":"https:\/\/dersuessestopp.com\/hr\/wp-json\/wp\/v2\/product"}],"about":[{"href":"https:\/\/dersuessestopp.com\/hr\/wp-json\/wp\/v2\/types\/product"}],"replies":[{"embeddable":true,"href":"https:\/\/dersuessestopp.com\/hr\/wp-json\/wp\/v2\/comments?post=10185"}],"version-history":[{"count":3,"href":"https:\/\/dersuessestopp.com\/hr\/wp-json\/wp\/v2\/product\/10185\/revisions"}],"predecessor-version":[{"id":12004,"href":"https:\/\/dersuessestopp.com\/hr\/wp-json\/wp\/v2\/product\/10185\/revisions\/12004"}],"wp:featuredmedia":[{"embeddable":true,"href":"https:\/\/dersuessestopp.com\/hr\/wp-json\/wp\/v2\/media\/10222"}],"wp:attachment":[{"href":"https:\/\/dersuessestopp.com\/hr\/wp-json\/wp\/v2\/media?parent=10185"}],"wp:term":[{"taxonomy":"product_brand","embeddable":true,"href":"https:\/\/dersuessestopp.com\/hr\/wp-json\/wp\/v2\/product_brand?post=10185"},{"taxonomy":"product_cat","embeddable":true,"href":"https:\/\/dersuessestopp.com\/hr\/wp-json\/wp\/v2\/product_cat?post=10185"},{"taxonomy":"product_tag","embeddable":true,"href":"https:\/\/dersuessestopp.com\/hr\/wp-json\/wp\/v2\/product_tag?post=10185"}],"curies":[{"name":"wp","href":"https:\/\/api.w.org\/{rel}","templated":true}]}}