{"id":10054,"date":"2025-09-29T14:57:46","date_gmt":"2025-09-29T14:57:46","guid":{"rendered":"https:\/\/dersuessestopp.com\/?post_type=product&#038;p=10054"},"modified":"2025-10-08T20:32:51","modified_gmt":"2025-10-08T20:32:51","slug":"cw-355-g4tb","status":"publish","type":"product","link":"https:\/\/dersuessestopp.com\/hr\/product\/cw-355-g4tb\/","title":{"rendered":"CW 355 G4TB"},"content":{"rendered":"<p data-start=\"213\" data-end=\"523\"><img fetchpriority=\"high\" decoding=\"async\" class=\"alignnone wp-image-11668 size-full\" src=\"https:\/\/dersuessestopp.com\/wp-content\/uploads\/2025\/09\/CW355-G2TB_CW-355-G3TB_CW-355-G4TB-Dettagli.jpg\" alt=\"\" width=\"2000\" height=\"600\" srcset=\"https:\/\/dersuessestopp.com\/wp-content\/uploads\/2025\/09\/CW355-G2TB_CW-355-G3TB_CW-355-G4TB-Dettagli.jpg 2000w, https:\/\/dersuessestopp.com\/wp-content\/uploads\/2025\/09\/CW355-G2TB_CW-355-G3TB_CW-355-G4TB-Dettagli-300x90.jpg 300w, https:\/\/dersuessestopp.com\/wp-content\/uploads\/2025\/09\/CW355-G2TB_CW-355-G3TB_CW-355-G4TB-Dettagli-1024x307.jpg 1024w, https:\/\/dersuessestopp.com\/wp-content\/uploads\/2025\/09\/CW355-G2TB_CW-355-G3TB_CW-355-G4TB-Dettagli-768x230.jpg 768w, https:\/\/dersuessestopp.com\/wp-content\/uploads\/2025\/09\/CW355-G2TB_CW-355-G3TB_CW-355-G4TB-Dettagli-1536x461.jpg 1536w, https:\/\/dersuessestopp.com\/wp-content\/uploads\/2025\/09\/CW355-G2TB_CW-355-G3TB_CW-355-G4TB-Dettagli-250x75.jpg 250w, https:\/\/dersuessestopp.com\/wp-content\/uploads\/2025\/09\/CW355-G2TB_CW-355-G3TB_CW-355-G4TB-Dettagli-600x180.jpg 600w\" sizes=\"(max-width: 2000px) 100vw, 2000px\" \/><\/p>\n<p data-start=\"213\" data-end=\"523\">The <strong data-start=\"217\" data-end=\"232\">CW 355 G4TB<\/strong> je vrhunsko rje\u0161enje za profesionalne i privatne kolekcionare vina koji zahtijevaju kapacitet, preciznost i sofisticiranost. Sa svojim <strong data-start=\"364\" data-end=\"386\">dizajn s dvostrukim vratima<\/strong>, <strong data-start=\"388\" data-end=\"425\">bez okvira, potpuno crna staklena zavr\u0161na obrada<\/strong>, i <strong data-start=\"431\" data-end=\"455\">elegantna LED rasvjeta<\/strong>, nudi i zapanjuju\u0107u prezentaciju i napredne funkcionalnosti.<\/p>\n<p data-start=\"525\" data-end=\"908\">Uklju\u010duju\u0107i <strong data-start=\"535\" data-end=\"606\">\u010detiri neovisne temperaturne zone (+2\u00b0C do +12\u00b0C \/ +12\u00b0C do +20\u00b0C)<\/strong>, CW 355 G4TB pru\u017ea savr\u0161ene uvjete skladi\u0161tenja za svaku vrstu vina - od pjenu\u0161avih do punog tijela crnih vina. Njegov <strong data-start=\"725\" data-end=\"758\">Klizne metalne police u obliku slova Z<\/strong>, <strong data-start=\"760\" data-end=\"795\">elektroni\u010dko upravljanje zaslonom osjetljivim na dodir<\/strong>, i <strong data-start=\"801\" data-end=\"822\">aksijalno hla\u0111enje ventilatorom<\/strong> osigurati nesmetan rad, jednostavan pristup i preciznu stabilnost temperature tijekom cijelog procesa.<\/p>\n<p data-start=\"910\" data-end=\"929\"><strong data-start=\"910\" data-end=\"927\">Klju\u010dne zna\u010dajke:<\/strong><\/p>\n<ul data-start=\"930\" data-end=\"1370\">\n<li data-start=\"930\" data-end=\"1001\">\n<p data-start=\"932\" data-end=\"1001\">\u010cetiri neovisne temperaturne zone (+2\u00b0C do +12\u00b0C \/ +12\u00b0C do +20\u00b0C)<\/p>\n<\/li>\n<li data-start=\"1002\" data-end=\"1062\">\n<p data-start=\"1004\" data-end=\"1062\">Dizajn s dvostrukim vratima i elektroni\u010dkim termostatom osjetljivim na dodir<\/p>\n<\/li>\n<li data-start=\"1063\" data-end=\"1119\">\n<p data-start=\"1065\" data-end=\"1119\">Klizne metalne police u obliku slova Z s izvla\u010denjem ladica<\/p>\n<\/li>\n<li data-start=\"1120\" data-end=\"1167\">\n<p data-start=\"1122\" data-end=\"1167\">Aksijalni ventilator za ravnomjernu raspodjelu temperature<\/p>\n<\/li>\n<li data-start=\"1168\" data-end=\"1196\">\n<p data-start=\"1170\" data-end=\"1196\">Automatski sustav odmrzavanja<\/p>\n<\/li>\n<li data-start=\"1197\" data-end=\"1241\">\n<p data-start=\"1199\" data-end=\"1241\">LED rasvjeta (4 vertikalne + 4 horizontalne)<\/p>\n<\/li>\n<li data-start=\"1242\" data-end=\"1307\">\n<p data-start=\"1244\" data-end=\"1307\">Reverzibilna vrata bez okvira, potpuno crna, sa bravom i klju\u010dem<\/p>\n<\/li>\n<li data-start=\"1308\" data-end=\"1370\">\n<p data-start=\"1310\" data-end=\"1370\">Robusna, prethodno obojena karoserija otporna na koroziju s unutarnjom ABS oblogom<\/p>\n<\/li>\n<\/ul>\n<p data-start=\"1372\" data-end=\"1567\">Elegantan, prostran i vrlo napredan \u2014 <strong data-start=\"1417\" data-end=\"1432\">CW 355 G4TB<\/strong> dizajniran je za prave vinske profesionalce, nude\u0107i besprijekornu kontrolu klime i sofisticirani prikaz do <strong data-start=\"1549\" data-end=\"1564\">232 boce<\/strong>.<\/p>\n<table cellspacing=\"0\">\n<tbody>\n<tr>\n<td bgcolor=\"#FFFFFF\">\n<p class=\"s7\"><span dir=\"auto\">Dimenzije mm<\/span><\/p>\n<\/td>\n<td bgcolor=\"#FFFFFF\">\n<p class=\"s7\"><span dir=\"auto\">CW 355 G2TB<\/span><\/p>\n<\/td>\n<td bgcolor=\"#FFFFFF\">\n<p class=\"s7\"><span dir=\"auto\">CW 355 G3TB<\/span><\/p>\n<\/td>\n<td bgcolor=\"#FFFFFF\">\n<p class=\"s7\"><span dir=\"auto\">CW 355 G4TB<\/span><\/p>\n<\/td>\n<\/tr>\n<tr>\n<td>\n<p class=\"s8\"><span dir=\"auto\">Vanjske dimenzije (\u00a0<\/span><span dir=\"auto\">\u0160xDxV)<\/span><\/p>\n<\/td>\n<td>\n<p class=\"s8\"><span dir=\"auto\">1210 x 700 x 1804<\/span><\/p>\n<\/td>\n<td>\n<p class=\"s8\"><span dir=\"auto\">1210 x 700 x 1804<\/span><\/p>\n<\/td>\n<td>\n<p class=\"s8\"><span dir=\"auto\">1210 x 700 x 1804<\/span><\/p>\n<\/td>\n<\/tr>\n<tr>\n<td>\n<p class=\"s8\"><span dir=\"auto\">Pakiranje<\/span><span dir=\"auto\">\u00a0Dimenzije (\u0160xDxV) Komplet za monta\u017eu (\u0160xDxV)\u00a0<\/span><span dir=\"auto\">)<\/span><\/p>\n<\/td>\n<td>\n<p class=\"s8\"><span dir=\"auto\">(2x) 645 x 770 x 1996<\/span><\/p>\n<p class=\"s8\"><span dir=\"auto\">1200 x 300 x 300<\/span><\/p>\n<\/td>\n<td>\n<p class=\"s8\"><span dir=\"auto\">(2x) 645 x 770 x 1996<\/span><\/p>\n<p class=\"s8\"><span dir=\"auto\">1200 x 300 x 300<\/span><\/p>\n<\/td>\n<td>\n<p class=\"s8\"><span dir=\"auto\">(2x) 645 x 770 x 1996<\/span><\/p>\n<p class=\"s8\"><span dir=\"auto\">1200 x 300 x 300<\/span><\/p>\n<\/td>\n<\/tr>\n<tr>\n<td>\n<p class=\"s8\"><span dir=\"auto\">\u0160irina<\/span><\/p>\n<\/td>\n<td>\n<p class=\"s8\"><span dir=\"auto\">500 + 500<\/span><\/p>\n<\/td>\n<td>\n<p class=\"s8\"><span dir=\"auto\">500 + 500<\/span><\/p>\n<\/td>\n<td>\n<p class=\"s8\"><span dir=\"auto\">500 + 500<\/span><\/p>\n<\/td>\n<\/tr>\n<tr>\n<td>\n<p class=\"s8\"><span dir=\"auto\">Dubina<\/span><\/p>\n<\/td>\n<td>\n<p class=\"s8\"><span dir=\"auto\">540<\/span><\/p>\n<\/td>\n<td>\n<p class=\"s8\"><span dir=\"auto\">540<\/span><\/p>\n<\/td>\n<td>\n<p class=\"s8\"><span dir=\"auto\">540<\/span><\/p>\n<\/td>\n<\/tr>\n<tr>\n<td>\n<p class=\"s8\"><span dir=\"auto\">\u00a0<\/span><span dir=\"auto\">Visina<\/span><\/p>\n<\/td>\n<td>\n<p class=\"s8\"><span dir=\"auto\">1630<\/span><\/p>\n<\/td>\n<td>\n<p class=\"s8\"><span dir=\"auto\">1630<\/span><\/p>\n<\/td>\n<td>\n<p class=\"s8\"><span dir=\"auto\">1630<\/span><\/p>\n<\/td>\n<\/tr>\n<tr>\n<td>\n<p class=\"s8\"><span dir=\"auto\">\u00a0<\/span><span dir=\"auto\">Min. dubina<\/span><\/p>\n<\/td>\n<td>\n<p class=\"s8\"><span dir=\"auto\">380<\/span><\/p>\n<\/td>\n<td>\n<p class=\"s8\"><span dir=\"auto\">380<\/span><\/p>\n<\/td>\n<td>\n<p class=\"s8\"><span dir=\"auto\">380<\/span><\/p>\n<\/td>\n<\/tr>\n<tr>\n<td>\n<p class=\"s8\"><span dir=\"auto\">\u00a0<\/span><span dir=\"auto\">Min. visina<\/span><\/p>\n<\/td>\n<td>\n<p class=\"s8\"><span dir=\"auto\">1420<\/span><\/p>\n<\/td>\n<td>\n<p class=\"s8\"><span dir=\"auto\">1420<\/span><\/p>\n<\/td>\n<td>\n<p class=\"s8\"><span dir=\"auto\">1420<\/span><\/p>\n<\/td>\n<\/tr>\n<tr>\n<td>\n<p class=\"s8\"><span dir=\"auto\">Strana\u00a0<\/span><span dir=\"auto\">Naljepnica<\/span><\/p>\n<\/td>\n<td>\n<p class=\"s8\"><span dir=\"auto\">648 x 1785<\/span><\/p>\n<\/td>\n<td>\n<p class=\"s8\"><span dir=\"auto\">648 x 1785<\/span><\/p>\n<\/td>\n<td>\n<p class=\"s8\"><span dir=\"auto\">648 x 1785<\/span><\/p>\n<\/td>\n<\/tr>\n<tr>\n<td>\n<p class=\"s8\"><span dir=\"auto\">Naljepnica za staklo<\/span><\/p>\n<\/td>\n<td>\n<p class=\"s8\"><span dir=\"auto\">(2x) 462 x 1540<\/span><\/p>\n<\/td>\n<td>\n<p class=\"s8\"><span dir=\"auto\">(2x) 462 x 1540<\/span><\/p>\n<\/td>\n<td>\n<p class=\"s8\"><span dir=\"auto\">(2x) 462 x 1540<\/span><\/p>\n<\/td>\n<\/tr>\n<\/tbody>\n<\/table>\n<p>&nbsp;<\/p>\n<table style=\"height: 1406px;\" width=\"1348\" cellspacing=\"0\">\n<tbody>\n<tr>\n<td bgcolor=\"#FFFFFF\">\n<p class=\"s7\"><span dir=\"auto\">Tehni\u010dke zna\u010dajke<\/span><\/p>\n<\/td>\n<td bgcolor=\"#FFFFFF\">\n<p class=\"s7\"><span dir=\"auto\">CW 355 G2TB<\/span><\/p>\n<\/td>\n<td bgcolor=\"#FFFFFF\">\n<p class=\"s7\"><span dir=\"auto\">CW 355 G3TB<\/span><\/p>\n<\/td>\n<td bgcolor=\"#FFFFFF\">\n<p class=\"s7\"><span dir=\"auto\">CW 355 G4TB<\/span><\/p>\n<\/td>\n<\/tr>\n<tr>\n<td>\n<p class=\"s8\"><span dir=\"auto\">\u00a0<\/span><span dir=\"auto\">Raspon temperature<\/span><\/p>\n<\/td>\n<td>\n<p class=\"s8\"><span dir=\"auto\">+2 \u00b0C \/ +20 \u00b0C<\/span><\/p>\n<p class=\"s8\"><span dir=\"auto\">+2 \u00b0C \/ +20 \u00b0C<\/span><\/p>\n<\/td>\n<td>\n<p class=\"s8\"><span dir=\"auto\">+2 \u00b0C \/ +20 \u00b0C<\/span><\/p>\n<p class=\"s8\"><span dir=\"auto\">+2\u00b0C \/+12\u00b0C \u2022 +12\u00b0C\/+20\u00b0C<\/span><\/p>\n<\/td>\n<td>\n<p class=\"s8\"><span dir=\"auto\">+2\u00b0C \/+12\u00b0C \u2022 +12\u00b0C\/+20\u00b0C<\/span><\/p>\n<p class=\"s8\"><span dir=\"auto\">+2\u00b0C \/+12\u00b0C \u2022 +12\u00b0C\/+20\u00b0C<\/span><\/p>\n<\/td>\n<\/tr>\n<tr>\n<td>\n<p class=\"s8\"><span dir=\"auto\">Klima\u00a0<\/span><span dir=\"auto\">Razred<\/span><\/p>\n<\/td>\n<td>\n<p class=\"s8\"><span dir=\"auto\">S-ST<\/span><\/p>\n<\/td>\n<td>\n<p class=\"s8\"><span dir=\"auto\">S-ST<\/span><\/p>\n<\/td>\n<td>\n<p class=\"s8\"><span dir=\"auto\">S-ST<\/span><\/p>\n<\/td>\n<\/tr>\n<tr>\n<td>\n<p class=\"s8\"><span dir=\"auto\">\u00a0<\/span><span dir=\"auto\">Neto bruto volumen<\/span><\/p>\n<\/td>\n<td>\n<p class=\"s8\"><span dir=\"auto\">Poru\u010dnik 818 \/ 850<\/span><\/p>\n<\/td>\n<td>\n<p class=\"s8\"><span dir=\"auto\">Poru\u010dnik 809\/848<\/span><\/p>\n<\/td>\n<td>\n<p class=\"s8\"><span dir=\"auto\">Poru\u010dnik 800\/846<\/span><\/p>\n<\/td>\n<\/tr>\n<tr>\n<td>\n<p class=\"s8\"><span dir=\"auto\">Vanjska povr\u0161ina \/\u00a0<\/span><span dir=\"auto\">Tijelo<\/span><\/p>\n<\/td>\n<td>\n<p class=\"s8\"><span dir=\"auto\">Prethodno obojeni lim s antikorozivnom obradom<\/span><\/p>\n<\/td>\n<td>\n<p class=\"s8\"><span dir=\"auto\">Prethodno obojeni lim s antikorozivnom obradom<\/span><\/p>\n<\/td>\n<td>\n<p class=\"s8\"><span dir=\"auto\">Prethodno obojeni lim s antikorozivnom obradom<\/span><\/p>\n<\/td>\n<\/tr>\n<tr>\n<td>\n<p class=\"s8\"><span dir=\"auto\">Vrata<\/span><span dir=\"auto\">\u200b<\/span><\/p>\n<\/td>\n<td colspan=\"2\">\n<p class=\"s8\"><span dir=\"auto\">Crno staklo bez okvira \/\u00a0<\/span><span dir=\"auto\">Crno puno staklo<\/span><\/p>\n<\/td>\n<td><\/td>\n<\/tr>\n<tr>\n<td>\n<p class=\"s8\"><span dir=\"auto\">Unutarnja povr\u0161ina\u00a0<\/span><\/p>\n<\/td>\n<td>\n<p class=\"s8\"><span dir=\"auto\">ABS<\/span><\/p>\n<\/td>\n<td>\n<p class=\"s8\"><span dir=\"auto\">ABS<\/span><\/p>\n<\/td>\n<td>\n<p class=\"s8\"><span dir=\"auto\">ABS<\/span><\/p>\n<\/td>\n<\/tr>\n<tr>\n<td>\n<p class=\"s8\"><span dir=\"auto\">Termostat<\/span><span dir=\"auto\">\u200b<\/span><\/p>\n<\/td>\n<td>\n<p class=\"s8\"><span dir=\"auto\"> Elektroni\u010dki \/<\/span><span dir=\"auto\">Elektronika<\/span><span dir=\"auto\">\u00a0Zaslon osjetljiv na dodir<\/span><\/p>\n<\/td>\n<td>\n<p class=\"s8\"><span dir=\"auto\">Elektroni\u010dki \/\u00a0<\/span><span dir=\"auto\">Elektronika<\/span><span dir=\"auto\">\u00a0Zaslon osjetljiv na dodir<\/span><\/p>\n<\/td>\n<td>\n<p class=\"s8\"><span dir=\"auto\">Elektroni\u010dki \/\u00a0<\/span><span dir=\"auto\">Elektronika<\/span><span dir=\"auto\">\u00a0Zaslon osjetljiv na dodir<\/span><\/p>\n<\/td>\n<\/tr>\n<tr>\n<td>\n<p class=\"s8\"><span dir=\"auto\">Buka\u00a0<\/span><span dir=\"auto\">razina<\/span><\/p>\n<\/td>\n<td>\n<p class=\"s8\"><span dir=\"auto\">dB 38 + dB 38<\/span><\/p>\n<p class=\"s8\"><span dir=\"auto\">Odnosi se na pojedina\u010dne rashladne jedinice\u00a0<\/span><span dir=\"auto\">Za svaku rashladnu jedinicu<\/span><\/p>\n<\/td>\n<td>\n<p class=\"s8\"><span dir=\"auto\">dB 44 + dB 38<\/span><\/p>\n<p class=\"s8\"><span dir=\"auto\">Odnosi se na pojedina\u010dne rashladne jedinice\u00a0<\/span><span dir=\"auto\">Za svaku rashladnu jedinicu<\/span><\/p>\n<\/td>\n<td>\n<p class=\"s8\"><span dir=\"auto\">dB 44 + dB 44<\/span><\/p>\n<p class=\"s8\"><span dir=\"auto\">Odnosi se na pojedina\u010dne rashladne jedinice\u00a0<\/span><span dir=\"auto\">Za svaku rashladnu jedinicu<\/span><\/p>\n<\/td>\n<\/tr>\n<tr>\n<td>\n<p class=\"s8\"><span dir=\"auto\">Izolacija\u00a0<\/span><span dir=\"auto\">debljina<\/span><\/p>\n<\/td>\n<td>\n<p class=\"s8\"><span dir=\"auto\">55 mm<\/span><\/p>\n<\/td>\n<td>\n<p class=\"s8\"><span dir=\"auto\">55 mm<\/span><\/p>\n<\/td>\n<td>\n<p class=\"s8\"><span dir=\"auto\">55 mm<\/span><\/p>\n<\/td>\n<\/tr>\n<tr>\n<td>\n<p class=\"s8\"><span dir=\"auto\">Odmrzavanje<\/span><\/p>\n<\/td>\n<td colspan=\"2\">\n<p class=\"s8\"><span dir=\"auto\">Automatski kompresor\u00a0<\/span><span dir=\"auto\">ciklus<\/span><\/p>\n<\/td>\n<td><\/td>\n<\/tr>\n<tr>\n<td>\n<p class=\"s8\"><span dir=\"auto\">Rasvjeta<\/span><span dir=\"auto\">\u200b<\/span><\/p>\n<\/td>\n<td>\n<p class=\"s8\"><span dir=\"auto\">LED diode: 4 vertikalne + 2 horizontalne<\/span><\/p>\n<\/td>\n<td>\n<p class=\"s8\"><span dir=\"auto\">LED diode: 4 vertikalne + 3 horizontalne<\/span><\/p>\n<\/td>\n<td>\n<p class=\"s8\"><span dir=\"auto\">LED diode: 4 vertikalne + 4 horizontalne<\/span><\/p>\n<\/td>\n<\/tr>\n<tr>\n<td>\n<p class=\"s8\"><span dir=\"auto\">Zaklju\u010daj\u00a0<\/span><span dir=\"auto\">i klju\u010d<\/span><\/p>\n<\/td>\n<td>\n<p class=\"s8\"><span dir=\"auto\">Da<\/span><span dir=\"auto\">\u200b<\/span><\/p>\n<\/td>\n<td>\n<p class=\"s8\"><span dir=\"auto\">Da<\/span><span dir=\"auto\">\u200b<\/span><\/p>\n<\/td>\n<td>\n<p class=\"s8\"><span dir=\"auto\">Da<\/span><span dir=\"auto\">\u200b<\/span><\/p>\n<\/td>\n<\/tr>\n<tr>\n<td>\n<p class=\"s8\"><span dir=\"auto\">\u017d\u00a0<\/span><span dir=\"auto\">-oblik kliznih polica (\u0160xD)<\/span><\/p>\n<\/td>\n<td>\n<p class=\"s8\"><span dir=\"auto\">Br. 20 \u2013 mm 452 x 535<\/span><\/p>\n<p class=\"s8\"><span dir=\"auto\">Br. 2 \u2013 452 x 380 mm<\/span><\/p>\n<\/td>\n<td>\n<p class=\"s8\"><span dir=\"auto\">Br. 19 \u2013 452 x 535 mm<\/span><\/p>\n<p class=\"s8\"><span dir=\"auto\">Br. 2 \u2013 452 x 380 mm<\/span><\/p>\n<\/td>\n<td>\n<p class=\"s8\"><span dir=\"auto\">Br. 18 \u2013 mm 452 x 535<\/span><\/p>\n<p class=\"s8\"><span dir=\"auto\">Br. 2 \u2013 452 x 380 mm<\/span><\/p>\n<\/td>\n<\/tr>\n<tr>\n<td>\n<p class=\"s8\"><span dir=\"auto\">Kota\u010di\u0107i\u00a0<\/span><span dir=\"auto\">-Stopala<\/span><\/p>\n<\/td>\n<td>\n<p class=\"s8\"><span dir=\"auto\">8 stopa<\/span><\/p>\n<\/td>\n<td>\n<p class=\"s8\"><span dir=\"auto\">8 stopa<\/span><\/p>\n<\/td>\n<td>\n<p class=\"s8\"><span dir=\"auto\">8 stopa<\/span><\/p>\n<\/td>\n<\/tr>\n<tr>\n<td>\n<p class=\"s8\"><span dir=\"auto\">Neto-\u00a0<\/span><span dir=\"auto\">Bruto te\u017eina<\/span><\/p>\n<\/td>\n<td>\n<p class=\"s8\"><span dir=\"auto\">Kg 218 \/ 234<\/span><\/p>\n<\/td>\n<td>\n<p class=\"s8\"><span dir=\"auto\">Kg 220 \/ 236<\/span><\/p>\n<\/td>\n<td>\n<p class=\"s8\"><span dir=\"auto\">Kg 222 \/ 238<\/span><\/p>\n<\/td>\n<\/tr>\n<tr>\n<td>\n<p class=\"s8\"><span dir=\"auto\">Napon<\/span><span dir=\"auto\">\u200b<\/span><\/p>\n<\/td>\n<td>\n<p class=\"s8\"><span dir=\"auto\">V 220<\/span><\/p>\n<\/td>\n<td>\n<p class=\"s8\"><span dir=\"auto\">V 220<\/span><\/p>\n<\/td>\n<td>\n<p class=\"s8\"><span dir=\"auto\">V 220<\/span><\/p>\n<\/td>\n<\/tr>\n<tr>\n<td>\n<p class=\"s8\"><span dir=\"auto\">Frekvencija<\/span><span dir=\"auto\">\u200b<\/span><\/p>\n<\/td>\n<td>\n<p class=\"s8\"><span dir=\"auto\">Hz 50<\/span><\/p>\n<\/td>\n<td>\n<p class=\"s8\"><span dir=\"auto\">Hz 50<\/span><\/p>\n<\/td>\n<td>\n<p class=\"s8\"><span dir=\"auto\">Hz 50<\/span><\/p>\n<\/td>\n<\/tr>\n<tr>\n<td>\n<p class=\"s8\"><span dir=\"auto\">Rashladno sredstvo<\/span><span dir=\"auto\">\u200b<\/span><\/p>\n<\/td>\n<td>\n<p class=\"s8\"><span dir=\"auto\">R600A<\/span><\/p>\n<\/td>\n<td>\n<p class=\"s8\"><span dir=\"auto\">R600A<\/span><\/p>\n<\/td>\n<td>\n<p class=\"s8\"><span dir=\"auto\">R600A<\/span><\/p>\n<\/td>\n<\/tr>\n<tr>\n<td>\n<p class=\"s8\"><span dir=\"auto\">Apsorpcija<\/span><span dir=\"auto\">\u200b<\/span><\/p>\n<\/td>\n<td>\n<p class=\"s8\"><span dir=\"auto\">Z 260<\/span><\/p>\n<\/td>\n<td>\n<p class=\"s8\"><span dir=\"auto\">Z 260<\/span><\/p>\n<\/td>\n<td>\n<p class=\"s8\"><span dir=\"auto\">Z 260<\/span><\/p>\n<\/td>\n<\/tr>\n<tr>\n<td>\n<p class=\"s8\"><span dir=\"auto\">Potro\u0161nja energije\u00a0<\/span><\/p>\n<\/td>\n<td>\n<p class=\"s8\"><span dir=\"auto\">kWh\/24 sata 0,85<\/span><\/p>\n<\/td>\n<td>\n<p class=\"s8\"><span dir=\"auto\">kWh\/24 sata 0,925<\/span><\/p>\n<\/td>\n<td>\n<p class=\"s8\"><span dir=\"auto\">kWh\/24 sata 1,00<\/span><\/p>\n<\/td>\n<\/tr>\n<\/tbody>\n<\/table>","protected":false},"excerpt":{"rendered":"<p>Hladnjak vini s dvostrukim vratima, 4 temperaturne zone, ventiliran<\/p>","protected":false},"featured_media":10104,"comment_status":"open","ping_status":"closed","template":"","meta":[],"product_brand":[],"product_cat":[49],"product_tag":[],"class_list":{"0":"post-10054","1":"product","2":"type-product","3":"status-publish","4":"has-post-thumbnail","6":"product_cat-wine-fridges","8":"first","9":"instock","10":"shipping-taxable","11":"purchasable","12":"product-type-simple"},"_links":{"self":[{"href":"https:\/\/dersuessestopp.com\/hr\/wp-json\/wp\/v2\/product\/10054","targetHints":{"allow":["GET"]}}],"collection":[{"href":"https:\/\/dersuessestopp.com\/hr\/wp-json\/wp\/v2\/product"}],"about":[{"href":"https:\/\/dersuessestopp.com\/hr\/wp-json\/wp\/v2\/types\/product"}],"replies":[{"embeddable":true,"href":"https:\/\/dersuessestopp.com\/hr\/wp-json\/wp\/v2\/comments?post=10054"}],"version-history":[{"count":4,"href":"https:\/\/dersuessestopp.com\/hr\/wp-json\/wp\/v2\/product\/10054\/revisions"}],"predecessor-version":[{"id":11716,"href":"https:\/\/dersuessestopp.com\/hr\/wp-json\/wp\/v2\/product\/10054\/revisions\/11716"}],"wp:featuredmedia":[{"embeddable":true,"href":"https:\/\/dersuessestopp.com\/hr\/wp-json\/wp\/v2\/media\/10104"}],"wp:attachment":[{"href":"https:\/\/dersuessestopp.com\/hr\/wp-json\/wp\/v2\/media?parent=10054"}],"wp:term":[{"taxonomy":"product_brand","embeddable":true,"href":"https:\/\/dersuessestopp.com\/hr\/wp-json\/wp\/v2\/product_brand?post=10054"},{"taxonomy":"product_cat","embeddable":true,"href":"https:\/\/dersuessestopp.com\/hr\/wp-json\/wp\/v2\/product_cat?post=10054"},{"taxonomy":"product_tag","embeddable":true,"href":"https:\/\/dersuessestopp.com\/hr\/wp-json\/wp\/v2\/product_tag?post=10054"}],"curies":[{"name":"wp","href":"https:\/\/api.w.org\/{rel}","templated":true}]}}