{"id":4629,"date":"2025-08-04T22:08:19","date_gmt":"2025-08-04T22:08:19","guid":{"rendered":"https:\/\/dersuessestopp.com\/?page_id=4629"},"modified":"2025-09-27T18:36:05","modified_gmt":"2025-09-27T18:36:05","slug":"impresum","status":"publish","type":"page","link":"https:\/\/dersuessestopp.com\/hr\/impressum\/","title":{"rendered":"Impresum"},"content":{"rendered":"<div data-elementor-type=\"wp-page\" data-elementor-id=\"4629\" class=\"elementor elementor-4629\" data-elementor-post-type=\"page\">\n\t\t\t\t<div class=\"elementor-element elementor-element-966acb2 e-flex e-con-boxed e-con e-parent\" data-id=\"966acb2\" data-element_type=\"container\" data-e-type=\"container\" data-settings=\"{&quot;jet_parallax_layout_list&quot;:[]}\">\n\t\t\t\t\t<div class=\"e-con-inner\">\n\t\t\t\t<div class=\"elementor-element elementor-element-d17d92b elementor-widget elementor-widget-heading\" data-id=\"d17d92b\" data-element_type=\"widget\" data-e-type=\"widget\" data-widget_type=\"heading.default\">\n\t\t\t\t<div class=\"elementor-widget-container\">\n\t\t\t\t\t<h2 class=\"elementor-heading-title elementor-size-default\">Impresum<\/h2>\t\t\t\t<\/div>\n\t\t\t\t<\/div>\n\t\t\t\t<div class=\"elementor-element elementor-element-dd56234 elementor-widget elementor-widget-text-editor\" data-id=\"dd56234\" data-element_type=\"widget\" data-e-type=\"widget\" data-widget_type=\"text-editor.default\">\n\t\t\t\t<div class=\"elementor-widget-container\">\n\t\t\t\t\t\t\t\t\t<p>Slatka stanica\u00a0<\/p><p>Vlasnik: Zoran Obradovi\u0107<\/p><p>\u0160etali\u0161te uz more 22<\/p><p>6213 Pertisau<\/p><p>Austrija<\/p><p>+43 (0) 664 321 83 91<\/p><p class=\"font_8 wixui-rich-text__text\"><span class=\"wixui-rich-text__text\"><a class=\"wixui-rich-text__text\" href=\"mailto:info@dersuessestopp.com\" target=\"_self\">info@dersuessestopp.com<\/a><\/span><\/p><p class=\"font_8 wixui-rich-text__text\">Ovla\u0161teni generalni direktor: Zoran Obradovi\u0107<\/p><p class=\"font_8 wixui-rich-text__text\">\u010clan:\u00a0\u00a0<span class=\"wixui-rich-text__text\"><a class=\"wixui-rich-text__text\" href=\"https:\/\/firmen.wko.at\/sweet-dreams-og\/nieder%c3%b6sterreich\/?firmaid=483d769d-0c84-4a04-93ea-27111287e014&amp;name=sweet+dreams+og&amp;standort=nieder%c3%b6sterreich+(bundesland)\" target=\"_blank\" rel=\"noreferrer noopener\">WKO Schwaz\u00a0<\/a><\/span><span class=\"wixui-rich-text__text\"><a class=\"wixui-rich-text__text\" href=\"https:\/\/firmen.wko.at\/sweet-dreams-og\/nieder%c3%b6sterreich\/?firmaid=483d769d-0c84-4a04-93ea-27111287e014&amp;name=sweet+dreams+og&amp;standort=nieder%c3%b6sterreich+(bundesland)\" target=\"_blank\" rel=\"noreferrer noopener\">\u00a0i podlije\u017ee odredbama Zakona o regulaciji trgovine<\/a><\/span><\/p><p class=\"font_8 wixui-rich-text__text\">Poslovna svrha: Trgovina\u00a0<\/p><p class=\"font_8 wixui-rich-text__text\">Okru\u017eni sud: Schwaz<\/p><p class=\"font_8 wixui-rich-text__text\">PDV identifikacijski broj: ATU76837513<\/p><p class=\"font_8 wixui-rich-text__text\">Bankovni ra\u010dun:<br class=\"wixui-rich-text__text\" \/>Raiffeisen Regionalbank Achensee, podru\u017enica Maurach<br class=\"wixui-rich-text__text\" \/>IBAN: AT88 3621 8000 0005 7240<br class=\"wixui-rich-text__text\" \/>BIC: RZTIAT22218<\/p><h2 class=\"font_8 wixui-rich-text__text\"><span class=\"wixui-rich-text__text\">Odricanje od odgovornosti za sadr\u017eaj<\/span><\/h2><p class=\"font_8 wixui-rich-text__text\">Informacije na ovoj stranici slu\u017ee za predstavljanje artikala i proizvoda za online trgovinu koja je jo\u0161 u povojima. Stranica je jo\u0161 uvijek u razvoju i stalno se a\u017eurira i pobolj\u0161ava. Sav sadr\u017eaj na ovim stranicama kreiran je s najve\u0107om pa\u017enjom. Me\u0111utim, ne mogu preuzeti odgovornost za to\u010dnost, potpunost ili pravovremenost ovog sadr\u017eaja. Imajte na umu da sadr\u017eaj i informacije objavljene na web stranici ne predstavljaju savjet bilo koje vrste. Odgovornost za materijalnu ili nematerijalnu \u0161tetu nastalu kori\u0161tenjem informacija predstavljenih na ovoj web stranici potpuno je isklju\u010dena, u mjeri u kojoj je to dopu\u0161teno zakonom. Nadalje, operater web stranice nije odgovoran za bilo kakav ilegalni sadr\u017eaj na vanjskim web stranicama na koje se izravno ili neizravno upu\u0107uje putem hiperveza. Operateri povezanih stranica isklju\u010divo su odgovorni za njihov sadr\u017eaj. Ako postanem svjestan pravnog kr\u0161enja na povezanoj stranici, poveznica \u0107e biti odmah uklonjena.<\/p><h2 class=\"font_8 wixui-rich-text__text\"><span class=\"wixui-rich-text__text\">Autorska prava<\/span><\/h2><p class=\"font_8 wixui-rich-text__text\">Publikacije na ovim stranicama podlije\u017eu austrijskom zakonu o autorskim pravima i drugim zakonima o intelektualnom vlasni\u0161tvu. To se odnosi i na doprinose tre\u0107ih strana.<\/p><p class=\"font_8 wixui-rich-text__text\">Informacije o online rje\u0161avanju sporova: Europska komisija stvorila je internetsku platformu za online rje\u0161avanje sporova. Platforma slu\u017ei kao kontaktna to\u010dka za izvansudsko rje\u0161avanje sporova koji se odnose na ugovorne obveze koje proizlaze iz online ugovora o prodaji. Kupci mogu pristupiti platformi na sljede\u0107oj poveznici:\u00a0\u00a0<span class=\"wixui-rich-text__text\"><a class=\"wixui-rich-text__text\" href=\"https:\/\/ec.europa.eu\/consumers\/odr\" target=\"_blank\" rel=\"noreferrer noopener\">https:\/\/ec.europa.eu\/consumers\/odr<\/a><\/span><\/p><p class=\"font_8 wixui-rich-text__text\">Nismo ni voljni ni obvezni sudjelovati u postupcima rje\u0161avanja sporova pred arbitra\u017enim odborima za za\u0161titu potro\u0161a\u010da.<\/p><p class=\"font_8 wixui-rich-text__text\">\u200b<\/p><h2 class=\"font_8 wixui-rich-text__text\"><span class=\"wixui-rich-text__text\">Ovaj otisak je za:\u00a0<\/span><\/h2><p class=\"font_8 wixui-rich-text__text\">\u00a0<span class=\"wixui-rich-text__text\"><a class=\"wixui-rich-text__text\" href=\"https:\/\/www.dersuessestop.com\/\" target=\"_blank\" rel=\"noreferrer noopener\">https:\/\/www.dersuessestop.com<\/a><\/span><\/p><p class=\"font_8 wixui-rich-text__text\"><span class=\"wixui-rich-text__text\"><a class=\"wixui-rich-text__text\" href=\"https:\/\/www.softeis-investition.com\/\" target=\"_blank\" rel=\"noopener\" data-auto-recognition=\"true\">https:\/\/www.softeis-investition.com<\/a><\/span><\/p><p class=\"font_8 wixui-rich-text__text\"><span class=\"wixui-rich-text__text\"><a class=\"wixui-rich-text__text\" href=\"https:\/\/www.dersuessestop-graz.com\/\" target=\"_blank\" rel=\"noreferrer noopener\">https:\/\/www.dersuessestop-graz.com<\/a><\/span><\/p><p class=\"font_8 wixui-rich-text__text\"><span class=\"wixui-rich-text__text\"><a class=\"wixui-rich-text__text\" href=\"https:\/\/www.facebook.com\/dersuessestopp\" target=\"_blank\" rel=\"noreferrer noopener\">https:\/\/www.facebook.com\/dersuessestopp<\/a><\/span><\/p><p class=\"font_8 wixui-rich-text__text\">\u00a0<span class=\"wixui-rich-text__text\"><a class=\"wixui-rich-text__text\" href=\"https:\/\/instagram.com\/dersuessestopp\" target=\"_blank\" rel=\"noreferrer noopener\">https:\/\/instagram.com\/dersuessestopp<\/a><\/span><\/p>\t\t\t\t\t\t\t\t<\/div>\n\t\t\t\t<\/div>\n\t\t\t\t\t<\/div>\n\t\t\t\t<\/div>\n\t\t\t\t<\/div>","protected":false},"excerpt":{"rendered":"<p>Impressum Der S\u00fc\u00dfe Stopp\u00a0 Owner: Zoran Obradovic Seepromenade 22 6213 Pertisau Austria +43 (0) 664 321 83 91 info@dersuessestopp.com Authorized Managing Director: Zoran Obradovic Member:\u00a0\u00a0WKO Schwaz\u00a0\u00a0and is subject to the provisions of the Trade Regulation Act Business purpose: Trade\u00a0 District Court: Schwaz VAT identification number: ATU76837513 Bank account:Raiffeisen Regionalbank Achensee, Maurach branchIBAN: AT88 3621 8000 [&hellip;]<\/p>\n","protected":false},"author":1,"featured_media":0,"parent":0,"menu_order":0,"comment_status":"closed","ping_status":"closed","template":"","meta":{"footnotes":""},"class_list":["post-4629","page","type-page","status-publish","hentry"],"_links":{"self":[{"href":"https:\/\/dersuessestopp.com\/hr\/wp-json\/wp\/v2\/pages\/4629","targetHints":{"allow":["GET"]}}],"collection":[{"href":"https:\/\/dersuessestopp.com\/hr\/wp-json\/wp\/v2\/pages"}],"about":[{"href":"https:\/\/dersuessestopp.com\/hr\/wp-json\/wp\/v2\/types\/page"}],"author":[{"embeddable":true,"href":"https:\/\/dersuessestopp.com\/hr\/wp-json\/wp\/v2\/users\/1"}],"replies":[{"embeddable":true,"href":"https:\/\/dersuessestopp.com\/hr\/wp-json\/wp\/v2\/comments?post=4629"}],"version-history":[{"count":7,"href":"https:\/\/dersuessestopp.com\/hr\/wp-json\/wp\/v2\/pages\/4629\/revisions"}],"predecessor-version":[{"id":9663,"href":"https:\/\/dersuessestopp.com\/hr\/wp-json\/wp\/v2\/pages\/4629\/revisions\/9663"}],"wp:attachment":[{"href":"https:\/\/dersuessestopp.com\/hr\/wp-json\/wp\/v2\/media?parent=4629"}],"curies":[{"name":"wp","href":"https:\/\/api.w.org\/{rel}","templated":true}]}}