{"id":4191,"date":"2025-07-28T03:29:56","date_gmt":"2025-07-28T03:29:56","guid":{"rendered":"https:\/\/dersuessestopp.com\/?page_id=4191"},"modified":"2025-10-18T17:23:56","modified_gmt":"2025-10-18T17:23:56","slug":"svemirac","status":"publish","type":"page","link":"https:\/\/dersuessestopp.com\/hr\/spaceman\/","title":{"rendered":"Spaceman"},"content":{"rendered":"<div data-elementor-type=\"wp-page\" data-elementor-id=\"4191\" class=\"elementor elementor-4191\" data-elementor-post-type=\"page\">\n\t\t\t\t<div class=\"elementor-element elementor-element-678f9fd e-con-full e-flex e-con e-parent\" data-id=\"678f9fd\" data-element_type=\"container\" data-e-type=\"container\" data-settings=\"{&quot;jet_parallax_layout_list&quot;:[],&quot;background_background&quot;:&quot;classic&quot;}\">\n\t\t<div class=\"elementor-element elementor-element-4e269ac e-con-full e-flex e-con e-child\" data-id=\"4e269ac\" data-element_type=\"container\" data-e-type=\"container\" data-settings=\"{&quot;jet_parallax_layout_list&quot;:[]}\">\n\t\t\t\t<div class=\"elementor-element elementor-element-1e8c1c5 elementor-widget__width-initial elementor-widget-mobile__width-inherit elementor-widget elementor-widget-heading\" data-id=\"1e8c1c5\" data-element_type=\"widget\" data-e-type=\"widget\" id=\"header_h12\" data-widget_type=\"heading.default\">\n\t\t\t\t<div class=\"elementor-widget-container\">\n\t\t\t\t\t<h2 class=\"elementor-heading-title elementor-size-default\">Spaceman strojevi za to\u010deni sladoled i zamrznjena pi\u0107a<\/h2>\t\t\t\t<\/div>\n\t\t\t\t<\/div>\n\t\t\t\t<div class=\"elementor-element elementor-element-27a1088 elementor-widget elementor-widget-heading\" data-id=\"27a1088\" data-element_type=\"widget\" data-e-type=\"widget\" id=\"header_h123\" data-widget_type=\"heading.default\">\n\t\t\t\t<div class=\"elementor-widget-container\">\n\t\t\t\t\t<h2 class=\"elementor-heading-title elementor-size-default\">Pametna vrijednost za rastu\u0107e tvrtke<\/h2>\t\t\t\t<\/div>\n\t\t\t\t<\/div>\n\t\t\t\t<div class=\"elementor-element elementor-element-1bf3c04 elementor-widget__width-initial elementor-widget elementor-widget-text-editor\" data-id=\"1bf3c04\" data-element_type=\"widget\" data-e-type=\"widget\" id=\"header_p2\" data-widget_type=\"text-editor.default\">\n\t\t\t\t<div class=\"elementor-widget-container\">\n\t\t\t\t\t\t\t\t\t<p><span style=\"font-weight: 400;\">Pouzdani, visokokvalitetni strojevi dizajnirani za kremasti to\u010deni sladoled i osvje\u017eavaju\u0107a zamrznjena pi\u0107a.\nSavr\u0161eni za startupe i rastu\u0107e biznise koji tra\u017ee izvrsne performanse po konkurentnoj cijeni.<\/span><\/p>\t\t\t\t\t\t\t\t<\/div>\n\t\t\t\t<\/div>\n\t\t\t\t<div class=\"elementor-element elementor-element-9ef7853 elementor-widget-mobile__width-initial elementor-widget elementor-widget-button\" data-id=\"9ef7853\" data-element_type=\"widget\" data-e-type=\"widget\" data-widget_type=\"button.default\">\n\t\t\t\t<div class=\"elementor-widget-container\">\n\t\t\t\t\t\t\t\t\t<div class=\"elementor-button-wrapper\">\n\t\t\t\t\t<a class=\"elementor-button elementor-button-link elementor-size-sm\" href=\"#machines\">\n\t\t\t\t\t\t<span class=\"elementor-button-content-wrapper\">\n\t\t\t\t\t\t\t\t\t<span class=\"elementor-button-text\">Istra\u017eite svemirske strojeve<\/span>\n\t\t\t\t\t<\/span>\n\t\t\t\t\t<\/a>\n\t\t\t\t<\/div>\n\t\t\t\t\t\t\t\t<\/div>\n\t\t\t\t<\/div>\n\t\t\t\t<\/div>\n\t\t\t\t<\/div>\n\t\t<div class=\"elementor-element elementor-element-728a259 e-flex e-con-boxed e-con e-parent\" data-id=\"728a259\" data-element_type=\"container\" data-e-type=\"container\" data-settings=\"{&quot;jet_parallax_layout_list&quot;:[]}\">\n\t\t\t\t\t<div class=\"e-con-inner\">\n\t\t\t\t<div class=\"elementor-element elementor-element-c4ca77e elementor-widget elementor-widget-heading\" data-id=\"c4ca77e\" data-element_type=\"widget\" data-e-type=\"widget\" data-widget_type=\"heading.default\">\n\t\t\t\t<div class=\"elementor-widget-container\">\n\t\t\t\t\t<h2 class=\"elementor-heading-title elementor-size-default\">Za\u0161to odabrati Spacemana?\n<\/h2>\t\t\t\t<\/div>\n\t\t\t\t<\/div>\n\t\t\t\t<div class=\"elementor-element elementor-element-f176a9d elementor-widget elementor-widget-heading\" data-id=\"f176a9d\" data-element_type=\"widget\" data-e-type=\"widget\" data-widget_type=\"heading.default\">\n\t\t\t\t<div class=\"elementor-widget-container\">\n\t\t\t\t\t<h2 class=\"elementor-heading-title elementor-size-default\">\u010cetiri klju\u010dne snage koje nas izdvajaju<\/h2>\t\t\t\t<\/div>\n\t\t\t\t<\/div>\n\t\t\t\t\t<\/div>\n\t\t\t\t<\/div>\n\t\t<div class=\"elementor-element elementor-element-aea1bae e-grid e-con-boxed e-con e-parent\" data-id=\"aea1bae\" data-element_type=\"container\" data-e-type=\"container\" data-settings=\"{&quot;jet_parallax_layout_list&quot;:[]}\">\n\t\t\t\t\t<div class=\"e-con-inner\">\n\t\t\t\t<div class=\"elementor-element elementor-element-e587eca elementor-flip-box--effect-fade elementor-widget elementor-widget-flip-box\" data-id=\"e587eca\" data-element_type=\"widget\" data-e-type=\"widget\" data-widget_type=\"flip-box.default\">\n\t\t\t\t<div class=\"elementor-widget-container\">\n\t\t\t\t\t\t\t<div class=\"elementor-flip-box\" tabindex=\"0\">\n\t\t\t<div class=\"elementor-flip-box__layer elementor-flip-box__front\">\n\t\t\t\t<div class=\"elementor-flip-box__layer__overlay\">\n\t\t\t\t\t<div class=\"elementor-flip-box__layer__inner\">\n\t\t\t\t\t\t\n\t\t\t\t\t\t\t\t\t\t\t\t\t<h3 class=\"elementor-flip-box__layer__title\">\n\t\t\t\t\t\t\t\tPreciznost i inovacija\t\t\t\t\t\t\t<\/h3>\n\t\t\t\t\t\t\n\t\t\t\t\t\t\t\t\t\t\t<\/div>\n\t\t\t\t<\/div>\n\t\t\t<\/div>\n\t\t\t<div class=\"elementor-flip-box__layer elementor-flip-box__back\">\n\t\t\t<div class=\"elementor-flip-box__layer__overlay\">\n\t\t\t\t<div class=\"elementor-flip-box__layer__inner\">\n\t\t\t\t\t\n\t\t\t\t\t\t\t\t\t\t\t<div class=\"elementor-flip-box__layer__description\">\n\t\t\t\t\t\t\tPatentirana vrhunska tehnologija osigurava dosljednu kvalitetu proizvoda i u\u010dinkovito kori\u0161tenje energije. Spaceman ure\u0111aji koriste napredne mikroprocesorske kontrole i patentirane dizajne kako bi svaki put pru\u017eili savr\u0161enu teksturu i okus, uz u\u0161tedu energije.\t\t\t\t\t\t<\/div>\n\t\t\t\t\t\n\t\t\t\t\t\t\t\t<\/div>\n\t\t<\/div>\n\t\t<\/div>\n\t\t<\/div>\n\t\t\t\t\t\t<\/div>\n\t\t\t\t<\/div>\n\t\t\t\t<div class=\"elementor-element elementor-element-c7a8291 elementor-flip-box--effect-fade elementor-widget elementor-widget-flip-box\" data-id=\"c7a8291\" data-element_type=\"widget\" data-e-type=\"widget\" data-widget_type=\"flip-box.default\">\n\t\t\t\t<div class=\"elementor-widget-container\">\n\t\t\t\t\t\t\t<div class=\"elementor-flip-box\" tabindex=\"0\">\n\t\t\t<div class=\"elementor-flip-box__layer elementor-flip-box__front\">\n\t\t\t\t<div class=\"elementor-flip-box__layer__overlay\">\n\t\t\t\t\t<div class=\"elementor-flip-box__layer__inner\">\n\t\t\t\t\t\t\n\t\t\t\t\t\t\t\t\t\t\t\t\t<h3 class=\"elementor-flip-box__layer__title\">\n\t\t\t\t\t\t\t\tIzdr\u017eljivost i pouzdanost\t\t\t\t\t\t\t<\/h3>\n\t\t\t\t\t\t\n\t\t\t\t\t\t\t\t\t\t\t<\/div>\n\t\t\t\t<\/div>\n\t\t\t<\/div>\n\t\t\t<div class=\"elementor-flip-box__layer elementor-flip-box__back\">\n\t\t\t<div class=\"elementor-flip-box__layer__overlay\">\n\t\t\t\t<div class=\"elementor-flip-box__layer__inner\">\n\t\t\t\t\t\n\t\t\t\t\t\t\t\t\t\t\t<div class=\"elementor-flip-box__layer__description\">\n\t\t\t\t\t\t\tIzra\u0111en da izdr\u017ei te\u0161ku upotrebu s vrhunskim komponentama, smanjuju\u0107i zastoje i tro\u0161kove odr\u017eavanja. Izra\u0111en od kvalitetnih materijala za dugotrajnu proizvodnju u zahtjevnim okru\u017eenjima.\t\t\t\t\t\t<\/div>\n\t\t\t\t\t\n\t\t\t\t\t\t\t\t<\/div>\n\t\t<\/div>\n\t\t<\/div>\n\t\t<\/div>\n\t\t\t\t\t\t<\/div>\n\t\t\t\t<\/div>\n\t\t\t\t<div class=\"elementor-element elementor-element-2b25fe1 elementor-flip-box--effect-fade elementor-widget elementor-widget-flip-box\" data-id=\"2b25fe1\" data-element_type=\"widget\" data-e-type=\"widget\" data-widget_type=\"flip-box.default\">\n\t\t\t\t<div class=\"elementor-widget-container\">\n\t\t\t\t\t\t\t<div class=\"elementor-flip-box\" tabindex=\"0\">\n\t\t\t<div class=\"elementor-flip-box__layer elementor-flip-box__front\">\n\t\t\t\t<div class=\"elementor-flip-box__layer__overlay\">\n\t\t\t\t\t<div class=\"elementor-flip-box__layer__inner\">\n\t\t\t\t\t\t\n\t\t\t\t\t\t\t\t\t\t\t\t\t<h3 class=\"elementor-flip-box__layer__title\">\n\t\t\t\t\t\t\t\tJednostavno kori\u0161tenje\t\t\t\t\t\t\t<\/h3>\n\t\t\t\t\t\t\n\t\t\t\t\t\t\t\t\t\t\t<\/div>\n\t\t\t\t<\/div>\n\t\t\t<\/div>\n\t\t\t<div class=\"elementor-flip-box__layer elementor-flip-box__back\">\n\t\t\t<div class=\"elementor-flip-box__layer__overlay\">\n\t\t\t\t<div class=\"elementor-flip-box__layer__inner\">\n\t\t\t\t\t\n\t\t\t\t\t\t\t\t\t\t\t<div class=\"elementor-flip-box__layer__description\">\n\t\t\t\t\t\t\tIntuitivne kontrole i automatske funkcije olak\u0161avaju i olak\u0161avaju svakodnevni rad. Automatizirano \u010di\u0161\u0107enje i pasterizacija smanjuju rad, omogu\u0107uju\u0107i vam da se usredoto\u010dite na poslu\u017eivanje kupaca.\t\t\t\t\t\t<\/div>\n\t\t\t\t\t\n\t\t\t\t\t\t\t\t<\/div>\n\t\t<\/div>\n\t\t<\/div>\n\t\t<\/div>\n\t\t\t\t\t\t<\/div>\n\t\t\t\t<\/div>\n\t\t\t\t<div class=\"elementor-element elementor-element-74097f3 elementor-flip-box--effect-fade elementor-widget elementor-widget-flip-box\" data-id=\"74097f3\" data-element_type=\"widget\" data-e-type=\"widget\" data-widget_type=\"flip-box.default\">\n\t\t\t\t<div class=\"elementor-widget-container\">\n\t\t\t\t\t\t\t<div class=\"elementor-flip-box\" tabindex=\"0\">\n\t\t\t<div class=\"elementor-flip-box__layer elementor-flip-box__front\">\n\t\t\t\t<div class=\"elementor-flip-box__layer__overlay\">\n\t\t\t\t\t<div class=\"elementor-flip-box__layer__inner\">\n\t\t\t\t\t\t\n\t\t\t\t\t\t\t\t\t\t\t\t\t<h3 class=\"elementor-flip-box__layer__title\">\n\t\t\t\t\t\t\t\tGlobalna mre\u017ea podr\u0161ke\t\t\t\t\t\t\t<\/h3>\n\t\t\t\t\t\t\n\t\t\t\t\t\t\t\t\t\t\t<\/div>\n\t\t\t\t<\/div>\n\t\t\t<\/div>\n\t\t\t<div class=\"elementor-flip-box__layer elementor-flip-box__back\">\n\t\t\t<div class=\"elementor-flip-box__layer__overlay\">\n\t\t\t\t<div class=\"elementor-flip-box__layer__inner\">\n\t\t\t\t\t\n\t\t\t\t\t\t\t\t\t\t\t<div class=\"elementor-flip-box__layer__description\">\n\t\t\t\t\t\t\tPodr\u017eava nas vi\u0161e od 50 tvorni\u010dki obu\u010denih timova diljem svijeta za brzu i pouzdanu uslugu i rezervne dijelove. Svjetska mre\u017ea osigurava brz pristup tehni\u010dkoj podr\u0161ci i originalnim dijelovima gdje god se nalazili.\t\t\t\t\t\t<\/div>\n\t\t\t\t\t\n\t\t\t\t\t\t\t\t<\/div>\n\t\t<\/div>\n\t\t<\/div>\n\t\t<\/div>\n\t\t\t\t\t\t<\/div>\n\t\t\t\t<\/div>\n\t\t\t\t\t<\/div>\n\t\t\t\t<\/div>\n\t\t<div class=\"elementor-element elementor-element-81947d2 e-flex e-con-boxed e-con e-parent\" data-id=\"81947d2\" data-element_type=\"container\" data-e-type=\"container\" data-settings=\"{&quot;jet_parallax_layout_list&quot;:[]}\">\n\t\t\t\t\t<div class=\"e-con-inner\">\n\t\t<div class=\"elementor-element elementor-element-fc66381 e-con-full e-flex e-con e-child\" data-id=\"fc66381\" data-element_type=\"container\" data-e-type=\"container\" data-settings=\"{&quot;jet_parallax_layout_list&quot;:[]}\">\n\t\t\t\t<div class=\"elementor-element elementor-element-58f774d elementor-widget elementor-widget-video\" data-id=\"58f774d\" data-element_type=\"widget\" data-e-type=\"widget\" data-settings=\"{&quot;youtube_url&quot;:&quot;https:\\\/\\\/www.youtube.com\\\/watch?v=F-sF4syow2I&quot;,&quot;autoplay&quot;:&quot;yes&quot;,&quot;play_on_mobile&quot;:&quot;yes&quot;,&quot;mute&quot;:&quot;yes&quot;,&quot;loop&quot;:&quot;yes&quot;,&quot;video_type&quot;:&quot;youtube&quot;}\" data-widget_type=\"video.default\">\n\t\t\t\t<div class=\"elementor-widget-container\">\n\t\t\t\t\t\t\t<div class=\"elementor-wrapper elementor-open-inline\">\n\t\t\t<div class=\"elementor-video\"><\/div>\t\t<\/div>\n\t\t\t\t\t\t<\/div>\n\t\t\t\t<\/div>\n\t\t\t\t<\/div>\n\t\t<div class=\"elementor-element elementor-element-5d444f3 e-con-full e-flex e-con e-child\" data-id=\"5d444f3\" data-element_type=\"container\" data-e-type=\"container\" data-settings=\"{&quot;jet_parallax_layout_list&quot;:[]}\">\n\t\t\t\t<div class=\"elementor-element elementor-element-48f9765 elementor-widget elementor-widget-heading\" data-id=\"48f9765\" data-element_type=\"widget\" data-e-type=\"widget\" data-widget_type=\"heading.default\">\n\t\t\t\t<div class=\"elementor-widget-container\">\n\t\t\t\t\t<h3 class=\"elementor-heading-title elementor-size-default\">O Spaceman<\/h3>\t\t\t\t<\/div>\n\t\t\t\t<\/div>\n\t\t\t\t<div class=\"elementor-element elementor-element-73e1eac elementor-widget elementor-widget-text-editor\" data-id=\"73e1eac\" data-element_type=\"widget\" data-e-type=\"widget\" data-widget_type=\"text-editor.default\">\n\t\t\t\t<div class=\"elementor-widget-container\">\n\t\t\t\t\t\t\t\t\t<p><span style=\"font-weight: 400;\">Osnovan 1997. godine, Spaceman je lider u dizajnu i proizvodnji vrhunskih aparata za bezalkoholna pi\u0107a, milkshakeove i smrznute napitke. Sa sjedi\u0161tem u Kini, tvrtka je postala globalni lider, isporu\u010duju\u0107i opremu u preko 130 zemalja. Njihova patentirana, vlasni\u010dka tehnologija proizvodi se u najsuvremenijim pogonima, zadovoljavaju\u0107i najvi\u0161e me\u0111unarodne standarde hrane i sigurnosti.<\/span><\/p><p><span style=\"font-weight: 400;\">Spacemanova oprema je diljem svijeta prepoznata po:<\/span><\/p><ul><li style=\"font-weight: 400;\" aria-level=\"1\"><span style=\"font-weight: 400;\">Vrhunska tehnologija s patentiranim dizajnom<\/span><\/li><li style=\"font-weight: 400;\" aria-level=\"1\"><span style=\"font-weight: 400;\">Visok kapacitet i dosljedna kvaliteta proizvoda<\/span><\/li><li style=\"font-weight: 400;\" aria-level=\"1\"><span style=\"font-weight: 400;\">Energetski u\u010dinkovit rad i osiguranje sigurnosti<\/span><\/li><li style=\"font-weight: 400;\" aria-level=\"1\"><span style=\"font-weight: 400;\">Glatki i kremasti rezultati koje kupci vole<\/span><\/li><\/ul><p><span style=\"font-weight: 400;\">Uz podr\u0161ku vi\u0161e od 50 servisnih i korisni\u010dkih timova obu\u010denih u tvornicama diljem svijeta, Spaceman kombinira kontinuirane inovacije s predano\u0161\u0107u uspjehu kupaca. Tu izvrsnost donosimo vam, poma\u017eu\u0107i vam rije\u0161iti izazove i pro\u0161iriti svoje poslovanje kreativnim i u\u010dinkovitim rje\u0161enjima.<\/span><\/p>\t\t\t\t\t\t\t\t<\/div>\n\t\t\t\t<\/div>\n\t\t\t\t<\/div>\n\t\t\t\t\t<\/div>\n\t\t\t\t<\/div>\n\t\t<div class=\"elementor-element elementor-element-4e2ee7b e-flex e-con-boxed e-con e-parent\" data-id=\"4e2ee7b\" data-element_type=\"container\" data-e-type=\"container\" data-settings=\"{&quot;jet_parallax_layout_list&quot;:[]}\">\n\t\t\t\t\t<div class=\"e-con-inner\">\n\t\t\t\t<div class=\"elementor-element elementor-element-052617c elementor-widget elementor-widget-menu-anchor\" data-id=\"052617c\" data-element_type=\"widget\" data-e-type=\"widget\" data-widget_type=\"menu-anchor.default\">\n\t\t\t\t<div class=\"elementor-widget-container\">\n\t\t\t\t\t\t\t<div class=\"elementor-menu-anchor\" id=\"machines\"><\/div>\n\t\t\t\t\t\t<\/div>\n\t\t\t\t<\/div>\n\t\t\t\t<div class=\"elementor-element elementor-element-5c40ade elementor-widget elementor-widget-heading\" data-id=\"5c40ade\" data-element_type=\"widget\" data-e-type=\"widget\" data-widget_type=\"heading.default\">\n\t\t\t\t<div class=\"elementor-widget-container\">\n\t\t\t\t\t<h2 class=\"elementor-heading-title elementor-size-default\">Pregled serije Spaceman<\/h2>\t\t\t\t<\/div>\n\t\t\t\t<\/div>\n\t\t\t\t\t<\/div>\n\t\t\t\t<\/div>\n\t\t<div class=\"elementor-element elementor-element-64cac6a e-flex e-con-boxed e-con e-parent\" data-id=\"64cac6a\" data-element_type=\"container\" data-e-type=\"container\" data-settings=\"{&quot;jet_parallax_layout_list&quot;:[]}\">\n\t\t\t\t\t<div class=\"e-con-inner\">\n\t\t\t\t<div class=\"elementor-element elementor-element-686d40c elementor-widget elementor-widget-jet-image-accordion\" data-id=\"686d40c\" data-element_type=\"widget\" data-e-type=\"widget\" id=\"acc\" data-widget_type=\"jet-image-accordion.default\">\n\t\t\t\t<div class=\"elementor-widget-container\">\n\t\t\t\t\t<div class=\"elementor-jet-image-accordion jet-tabs-addons\"><div class=\"jet-image-accordion jet-image-accordion-vertical-orientation jet-image-accordion-circ-ease\" role=\"tablist\" data-settings=\"{&quot;orientation&quot;:&quot;vertical&quot;,&quot;activeSize&quot;:{&quot;unit&quot;:&quot;%&quot;,&quot;size&quot;:50,&quot;sizes&quot;:[]},&quot;duration&quot;:500,&quot;activeItem&quot;:-1}\">\n\t<div class=\"jet-image-accordion__list\">\n<div class=\"jet-image-accordion__item title-display-mode__on_both_states\" role=\"tab\" aria-selected=\"false\" tabindex=\"0\">\n<img decoding=\"async\" class=\"jet-image-accordion__image-instance\" src=\"https:\/\/dersuessestopp.com\/wp-content\/uploads\/2025\/08\/spaceman-1.jpg\" alt=\"svemirac-1\">\n\t\t\t<h5 class=\"jet-image-accordion__title-default\">Elitna serija<\/h5>\t\n\t<div class=\"jet-image-accordion__content\">\n\t\t<h5 class=\"jet-image-accordion__title\">Elitna serija<\/h5><div class=\"jet-image-accordion__desc\">Napredna automatska pasterizacija i pametne kontrole pru\u017eaju higijensku, konzistentnu meku hranu - idealnu za tvrtke koje zahtijevaju vrhunsku kvalitetu i u\u010dinkovitost.<\/div><a class=\"elementor-button elementor-size-md jet-image-accordion__button\" role=\"button\" tabindex=\"0\" href=\"https:\/\/dersuessestopp.com\/hr\/svemirska-elitna-serija\/\">Istra\u017eite Elite Series<\/a><\/div>\n\t<div class=\"jet-image-accordion__item-loader\"><span><\/span><\/div>\n<\/div>\n<div class=\"jet-image-accordion__item title-display-mode__on_both_states\" role=\"tab\" aria-selected=\"false\" tabindex=\"0\">\n<img decoding=\"async\" class=\"jet-image-accordion__image-instance\" src=\"https:\/\/dersuessestopp.com\/wp-content\/uploads\/2025\/09\/how-does-a-soft-serve-ice-cream-machine-work-1692092117.jpg\" alt=\"kako-radi-aparat-za-mekani-sladoled-1692092117\">\n\t\t\t<h5 class=\"jet-image-accordion__title-default\">Premijer serija<\/h5>\t\n\t<div class=\"jet-image-accordion__content\">\n\t\t<h5 class=\"jet-image-accordion__title\">Premijer serija<\/h5><div class=\"jet-image-accordion__desc\">Sna\u017ean kapacitet zamrzavanja i svestrane zna\u010dajke stvorene za prometne lokacije. Isporu\u010dite vrhunsku meku hranu koja \u0107e kupce tjerati da se vra\u0107aju.<\/div><a class=\"elementor-button elementor-size-md jet-image-accordion__button\" role=\"button\" tabindex=\"0\" href=\"https:\/\/dersuessestopp.com\/hr\/informacije-o-premijernoj-seriji-spaceman\/\">Otkrijte Premier seriju<\/a><\/div>\n\t<div class=\"jet-image-accordion__item-loader\"><span><\/span><\/div>\n<\/div>\n<div class=\"jet-image-accordion__item title-display-mode__on_both_states\" role=\"tab\" aria-selected=\"false\" tabindex=\"0\">\n<img decoding=\"async\" class=\"jet-image-accordion__image-instance\" src=\"https:\/\/dersuessestopp.com\/wp-content\/uploads\/2025\/08\/Screenshot-2025-08-22-at-03.33.13-1.png\" alt=\"Snimka zaslona 22.08.2025. u 03:33:13 1\">\n\t\t\t<h5 class=\"jet-image-accordion__title-default\">Serija smrznutih pi\u0107a<\/h5>\t\n\t<div class=\"jet-image-accordion__content\">\n\t\t<h5 class=\"jet-image-accordion__title\">Serija smrznutih pi\u0107a<\/h5><div class=\"jet-image-accordion__desc\">Visokou\u010dinkoviti aparati za smrznute napitke \u2014 savr\u0161eni za ledenu ka\u0161u, smrznute koktele i specijalna pi\u0107a za pro\u0161irenje va\u0161eg jelovnika.<\/div><a class=\"elementor-button elementor-size-md jet-image-accordion__button\" role=\"button\" tabindex=\"0\" href=\"https:\/\/dersuessestopp.com\/hr\/informacije-o-aparatima-za-smrznuta-pica\/\">Pogledajte seriju smrznutih pi\u0107a<\/a><\/div>\n\t<div class=\"jet-image-accordion__item-loader\"><span><\/span><\/div>\n<\/div>\n<\/div>\n<\/div>\n<\/div>\t\t\t\t<\/div>\n\t\t\t\t<\/div>\n\t\t\t\t\t<\/div>\n\t\t\t\t<\/div>\n\t\t<div class=\"elementor-element elementor-element-d5af625 e-flex e-con-boxed e-con e-parent\" data-id=\"d5af625\" data-element_type=\"container\" data-e-type=\"container\" data-settings=\"{&quot;jet_parallax_layout_list&quot;:[]}\">\n\t\t\t\t\t<div class=\"e-con-inner\">\n\t\t<div class=\"elementor-element elementor-element-867c9f8 e-con-full e-flex e-con e-child\" data-id=\"867c9f8\" data-element_type=\"container\" data-e-type=\"container\" data-settings=\"{&quot;jet_parallax_layout_list&quot;:[]}\">\n\t\t\t\t<div class=\"elementor-element elementor-element-f57c434 elementor-widget elementor-widget-heading\" data-id=\"f57c434\" data-element_type=\"widget\" data-e-type=\"widget\" data-widget_type=\"heading.default\">\n\t\t\t\t<div class=\"elementor-widget-container\">\n\t\t\t\t\t<h3 class=\"elementor-heading-title elementor-size-default\">Najbolji modeli svemiraca za uspjeh va\u0161eg poslovanja<\/h3>\t\t\t\t<\/div>\n\t\t\t\t<\/div>\n\t\t\t\t<div class=\"elementor-element elementor-element-230540f elementor-widget elementor-widget-text-editor\" data-id=\"230540f\" data-element_type=\"widget\" data-e-type=\"widget\" data-widget_type=\"text-editor.default\">\n\t\t\t\t<div class=\"elementor-widget-container\">\n\t\t\t\t\t\t\t\t\t<p><span style=\"font-weight: 400;\">Otkrijte na\u0161e najprodavanije Spaceman strojeve koji kombiniraju izdr\u017eljivost, performanse i pristupa\u010dnu cijenu. Savr\u0161eni su za startupove ili tvrtke koje se \u0161ire \u2014 pru\u017eaju izvrsne rezultate bez kompromisa.<\/span><\/p>\t\t\t\t\t\t\t\t<\/div>\n\t\t\t\t<\/div>\n\t\t\t\t<div class=\"elementor-element elementor-element-3e7bc9a elementor-align-right elementor-mobile-align-right elementor-widget elementor-widget-button\" data-id=\"3e7bc9a\" data-element_type=\"widget\" data-e-type=\"widget\" data-widget_type=\"button.default\">\n\t\t\t\t<div class=\"elementor-widget-container\">\n\t\t\t\t\t\t\t\t\t<div class=\"elementor-button-wrapper\">\n\t\t\t\t\t<a class=\"elementor-button elementor-button-link elementor-size-sm elementor-animation-grow\" href=\"https:\/\/dersuessestopp.com\/hr\/product-category\/svi-proizvodi\/strojevi-2\/aparati-za-meko-posluzivanje\/svemirac\/\">\n\t\t\t\t\t\t<span class=\"elementor-button-content-wrapper\">\n\t\t\t\t\t\t\t\t\t<span class=\"elementor-button-text\">Otkrijte najbolje strojeve<\/span>\n\t\t\t\t\t<\/span>\n\t\t\t\t\t<\/a>\n\t\t\t\t<\/div>\n\t\t\t\t\t\t\t\t<\/div>\n\t\t\t\t<\/div>\n\t\t\t\t<\/div>\n\t\t<div class=\"elementor-element elementor-element-27c8455 e-con-full e-flex e-con e-child\" data-id=\"27c8455\" data-element_type=\"container\" data-e-type=\"container\" data-settings=\"{&quot;jet_parallax_layout_list&quot;:[]}\">\n\t\t\t\t<div class=\"elementor-element elementor-element-cef21ec elementor-widget elementor-widget-image\" data-id=\"cef21ec\" data-element_type=\"widget\" data-e-type=\"widget\" data-widget_type=\"image.default\">\n\t\t\t\t<div class=\"elementor-widget-container\">\n\t\t\t\t\t\t\t\t\t\t\t\t\t\t\t<img fetchpriority=\"high\" decoding=\"async\" width=\"799\" height=\"431\" src=\"https:\/\/dersuessestopp.com\/wp-content\/uploads\/2025\/08\/Screenshot-2025-08-22-at-03.30.34-1.png\" class=\"attachment-large size-large wp-image-5883\" alt=\"\" srcset=\"https:\/\/dersuessestopp.com\/wp-content\/uploads\/2025\/08\/Screenshot-2025-08-22-at-03.30.34-1.png 799w, https:\/\/dersuessestopp.com\/wp-content\/uploads\/2025\/08\/Screenshot-2025-08-22-at-03.30.34-1-250x135.png 250w, https:\/\/dersuessestopp.com\/wp-content\/uploads\/2025\/08\/Screenshot-2025-08-22-at-03.30.34-1-600x324.png 600w, https:\/\/dersuessestopp.com\/wp-content\/uploads\/2025\/08\/Screenshot-2025-08-22-at-03.30.34-1-300x162.png 300w, https:\/\/dersuessestopp.com\/wp-content\/uploads\/2025\/08\/Screenshot-2025-08-22-at-03.30.34-1-768x414.png 768w\" sizes=\"(max-width: 799px) 100vw, 799px\" \/>\t\t\t\t\t\t\t\t\t\t\t\t\t\t\t<\/div>\n\t\t\t\t<\/div>\n\t\t\t\t<\/div>\n\t\t\t\t\t<\/div>\n\t\t\t\t<\/div>\n\t\t\t\t<\/div>","protected":false},"excerpt":{"rendered":"<p>Spaceman Soft Serve &amp; Frozen Drink Machines Smart Value for Growing Businesses Reliable, high-quality machines engineered for creamy soft serve and refreshing frozen drinks. Perfect for startups and expanding businesses seeking great performance at a competitive price. Explore Spaceman Machines Why Choose Spaceman? Four Core Strengths That Set Us Apart Precision &amp; Innovation Patented cutting-edge [&hellip;]<\/p>\n","protected":false},"author":2,"featured_media":0,"parent":0,"menu_order":0,"comment_status":"closed","ping_status":"closed","template":"","meta":{"footnotes":""},"class_list":["post-4191","page","type-page","status-publish","hentry"],"_links":{"self":[{"href":"https:\/\/dersuessestopp.com\/hr\/wp-json\/wp\/v2\/pages\/4191","targetHints":{"allow":["GET"]}}],"collection":[{"href":"https:\/\/dersuessestopp.com\/hr\/wp-json\/wp\/v2\/pages"}],"about":[{"href":"https:\/\/dersuessestopp.com\/hr\/wp-json\/wp\/v2\/types\/page"}],"author":[{"embeddable":true,"href":"https:\/\/dersuessestopp.com\/hr\/wp-json\/wp\/v2\/users\/2"}],"replies":[{"embeddable":true,"href":"https:\/\/dersuessestopp.com\/hr\/wp-json\/wp\/v2\/comments?post=4191"}],"version-history":[{"count":137,"href":"https:\/\/dersuessestopp.com\/hr\/wp-json\/wp\/v2\/pages\/4191\/revisions"}],"predecessor-version":[{"id":14475,"href":"https:\/\/dersuessestopp.com\/hr\/wp-json\/wp\/v2\/pages\/4191\/revisions\/14475"}],"wp:attachment":[{"href":"https:\/\/dersuessestopp.com\/hr\/wp-json\/wp\/v2\/media?parent=4191"}],"curies":[{"name":"wp","href":"https:\/\/api.w.org\/{rel}","templated":true}]}}