{"id":3,"date":"2025-03-18T19:05:05","date_gmt":"2025-03-18T19:05:05","guid":{"rendered":"http:\/\/dersuessestopp.com\/?page_id=3"},"modified":"2025-10-08T21:57:54","modified_gmt":"2025-10-08T21:57:54","slug":"pravila-o-privatnosti","status":"publish","type":"page","link":"https:\/\/dersuessestopp.com\/hr\/privacy-policy\/","title":{"rendered":"Privacy Policy"},"content":{"rendered":"<div data-elementor-type=\"wp-page\" data-elementor-id=\"3\" class=\"elementor elementor-3\" data-elementor-post-type=\"page\">\n\t\t\t\t<div class=\"elementor-element elementor-element-39d5c895 e-flex e-con-boxed e-con e-parent\" data-id=\"39d5c895\" data-element_type=\"container\" data-e-type=\"container\" data-settings=\"{&quot;jet_parallax_layout_list&quot;:[]}\">\n\t\t\t\t\t<div class=\"e-con-inner\">\n\t\t\t\t<div class=\"elementor-element elementor-element-0b2298f elementor-widget elementor-widget-heading\" data-id=\"0b2298f\" data-element_type=\"widget\" data-e-type=\"widget\" data-widget_type=\"heading.default\">\n\t\t\t\t<div class=\"elementor-widget-container\">\n\t\t\t\t\t<h2 class=\"elementor-heading-title elementor-size-default\">Pravila privatnosti za The Sweet Stop<\/h2>\t\t\t\t<\/div>\n\t\t\t\t<\/div>\n\t\t\t\t<div class=\"elementor-element elementor-element-369bf513 elementor-widget elementor-widget-text-editor\" data-id=\"369bf513\" data-element_type=\"widget\" data-e-type=\"widget\" data-widget_type=\"text-editor.default\">\n\t\t\t\t<div class=\"elementor-widget-container\">\n\t\t\t\t\t\t\t\t\t\n<h1 class=\"wp-block-heading\">\u00a0<\/h1>\n<p class=\"font_8 wixui-rich-text__text\">Za\u0161tita va\u0161ih osobnih podataka nam je va\u017ena. U nastavku vas obavje\u0161tavamo o prikupljanju i kori\u0161tenju va\u0161ih podataka na na\u0161im web stranicama\u00a0<span class=\"wixui-rich-text__text\"><a class=\"wixui-rich-text__text\" href=\"https:\/\/dersuessestopp.com\/hr\/\" target=\"_blank\" rel=\"noopener\" data-auto-recognition=\"true\">www.dersuessestopp.com<\/a>\u00a0,\u00a0<a class=\"wixui-rich-text__text\" href=\"http:\/\/www.softeis-investition.com\/\" target=\"_blank\" rel=\"noopener\" data-auto-recognition=\"true\">www.softeis-investition.com<\/a><\/span>\u00a0\u00a0, i\u00a0<span class=\"wixui-rich-text__text\"><a class=\"wixui-rich-text__text\" href=\"http:\/\/www.dersuessestopp-graz.com\/\" target=\"_blank\" rel=\"noopener\" data-auto-recognition=\"true\">www.dersuessestopp-graz.com<\/a><\/span>\u00a0\u00a0, kao i na na\u0161im Facebook i Instagram stranicama.<\/p>\n<p class=\"font_8 wixui-rich-text__text\">\u00a0<\/p>\n<p class=\"font_8 wixui-rich-text__text\"><span class=\"wixui-rich-text__text\">Odgovorno tijelo<\/span><\/p>\n<p class=\"font_8 wixui-rich-text__text\">Odgovorno tijelo u smislu Op\u0107e uredbe o za\u0161titi podataka (GDPR) je:<\/p>\n<p class=\"font_8 wixui-rich-text__text\">**\u00a0<span class=\"wixui-rich-text__text\">Slatka stanica<\/span>\u00a0** \u00a0<br class=\"wixui-rich-text__text\" \/>Vlasnik: Zoran Obradovi\u0107 \u00a0<br class=\"wixui-rich-text__text\" \/>\u0160etali\u0161te uz more 22 \u00a0<br class=\"wixui-rich-text__text\" \/>6213 Pertisau, Austrija \u00a0<br class=\"wixui-rich-text__text\" \/>E-po\u0161ta: info@dersuessestopp.com<\/p>\n<p class=\"font_8 wixui-rich-text__text\"><span class=\"wixGuard wixui-rich-text__text\">\u200b<\/span><\/p>\n<p class=\"font_8 wixui-rich-text__text\"><span class=\"wixui-rich-text__text\">1. Prikupljanje i kori\u0161tenje podataka<\/span><\/p>\n<p class=\"font_8 wixui-rich-text__text\"><span class=\"wixui-rich-text__text\"><span class=\"wixGuard wixui-rich-text__text\">\u200b<\/span><\/span><\/p>\n<p class=\"font_8 wixui-rich-text__text\"><span class=\"wixui-rich-text__text\">1.1 Posjet na\u0161oj web stranici<\/span><\/p>\n<p class=\"font_8 wixui-rich-text__text\">Svaki put kada posjetite na\u0161u web stranicu, automatski pohranjujemo podatke o pristupu u takozvane log datoteke. Prikupljamo sljede\u0107e podatke:<\/p>\n<p class=\"font_8 wixui-rich-text__text\">\u2013 IP adresa posjetitelja<br class=\"wixui-rich-text__text\" \/>\u2013 Datum i vrijeme pristupa<br class=\"wixui-rich-text__text\" \/>\u2013 Zatra\u017eena stranica ili datoteka<br class=\"wixui-rich-text__text\" \/>\u2013 Koli\u010dina prenesenih podataka<br class=\"wixui-rich-text__text\" \/>\u2013 Uspjeh preuzimanja (status)<\/p>\n<p class=\"font_8 wixui-rich-text__text\">Ove informacije koriste se isklju\u010divo za tehni\u010dku analizu i optimizaciju na\u0161e web stranice. Podaci se pohranjuju 14 dana i ne spajaju se s drugim izvorima podataka.<\/p>\n<p class=\"font_8 wixui-rich-text__text\">\u00a0<\/p>\n<p class=\"font_8 wixui-rich-text__text\"><span class=\"wixui-rich-text__text\">1.2 Kontaktni obrazac i kontakt putem e-po\u0161te<\/span><\/p>\n<p class=\"font_8 wixui-rich-text__text\">Ako nas kontaktirate putem kontakt obrasca ili e-po\u0161tom, spremit \u0107emo podatke koje nam dostavite kako bismo obradili va\u0161 zahtjev. Va\u0161i \u0107e se podaci koristiti isklju\u010divo za obradu va\u0161eg zahtjeva i ne\u0107e se dijeliti s tre\u0107im stranama osim ako to nije potrebno ili zakonski propisano. Nakon \u0161to je obrada zavr\u0161ena, va\u0161i \u0107e se podaci izbrisati osim ako njihovo \u010duvanje nije zakonski obvezno.<\/p>\n<p class=\"font_8 wixui-rich-text__text\">\u00a0<\/p>\n<p class=\"font_8 wixui-rich-text__text\"><span class=\"wixui-rich-text__text\">1.3 Internetska trgovina<\/span><\/p>\n<p class=\"font_8 wixui-rich-text__text\">Kada naru\u010dujete u na\u0161oj internetskoj trgovini, prikupljamo i pohranjujemo osobne podatke poput va\u0161eg imena, adrese i adrese e-po\u0161te. Ovi se podaci koriste isklju\u010divo za obradu va\u0161e narud\u017ebe i pohranjuju se u skladu sa zakonskim zahtjevima.<\/p>\n<p class=\"font_8 wixui-rich-text__text\">\u00a0<\/p>\n<p class=\"font_8 wixui-rich-text__text\"><span class=\"wixui-rich-text__text\">2. Kola\u010di\u0107i<\/span><\/p>\n<p class=\"font_8 wixui-rich-text__text\">Na\u0161a web stranica koristi kola\u010di\u0107e za pobolj\u0161anje korisni\u010dkog iskustva i prikupljanje statisti\u010dkih podataka o kori\u0161tenju web stranice. Spremanje kola\u010di\u0107a mo\u017eete sprije\u010diti odabirom odgovaraju\u0107ih postavki u svom pregledniku. Me\u0111utim, to mo\u017ee ograni\u010diti va\u0161u mogu\u0107nost kori\u0161tenja web stranice.<\/p>\n<p class=\"font_8 wixui-rich-text__text\">\u00a0<\/p>\n<p class=\"font_8 wixui-rich-text__text\"><span class=\"wixui-rich-text__text\">3. Dodaci za dru\u0161tvene mre\u017ee<\/span><\/p>\n<p class=\"font_8 wixui-rich-text__text\">Koristimo dodatke za dru\u0161tvene mre\u017ee s Facebooka i Instagrama. Kada posjetite stranicu s ugra\u0111enim dodatkom, uspostavlja se veza s Facebook ili Instagram poslu\u017eiteljima i prenose se va\u0161a IP adresa i druge informacije. Ako ste tijekom tog vremena prijavljeni na Facebook ili Instagram, ovaj posjet mo\u017ee biti povezan s va\u0161im profilom. Kako biste to sprije\u010dili, odjavite se prije posjeta na\u0161oj stranici.<\/p>\n<p class=\"font_8 wixui-rich-text__text\">\u00a0<\/p>\n<p class=\"font_8 wixui-rich-text__text\"><span class=\"wixui-rich-text__text\">4. Prava ispitanika<\/span><\/p>\n<p class=\"font_8 wixui-rich-text__text\">Imate pravo u bilo kojem trenutku zatra\u017eiti informacije o osobnim podacima koje pohranjujemo. Tako\u0111er imate pravo na ispravak, blokiranje ili brisanje svojih podataka, pod uvjetom da ne postoje zakonski propisani rokovi \u010duvanja koji bi to propisivali. Svoju privolu za obradu podataka mo\u017eete opozvati u bilo kojem trenutku.<\/p>\n<p class=\"font_8 wixui-rich-text__text\">\u00a0<\/p>\n<p class=\"font_8 wixui-rich-text__text\"><span class=\"wixui-rich-text__text\">5. Izmjene Pravila o privatnosti<\/span><\/p>\n<p class=\"font_8 wixui-rich-text__text\">Pridr\u017eavamo pravo izmjene ove politike privatnosti u bilo kojem trenutku. Najnovija verzija bit \u0107e dostupna na na\u0161oj web stranici.<\/p>\n<p class=\"font_8 wixui-rich-text__text\">Od o\u017eujka 2023.<\/p>\n<p class=\"font_8 wixui-rich-text__text\">&#8212;<\/p>\n<p class=\"font_8 wixui-rich-text__text\"><span class=\"wixui-rich-text__text\">Pravila privatnosti za prikupljanje podataka na web stranici<\/span><\/p>\n<p class=\"font_8 wixui-rich-text__text\">Prikupljamo, pohranjujemo i \u010duvamo sve podatke koje unesete na na\u0161u web stranicu ili nam ih na drugi na\u010din dostavite. To uklju\u010duje podatke kao \u0161to su va\u0161a IP adresa, podaci za prijavu, adresa e-po\u0161te, povijest kupnje te podaci o interakciji sa stranicom i vrijeme provedeno na stranici.<\/p>\n<p class=\"font_8 wixui-rich-text__text\">Kada dovr\u0161ite transakciju na na\u0161oj web stranici, prikupljamo osobne podatke poput va\u0161eg imena, adrese i adrese e-po\u0161te, koji se koriste za obradu va\u0161e narud\u017ebe. Ove podatke koristimo isklju\u010divo u navedene svrhe i ne\u0107emo ih dijeliti s tre\u0107im stranama bez va\u0161eg pristanka, osim ako to nije zakonom propisano.<\/p>\n<p class=\"font_8 wixui-rich-text__text\">Na\u0161u web stranicu hostira **Wix.com**, koji nam pru\u017ea platformu za ponudu proizvoda i usluga. Va\u0161i se podaci sigurno pohranjuju i obra\u0111uju putem PCI-DSS kompatibilnih platnih sustava.<\/p>\n<p class=\"font_8 wixui-rich-text__text\">\u00a0<\/p>\n<p class=\"font_8 wixui-rich-text__text\"><span class=\"wixui-rich-text__text\">Svrha prikupljanja podataka<\/span><\/p>\n<p class=\"font_8 wixui-rich-text__text\">Va\u0161e osobne podatke prikupljamo u sljede\u0107e svrhe:<br class=\"wixui-rich-text__text\" \/>\u2013 Pru\u017eanje na\u0161ih usluga<br class=\"wixui-rich-text__text\" \/>\u2013 Korisni\u010dka i tehni\u010dka podr\u0161ka<br class=\"wixui-rich-text__text\" \/>\u2013 Slanje personaliziranih obavijesti i ponuda<br class=\"wixui-rich-text__text\" \/>\u2013 Prikupljanje statisti\u010dkih podataka radi pobolj\u0161anja na\u0161ih usluga<br class=\"wixui-rich-text__text\" \/>\u2013 Po\u0161tivanje zakonskih zahtjeva<\/p>\n<p class=\"font_8 wixui-rich-text__text\">\u00a0<\/p>\n<p class=\"font_8 wixui-rich-text__text\"><span class=\"wixui-rich-text__text\">kontakt<\/span><\/p>\n<p class=\"font_8 wixui-rich-text__text\">Ako imate bilo kakvih pitanja ili nedoumica u vezi s na\u0161om politikom privatnosti ili kori\u0161tenjem va\u0161ih podataka, mo\u017eete nas kontaktirati u bilo kojem trenutku na\u00a0<a class=\"wixui-rich-text__text\" href=\"mailto:info@dersuessestopp.com\" data-auto-recognition=\"true\">info@dersuessestopp.com<\/a>\u00a0.<\/p>\n<p class=\"font_8 wixui-rich-text__text\"><span class=\"wixGuard wixui-rich-text__text\">\u200b<\/span><\/p>\n<p class=\"font_8 wixui-rich-text__text\"><span class=\"wixui-rich-text__text\">Pravila o kola\u010di\u0107ima<\/span><\/p>\n<p class=\"font_8 wixui-rich-text__text\">Kola\u010di\u0107e koristimo za optimizaciju kori\u0161tenja na\u0161e web stranice i analizu podataka posjetitelja. Kori\u0161tenjem na\u0161e web stranice pristajete na upotrebu kola\u010di\u0107a u skladu s ovim pravilima. Me\u0111utim, postavke kola\u010di\u0107a mo\u017eete promijeniti ili odbiti kola\u010di\u0107e u bilo kojem trenutku. Imajte na umu da to mo\u017ee utjecati na funkcionalnost web stranice.<\/p>\n<p class=\"font_8 wixui-rich-text__text\">&#8212;<\/p>\n<p class=\"font_8 wixui-rich-text__text\"><span class=\"wixui-rich-text__text\">Ova revidirana politika privatnosti pru\u017ea jasan pregled prikupljanja i obrade podataka na na\u0161oj web stranici i povezanim platformama dru\u0161tvenih medija.<\/span><\/p>\t\t\t\t\t\t\t\t<\/div>\n\t\t\t\t<\/div>\n\t\t\t\t\t<\/div>\n\t\t\t\t<\/div>\n\t\t\t\t<\/div>","protected":false},"excerpt":{"rendered":"<p>Privacy Policy for The Sweet Stop \u00a0 The protection of your personal data is important to us. Below, we inform you about the collection and use of your data on our websites\u00a0www.dersuessestopp.com\u00a0,\u00a0www.softeis-investition.com\u00a0\u00a0, and\u00a0www.dersuessestopp-graz.com\u00a0\u00a0, as well as on our Facebook and Instagram pages. \u00a0 Responsible body The responsible body within the meaning of the General Data [&hellip;]<\/p>\n","protected":false},"author":1,"featured_media":0,"parent":0,"menu_order":0,"comment_status":"closed","ping_status":"open","template":"","meta":{"footnotes":""},"class_list":["post-3","page","type-page","status-publish","hentry"],"_links":{"self":[{"href":"https:\/\/dersuessestopp.com\/hr\/wp-json\/wp\/v2\/pages\/3","targetHints":{"allow":["GET"]}}],"collection":[{"href":"https:\/\/dersuessestopp.com\/hr\/wp-json\/wp\/v2\/pages"}],"about":[{"href":"https:\/\/dersuessestopp.com\/hr\/wp-json\/wp\/v2\/types\/page"}],"author":[{"embeddable":true,"href":"https:\/\/dersuessestopp.com\/hr\/wp-json\/wp\/v2\/users\/1"}],"replies":[{"embeddable":true,"href":"https:\/\/dersuessestopp.com\/hr\/wp-json\/wp\/v2\/comments?post=3"}],"version-history":[{"count":6,"href":"https:\/\/dersuessestopp.com\/hr\/wp-json\/wp\/v2\/pages\/3\/revisions"}],"predecessor-version":[{"id":11837,"href":"https:\/\/dersuessestopp.com\/hr\/wp-json\/wp\/v2\/pages\/3\/revisions\/11837"}],"wp:attachment":[{"href":"https:\/\/dersuessestopp.com\/hr\/wp-json\/wp\/v2\/media?parent=3"}],"curies":[{"name":"wp","href":"https:\/\/api.w.org\/{rel}","templated":true}]}}