{"id":13289,"date":"2025-10-15T22:17:53","date_gmt":"2025-10-15T22:17:53","guid":{"rendered":"https:\/\/dersuessestopp.com\/?page_id=13289"},"modified":"2025-10-22T12:35:02","modified_gmt":"2025-10-22T12:35:02","slug":"informacije-o-aparatima-za-smrznuta-pica","status":"publish","type":"page","link":"https:\/\/dersuessestopp.com\/hr\/frozen-drink-maschines-info\/","title":{"rendered":"Informacije o aparatima za smrznuta pi\u0107a Spaceman"},"content":{"rendered":"<div data-elementor-type=\"wp-page\" data-elementor-id=\"13289\" class=\"elementor elementor-13289\" data-elementor-post-type=\"page\">\n\t\t\t\t<div class=\"elementor-element elementor-element-189eb32 e-con-full e-flex e-con e-parent\" data-id=\"189eb32\" data-element_type=\"container\" data-e-type=\"container\" data-settings=\"{&quot;jet_parallax_layout_list&quot;:[],&quot;background_background&quot;:&quot;classic&quot;}\">\n\t\t<div class=\"elementor-element elementor-element-6262fdc e-con-full e-flex e-con e-child\" data-id=\"6262fdc\" data-element_type=\"container\" data-e-type=\"container\" data-settings=\"{&quot;jet_parallax_layout_list&quot;:[],&quot;background_background&quot;:&quot;gradient&quot;}\">\n\t\t\t\t<div class=\"elementor-element elementor-element-7688f61 elementor-widget__width-initial elementor-widget elementor-widget-heading\" data-id=\"7688f61\" data-element_type=\"widget\" data-e-type=\"widget\" id=\"header_h12\" data-widget_type=\"heading.default\">\n\t\t\t\t<div class=\"elementor-widget-container\">\n\t\t\t\t\t<h2 class=\"elementor-heading-title elementor-size-default\">Automati za smrznuta pi\u0107a Spaceman<\/h2>\t\t\t\t<\/div>\n\t\t\t\t<\/div>\n\t\t\t\t<div class=\"elementor-element elementor-element-d8e5719 elementor-widget elementor-widget-heading\" data-id=\"d8e5719\" data-element_type=\"widget\" data-e-type=\"widget\" id=\"header_h123\" data-widget_type=\"heading.default\">\n\t\t\t\t<div class=\"elementor-widget-container\">\n\t\t\t\t\t<h2 class=\"elementor-heading-title elementor-size-default\">Informacije<\/h2>\t\t\t\t<\/div>\n\t\t\t\t<\/div>\n\t\t<div class=\"elementor-element elementor-element-2e4cab0 e-con-full e-flex e-con e-child\" data-id=\"2e4cab0\" data-element_type=\"container\" data-e-type=\"container\" data-settings=\"{&quot;jet_parallax_layout_list&quot;:[]}\">\n\t\t\t\t<div class=\"elementor-element elementor-element-92870ec elementor-align-center elementor-widget elementor-widget-button\" data-id=\"92870ec\" data-element_type=\"widget\" data-e-type=\"widget\" data-widget_type=\"button.default\">\n\t\t\t\t<div class=\"elementor-widget-container\">\n\t\t\t\t\t\t\t\t\t<div class=\"elementor-button-wrapper\">\n\t\t\t\t\t<a class=\"elementor-button elementor-button-link elementor-size-sm\" href=\"tel:43%20664%20321%2083%2091\">\n\t\t\t\t\t\t<span class=\"elementor-button-content-wrapper\">\n\t\t\t\t\t\t\t\t\t<span class=\"elementor-button-text\">ISTRA\u017dITE MODELE<\/span>\n\t\t\t\t\t<\/span>\n\t\t\t\t\t<\/a>\n\t\t\t\t<\/div>\n\t\t\t\t\t\t\t\t<\/div>\n\t\t\t\t<\/div>\n\t\t\t\t<\/div>\n\t\t\t\t<\/div>\n\t\t\t\t<\/div>\n\t\t<div class=\"elementor-element elementor-element-d6ea662 e-flex e-con-boxed e-con e-parent\" data-id=\"d6ea662\" data-element_type=\"container\" data-e-type=\"container\" data-settings=\"{&quot;jet_parallax_layout_list&quot;:[]}\">\n\t\t\t\t\t<div class=\"e-con-inner\">\n\t\t\t\t<div class=\"elementor-element elementor-element-1447431 elementor-widget elementor-widget-html\" data-id=\"1447431\" data-element_type=\"widget\" data-e-type=\"widget\" data-widget_type=\"html.default\">\n\t\t\t\t<div class=\"elementor-widget-container\">\n\t\t\t\t\t<!-- FROZEN DRINK & SHAKE MACHINES -->\r\n<section id=\"frozen-drink-series\" class=\"premier-series\">\r\n  <div class=\"ps-wrap\">\r\n    <div class=\"ps-features\">\r\n      <h2>Aparati za smrznuta pi\u0107a i shakeove \u2014 klju\u010dne zna\u010dajke<\/h2>\r\n      <ul class=\"ps-list\">\r\n        <li>\r\n          <h3>Jednostavne mehani\u010dke kontrole<\/h3>\r\n          <p>Jednostavno, pouzdano su\u010delje za brzu obuku osoblja i dosljedne rezultate.<\/p>\r\n        <\/li>\r\n        <li>\r\n          <h3>Rashladni lijevak i mije\u0161alice<\/h3>\r\n          <p>Odr\u017eava smjesu sigurnom i pokretnom za ujedna\u010denu teksturu i minimalno odvajanje.<\/p>\r\n        <\/li>\r\n        <li>\r\n          <h3>Na\u010din pripravnosti \/ Spavanje<\/h3>\r\n          <p>Odr\u017eava temperaturu proizvoda izvan radnog vremena kako bi se u\u0161tedjela energija i vrijeme.<\/p>\r\n        <\/li>\r\n        <li>\r\n          <h3>Automatski zatvaraju\u0107i ventil za doziranje<\/h3>\r\n          <p>Sprje\u010dava kapanje i prelijevanje nakon svakog izlijevanja.<\/p>\r\n        <\/li>\r\n        <li>\r\n          <h3>Indikatorska lampica za nisku razinu mje\u0161avine<\/h3>\r\n          <p>Obavje\u0161tava osoblje da dopuni prije nego \u0161to se usluga prekine.<\/p>\r\n        <\/li>\r\n        <li>\r\n          <h3>Sigurnosni prekida\u010d visokog tlaka<\/h3>\r\n          <p>\u0160titi kompresor za dulji vijek trajanja.<\/p>\r\n        <\/li>\r\n        <li>\r\n          <h3>Niskotemperaturni ispariva\u010d<\/h3>\r\n          <p>Optimizirano za \u0161irok raspon smrznutih napitaka: ledenu ka\u0161u, granitu, koktele i guste shakeove.<\/p>\r\n        <\/li>\r\n        <li>\r\n          <h3>Patentirana tehnologija brzog zamrzavanja<\/h3>\r\n          <p>Brzo spu\u0161tanje i oporavak za stabilnu, ponovljivu konzistentnost.<\/p>\r\n        <\/li>\r\n        <li>\r\n          <h3>Smanjeni dijelovi, manji kristali leda<\/h3>\r\n          <p>Manje odr\u017eavanja s glatkijim, kremastijim osje\u0107ajem proizvoda u ustima.<\/p>\r\n        <\/li>\r\n      <\/ul>\r\n    <\/div>\r\n\r\n    <aside class=\"ps-aside\">\r\n      <p class=\"ps-kicker\">Smrznuti napitci i shakeovi<\/p>\r\n      <h3 class=\"ps-heading\">Visokou\u010dinkovite stanice za pi\u0107a za vr\u0161ne sate.<\/h3>\r\n      <p>Poslu\u017eite ledene napitke, smrznute koktele, frapee i klasi\u010dne guste shakeove s brzim oporavkom i konzistentnom teksturom.<\/p>\r\n      <a class=\"ps-btn\" href=\"https:\/\/dersuessestopp.com\/hr\/kontakt\/\">Zatra\u017eite ponudu<\/a>\r\n      <!-- Optional image -->\r\n      <!-- <img decoding=\"async\" src=\"\/wp-content\/uploads\/frozen-drink-shake.jpg\" alt=\"Frozen Drink & Shake machine\" class=\"ps-image\"> -->\r\n    <\/aside>\r\n  <\/div>\r\n<\/section>\r\n\r\n<!-- ULTRA HIGH OUTPUT \u2014 extras block -->\r\n<section class=\"elite-extras\">\r\n  <div class=\"ps-wrap\">\r\n    <div class=\"extras-head\">\r\n      <span class=\"extras-badge\">Ultra visoki izlazni signal<\/span>\r\n      <h3>Izgra\u0111eno za kontinuirano to\u010denje i najdu\u017ee redove<\/h3>\r\n      <p>Sve navedeno, plus nadogradnje performansi za maksimalnu propusnost.<\/p>\r\n    <\/div>\r\n\r\n    <ul class=\"ps-list extras-list\">\r\n      <li>\r\n        <h3>Rashladni sustavi ve\u0107eg kapaciteta<\/h3>\r\n        <p>Ja\u010di sustav hla\u0111enja za br\u017ee smrzavanje i kra\u0107i oporavak izme\u0111u izlijevanja.<\/p>\r\n      <\/li>\r\n      <li>\r\n        <h3>Nadogra\u0111eni pogon i motor<\/h3>\r\n        <p>Oja\u010dani pogonski sklop za gu\u0161\u0107a pi\u0107a i kontinuiranu uslugu.<\/p>\r\n      <\/li>\r\n      <li>\r\n        <h3>Ve\u0107i volumen proizvoda<\/h3>\r\n        <p>Ve\u0107e opcije cilindra\/lijevka za produljenje vremena poslu\u017eivanja izme\u0111u punjenja.<\/p>\r\n      <\/li>\r\n      <li>\r\n        <h3>Pobolj\u0161ano odvo\u0111enje topline<\/h3>\r\n        <p>Pobolj\u0161ani protok zraka i kapacitet kondenzatora za stabilne performanse u toplim okru\u017eenjima.<\/p>\r\n      <\/li>\r\n      <li>\r\n        <h3>Optimizacije servisa i \u010di\u0161\u0107enja<\/h3>\r\n        <p>Lak pristup klju\u010dnim komponentama i pojednostavljeni tijek rada za sanitaciju smanjuju vrijeme zastoja.<\/p>\r\n      <\/li>\r\n    <\/ul>\r\n  <\/div>\r\n<\/section>\r\n\r\n<style>\r\n\/* Reuse Premier styles *\/\r\n.premier-series{padding:48px 0;background:#fff;}\r\n.ps-wrap{max-width:1100px;margin:0 auto;display:grid;grid-template-columns:2fr 1fr;gap:48px;}\r\n.ps-features h2{margin:0 0 12px;font-size:38px;line-height:1.2;}\r\n.ps-list{list-style:none;margin:0;padding:0;display:grid;grid-template-columns:1fr 1fr;gap:20px 32px;}\r\n.ps-list li{border:1px solid #6D9940;border-radius:12px;padding:16px;}\r\n.ps-list h3{margin:0 0 6px;font-size:18px;line-height:1.3;}\r\n.ps-list p{margin:0;color:#444;}\r\n.ps-aside{align-self:start;position:sticky;top:24px}\r\n.ps-kicker{letter-spacing:.08em;text-transform:uppercase;font-weight:600;color:#6D9940;margin:0 0 6px;}\r\n.ps-heading{margin:0 0 10px;font-size:34px;line-height:1.3;}\r\n.ps-btn{display:inline-block;margin-top:10px;padding:10px 16px;border-radius:45px;background:#6D9940;color:#fff;text-decoration:none;font-weight:600}\r\n.ps-image{margin-top:18px;width:100%;height:auto;border-radius:12px}\r\n\r\n@media (max-width:980px){\r\n  .ps-wrap{grid-template-columns:1fr;gap:28px}\r\n  .ps-list{grid-template-columns:1fr}\r\n  .ps-aside{position:static}\r\n  .ps-features h2{margin:0 0 12px;font-size:28px;line-height:1.2;}\r\n  .ps-heading{margin:0 0 10px;font-size:24px;line-height:1.3;}\r\n}\r\n\r\n\r\n\/* Elite extras block *\/\r\n.elite-extras{padding:36px 0 56px;background:#f8faff;border-top:1px solid #6D9940;border-bottom:1px solid #e9eefc;}\r\n.elite-extras .ps-wrap{grid-template-columns:1fr;gap:18px}\r\n.extras-head h3{margin:6px 0 6px;font-size:30px}\r\n.extras-head p{margin:0 0 12px;color:#444}\r\n.extras-badge{display:inline-block;background:#e8f0ff;color:#6D9940;font-weight:700;padding:6px 10px;border-radius:10px}\r\n.extras-list li{border-color:#dfe8ff}\r\n<\/style>\r\n\t\t\t\t<\/div>\n\t\t\t\t<\/div>\n\t\t\t\t\t<\/div>\n\t\t\t\t<\/div>\n\t\t\t\t<\/div>","protected":false},"excerpt":{"rendered":"<p>Spaceman Frozen Drink Machines Info EXPLORE MODELLS Frozen Drink &amp; Shake Machines \u2014 Key Features Easy Mechanical Controls Simple, reliable interface for quick staff training and consistent results. Refrigerated Hopper &amp; Agitators Keeps mix safe and moving for uniform texture and minimized separation. Standby \/ Sleep Mode Maintains product temperature during off hours to save [&hellip;]<\/p>\n","protected":false},"author":3,"featured_media":0,"parent":0,"menu_order":0,"comment_status":"closed","ping_status":"closed","template":"","meta":{"footnotes":""},"class_list":["post-13289","page","type-page","status-publish","hentry"],"_links":{"self":[{"href":"https:\/\/dersuessestopp.com\/hr\/wp-json\/wp\/v2\/pages\/13289","targetHints":{"allow":["GET"]}}],"collection":[{"href":"https:\/\/dersuessestopp.com\/hr\/wp-json\/wp\/v2\/pages"}],"about":[{"href":"https:\/\/dersuessestopp.com\/hr\/wp-json\/wp\/v2\/types\/page"}],"author":[{"embeddable":true,"href":"https:\/\/dersuessestopp.com\/hr\/wp-json\/wp\/v2\/users\/3"}],"replies":[{"embeddable":true,"href":"https:\/\/dersuessestopp.com\/hr\/wp-json\/wp\/v2\/comments?post=13289"}],"version-history":[{"count":21,"href":"https:\/\/dersuessestopp.com\/hr\/wp-json\/wp\/v2\/pages\/13289\/revisions"}],"predecessor-version":[{"id":14626,"href":"https:\/\/dersuessestopp.com\/hr\/wp-json\/wp\/v2\/pages\/13289\/revisions\/14626"}],"wp:attachment":[{"href":"https:\/\/dersuessestopp.com\/hr\/wp-json\/wp\/v2\/media?parent=13289"}],"curies":[{"name":"wp","href":"https:\/\/api.w.org\/{rel}","templated":true}]}}