{"id":13280,"date":"2025-10-15T22:03:51","date_gmt":"2025-10-15T22:03:51","guid":{"rendered":"https:\/\/dersuessestopp.com\/?page_id=13280"},"modified":"2025-10-22T12:32:35","modified_gmt":"2025-10-22T12:32:35","slug":"svemirska-elitna-serija","status":"publish","type":"page","link":"https:\/\/dersuessestopp.com\/hr\/spaceman-elite-series\/","title":{"rendered":"Informacije o seriji Spaceman Elite"},"content":{"rendered":"<div data-elementor-type=\"wp-page\" data-elementor-id=\"13280\" class=\"elementor elementor-13280\" data-elementor-post-type=\"page\">\n\t\t\t\t<div class=\"elementor-element elementor-element-926e2f6 e-con-full e-flex e-con e-parent\" data-id=\"926e2f6\" data-element_type=\"container\" data-e-type=\"container\" data-settings=\"{&quot;jet_parallax_layout_list&quot;:[],&quot;background_background&quot;:&quot;classic&quot;}\">\n\t\t<div class=\"elementor-element elementor-element-5fc0b8e e-con-full e-flex e-con e-child\" data-id=\"5fc0b8e\" data-element_type=\"container\" data-e-type=\"container\" data-settings=\"{&quot;jet_parallax_layout_list&quot;:[],&quot;background_background&quot;:&quot;gradient&quot;}\">\n\t\t\t\t<div class=\"elementor-element elementor-element-cfc7be0 elementor-widget__width-initial elementor-widget elementor-widget-heading\" data-id=\"cfc7be0\" data-element_type=\"widget\" data-e-type=\"widget\" id=\"header_h12\" data-widget_type=\"heading.default\">\n\t\t\t\t<div class=\"elementor-widget-container\">\n\t\t\t\t\t<h2 class=\"elementor-heading-title elementor-size-default\">Svemirski elitni serijal<\/h2>\t\t\t\t<\/div>\n\t\t\t\t<\/div>\n\t\t\t\t<div class=\"elementor-element elementor-element-e03c28e header_h123 elementor-widget elementor-widget-heading\" data-id=\"e03c28e\" data-element_type=\"widget\" data-e-type=\"widget\" id=\"header_h123\" data-widget_type=\"heading.default\">\n\t\t\t\t<div class=\"elementor-widget-container\">\n\t\t\t\t\t<h2 class=\"elementor-heading-title elementor-size-default\">Informacije<\/h2>\t\t\t\t<\/div>\n\t\t\t\t<\/div>\n\t\t<div class=\"elementor-element elementor-element-a3dd651 e-con-full e-flex e-con e-child\" data-id=\"a3dd651\" data-element_type=\"container\" data-e-type=\"container\" data-settings=\"{&quot;jet_parallax_layout_list&quot;:[]}\">\n\t\t\t\t<div class=\"elementor-element elementor-element-09cb8a9 elementor-align-center elementor-widget elementor-widget-button\" data-id=\"09cb8a9\" data-element_type=\"widget\" data-e-type=\"widget\" data-widget_type=\"button.default\">\n\t\t\t\t<div class=\"elementor-widget-container\">\n\t\t\t\t\t\t\t\t\t<div class=\"elementor-button-wrapper\">\n\t\t\t\t\t<a class=\"elementor-button elementor-button-link elementor-size-sm\" href=\"tel:43%20664%20321%2083%2091\">\n\t\t\t\t\t\t<span class=\"elementor-button-content-wrapper\">\n\t\t\t\t\t\t\t\t\t<span class=\"elementor-button-text\">ISTRA\u017dITE MODELE<\/span>\n\t\t\t\t\t<\/span>\n\t\t\t\t\t<\/a>\n\t\t\t\t<\/div>\n\t\t\t\t\t\t\t\t<\/div>\n\t\t\t\t<\/div>\n\t\t\t\t<\/div>\n\t\t\t\t<\/div>\n\t\t\t\t<\/div>\n\t\t<div class=\"elementor-element elementor-element-24dd6b1 e-flex e-con-boxed e-con e-parent\" data-id=\"24dd6b1\" data-element_type=\"container\" data-e-type=\"container\" data-settings=\"{&quot;jet_parallax_layout_list&quot;:[]}\">\n\t\t\t\t\t<div class=\"e-con-inner\">\n\t\t\t\t<div class=\"elementor-element elementor-element-d00dcea elementor-widget elementor-widget-html\" data-id=\"d00dcea\" data-element_type=\"widget\" data-e-type=\"widget\" data-widget_type=\"html.default\">\n\t\t\t\t<div class=\"elementor-widget-container\">\n\t\t\t\t\t<!-- ELITE \u2014 matches Premier layout -->\r\n<section id=\"elite-series\" class=\"premier-series\">\r\n  <div class=\"ps-wrap\">\r\n    <div class=\"ps-features\">\r\n      <h2>Elite serija \u2014 Klju\u010dne zna\u010dajke<\/h2>\r\n      <ul class=\"ps-list\">\r\n        <!-- Same core features as Premier -->\r\n        <li><h3>Brzo zamrzavanje<\/h3><p>Patentirani visokou\u010dinkoviti ispariva\u010d omogu\u0107uje br\u017ee smrzavanje uz manju potro\u0161nju energije.<\/p><\/li>\r\n        <li><h3>Mikroprocesorsko upravljanje<\/h3><p>Digitalna kontrola sa statusom, temperaturama, brojem doziranja i prikazom gre\u0161aka.<\/p><\/li>\r\n        <li><h3>Mije\u0161alice s lijevkom<\/h3><p>Odr\u017eavajte konzistenciju proizvoda i sprije\u010dite odvajanje.<\/p><\/li>\r\n        <li><h3>Odmrzavanje za \u010di\u0161\u0107enje<\/h3><p>Zagrijava smrznuti proizvod u cilindru kako bi ubrzao \u010di\u0161\u0107enje.<\/p><\/li>\r\n        <li><h3>Izravni pogon mjenja\u010da<\/h3><p>Uklanja potro\u0161ne pokretne dijelove i pove\u0107ava u\u010dinkovitost prijenosa.<\/p><\/li>\r\n        <li><h3>Automatsko programiranje<\/h3><p>Automatski prebacuje na\u010dine rada na temelju unaprijed postavljenih rasporeda.<\/p><\/li>\r\n        <li><h3>Alarmi i za\u0161tite sustava<\/h3><p>Vizualna\/zvu\u010dna upozorenja za nisku razinu mje\u0161avine, nisku temperaturu, preoptere\u0107enje motora; uklju\u010duje termi\u010dko preoptere\u0107enje i isklju\u010denje zbog visokog tlaka.<\/p><\/li>\r\n        <li><h3>Automatski zatvaraju\u0107i ventili za doziranje<\/h3><p>Sprje\u010dava prelijevanje proizvoda nakon doziranja.<\/p><\/li>\r\n        <li><h3>Kontrola brzine doziranja<\/h3><p>Podesiva brzina doziranja za razli\u010dite primjene.<\/p><\/li>\r\n        <li><h3>Meki start sustava<\/h3><p>Spori start motora smanjuje buku i optere\u0107enje pogonskog sklopa.<\/p><\/li>\r\n      <\/ul>\r\n    <\/div>\r\n\r\n    <aside class=\"ps-aside\">\r\n      <p class=\"ps-kicker\">Meki sladoled<\/p>\r\n      <h3 class=\"ps-heading\">ELITNA SERIJA<\/h3>\r\n      <p>Sve Premier mogu\u0107nosti s naprednim kontrolama higijene, evidentiranja i sigurnosti.<\/p>\r\n      <a class=\"ps-btn\" href=\"https:\/\/dersuessestopp.com\/hr\/kontakt\/\">Zatra\u017eite ponudu<\/a>\r\n      <!-- Optional image -->\r\n      <!-- <img decoding=\"async\" src=\"\/wp-content\/uploads\/elite-series.jpg\" alt=\"Elite Series soft serve machine\" class=\"ps-image\"> -->\r\n    <\/aside>\r\n  <\/div>\r\n<\/section>\r\n\r\n<!-- ELITE EXTRAS \u2014 separate highlight block -->\r\n<section class=\"elite-extras\">\r\n  <div class=\"ps-wrap\">\r\n    <div class=\"extras-head\">\r\n      <span class=\"extras-badge\">Elite dodaje<\/span>\r\n      <h3>Napredna higijena i kontrola, stvoreno za u\u017eurbane operacije<\/h3>\r\n      <p>Ove funkcije su ekskluzivne za Elite seriju i nalaze se iznad svih Premier zna\u010dajki.<\/p>\r\n    <\/div>\r\n\r\n    <ul class=\"ps-list extras-list\">\r\n      <li>\r\n        <h3>Autopasterizacija<\/h3>\r\n        <p>Planirana dnevna toplinska obrada zna\u010dajno smanjuje u\u010destalost ru\u010dnog \u010di\u0161\u0107enja uz odr\u017eavanje sigurnosti hrane.<\/p>\r\n      <\/li>\r\n      <li>\r\n        <h3>Izvje\u0161\u0107e o povijesti \u010di\u0161\u0107enja<\/h3>\r\n        <p>Bilje\u017ei dane od zadnjeg \u010di\u0161\u0107enja i podsje\u0107a osoblje kada je \u010di\u0161\u0107enje potrebno.<\/p>\r\n      <\/li>\r\n      <li>\r\n        <h3>Zapisivanje operacija<\/h3>\r\n        <p>Zapisuje svaku operaciju i gre\u0161ku kako bi stvorio povijest servisiranja i ubrzao rje\u0161avanje problema.<\/p>\r\n      <\/li>\r\n      <li>\r\n        <h3>Zaklju\u010davanje zbog zaka\u0161njelog \u010di\u0161\u0107enja<\/h3>\r\n        <p>Sprje\u010dava normalan rad dok se ne zavr\u0161i potrebno \u010di\u0161\u0107enje kako bi se jam\u010dila sigurnost hrane.<\/p>\r\n      <\/li>\r\n    <\/ul>\r\n  <\/div>\r\n<\/section>\r\n\r\n<style>\r\n\/* Reuse Premier styles *\/\r\n.premier-series{padding:48px 0;background:#fff;}\r\n.ps-wrap{max-width:1100px;margin:0 auto;display:grid;grid-template-columns:2fr 1fr;gap:48px;}\r\n.ps-features h2{margin:0 0 12px;font-size:38px;line-height:1.2;}\r\n.ps-list{list-style:none;margin:0;padding:0;display:grid;grid-template-columns:1fr 1fr;gap:20px 32px;}\r\n.ps-list li{border:1px solid #6D9940;border-radius:12px;padding:16px;}\r\n.ps-list h3{margin:0 0 6px;font-size:18px;line-height:1.3;}\r\n.ps-list p{margin:0;color:#444;}\r\n.ps-aside{align-self:start;position:sticky;top:24px}\r\n.ps-kicker{letter-spacing:.08em;text-transform:uppercase;font-weight:600;color:#6D9940;margin:0 0 6px;}\r\n.ps-heading{margin:0 0 10px;font-size:34px;line-height:1.3;}\r\n.ps-btn{display:inline-block;margin-top:10px;padding:10px 16px;border-radius:45px;background:#6D9940;color:#fff;text-decoration:none;font-weight:600}\r\n.ps-image{margin-top:18px;width:100%;height:auto;border-radius:12px}\r\n\r\n@media (max-width:980px){\r\n  .ps-wrap{grid-template-columns:1fr;gap:28px}\r\n  .ps-list{grid-template-columns:1fr}\r\n  .ps-aside{position:static}\r\n  .ps-features h2{margin:0 0 12px;font-size:28px;line-height:1.2;}\r\n    .ps-heading{margin:0 0 10px;font-size:24px;line-height:1.3;}\r\n    .extras-head h3{margin:6px 0 6px;font-size:30px}\r\n}\r\n\r\n\r\n\/* Elite extras block *\/\r\n.elite-extras{padding:36px 0 56px;background:#f8faff;border-top:1px solid #6D9940;border-bottom:1px solid #e9eefc;}\r\n.elite-extras .ps-wrap{grid-template-columns:1fr;gap:18px}\r\n.extras-head h3{margin:6px 0 6px;font-size:30px}\r\n.extras-head p{margin:0 0 12px;color:#444}\r\n.extras-badge{display:inline-block;background:#e8f0ff;color:#6D9940;font-weight:700;padding:6px 10px;border-radius:10px}\r\n.extras-list li{border-color:#dfe8ff}\r\n<\/style>\r\n\t\t\t\t<\/div>\n\t\t\t\t<\/div>\n\t\t\t\t\t<\/div>\n\t\t\t\t<\/div>\n\t\t\t\t<\/div>","protected":false},"excerpt":{"rendered":"<p>Spaceman Elite Series Info EXPLORE MODELLS Elite Series \u2014 Key Features Fast Freeze Down Patented high-efficiency evaporator allows faster freeze-down with lower energy use. Microprocessor Control Digital control with status, temperatures, dispense count, and error display. Hopper Agitators Maintain product consistency and prevent separation. Defrost for Cleaning Heats frozen product in the cylinder to speed [&hellip;]<\/p>\n","protected":false},"author":3,"featured_media":0,"parent":0,"menu_order":0,"comment_status":"closed","ping_status":"closed","template":"","meta":{"footnotes":""},"class_list":["post-13280","page","type-page","status-publish","hentry"],"_links":{"self":[{"href":"https:\/\/dersuessestopp.com\/hr\/wp-json\/wp\/v2\/pages\/13280","targetHints":{"allow":["GET"]}}],"collection":[{"href":"https:\/\/dersuessestopp.com\/hr\/wp-json\/wp\/v2\/pages"}],"about":[{"href":"https:\/\/dersuessestopp.com\/hr\/wp-json\/wp\/v2\/types\/page"}],"author":[{"embeddable":true,"href":"https:\/\/dersuessestopp.com\/hr\/wp-json\/wp\/v2\/users\/3"}],"replies":[{"embeddable":true,"href":"https:\/\/dersuessestopp.com\/hr\/wp-json\/wp\/v2\/comments?post=13280"}],"version-history":[{"count":44,"href":"https:\/\/dersuessestopp.com\/hr\/wp-json\/wp\/v2\/pages\/13280\/revisions"}],"predecessor-version":[{"id":14620,"href":"https:\/\/dersuessestopp.com\/hr\/wp-json\/wp\/v2\/pages\/13280\/revisions\/14620"}],"wp:attachment":[{"href":"https:\/\/dersuessestopp.com\/hr\/wp-json\/wp\/v2\/media?parent=13280"}],"curies":[{"name":"wp","href":"https:\/\/api.w.org\/{rel}","templated":true}]}}