{"id":9953,"date":"2025-09-28T03:57:25","date_gmt":"2025-09-28T03:57:25","guid":{"rendered":"https:\/\/dersuessestopp.com\/product\/falco-confectionery-plotter\/"},"modified":"2025-09-28T04:09:06","modified_gmt":"2025-09-28T04:09:06","slug":"falco-konfektionsplotter","status":"publish","type":"product","link":"https:\/\/dersuessestopp.com\/de_at\/product\/falco-confectionery-plotter\/","title":{"rendered":"FALCO-Konditorei-Plotter"},"content":{"rendered":"<p>FALCO-S\u00fc\u00dfwarenplotter Der Vulpes-Lebensmitteldrucker von IMAGO bietet h\u00f6chste Qualit\u00e4t beim Direktdruck auf nahezu alle S\u00fc\u00dfwarensubstrate. Das Ger\u00e4t eignet sich f\u00fcr die Dekoration von gro\u00dfen Torten, Keksen, Pralinen, Makronen und Einzelportionen in der Serienproduktion. Der Vulpes Food Plotter erm\u00f6glicht es Ihnen, originelle Dekorationen zu erstellen und Produkte zu personalisieren, die das Angebot Ihrer Konditorei oder B\u00e4ckerei auszeichnen. Fotografische Druckqualit\u00e4t.<br \/>\n Mit den IMAGO Lebensmitteldruckern k\u00f6nnen Sie attraktive und \u00e4sthetische Drucke auf Schokolade, Makronen, Keksen und Zuckerpaste erstellen. Die Farben sind nat\u00fcrlich und lebendig, und das reproduzierte Bild ist pr\u00e4zise und detailliert. Auswirkungen auf die Entwicklung von S\u00fc\u00dfwarengesch\u00e4ften.<br \/>\n S\u00fc\u00dfwarendrucker erleichtern die Dekoration von Produkten. Dank ihnen k\u00f6nnen Sie Ihr Angebot differenzieren und Ihren Kunden personalisierte Produkte f\u00fcr verschiedene Anl\u00e4sse wie Ostern, Muttertag oder Weihnachten anbieten. Gleichzeitig senken Sie mit einem Lebensmitteldrucker die Produktionskosten und erh\u00f6hen die Gewinnspanne Ihrer Produkte, wodurch Sie Ihren Gesch\u00e4ftsgewinn steigern! Beschleunigung der S\u00fc\u00dfwarendekoration in der Massenproduktion.<br \/>\n Mit dem Falco-Lebensmitteldrucker k\u00f6nnen Sie bis zu 500 Macarons in einer Stunde dekorieren.<br \/>\n Automatische H\u00f6henerkennung, ein Tisch mit Lineal und zus\u00e4tzliche Stanzformen erleichtern die Arbeit und verk\u00fcrzen den Dekorationsprozess zus\u00e4tzlich.<\/p>","protected":false},"excerpt":{"rendered":"<p>Der Falco-S\u00fc\u00dfwarenplotter erm\u00f6glicht den Direktdruck in fotografischer Qualit\u00e4t auf praktisch jedem Lebensmittelsubstrat.<\/p>","protected":false},"featured_media":9952,"comment_status":"open","ping_status":"closed","template":"","meta":[],"product_brand":[],"product_cat":[83,76,38],"product_tag":[],"class_list":{"0":"post-9953","1":"product","2":"type-product","3":"status-publish","4":"has-post-thumbnail","6":"product_cat-devices","7":"product_cat-food-printers","8":"product_cat-imago-food-printers","10":"first","11":"instock","12":"shipping-taxable","13":"purchasable","14":"product-type-simple"},"_links":{"self":[{"href":"https:\/\/dersuessestopp.com\/de_at\/wp-json\/wp\/v2\/product\/9953","targetHints":{"allow":["GET"]}}],"collection":[{"href":"https:\/\/dersuessestopp.com\/de_at\/wp-json\/wp\/v2\/product"}],"about":[{"href":"https:\/\/dersuessestopp.com\/de_at\/wp-json\/wp\/v2\/types\/product"}],"replies":[{"embeddable":true,"href":"https:\/\/dersuessestopp.com\/de_at\/wp-json\/wp\/v2\/comments?post=9953"}],"version-history":[{"count":1,"href":"https:\/\/dersuessestopp.com\/de_at\/wp-json\/wp\/v2\/product\/9953\/revisions"}],"predecessor-version":[{"id":9954,"href":"https:\/\/dersuessestopp.com\/de_at\/wp-json\/wp\/v2\/product\/9953\/revisions\/9954"}],"wp:featuredmedia":[{"embeddable":true,"href":"https:\/\/dersuessestopp.com\/de_at\/wp-json\/wp\/v2\/media\/9952"}],"wp:attachment":[{"href":"https:\/\/dersuessestopp.com\/de_at\/wp-json\/wp\/v2\/media?parent=9953"}],"wp:term":[{"taxonomy":"product_brand","embeddable":true,"href":"https:\/\/dersuessestopp.com\/de_at\/wp-json\/wp\/v2\/product_brand?post=9953"},{"taxonomy":"product_cat","embeddable":true,"href":"https:\/\/dersuessestopp.com\/de_at\/wp-json\/wp\/v2\/product_cat?post=9953"},{"taxonomy":"product_tag","embeddable":true,"href":"https:\/\/dersuessestopp.com\/de_at\/wp-json\/wp\/v2\/product_tag?post=9953"}],"curies":[{"name":"wp","href":"https:\/\/api.w.org\/{rel}","templated":true}]}}