{"id":9939,"date":"2025-09-28T03:55:15","date_gmt":"2025-09-28T03:55:15","guid":{"rendered":"https:\/\/dersuessestopp.com\/product\/light-magenta-food-ink-100ml\/"},"modified":"2025-09-28T04:09:06","modified_gmt":"2025-09-28T04:09:06","slug":"lebensmitteltinte-hellmagenta-100ml","status":"publish","type":"product","link":"https:\/\/dersuessestopp.com\/de_at\/product\/light-magenta-food-ink-100ml\/","title":{"rendered":"LIGHT MAGENTA Lebensmitteltinte 100ml"},"content":{"rendered":"<p>Unsere hochwertigen Lebensmitteltinten wurden speziell f\u00fcr Vulpes- und Falco-S\u00fc\u00dfwarenplotter ausgew\u00e4hlt, um die h\u00f6chste Qualit\u00e4t und Farbintensit\u00e4t zu gew\u00e4hrleisten. Unsere Lebensmitteltinten sind f\u00fcr den Direktdruck auf Lebensmittelprodukte konzipiert. Sie wurden sorgf\u00e4ltig f\u00fcr das Drucksystem der Imago-S\u00fc\u00dfwarenplotter ausgew\u00e4hlt, so dass sie f\u00fcr den Druckkopf sicher sind. Sie erf\u00fcllen strenge Normen und wurden auf der Grundlage von Tests und Analysen f\u00fcr den Einsatz in der Lebensmittelindustrie zugelassen, was eine vollst\u00e4ndige Sicherheit garantiert. Die Tinten sind zertifiziert von: FDA Kosher Vegan BRC GS Food Safety U PAREVE IFS Food Unsere Lebensmitteltinten beeintr\u00e4chtigen weder den Geschmack noch den Geruch, so dass sie f\u00fcr alle S\u00fc\u00dfwarenprodukte verwendet werden k\u00f6nnen. Die von uns angebotenen Tinten eignen sich perfekt f\u00fcr die Dekoration von Kuchen, Keksen, Makronen und Pralinen mit Lebensmittelplottern. Wir bieten praktische Tintenverpackungen in Form von Flaschen an, die ein einfaches Nachf\u00fcllen von Patronen oder Verbrauchsflaschen in Vulpes- und Falco-S\u00fc\u00dfwarenplottern erm\u00f6glichen. Wir bieten zwei Arten von Flaschen an: Flaschen mit Nadel - geeignet f\u00fcr Patronendrucker; Flaschen mit Kappe - geeignet f\u00fcr Drucker mit einem Flaschensystem. Pr\u00fcfen Sie, welchen Drucker Sie haben, bevor Sie die entsprechende Produktvariante kaufen. Mit unseren Produkten erzielen Sie hervorragende Ergebnisse bei der kreativen und modernen Dekoration von S\u00fc\u00dfwaren.<\/p>","protected":false},"excerpt":{"rendered":"<p>Bestellen Sie LIGHT MAGENTA-Tinte f\u00fcr Vulpes-Konditoreiplotter bei IMAGO. Wir verkaufen die Tinte in 100 ml Flaschen.<\/p>","protected":false},"featured_media":9938,"comment_status":"open","ping_status":"closed","template":"","meta":[],"product_brand":[],"product_cat":[98,38],"product_tag":[],"class_list":{"0":"post-9939","1":"product","2":"type-product","3":"status-publish","4":"has-post-thumbnail","6":"product_cat-food-inks","7":"product_cat-imago-food-printers","9":"first","10":"outofstock","11":"shipping-taxable","12":"product-type-variable"},"_links":{"self":[{"href":"https:\/\/dersuessestopp.com\/de_at\/wp-json\/wp\/v2\/product\/9939","targetHints":{"allow":["GET"]}}],"collection":[{"href":"https:\/\/dersuessestopp.com\/de_at\/wp-json\/wp\/v2\/product"}],"about":[{"href":"https:\/\/dersuessestopp.com\/de_at\/wp-json\/wp\/v2\/types\/product"}],"replies":[{"embeddable":true,"href":"https:\/\/dersuessestopp.com\/de_at\/wp-json\/wp\/v2\/comments?post=9939"}],"version-history":[{"count":1,"href":"https:\/\/dersuessestopp.com\/de_at\/wp-json\/wp\/v2\/product\/9939\/revisions"}],"predecessor-version":[{"id":9961,"href":"https:\/\/dersuessestopp.com\/de_at\/wp-json\/wp\/v2\/product\/9939\/revisions\/9961"}],"wp:featuredmedia":[{"embeddable":true,"href":"https:\/\/dersuessestopp.com\/de_at\/wp-json\/wp\/v2\/media\/9938"}],"wp:attachment":[{"href":"https:\/\/dersuessestopp.com\/de_at\/wp-json\/wp\/v2\/media?parent=9939"}],"wp:term":[{"taxonomy":"product_brand","embeddable":true,"href":"https:\/\/dersuessestopp.com\/de_at\/wp-json\/wp\/v2\/product_brand?post=9939"},{"taxonomy":"product_cat","embeddable":true,"href":"https:\/\/dersuessestopp.com\/de_at\/wp-json\/wp\/v2\/product_cat?post=9939"},{"taxonomy":"product_tag","embeddable":true,"href":"https:\/\/dersuessestopp.com\/de_at\/wp-json\/wp\/v2\/product_tag?post=9939"}],"curies":[{"name":"wp","href":"https:\/\/api.w.org\/{rel}","templated":true}]}}