{"id":9931,"date":"2025-09-28T03:54:13","date_gmt":"2025-09-28T03:54:13","guid":{"rendered":"https:\/\/dersuessestopp.com\/product\/yellow-nanosolvent-ink-100-ml\/"},"modified":"2025-09-28T04:09:07","modified_gmt":"2025-09-28T04:09:07","slug":"gelbe-nanosolvent-tinte-100-ml","status":"publish","type":"product","link":"https:\/\/dersuessestopp.com\/de_at\/product\/yellow-nanosolvent-ink-100-ml\/","title":{"rendered":"GELBE Nanosolvent-Tinte 100 ml"},"content":{"rendered":"<p>Nanosolvent-Tinte ist eine Art von Tinte, die Pigmente verwendet, die mit Pulvern mit einem Durchmesser von weniger als 100 nm gef\u00e4rbt sind. Innovative Nanotinten dringen in die Struktur des Materials ein und machen den Druck widerstandsf\u00e4higer gegen mechanische und chemische Besch\u00e4digungen. Gleichzeitig sind die Drucke nat\u00fcrlich, passen sich der Struktur des Substrats an und verformen sich mit ihm. Die Verwendung von Nano-Solvent-Tinte ist eine Alternative zum UV-LED-Druck. Sie erm\u00f6glicht unter anderem: Druck auf Kerzen, Druck auf Kork, Druck auf Holz, Druck auf gesch\u00e4umtes PVC ... Die hohe Best\u00e4ndigkeit und Flexibilit\u00e4t der mit einem Nanol\u00f6sungsmitteldrucker hergestellten Drucke erm\u00f6glicht die Kennzeichnung von ungew\u00f6hnlichen Produkten und Materialien. Die Tinte dringt tief in das Produkt ein, ist nicht wahrnehmbar und bildet keine Schicht auf der Oberfl\u00e4che des Drucks. Dadurch findet der Nanosolventdruck \u00fcberall dort Anwendung, wo UV-LED-Drucker nicht ausreichen. Dar\u00fcber hinaus minimieren Nanosolvent-Tinten das Risiko einer Besch\u00e4digung des Druckkopfs und anderer Komponenten des Tintensystems.<\/p>","protected":false},"excerpt":{"rendered":"<p>Entdecken Sie die innovative YELLOW Nanosolvent-Tinte, die in den IMAGO Druckern Aquila Aluminium, Falco Aluminium und Aquila Nanosolvent verwendet wird. Die fortschrittliche Nanotintenformel sorgt f\u00fcr hohe Pr\u00e4zision und Farbintensit\u00e4t. Die Tinte dringt in saugf\u00e4hige Materialien ein und durchdringt deren Struktur, wodurch der Druck dauerhaft ist und sich zusammen mit dem flexiblen Objekt verformt. Wir verkaufen die Tinte in 100-ml-Flaschen.<\/p>","protected":false},"featured_media":9930,"comment_status":"open","ping_status":"closed","template":"","meta":[],"product_brand":[],"product_cat":[38,97],"product_tag":[],"class_list":{"0":"post-9931","1":"product","2":"type-product","3":"status-publish","4":"has-post-thumbnail","6":"product_cat-imago-food-printers","7":"product_cat-nanosolvent-inks","9":"first","10":"instock","11":"shipping-taxable","12":"purchasable","13":"product-type-simple"},"_links":{"self":[{"href":"https:\/\/dersuessestopp.com\/de_at\/wp-json\/wp\/v2\/product\/9931","targetHints":{"allow":["GET"]}}],"collection":[{"href":"https:\/\/dersuessestopp.com\/de_at\/wp-json\/wp\/v2\/product"}],"about":[{"href":"https:\/\/dersuessestopp.com\/de_at\/wp-json\/wp\/v2\/types\/product"}],"replies":[{"embeddable":true,"href":"https:\/\/dersuessestopp.com\/de_at\/wp-json\/wp\/v2\/comments?post=9931"}],"version-history":[{"count":1,"href":"https:\/\/dersuessestopp.com\/de_at\/wp-json\/wp\/v2\/product\/9931\/revisions"}],"predecessor-version":[{"id":9965,"href":"https:\/\/dersuessestopp.com\/de_at\/wp-json\/wp\/v2\/product\/9931\/revisions\/9965"}],"wp:featuredmedia":[{"embeddable":true,"href":"https:\/\/dersuessestopp.com\/de_at\/wp-json\/wp\/v2\/media\/9930"}],"wp:attachment":[{"href":"https:\/\/dersuessestopp.com\/de_at\/wp-json\/wp\/v2\/media?parent=9931"}],"wp:term":[{"taxonomy":"product_brand","embeddable":true,"href":"https:\/\/dersuessestopp.com\/de_at\/wp-json\/wp\/v2\/product_brand?post=9931"},{"taxonomy":"product_cat","embeddable":true,"href":"https:\/\/dersuessestopp.com\/de_at\/wp-json\/wp\/v2\/product_cat?post=9931"},{"taxonomy":"product_tag","embeddable":true,"href":"https:\/\/dersuessestopp.com\/de_at\/wp-json\/wp\/v2\/product_tag?post=9931"}],"curies":[{"name":"wp","href":"https:\/\/api.w.org\/{rel}","templated":true}]}}