{"id":9918,"date":"2025-09-28T03:53:12","date_gmt":"2025-09-28T03:53:12","guid":{"rendered":"https:\/\/dersuessestopp.com\/product\/uv-ink-led-magenta-100-ml-or-250-ml\/"},"modified":"2025-09-28T04:09:07","modified_gmt":"2025-09-28T04:09:07","slug":"uv-tinte-led-magenta-100-ml-oder-250-ml","status":"publish","type":"product","link":"https:\/\/dersuessestopp.com\/de_at\/product\/uv-ink-led-magenta-100-ml-or-250-ml\/","title":{"rendered":"UV-Farbe LED MAGENTA 100 ml oder 250 ml"},"content":{"rendered":"<p>Imago UV-LED-Tinte ist ein fl\u00fcssiges Polymer, das unter UV-LED-Strahlung sofort aush\u00e4rtet. Ein charakteristisches Merkmal der UV-Druckertinte ist ihre Abrieb- und Wetterbest\u00e4ndigkeit. Au\u00dferdem beh\u00e4lt sie \u00fcber lange Zeit eine hohe Druckqualit\u00e4t bei. Dank ihrer au\u00dfergew\u00f6hnlichen Haftung eignen sich Imago UV-LED-Tinten ideal zum Bedrucken einer Vielzahl von Oberfl\u00e4chen, wie z. B. Holz, Kunststoff, Werbeartikel, Glasflaschen und Metallboxen. Dank ihrer Flexibilit\u00e4t sind sie auch ideal f\u00fcr den Druck auf Handyh\u00fcllen oder Flaschenverschl\u00fcssen geeignet, wodurch die Gefahr von Rissen vermieden wird. UV-Farben eignen sich gut zum Bedrucken von: Holz, Kunststoffen, Werbeartikeln, Glasflaschen und Metalldosen.<\/p>","protected":false},"excerpt":{"rendered":"<p>Bestellen Sie MAGENTA UV-Tinte LED f\u00fcr AQUILA UV-LED-Drucker bei IMAGO. Wir verkaufen die Tinte in 100 ml oder 250 ml Flaschen.<\/p>","protected":false},"featured_media":9917,"comment_status":"open","ping_status":"closed","template":"","meta":[],"product_brand":[],"product_cat":[95,38],"product_tag":[],"class_list":{"0":"post-9918","1":"product","2":"type-product","3":"status-publish","4":"has-post-thumbnail","6":"product_cat-uv-led-inks","7":"product_cat-imago-food-printers","9":"first","10":"outofstock","11":"shipping-taxable","12":"product-type-variable"},"_links":{"self":[{"href":"https:\/\/dersuessestopp.com\/de_at\/wp-json\/wp\/v2\/product\/9918","targetHints":{"allow":["GET"]}}],"collection":[{"href":"https:\/\/dersuessestopp.com\/de_at\/wp-json\/wp\/v2\/product"}],"about":[{"href":"https:\/\/dersuessestopp.com\/de_at\/wp-json\/wp\/v2\/types\/product"}],"replies":[{"embeddable":true,"href":"https:\/\/dersuessestopp.com\/de_at\/wp-json\/wp\/v2\/comments?post=9918"}],"version-history":[{"count":1,"href":"https:\/\/dersuessestopp.com\/de_at\/wp-json\/wp\/v2\/product\/9918\/revisions"}],"predecessor-version":[{"id":9972,"href":"https:\/\/dersuessestopp.com\/de_at\/wp-json\/wp\/v2\/product\/9918\/revisions\/9972"}],"wp:featuredmedia":[{"embeddable":true,"href":"https:\/\/dersuessestopp.com\/de_at\/wp-json\/wp\/v2\/media\/9917"}],"wp:attachment":[{"href":"https:\/\/dersuessestopp.com\/de_at\/wp-json\/wp\/v2\/media?parent=9918"}],"wp:term":[{"taxonomy":"product_brand","embeddable":true,"href":"https:\/\/dersuessestopp.com\/de_at\/wp-json\/wp\/v2\/product_brand?post=9918"},{"taxonomy":"product_cat","embeddable":true,"href":"https:\/\/dersuessestopp.com\/de_at\/wp-json\/wp\/v2\/product_cat?post=9918"},{"taxonomy":"product_tag","embeddable":true,"href":"https:\/\/dersuessestopp.com\/de_at\/wp-json\/wp\/v2\/product_tag?post=9918"}],"curies":[{"name":"wp","href":"https:\/\/api.w.org\/{rel}","templated":true}]}}