{"id":9904,"date":"2025-09-28T03:49:22","date_gmt":"2025-09-28T03:49:22","guid":{"rendered":"https:\/\/dersuessestopp.com\/product\/vulpes-confectionery-plotter\/"},"modified":"2025-09-28T04:09:55","modified_gmt":"2025-09-28T04:09:55","slug":"vulpes-konditorei-plotter","status":"publish","type":"product","link":"https:\/\/dersuessestopp.com\/de_at\/product\/vulpes-confectionery-plotter\/","title":{"rendered":"VULPES-Konditorei-Plotter"},"content":{"rendered":"<p>VULPES Lebensmittelplotter Der Falco-Lebensmitteldrucker erm\u00f6glicht den Direktdruck in fotografischer Qualit\u00e4t auf fast alle Lebensmitteluntergr\u00fcnde. Ihre Kuchen, T\u00f6rtchen und Macarons zeichnen sich durch ihre Pr\u00e4zision und Farbvielfalt aus. Mit dem Lebensmittelplotter von Falco k\u00f6nnen Sie originelle Dekorationen erstellen und Produkte personalisieren, die das Angebot Ihrer Konditorei oder B\u00e4ckerei auszeichnen. Konditoreidrucker erleichtern die Produktdekoration. Dank ihnen k\u00f6nnen Sie Ihr Angebot hervorheben und Ihren Kunden personalisierte Produkte f\u00fcr verschiedene Anl\u00e4sse wie Ostern, Muttertag oder Weihnachten anbieten. Gleichzeitig senken Sie mit einem Lebensmitteldrucker die Produktionskosten und erh\u00f6hen die Gewinnspanne f\u00fcr die von Ihnen angebotenen Produkte, wodurch Sie Ihren Unternehmensgewinn steigern! Der hochwertigste Lebensmitteldirektdruck auf dem Markt.<br \/>\n Speziell ausgew\u00e4hlte essbare Tinte, der richtige Druckkopf und die Drucksoftware sorgen f\u00fcr eine unglaubliche Farbintensit\u00e4t und fotografische Qualit\u00e4t der Dekorationen, mit denen Sie auff\u00e4llige Torten, Kekse, Pralinen und Macarons herstellen k\u00f6nnen. Professionelle Beschleunigung der Konditoreiproduktion.<br \/>\n Mit dem Vulpes-Lebensmitteldrucker k\u00f6nnen Sie bis zu 900 Macarons in 1 Stunde dekorieren. Eine automatische H\u00f6henerkennung, ein Tisch mit Lineal und zus\u00e4tzliche Stanzformen erleichtern die Arbeit und verk\u00fcrzen den Dekorationsprozess zus\u00e4tzlich, w\u00e4hrend ger\u00e4umige Tintentanks einen langen Betrieb ohne Nachf\u00fcllen der essbaren Tinte gew\u00e4hrleisten. Kompatibilit\u00e4t mit Konditorei-Backblechformaten.<br \/>\n Der Vulpes Food Plotter ist an die Standardformate der GN 1\/1 Backbleche angepasst. Auf dem Tisch platzierte Kreise erm\u00f6glichen eine schnelle Positionierung von Torten in Standardgr\u00f6\u00dfe. So k\u00f6nnen Sie mit unserem Foodprinter problemlos Torten mit einem Durchmesser von bis zu 32 cm und einer H\u00f6he von bis zu 15 cm dekorieren. Signalsysteme und intuitiver Servicemodus.<br \/>\n Die im Ger\u00e4t verwendeten Systeme erm\u00f6glichen eine einfache Bedienung des Ger\u00e4ts. Die Signalsysteme informieren Sie, wenn es notwendig ist, Tinte nachzuf\u00fcllen oder den Abfallbeh\u00e4lter zu leeren. Vulpes informiert Sie auch, wenn der Druckauftrag abgeschlossen ist. Auswirkungen auf die Entwicklung von S\u00fc\u00dfwarengesch\u00e4ften.<br \/>\n Lebensmittelplotter rationalisieren die Produktdekoration. Sie erm\u00f6glichen es Ihnen, Ihr Angebot zu differenzieren und Ihre Kunden mit personalisierten Produkten f\u00fcr verschiedene Anl\u00e4sse wie Weihnachten, Valentinstag oder Frauentag zu versorgen. Gleichzeitig senken Sie mit einem Lebensmitteldrucker die Produktionskosten und erh\u00f6hen die Gewinnspanne Ihrer Produkte, wodurch Sie Ihren Unternehmensgewinn steigern!<\/p>","protected":false},"excerpt":{"rendered":"<p>Der Vulpes-S\u00fc\u00dfwarenplotter erm\u00f6glicht den Druck in h\u00f6chster Qualit\u00e4t auf praktisch jedem S\u00fc\u00dfwarensubstrat.<\/p>","protected":false},"featured_media":9903,"comment_status":"open","ping_status":"closed","template":"","meta":[],"product_brand":[],"product_cat":[83,76,38],"product_tag":[],"class_list":{"0":"post-9904","1":"product","2":"type-product","3":"status-publish","4":"has-post-thumbnail","6":"product_cat-devices","7":"product_cat-food-printers","8":"product_cat-imago-food-printers","10":"first","11":"instock","12":"shipping-taxable","13":"purchasable","14":"product-type-simple"},"_links":{"self":[{"href":"https:\/\/dersuessestopp.com\/de_at\/wp-json\/wp\/v2\/product\/9904","targetHints":{"allow":["GET"]}}],"collection":[{"href":"https:\/\/dersuessestopp.com\/de_at\/wp-json\/wp\/v2\/product"}],"about":[{"href":"https:\/\/dersuessestopp.com\/de_at\/wp-json\/wp\/v2\/types\/product"}],"replies":[{"embeddable":true,"href":"https:\/\/dersuessestopp.com\/de_at\/wp-json\/wp\/v2\/comments?post=9904"}],"version-history":[{"count":1,"href":"https:\/\/dersuessestopp.com\/de_at\/wp-json\/wp\/v2\/product\/9904\/revisions"}],"predecessor-version":[{"id":9979,"href":"https:\/\/dersuessestopp.com\/de_at\/wp-json\/wp\/v2\/product\/9904\/revisions\/9979"}],"wp:featuredmedia":[{"embeddable":true,"href":"https:\/\/dersuessestopp.com\/de_at\/wp-json\/wp\/v2\/media\/9903"}],"wp:attachment":[{"href":"https:\/\/dersuessestopp.com\/de_at\/wp-json\/wp\/v2\/media?parent=9904"}],"wp:term":[{"taxonomy":"product_brand","embeddable":true,"href":"https:\/\/dersuessestopp.com\/de_at\/wp-json\/wp\/v2\/product_brand?post=9904"},{"taxonomy":"product_cat","embeddable":true,"href":"https:\/\/dersuessestopp.com\/de_at\/wp-json\/wp\/v2\/product_cat?post=9904"},{"taxonomy":"product_tag","embeddable":true,"href":"https:\/\/dersuessestopp.com\/de_at\/wp-json\/wp\/v2\/product_tag?post=9904"}],"curies":[{"name":"wp","href":"https:\/\/api.w.org\/{rel}","templated":true}]}}