{"id":9902,"date":"2025-09-28T03:49:13","date_gmt":"2025-09-28T03:49:13","guid":{"rendered":"https:\/\/dersuessestopp.com\/product\/aquila-aluminium-printer\/"},"modified":"2025-09-28T04:09:55","modified_gmt":"2025-09-28T04:09:55","slug":"aquila-aluminium-drucker","status":"publish","type":"product","link":"https:\/\/dersuessestopp.com\/de_at\/product\/aquila-aluminium-printer\/","title":{"rendered":"AQUILA Aluminium-Drucker"},"content":{"rendered":"<p>Aquila Drucker f\u00fcr Aluminium Digitaldrucker f\u00fcr eloxiertes Aluminium bietet maximale Qualit\u00e4t, Pr\u00e4zision und Haltbarkeit des Farbdrucks auf Metall. Mit AQUILA Aluminium k\u00f6nnen Sie Namensschilder, Lageretiketten, Geb\u00e4udeschilder, aber auch Diplome und Bedienfelder erstellen. Sparen Sie Zeit und machen Sie sich unabh\u00e4ngig von externen Lieferanten - mit AQUILA Aluminium ist das m\u00f6glich. H\u00f6chste Druckqualit\u00e4t auf eloxiertem Aluminium Das Aquila Aluminium Ger\u00e4t ist ideal f\u00fcr Anwendungen, bei denen die Qualit\u00e4t des Drucks, seine Haltbarkeit und eine kurze Vorlaufzeit f\u00fcr die fertigen Produkte wichtig sind. Dar\u00fcber hinaus ist der Druck sehr pr\u00e4zise und bei jedem Produkt wiederholbar. Ein komplettes Technologiepaket f\u00fcr den Druck auf Metall Um die Pr\u00e4zision und Haltbarkeit der Drucke weiter zu erh\u00f6hen, haben wir ein Technologiepaket entwickelt, das Folgendes umfasst: einen VSG-Saug- und Heizaufsatz, der die Farbs\u00e4ttigung und die Druckpr\u00e4zision erh\u00f6ht, und eine TECHNOLOGY TUB - zur Erh\u00f6hung der Haltbarkeit durch Versiegelung der gedruckten B\u00f6gen. Aktives Drucktrocknungssystem Der Aluminiumdrucker ist mit einem Trocknungssystem ausgestattet, das den Verdunstungsprozess der L\u00f6sungsmittel beschleunigt. Dies erm\u00f6glicht eine gr\u00f6\u00dfere Farbs\u00e4ttigung und den Druck von feinen Details, kleinen Schriften und Symbolen. Die F\u00e4higkeit, kleine Auftr\u00e4ge zu erf\u00fcllen und Personalisierung IMAGO Drucker sind praktische Ger\u00e4te f\u00fcr die Personalisierung. Mit einem Digitaldrucker f\u00fcr Aluminium k\u00f6nnen Sie einfach und schnell kleine und unterschiedliche Auftr\u00e4ge erf\u00fcllen, ohne sich Gedanken \u00fcber Ausfallzeiten in der Gro\u00dfproduktion zu machen. Im Gegensatz zum Siebdruck werden bei Aquila Aluminium alle Farben gleichzeitig aufgetragen, so dass Sie farbenpr\u00e4chtige Designs erstellen k\u00f6nnen. Der Drucker kann auch zum Bedrucken von saugf\u00e4higen Materialien wie Kork oder Holz verwendet werden. Druckkopf mit Reinigungsfl\u00fcssigkeit Das im Drucker verwendete Tintensystem mit Kan\u00e4len f\u00fcr Reinigungsfl\u00fcssigkeit reduziert Probleme mit Verstopfungen des Druckkopfs und der Verschlei\u00dfteile des Ger\u00e4ts.<\/p>","protected":false},"excerpt":{"rendered":"<p>Digitaldrucker f\u00fcr eloxiertes Aluminium bietet maximale Qualit\u00e4t, Pr\u00e4zision und Haltbarkeit des Farbdrucks auf Metall. Mit AQUILA Aluminium k\u00f6nnen Sie Namensschilder, Lagerhausetiketten, Geb\u00e4udeschilder, aber auch Diplome und Bedienfelder erstellen.<\/p>","protected":false},"featured_media":9901,"comment_status":"open","ping_status":"closed","template":"","meta":[],"product_brand":[],"product_cat":[83,38,79],"product_tag":[],"class_list":{"0":"post-9902","1":"product","2":"type-product","3":"status-publish","4":"has-post-thumbnail","6":"product_cat-devices","7":"product_cat-imago-food-printers","8":"product_cat-printers-for-aluminum","10":"first","11":"instock","12":"shipping-taxable","13":"purchasable","14":"product-type-simple"},"_links":{"self":[{"href":"https:\/\/dersuessestopp.com\/de_at\/wp-json\/wp\/v2\/product\/9902","targetHints":{"allow":["GET"]}}],"collection":[{"href":"https:\/\/dersuessestopp.com\/de_at\/wp-json\/wp\/v2\/product"}],"about":[{"href":"https:\/\/dersuessestopp.com\/de_at\/wp-json\/wp\/v2\/types\/product"}],"replies":[{"embeddable":true,"href":"https:\/\/dersuessestopp.com\/de_at\/wp-json\/wp\/v2\/comments?post=9902"}],"version-history":[{"count":1,"href":"https:\/\/dersuessestopp.com\/de_at\/wp-json\/wp\/v2\/product\/9902\/revisions"}],"predecessor-version":[{"id":9980,"href":"https:\/\/dersuessestopp.com\/de_at\/wp-json\/wp\/v2\/product\/9902\/revisions\/9980"}],"wp:featuredmedia":[{"embeddable":true,"href":"https:\/\/dersuessestopp.com\/de_at\/wp-json\/wp\/v2\/media\/9901"}],"wp:attachment":[{"href":"https:\/\/dersuessestopp.com\/de_at\/wp-json\/wp\/v2\/media?parent=9902"}],"wp:term":[{"taxonomy":"product_brand","embeddable":true,"href":"https:\/\/dersuessestopp.com\/de_at\/wp-json\/wp\/v2\/product_brand?post=9902"},{"taxonomy":"product_cat","embeddable":true,"href":"https:\/\/dersuessestopp.com\/de_at\/wp-json\/wp\/v2\/product_cat?post=9902"},{"taxonomy":"product_tag","embeddable":true,"href":"https:\/\/dersuessestopp.com\/de_at\/wp-json\/wp\/v2\/product_tag?post=9902"}],"curies":[{"name":"wp","href":"https:\/\/api.w.org\/{rel}","templated":true}]}}