{"id":9898,"date":"2025-09-28T03:48:57","date_gmt":"2025-09-28T03:48:57","guid":{"rendered":"https:\/\/dersuessestopp.com\/product\/aquila-nanosolvent-printer\/"},"modified":"2025-09-28T04:09:55","modified_gmt":"2025-09-28T04:09:55","slug":"aquila-nanosolventen-drucker","status":"publish","type":"product","link":"https:\/\/dersuessestopp.com\/de_at\/product\/aquila-nanosolvent-printer\/","title":{"rendered":"AQUILA Nanosolvent-Drucker"},"content":{"rendered":"<p>AQUILA Nanosolvent - pr\u00e4ziser Druck mit sehr kleinen Tintentr\u00f6pfchen Die Drucker der Nanoprinting-Technologie sind ideal f\u00fcr die spezielle Kennzeichnung von schwierigen Materialien. Die Tinte dringt in die Struktur des Materials ein, d.h. die Grafik passt sich der Struktur des Substrats an und verformt sich mit ihm. Digitaldrucker f\u00fcr besondere Aufgaben. Der AQUILA Nanosolvent-Digitaldrucker ist ein Ger\u00e4t f\u00fcr besondere Aufgaben. Das verdankt er der Technologie der nanostrukturierten Tinten, die in por\u00f6se Substrate eindringen. Dadurch sind die Grafiken \u00e4sthetisch und reagieren auf jede Verformung. Gleichzeitig ist der Druck dauerhaft und resistent gegen mechanische Besch\u00e4digungen.  So k\u00f6nnen Sie einzigartige Kompositionen auf Kerzen, H\u00fcllen oder Untersetzern erstellen. Hochwertiger Druck auf Holz, Kork oder Leder. AQUILA Nanosolvent-Ger\u00e4te bieten einen hochwertigen Druck mit einer Aufl\u00f6sung von 5760 x 1440 dpi. Dies garantiert die Detailtreue des Druckbildes auf gesch\u00e4umtem PVC, Kerzen, Kork, Leder oder Holz. Die Tiefe der Farben spiegelt sich in der \u00c4sthetik und Pr\u00e4zision der Endprodukte wider. Einfache Produktpersonalisierung AQUILA Nanosolvent ist ein kleinformatiger Digitaldrucker, mit dem Sie personalisierte Auftr\u00e4ge erf\u00fcllen k\u00f6nnen. Auf diese Weise k\u00f6nnen Sie Ihre Produkte von anderen unterscheiden und sie an wechselnde Anl\u00e4sse wie Feiertage, Valentinstag oder Frauentag anpassen. Das Ger\u00e4t l\u00e4sst sich leicht an jedes Projekt anpassen, und seine Bedienung und Produktpositionierung sind sehr einfach. Aktives Drucktrocknungssystem Das AQUILA Nanosolvent-Ger\u00e4t ist mit einem aktiven Trocknungssystem ausgestattet. Dieses beschleunigt die Verdunstung des L\u00f6sungsmittels und das Eindringen der Tinte in das Substrat. Dies erm\u00f6glicht eine gr\u00f6\u00dfere Farbs\u00e4ttigung und den Druck von feinen Details, kleinen Schriften und Symbolen. Druckkopf mit Reinigungsfl\u00fcssigkeit Das im Drucker verwendete Tintensystem mit Kan\u00e4len f\u00fcr Reinigungsfl\u00fcssigkeit reduziert Probleme mit Verstopfungen des Druckkopfes und der Verschlei\u00dfteile des Ger\u00e4tes.<\/p>","protected":false},"excerpt":{"rendered":"<p>Die Drucker der Nanoprinting-Technologie sind ideal f\u00fcr die spezielle Kennzeichnung schwieriger Materialien.<\/p>","protected":false},"featured_media":9897,"comment_status":"open","ping_status":"closed","template":"","meta":[],"product_brand":[],"product_cat":[83,38,94],"product_tag":[],"class_list":{"0":"post-9898","1":"product","2":"type-product","3":"status-publish","4":"has-post-thumbnail","6":"product_cat-devices","7":"product_cat-imago-food-printers","8":"product_cat-printers-nanosolvent","10":"first","11":"instock","12":"shipping-taxable","13":"purchasable","14":"product-type-simple"},"_links":{"self":[{"href":"https:\/\/dersuessestopp.com\/de_at\/wp-json\/wp\/v2\/product\/9898","targetHints":{"allow":["GET"]}}],"collection":[{"href":"https:\/\/dersuessestopp.com\/de_at\/wp-json\/wp\/v2\/product"}],"about":[{"href":"https:\/\/dersuessestopp.com\/de_at\/wp-json\/wp\/v2\/types\/product"}],"replies":[{"embeddable":true,"href":"https:\/\/dersuessestopp.com\/de_at\/wp-json\/wp\/v2\/comments?post=9898"}],"version-history":[{"count":1,"href":"https:\/\/dersuessestopp.com\/de_at\/wp-json\/wp\/v2\/product\/9898\/revisions"}],"predecessor-version":[{"id":9982,"href":"https:\/\/dersuessestopp.com\/de_at\/wp-json\/wp\/v2\/product\/9898\/revisions\/9982"}],"wp:featuredmedia":[{"embeddable":true,"href":"https:\/\/dersuessestopp.com\/de_at\/wp-json\/wp\/v2\/media\/9897"}],"wp:attachment":[{"href":"https:\/\/dersuessestopp.com\/de_at\/wp-json\/wp\/v2\/media?parent=9898"}],"wp:term":[{"taxonomy":"product_brand","embeddable":true,"href":"https:\/\/dersuessestopp.com\/de_at\/wp-json\/wp\/v2\/product_brand?post=9898"},{"taxonomy":"product_cat","embeddable":true,"href":"https:\/\/dersuessestopp.com\/de_at\/wp-json\/wp\/v2\/product_cat?post=9898"},{"taxonomy":"product_tag","embeddable":true,"href":"https:\/\/dersuessestopp.com\/de_at\/wp-json\/wp\/v2\/product_tag?post=9898"}],"curies":[{"name":"wp","href":"https:\/\/api.w.org\/{rel}","templated":true}]}}