{"id":9889,"date":"2025-09-28T03:48:24","date_gmt":"2025-09-28T03:48:24","guid":{"rendered":"https:\/\/dersuessestopp.com\/product\/upper-matrix-personalized-part-of-the-matrix\/"},"modified":"2025-09-28T04:09:55","modified_gmt":"2025-09-28T04:09:55","slug":"obere-matrix-personalisierter-teil-der-matrix","status":"publish","type":"product","link":"https:\/\/dersuessestopp.com\/de_at\/product\/upper-matrix-personalized-part-of-the-matrix\/","title":{"rendered":"UPPER-Matrix - personalisierter Teil der Matrix"},"content":{"rendered":"<p>IMAGO-Werkzeugbau Unsere Werkzeuge werden nach dem japanischen Produktionsmanagementsystem Poka-Yoke hergestellt. Das Werkzeug besteht aus zwei Elementen: einer Basis und einem abnehmbaren Oberteil. Die Produkte werden auf dem Oberteil platziert, das an eine bestimmte Form angepasst ist. Der obere Teil der Matrize kann nur in eine Richtung positioniert werden, wodurch kostspielige Fehler und Zeitverluste durch Produktkorrekturen vermieden werden. Auf Ihr Produkt zugeschnittene Matrizen Wir fertigen die Werkzeuge auf individuelle Kundenbestellung, so dass sie auf das ausgew\u00e4hlte Produkt zugeschnitten sind. Die Werkzeuge sind an die Arbeitstische der IMAGO Digitaldrucker angepasst. Das macht ihre Installation schnell und einfach. Au\u00dferdem wird f\u00fcr jede Matrize eine Grafikdatei erstellt, die ihre Form wiedergibt. Dies erleichtert das Aufbringen von Grafiken auf eine Reihe von Produkten am Computer. Die fotografische Bildqualit\u00e4t, die Detailgenauigkeit, die Pr\u00e4zision und die Wiederholbarkeit des Drucks erleichtern und beschleunigen die Arbeit in Ihrem Unternehmen. Beschleunigung der Massenproduktion mit einem UV-LED-Drucker Die Matrizen rationalisieren die Arbeit und verk\u00fcrzen die Vorlaufzeit f\u00fcr Produktserien erheblich. Sie erleichtern die Positionierung von Werbeartikeln, Kugelschreibern oder kleinen Produkten mit spezifischen Formen. Formen und Lebensmitteldrucker Wie f\u00fcr UV-LED-Drucker stellen wir auch f\u00fcr Lebensmittelplotter ma\u00dfgeschneiderte Formen her. Sie erleichtern die Arbeit und beschleunigen den Dekorationsprozess. Dieses Werkzeug eignet sich am besten f\u00fcr den Druck einer gro\u00dfen Anzahl von kleinen Produkten. So k\u00f6nnen beispielsweise bis zu 900 Macarons in einer Stunde dekoriert werden. Alles, was Sie brauchen, ist eine Basis und ein variables Oberteil in der Form Ihres Produkts.<\/p>","protected":false},"excerpt":{"rendered":"<p>Kennzeichnen Sie viele kleine Produkte? Ist Ihre Produktion repetitiv? Matrizen sind die perfekte L\u00f6sung f\u00fcr Sie. Sie erleichtern die Positionierung von kleinen Produkten, eliminieren das Fehlerrisiko und beschleunigen die Serienproduktion.<\/p>","protected":false},"featured_media":9888,"comment_status":"open","ping_status":"closed","template":"","meta":[],"product_brand":[],"product_cat":[92,38],"product_tag":[],"class_list":{"0":"post-9889","1":"product","2":"type-product","3":"status-publish","4":"has-post-thumbnail","6":"product_cat-dies","7":"product_cat-imago-food-printers","9":"first","10":"instock","11":"shipping-taxable","12":"purchasable","13":"product-type-simple"},"_links":{"self":[{"href":"https:\/\/dersuessestopp.com\/de_at\/wp-json\/wp\/v2\/product\/9889","targetHints":{"allow":["GET"]}}],"collection":[{"href":"https:\/\/dersuessestopp.com\/de_at\/wp-json\/wp\/v2\/product"}],"about":[{"href":"https:\/\/dersuessestopp.com\/de_at\/wp-json\/wp\/v2\/types\/product"}],"replies":[{"embeddable":true,"href":"https:\/\/dersuessestopp.com\/de_at\/wp-json\/wp\/v2\/comments?post=9889"}],"version-history":[{"count":1,"href":"https:\/\/dersuessestopp.com\/de_at\/wp-json\/wp\/v2\/product\/9889\/revisions"}],"predecessor-version":[{"id":9987,"href":"https:\/\/dersuessestopp.com\/de_at\/wp-json\/wp\/v2\/product\/9889\/revisions\/9987"}],"wp:featuredmedia":[{"embeddable":true,"href":"https:\/\/dersuessestopp.com\/de_at\/wp-json\/wp\/v2\/media\/9888"}],"wp:attachment":[{"href":"https:\/\/dersuessestopp.com\/de_at\/wp-json\/wp\/v2\/media?parent=9889"}],"wp:term":[{"taxonomy":"product_brand","embeddable":true,"href":"https:\/\/dersuessestopp.com\/de_at\/wp-json\/wp\/v2\/product_brand?post=9889"},{"taxonomy":"product_cat","embeddable":true,"href":"https:\/\/dersuessestopp.com\/de_at\/wp-json\/wp\/v2\/product_cat?post=9889"},{"taxonomy":"product_tag","embeddable":true,"href":"https:\/\/dersuessestopp.com\/de_at\/wp-json\/wp\/v2\/product_tag?post=9889"}],"curies":[{"name":"wp","href":"https:\/\/api.w.org\/{rel}","templated":true}]}}