{"id":9886,"date":"2025-09-28T03:48:21","date_gmt":"2025-09-28T03:48:21","guid":{"rendered":"https:\/\/dersuessestopp.com\/product\/processing-tank-for-falco-aluminium\/"},"modified":"2025-09-28T04:09:55","modified_gmt":"2025-09-28T04:09:55","slug":"verarbeitungsbehalter-fur-falco-aluminium","status":"publish","type":"product","link":"https:\/\/dersuessestopp.com\/de_at\/product\/processing-tank-for-falco-aluminium\/","title":{"rendered":"Verarbeitungsbeh\u00e4lter f\u00fcr FALCO Aluminium"},"content":{"rendered":"<p>Druck auf eloxiertem Aluminium - Vorteile f\u00fcr Ihr Unternehmen Das komplette Technologiepaket f\u00fcr den Druck auf eloxiertem Aluminium ist einfach in der Anwendung und kosteng\u00fcnstig im Betrieb. Der Druck auf Aluminium zeichnet sich durch eine sehr hohe Haltbarkeit und Best\u00e4ndigkeit gegen\u00fcber \u00e4u\u00dferen Einfl\u00fcssen aus. Eine fertige 10 x 15 cm gro\u00dfe Platte kann in 2 Minuten bedruckt werden, und die Gesamtkosten betragen nur 3 PLN. F\u00fcr die beste Druckqualit\u00e4t empfehlen wir die Verwendung eines speziellen Salzes, das die \u00e4u\u00dfere Schicht des Aluminiums zus\u00e4tzlich konserviert.<\/p>","protected":false},"excerpt":{"rendered":"<p>Mit dem Druck auf eloxiertem Aluminium lassen sich praktisch unzerst\u00f6rbare Designs f\u00fcr Lageretiketten, Informationsschilder, Bedienfelder, Diplome und Zertifikate erstellen.<\/p>","protected":false},"featured_media":9885,"comment_status":"open","ping_status":"closed","template":"","meta":[],"product_brand":[],"product_cat":[83,38,82],"product_tag":[],"class_list":{"0":"post-9886","1":"product","2":"type-product","3":"status-publish","4":"has-post-thumbnail","6":"product_cat-devices","7":"product_cat-imago-food-printers","8":"product_cat-peripheral-devices","10":"first","11":"instock","12":"shipping-taxable","13":"purchasable","14":"product-type-simple"},"_links":{"self":[{"href":"https:\/\/dersuessestopp.com\/de_at\/wp-json\/wp\/v2\/product\/9886","targetHints":{"allow":["GET"]}}],"collection":[{"href":"https:\/\/dersuessestopp.com\/de_at\/wp-json\/wp\/v2\/product"}],"about":[{"href":"https:\/\/dersuessestopp.com\/de_at\/wp-json\/wp\/v2\/types\/product"}],"replies":[{"embeddable":true,"href":"https:\/\/dersuessestopp.com\/de_at\/wp-json\/wp\/v2\/comments?post=9886"}],"version-history":[{"count":1,"href":"https:\/\/dersuessestopp.com\/de_at\/wp-json\/wp\/v2\/product\/9886\/revisions"}],"predecessor-version":[{"id":9988,"href":"https:\/\/dersuessestopp.com\/de_at\/wp-json\/wp\/v2\/product\/9886\/revisions\/9988"}],"wp:featuredmedia":[{"embeddable":true,"href":"https:\/\/dersuessestopp.com\/de_at\/wp-json\/wp\/v2\/media\/9885"}],"wp:attachment":[{"href":"https:\/\/dersuessestopp.com\/de_at\/wp-json\/wp\/v2\/media?parent=9886"}],"wp:term":[{"taxonomy":"product_brand","embeddable":true,"href":"https:\/\/dersuessestopp.com\/de_at\/wp-json\/wp\/v2\/product_brand?post=9886"},{"taxonomy":"product_cat","embeddable":true,"href":"https:\/\/dersuessestopp.com\/de_at\/wp-json\/wp\/v2\/product_cat?post=9886"},{"taxonomy":"product_tag","embeddable":true,"href":"https:\/\/dersuessestopp.com\/de_at\/wp-json\/wp\/v2\/product_tag?post=9886"}],"curies":[{"name":"wp","href":"https:\/\/api.w.org\/{rel}","templated":true}]}}