{"id":9878,"date":"2025-09-28T03:47:48","date_gmt":"2025-09-28T03:47:48","guid":{"rendered":"https:\/\/dersuessestopp.com\/product\/set-of-cartridges-for-cleaning-fluids-for-the-falco-confectionery-plotter-4-pcs\/"},"modified":"2025-09-28T04:09:56","modified_gmt":"2025-09-28T04:09:56","slug":"satz-kartuschen-fur-reinigungsflussigkeiten-fur-den-falco-konfektionsplotter-4-stuck","status":"publish","type":"product","link":"https:\/\/dersuessestopp.com\/de_at\/product\/set-of-cartridges-for-cleaning-fluids-for-the-falco-confectionery-plotter-4-pcs\/","title":{"rendered":"Patronensatz f\u00fcr Reinigungsfl\u00fcssigkeiten f\u00fcr den Falco-Konditoreiplotter - 4 St\u00fcck."},"content":{"rendered":"<p>Wir bieten einen Satz von 4 leeren Kartuschen f\u00fcr den Falco-S\u00fc\u00dfwarenplotter an. Sie sind an die Lebensmittelindustrie angepasst und f\u00fcr die Bef\u00fcllung mit IMAGO-Reiniger auf Wasserbasis vorgesehen. Die Patronen mit Reinigungsfl\u00fcssigkeit helfen, Ihren S\u00fc\u00dfwarendrucker w\u00e4hrend der Ausfallzeiten in gutem Zustand zu halten. Die Patronen enthalten keinen Reiniger.<\/p>","protected":false},"excerpt":{"rendered":"<p>Satz leere Patronen f\u00fcr Reinigungsfl\u00fcssigkeiten f\u00fcr den Falco-Konditoreiplotter von IMAGO - 4 St\u00fcck.<\/p>","protected":false},"featured_media":9877,"comment_status":"open","ping_status":"closed","template":"","meta":[],"product_brand":[],"product_cat":[81,76,38,86],"product_tag":[],"class_list":{"0":"post-9878","1":"product","2":"type-product","3":"status-publish","4":"has-post-thumbnail","6":"product_cat-equipment-operation","7":"product_cat-food-printers","8":"product_cat-imago-food-printers","9":"product_cat-primers-and-cleaning-fluids","11":"first","12":"instock","13":"shipping-taxable","14":"purchasable","15":"product-type-simple"},"_links":{"self":[{"href":"https:\/\/dersuessestopp.com\/de_at\/wp-json\/wp\/v2\/product\/9878","targetHints":{"allow":["GET"]}}],"collection":[{"href":"https:\/\/dersuessestopp.com\/de_at\/wp-json\/wp\/v2\/product"}],"about":[{"href":"https:\/\/dersuessestopp.com\/de_at\/wp-json\/wp\/v2\/types\/product"}],"replies":[{"embeddable":true,"href":"https:\/\/dersuessestopp.com\/de_at\/wp-json\/wp\/v2\/comments?post=9878"}],"version-history":[{"count":1,"href":"https:\/\/dersuessestopp.com\/de_at\/wp-json\/wp\/v2\/product\/9878\/revisions"}],"predecessor-version":[{"id":9993,"href":"https:\/\/dersuessestopp.com\/de_at\/wp-json\/wp\/v2\/product\/9878\/revisions\/9993"}],"wp:featuredmedia":[{"embeddable":true,"href":"https:\/\/dersuessestopp.com\/de_at\/wp-json\/wp\/v2\/media\/9877"}],"wp:attachment":[{"href":"https:\/\/dersuessestopp.com\/de_at\/wp-json\/wp\/v2\/media?parent=9878"}],"wp:term":[{"taxonomy":"product_brand","embeddable":true,"href":"https:\/\/dersuessestopp.com\/de_at\/wp-json\/wp\/v2\/product_brand?post=9878"},{"taxonomy":"product_cat","embeddable":true,"href":"https:\/\/dersuessestopp.com\/de_at\/wp-json\/wp\/v2\/product_cat?post=9878"},{"taxonomy":"product_tag","embeddable":true,"href":"https:\/\/dersuessestopp.com\/de_at\/wp-json\/wp\/v2\/product_tag?post=9878"}],"curies":[{"name":"wp","href":"https:\/\/api.w.org\/{rel}","templated":true}]}}