{"id":9876,"date":"2025-09-28T03:47:45","date_gmt":"2025-09-28T03:47:45","guid":{"rendered":"https:\/\/dersuessestopp.com\/product\/set-of-cartridges-for-cleaning-fluids-for-the-vulpes-confectionery-plotter-6-pcs\/"},"modified":"2025-09-28T04:10:18","modified_gmt":"2025-09-28T04:10:18","slug":"satz-patronen-fur-reinigungsflussigkeiten-fur-den-vulpes-konditoreiplotter-6-stuck","status":"publish","type":"product","link":"https:\/\/dersuessestopp.com\/de_at\/product\/set-of-cartridges-for-cleaning-fluids-for-the-vulpes-confectionery-plotter-6-pcs\/","title":{"rendered":"Satz Patronen f\u00fcr Reinigungsfl\u00fcssigkeiten f\u00fcr den Vulpes-Konditoreiplotter - 6 St\u00fcck."},"content":{"rendered":"<p>Wir bieten einen Satz von 6 leeren Kartuschen f\u00fcr den Vulpes-Konditoreiplotter in Kartuschenausf\u00fchrung an. Sie sind an die Lebensmittelindustrie angepasst und f\u00fcr die Bef\u00fcllung mit IMAGO Wasserreiniger vorgesehen. Die Patronen mit Reinigungsfl\u00fcssigkeit erm\u00f6glichen es Ihnen, Ihren Konditoreidrucker w\u00e4hrend der Ausfallzeiten in gutem Zustand zu halten. Die Patronen enthalten keinen Reiniger.<\/p>","protected":false},"excerpt":{"rendered":"<p>Set von Reinigungsfl\u00fcssigkeitspatronen f\u00fcr den IMAGO Plotter, 6 St\u00fcck, speziell f\u00fcr IMAGO Plotter entwickelt. Die Patronen garantieren eine optimale Leistung Ihres Plotters. Die Fl\u00fcssigkeit wurde entwickelt, um die Mechanismen des S\u00fc\u00dfwarenplotters schonend zu behandeln und alle Verunreinigungen zu beseitigen, ohne das Risiko einer Besch\u00e4digung.<\/p>","protected":false},"featured_media":9875,"comment_status":"open","ping_status":"closed","template":"","meta":[],"product_brand":[],"product_cat":[81,76,38,86],"product_tag":[],"class_list":{"0":"post-9876","1":"product","2":"type-product","3":"status-publish","4":"has-post-thumbnail","6":"product_cat-equipment-operation","7":"product_cat-food-printers","8":"product_cat-imago-food-printers","9":"product_cat-primers-and-cleaning-fluids","11":"first","12":"instock","13":"shipping-taxable","14":"purchasable","15":"product-type-simple"},"_links":{"self":[{"href":"https:\/\/dersuessestopp.com\/de_at\/wp-json\/wp\/v2\/product\/9876","targetHints":{"allow":["GET"]}}],"collection":[{"href":"https:\/\/dersuessestopp.com\/de_at\/wp-json\/wp\/v2\/product"}],"about":[{"href":"https:\/\/dersuessestopp.com\/de_at\/wp-json\/wp\/v2\/types\/product"}],"replies":[{"embeddable":true,"href":"https:\/\/dersuessestopp.com\/de_at\/wp-json\/wp\/v2\/comments?post=9876"}],"version-history":[{"count":1,"href":"https:\/\/dersuessestopp.com\/de_at\/wp-json\/wp\/v2\/product\/9876\/revisions"}],"predecessor-version":[{"id":9994,"href":"https:\/\/dersuessestopp.com\/de_at\/wp-json\/wp\/v2\/product\/9876\/revisions\/9994"}],"wp:featuredmedia":[{"embeddable":true,"href":"https:\/\/dersuessestopp.com\/de_at\/wp-json\/wp\/v2\/media\/9875"}],"wp:attachment":[{"href":"https:\/\/dersuessestopp.com\/de_at\/wp-json\/wp\/v2\/media?parent=9876"}],"wp:term":[{"taxonomy":"product_brand","embeddable":true,"href":"https:\/\/dersuessestopp.com\/de_at\/wp-json\/wp\/v2\/product_brand?post=9876"},{"taxonomy":"product_cat","embeddable":true,"href":"https:\/\/dersuessestopp.com\/de_at\/wp-json\/wp\/v2\/product_cat?post=9876"},{"taxonomy":"product_tag","embeddable":true,"href":"https:\/\/dersuessestopp.com\/de_at\/wp-json\/wp\/v2\/product_tag?post=9876"}],"curies":[{"name":"wp","href":"https:\/\/api.w.org\/{rel}","templated":true}]}}