{"id":9872,"date":"2025-09-28T03:47:31","date_gmt":"2025-09-28T03:47:31","guid":{"rendered":"https:\/\/dersuessestopp.com\/product\/rotor-device-for-printing-on-cylindrical-objects\/"},"modified":"2025-09-28T04:10:18","modified_gmt":"2025-09-28T04:10:18","slug":"rotorvorrichtung-zum-bedrucken-zylindrischer-objekte","status":"publish","type":"product","link":"https:\/\/dersuessestopp.com\/de_at\/product\/rotor-device-for-printing-on-cylindrical-objects\/","title":{"rendered":"ROTOR - Vorrichtung zum Bedrucken zylindrischer Objekte"},"content":{"rendered":"<p>Das mechanische Modul Rotor f\u00fcr den Runddruck zeichnet sich durch ein robustes mechanisches Design und eine intuitive Einstellung aus. Das Modul wird mit Hilfe eines Magnetsystems auf Aquila UV LED oder Nanosolvent installiert, wodurch das Ger\u00e4t vollst\u00e4ndig mit IMAGO Druckern kompatibel ist und keine Netzwerkverbindung ben\u00f6tigt. Erweiterung der Druckkapazit\u00e4ten von digitalen Flachbettdruckern Mit Rotor k\u00f6nnen Sie die Druckkapazit\u00e4ten von Flachbettdruckern erheblich erweitern und dabei h\u00f6chste Qualit\u00e4t und Pr\u00e4zision beibehalten. Durch die Einstellung des Walzenabstands kann das Modul genau auf den Durchmesser einer Kerze, Flasche oder Vase eingestellt werden. Dar\u00fcber hinaus erm\u00f6glicht die Funktion zur Einstellung der Detailstufe das Bedrucken von konischen Produkten wie Tassen und Wasserflaschen.<\/p>","protected":false},"excerpt":{"rendered":"<p>ROTOR ist eine moderne Peripheriel\u00f6sung f\u00fcr das Bedrucken von zylindrischen, konischen und kugelf\u00f6rmigen Objekten auf AQUILA UV LED und AQUILA Nanosolvent Druckern. Mit ihm k\u00f6nnen Sie ganz einfach Kerzen, Flaschen, Gl\u00e4ser und sogar Weihnachtskugeln bedrucken!<\/p>","protected":false},"featured_media":9871,"comment_status":"open","ping_status":"closed","template":"","meta":[],"product_brand":[],"product_cat":[82,38],"product_tag":[],"class_list":{"0":"post-9872","1":"product","2":"type-product","3":"status-publish","4":"has-post-thumbnail","6":"product_cat-peripheral-devices","7":"product_cat-imago-food-printers","9":"first","10":"instock","11":"shipping-taxable","12":"purchasable","13":"product-type-simple"},"_links":{"self":[{"href":"https:\/\/dersuessestopp.com\/de_at\/wp-json\/wp\/v2\/product\/9872","targetHints":{"allow":["GET"]}}],"collection":[{"href":"https:\/\/dersuessestopp.com\/de_at\/wp-json\/wp\/v2\/product"}],"about":[{"href":"https:\/\/dersuessestopp.com\/de_at\/wp-json\/wp\/v2\/types\/product"}],"replies":[{"embeddable":true,"href":"https:\/\/dersuessestopp.com\/de_at\/wp-json\/wp\/v2\/comments?post=9872"}],"version-history":[{"count":1,"href":"https:\/\/dersuessestopp.com\/de_at\/wp-json\/wp\/v2\/product\/9872\/revisions"}],"predecessor-version":[{"id":9996,"href":"https:\/\/dersuessestopp.com\/de_at\/wp-json\/wp\/v2\/product\/9872\/revisions\/9996"}],"wp:featuredmedia":[{"embeddable":true,"href":"https:\/\/dersuessestopp.com\/de_at\/wp-json\/wp\/v2\/media\/9871"}],"wp:attachment":[{"href":"https:\/\/dersuessestopp.com\/de_at\/wp-json\/wp\/v2\/media?parent=9872"}],"wp:term":[{"taxonomy":"product_brand","embeddable":true,"href":"https:\/\/dersuessestopp.com\/de_at\/wp-json\/wp\/v2\/product_brand?post=9872"},{"taxonomy":"product_cat","embeddable":true,"href":"https:\/\/dersuessestopp.com\/de_at\/wp-json\/wp\/v2\/product_cat?post=9872"},{"taxonomy":"product_tag","embeddable":true,"href":"https:\/\/dersuessestopp.com\/de_at\/wp-json\/wp\/v2\/product_tag?post=9872"}],"curies":[{"name":"wp","href":"https:\/\/api.w.org\/{rel}","templated":true}]}}