{"id":9868,"date":"2025-09-28T03:47:24","date_gmt":"2025-09-28T03:47:24","guid":{"rendered":"https:\/\/dersuessestopp.com\/product\/dust-collector-filters-20-pieces\/"},"modified":"2025-09-28T04:10:18","modified_gmt":"2025-09-28T04:10:18","slug":"filter-fur-staubabscheider-20-stuck","status":"publish","type":"product","link":"https:\/\/dersuessestopp.com\/de_at\/product\/dust-collector-filters-20-pieces\/","title":{"rendered":"Filter f\u00fcr Entstaubungsanlagen, 20 St\u00fcck"},"content":{"rendered":"<p>Speziell entwickelte Filter entfernen feine Staub- und Schmutzpartikel und sch\u00fctzen so empfindliche Maschinenkomponenten. Der regelm\u00e4\u00dfige Austausch der Filter tr\u00e4gt zur Aufrechterhaltung einer optimalen Maschinenleistung bei, was sich in einer l\u00e4ngeren Lebensdauer und geringeren Wartungskosten niederschl\u00e4gt. Das in unserem Drucker verwendete Staubabsaugsystem erm\u00f6glicht es Ihnen, auf unebenen Oberfl\u00e4chen und staubigen Materialien zu drucken, ohne sich Gedanken \u00fcber den Zustand des Drucksystems zu machen.  Die Filter sind mit den Aquila UV-LED-Druckern und den VULPES-S\u00fc\u00dfwarenplottern kompatibel. Es wird empfohlen, die Filter im Ger\u00e4t einmal pro Woche zu ersetzen. Im Filterset f\u00fcr den Staubabscheider ist keine Pinzette enthalten.<\/p>","protected":false},"excerpt":{"rendered":"<p>Staubfilter, 20 St\u00fcck - ein Schl\u00fcsselelement zur Aufrechterhaltung der Sauberkeit im Inneren des Ger\u00e4ts und zur Erhaltung des Druckkopfs in gutem Zustand.<\/p>","protected":false},"featured_media":9867,"comment_status":"open","ping_status":"closed","template":"","meta":[],"product_brand":[],"product_cat":[91,76,38,77],"product_tag":[],"class_list":{"0":"post-9868","1":"product","2":"type-product","3":"status-publish","4":"has-post-thumbnail","6":"product_cat-device-operation","7":"product_cat-food-printers","8":"product_cat-imago-food-printers","9":"product_cat-uv-led-printers","11":"first","12":"instock","13":"shipping-taxable","14":"purchasable","15":"product-type-simple"},"_links":{"self":[{"href":"https:\/\/dersuessestopp.com\/de_at\/wp-json\/wp\/v2\/product\/9868","targetHints":{"allow":["GET"]}}],"collection":[{"href":"https:\/\/dersuessestopp.com\/de_at\/wp-json\/wp\/v2\/product"}],"about":[{"href":"https:\/\/dersuessestopp.com\/de_at\/wp-json\/wp\/v2\/types\/product"}],"replies":[{"embeddable":true,"href":"https:\/\/dersuessestopp.com\/de_at\/wp-json\/wp\/v2\/comments?post=9868"}],"version-history":[{"count":1,"href":"https:\/\/dersuessestopp.com\/de_at\/wp-json\/wp\/v2\/product\/9868\/revisions"}],"predecessor-version":[{"id":9998,"href":"https:\/\/dersuessestopp.com\/de_at\/wp-json\/wp\/v2\/product\/9868\/revisions\/9998"}],"wp:featuredmedia":[{"embeddable":true,"href":"https:\/\/dersuessestopp.com\/de_at\/wp-json\/wp\/v2\/media\/9867"}],"wp:attachment":[{"href":"https:\/\/dersuessestopp.com\/de_at\/wp-json\/wp\/v2\/media?parent=9868"}],"wp:term":[{"taxonomy":"product_brand","embeddable":true,"href":"https:\/\/dersuessestopp.com\/de_at\/wp-json\/wp\/v2\/product_brand?post=9868"},{"taxonomy":"product_cat","embeddable":true,"href":"https:\/\/dersuessestopp.com\/de_at\/wp-json\/wp\/v2\/product_cat?post=9868"},{"taxonomy":"product_tag","embeddable":true,"href":"https:\/\/dersuessestopp.com\/de_at\/wp-json\/wp\/v2\/product_tag?post=9868"}],"curies":[{"name":"wp","href":"https:\/\/api.w.org\/{rel}","templated":true}]}}