{"id":9860,"date":"2025-09-28T03:47:18","date_gmt":"2025-09-28T03:47:18","guid":{"rendered":"https:\/\/dersuessestopp.com\/product\/dust-free-cotton-swabs-20-pieces\/"},"modified":"2025-09-28T04:10:19","modified_gmt":"2025-09-28T04:10:19","slug":"staubfreie-wattestabchen-20-stuck","status":"publish","type":"product","link":"https:\/\/dersuessestopp.com\/de_at\/product\/dust-free-cotton-swabs-20-pieces\/","title":{"rendered":"Staubfreie Wattest\u00e4bchen, 20 St\u00fcck"},"content":{"rendered":"<p>Schonend und sicher: Sie schonen den Druckkopf und eliminieren das Risiko einer Besch\u00e4digung w\u00e4hrend des Reinigungsvorgangs. Effektive Entfernung von Verunreinigungen: Dank ihrer einzigartigen Faserstruktur entfernen die Tupfer effektiv alle Verunreinigungen, wie z. B. \u00fcbersch\u00fcssige Tinte oder Staub. Bequeme Verpackung: Die Tupfer sind sorgf\u00e4ltig verpackt, um sie sauber zu halten und einfach zu lagern, damit sie immer einsatzbereit sind.<\/p>","protected":false},"excerpt":{"rendered":"<p>Staubfreie Tupfer sind ein zuverl\u00e4ssiges Werkzeug f\u00fcr die pr\u00e4zise und effektive Reinigung Ihres Imago Druckers.  Sie sind unerl\u00e4sslich, um die optimale Leistung Ihres Ger\u00e4ts zu erhalten.<\/p>","protected":false},"featured_media":9859,"comment_status":"open","ping_status":"closed","template":"","meta":[],"product_brand":[],"product_cat":[84,81,76,38,85,77],"product_tag":[],"class_list":{"0":"post-9860","1":"product","2":"type-product","3":"status-publish","4":"has-post-thumbnail","6":"product_cat-aluminum-printers","7":"product_cat-equipment-operation","8":"product_cat-food-printers","9":"product_cat-imago-food-printers","10":"product_cat-nano-solvent-printers","11":"product_cat-uv-led-printers","13":"first","14":"instock","15":"shipping-taxable","16":"purchasable","17":"product-type-simple"},"_links":{"self":[{"href":"https:\/\/dersuessestopp.com\/de_at\/wp-json\/wp\/v2\/product\/9860","targetHints":{"allow":["GET"]}}],"collection":[{"href":"https:\/\/dersuessestopp.com\/de_at\/wp-json\/wp\/v2\/product"}],"about":[{"href":"https:\/\/dersuessestopp.com\/de_at\/wp-json\/wp\/v2\/types\/product"}],"replies":[{"embeddable":true,"href":"https:\/\/dersuessestopp.com\/de_at\/wp-json\/wp\/v2\/comments?post=9860"}],"version-history":[{"count":1,"href":"https:\/\/dersuessestopp.com\/de_at\/wp-json\/wp\/v2\/product\/9860\/revisions"}],"predecessor-version":[{"id":10004,"href":"https:\/\/dersuessestopp.com\/de_at\/wp-json\/wp\/v2\/product\/9860\/revisions\/10004"}],"wp:featuredmedia":[{"embeddable":true,"href":"https:\/\/dersuessestopp.com\/de_at\/wp-json\/wp\/v2\/media\/9859"}],"wp:attachment":[{"href":"https:\/\/dersuessestopp.com\/de_at\/wp-json\/wp\/v2\/media?parent=9860"}],"wp:term":[{"taxonomy":"product_brand","embeddable":true,"href":"https:\/\/dersuessestopp.com\/de_at\/wp-json\/wp\/v2\/product_brand?post=9860"},{"taxonomy":"product_cat","embeddable":true,"href":"https:\/\/dersuessestopp.com\/de_at\/wp-json\/wp\/v2\/product_cat?post=9860"},{"taxonomy":"product_tag","embeddable":true,"href":"https:\/\/dersuessestopp.com\/de_at\/wp-json\/wp\/v2\/product_tag?post=9860"}],"curies":[{"name":"wp","href":"https:\/\/api.w.org\/{rel}","templated":true}]}}