{"id":9858,"date":"2025-09-28T03:47:11","date_gmt":"2025-09-28T03:47:11","guid":{"rendered":"https:\/\/dersuessestopp.com\/product\/tweezers\/"},"modified":"2025-09-28T04:10:19","modified_gmt":"2025-09-28T04:10:19","slug":"pinzette","status":"publish","type":"product","link":"https:\/\/dersuessestopp.com\/de_at\/product\/tweezers\/","title":{"rendered":"Pinzette"},"content":{"rendered":"<p>Pr\u00e4zise Konstruktion: Perfekt f\u00fcr die Manipulation kleiner Komponenten bei der Wartung von Druckern. Ergonomisches Design: Die bequeme und ergonomische Form der Pinzette gew\u00e4hrleistet auch bei l\u00e4ngerem Gebrauch einen hohen Bedienkomfort. Langlebige Materialien: Die verwendeten Materialien garantieren Langlebigkeit und Widerstandsf\u00e4higkeit gegen Besch\u00e4digungen, so dass die Pinzette Ihnen f\u00fcr viele Aufgaben gute Dienste leisten wird.<\/p>","protected":false},"excerpt":{"rendered":"<p>Die Pinzette ist ein kleiner, aber \u00e4u\u00dferst wichtiger Teil des IMAGO Drucker-Service-Kits.<\/p>","protected":false},"featured_media":9857,"comment_status":"open","ping_status":"closed","template":"","meta":[],"product_brand":[],"product_cat":[84,76,38,85,75,77],"product_tag":[],"class_list":{"0":"post-9858","1":"product","2":"type-product","3":"status-publish","4":"has-post-thumbnail","6":"product_cat-aluminum-printers","7":"product_cat-food-printers","8":"product_cat-imago-food-printers","9":"product_cat-nano-solvent-printers","10":"product_cat-operation-of-devices","11":"product_cat-uv-led-printers","13":"first","14":"instock","15":"shipping-taxable","16":"purchasable","17":"product-type-simple"},"_links":{"self":[{"href":"https:\/\/dersuessestopp.com\/de_at\/wp-json\/wp\/v2\/product\/9858","targetHints":{"allow":["GET"]}}],"collection":[{"href":"https:\/\/dersuessestopp.com\/de_at\/wp-json\/wp\/v2\/product"}],"about":[{"href":"https:\/\/dersuessestopp.com\/de_at\/wp-json\/wp\/v2\/types\/product"}],"replies":[{"embeddable":true,"href":"https:\/\/dersuessestopp.com\/de_at\/wp-json\/wp\/v2\/comments?post=9858"}],"version-history":[{"count":1,"href":"https:\/\/dersuessestopp.com\/de_at\/wp-json\/wp\/v2\/product\/9858\/revisions"}],"predecessor-version":[{"id":10005,"href":"https:\/\/dersuessestopp.com\/de_at\/wp-json\/wp\/v2\/product\/9858\/revisions\/10005"}],"wp:featuredmedia":[{"embeddable":true,"href":"https:\/\/dersuessestopp.com\/de_at\/wp-json\/wp\/v2\/media\/9857"}],"wp:attachment":[{"href":"https:\/\/dersuessestopp.com\/de_at\/wp-json\/wp\/v2\/media?parent=9858"}],"wp:term":[{"taxonomy":"product_brand","embeddable":true,"href":"https:\/\/dersuessestopp.com\/de_at\/wp-json\/wp\/v2\/product_brand?post=9858"},{"taxonomy":"product_cat","embeddable":true,"href":"https:\/\/dersuessestopp.com\/de_at\/wp-json\/wp\/v2\/product_cat?post=9858"},{"taxonomy":"product_tag","embeddable":true,"href":"https:\/\/dersuessestopp.com\/de_at\/wp-json\/wp\/v2\/product_tag?post=9858"}],"curies":[{"name":"wp","href":"https:\/\/api.w.org\/{rel}","templated":true}]}}