{"id":9847,"date":"2025-09-28T03:46:54","date_gmt":"2025-09-28T03:46:54","guid":{"rendered":"https:\/\/dersuessestopp.com\/product\/anodized-aluminum-sheets-320x500-mm-0-5-mm-thick-42-pieces\/"},"modified":"2025-09-28T04:38:18","modified_gmt":"2025-09-28T04:38:18","slug":"eloxierte-aluminiumbleche-320x500-mm-0-5-mm-dick-42-stuck","status":"publish","type":"product","link":"https:\/\/dersuessestopp.com\/de_at\/product\/anodized-aluminum-sheets-320x500-mm-0-5-mm-thick-42-pieces\/","title":{"rendered":"Eloxierte Aluminiumbleche: 320\u00d7500 mm, 0,5 mm dick - 42 St\u00fcck"},"content":{"rendered":"<p>Entdecken Sie die Anwendungen von eloxierten Aluminiumschildern Eloxierte Schilder werden \u00fcberall dort eingesetzt, wo Haltbarkeit und Produktqualit\u00e4t gefragt sind, z. B. bei Ger\u00e4teschildern, Bedienfeldern, beschreibenden Schildern, Geb\u00e4ude- und Raumbeschilderungen, Museumsdisplays, Lagerhausbeschilderungen, aber auch bei hochwertigen Visitenkarten, Linealen, speziellen Schildern in der Schmuckindustrie und Zifferbl\u00e4ttern. Drucktechnologie auf anodisiertem Aluminium Die Inkjet-Drucktechnologie auf anodisiertem Aluminium bietet gro\u00dfartige M\u00f6glichkeiten f\u00fcr den Einsatz dieses Materials in vielen Branchen. Eloxiertes Aluminium mit einer flachen Oberfl\u00e4che wird im Digitaldruckverfahren mit beliebigen Grafiken bedruckt und anschlie\u00dfend einem Versiegelungsbad unterzogen. Die Technologie erm\u00f6glicht einen unzerst\u00f6rbaren Druck, der gegen Kratzer und Chemikalien resistent ist. Sie konkurriert mit der Gravur und anderen Druckverfahren, die keine solche Haltbarkeit und Pr\u00e4zision bieten. In die Poren der Oxidschicht wird eine spezielle Tinte eingebracht, die zu einem pr\u00e4zisen Druck f\u00fchrt, der sogar mit einer Lupe sichtbar ist. M\u00f6chten Sie Ihre eigene Druckplattenproduktion starten? Bestellen Sie ein Technologiepaket f\u00fcr den Druck auf eloxiertem Aluminium und lassen Sie sich auf die Seite \u00fcber die Drucktechnologie f\u00fcr eloxiertes Aluminium weiterleiten. Anwendung von eloxiertem Aluminium Eloxiertes Aluminium wird dort eingesetzt, wo Teile Witterungseinfl\u00fcssen oder aggressiven Umgebungen mit S\u00e4ure und Feuchtigkeit ausgesetzt sind, die Korrosion verursachen. Aufgrund der hohen H\u00e4rte der Emaillierung werden die Teile auch f\u00fcr Bauteile verwendet, die abrasiven Faktoren ausgesetzt sind. Ein charakteristisches Merkmal der Eloxiertechnik ist die M\u00f6glichkeit der Einf\u00e4rbung der Teile. Dadurch erhalten die Teile ein sehr \u00e4sthetisches Aussehen mit der M\u00f6glichkeit der Personalisierung je nach Bedarf. Farbige Elemente werden als Bestandteile von Maschinen- und Ger\u00e4tegeh\u00e4usen, M\u00f6beln, Schalttafeln und Alltagsgegenst\u00e4nden verwendet. Die M\u00f6glichkeit, die Oxidschicht einzuf\u00e4rben, bietet ein enormes Potenzial f\u00fcr zuk\u00fcnftige Anwendungen von eloxiertem Aluminium.<\/p>","protected":false},"excerpt":{"rendered":"<p>D\u00fcnne Bleche aus anodisiertem Aluminium, 320\u00d7500 mm gro\u00df und 0,5 mm dick. Oberfl\u00e4che des Blechs: SATIN. Die Bleche sind ideal f\u00fcr den Druck auf dem Aquila Aluminium-Drucker. Wir bieten in dieser Auktion Pakete mit 42 Blechen an. Preis pro Blatt: 45 PLN<\/p>","protected":false},"featured_media":9846,"comment_status":"open","ping_status":"closed","template":"","meta":[],"product_brand":[],"product_cat":[87,88,38],"product_tag":[],"class_list":{"0":"post-9847","1":"product","2":"type-product","3":"status-publish","4":"has-post-thumbnail","6":"product_cat-anodized-aluminum-sheets","7":"product_cat-for-printers-from-the-aluminum-series","8":"product_cat-imago-food-printers","10":"first","11":"instock","12":"shipping-taxable","13":"purchasable","14":"product-type-simple"},"_links":{"self":[{"href":"https:\/\/dersuessestopp.com\/de_at\/wp-json\/wp\/v2\/product\/9847","targetHints":{"allow":["GET"]}}],"collection":[{"href":"https:\/\/dersuessestopp.com\/de_at\/wp-json\/wp\/v2\/product"}],"about":[{"href":"https:\/\/dersuessestopp.com\/de_at\/wp-json\/wp\/v2\/types\/product"}],"replies":[{"embeddable":true,"href":"https:\/\/dersuessestopp.com\/de_at\/wp-json\/wp\/v2\/comments?post=9847"}],"version-history":[{"count":1,"href":"https:\/\/dersuessestopp.com\/de_at\/wp-json\/wp\/v2\/product\/9847\/revisions"}],"predecessor-version":[{"id":10012,"href":"https:\/\/dersuessestopp.com\/de_at\/wp-json\/wp\/v2\/product\/9847\/revisions\/10012"}],"wp:featuredmedia":[{"embeddable":true,"href":"https:\/\/dersuessestopp.com\/de_at\/wp-json\/wp\/v2\/media\/9846"}],"wp:attachment":[{"href":"https:\/\/dersuessestopp.com\/de_at\/wp-json\/wp\/v2\/media?parent=9847"}],"wp:term":[{"taxonomy":"product_brand","embeddable":true,"href":"https:\/\/dersuessestopp.com\/de_at\/wp-json\/wp\/v2\/product_brand?post=9847"},{"taxonomy":"product_cat","embeddable":true,"href":"https:\/\/dersuessestopp.com\/de_at\/wp-json\/wp\/v2\/product_cat?post=9847"},{"taxonomy":"product_tag","embeddable":true,"href":"https:\/\/dersuessestopp.com\/de_at\/wp-json\/wp\/v2\/product_tag?post=9847"}],"curies":[{"name":"wp","href":"https:\/\/api.w.org\/{rel}","templated":true}]}}