{"id":9841,"date":"2025-09-28T03:45:12","date_gmt":"2025-09-28T03:45:12","guid":{"rendered":"https:\/\/dersuessestopp.com\/product\/vsg-lite-module-suction-attachment\/"},"modified":"2025-09-28T04:10:40","modified_gmt":"2025-09-28T04:10:40","slug":"vsg-lite-modul-saugaufsatz","status":"publish","type":"product","link":"https:\/\/dersuessestopp.com\/de_at\/product\/vsg-lite-module-suction-attachment\/","title":{"rendered":"Modul VSG Lite - Absaugvorrichtung"},"content":{"rendered":"<p>Eine einfache L\u00f6sung zur Unterst\u00fctzung von IMAGO Digitaldruckern. Das Design des Ger\u00e4ts ist \u00e4sthetisch und benutzerfreundlich, und sein Betrieb und seine Wartung sind \u00e4u\u00dferst wirtschaftlich. Bei Nichtgebrauch schaltet sich der VSG Lite automatisch ab, was zu einer Senkung der Betriebskosten beitr\u00e4gt. Die einzelnen Funktionen werden mit nur drei Tasten gesteuert, wodurch das Ger\u00e4t einfach zu bedienen ist.   Saugtisch f\u00fcr UV-LED- und Nanosolvent-Drucker Das Modul VSG Lite gl\u00e4ttet das Substrat w\u00e4hrend des Drucks automatisch und erm\u00f6glicht die Auflage von d\u00fcnnen Materialien, was die Pr\u00e4zision und Wiederholbarkeit von UV-LED-Drucken auf Papier, Folien, Blechen, Sperrholz und Stoffen erh\u00f6ht. Gleichzeitig verhindert es die Verformung von Details unter dem Einfluss der W\u00e4rme der UV-LED-Lampe und erleichtert so den Druck auf Acryl, PVC und anderen Kunststoffen.<\/p>","protected":false},"excerpt":{"rendered":"<p>VSG Lite Modul - Drucken mit h\u00f6chster Pr\u00e4zision auf d\u00fcnnen Materialien. Das VSG Lite-Modul ist ein Universalwerkzeug, das mit einem Vakuumtisch ausgestattet ist. Das Modul erm\u00f6glicht das Drucken auf schwer zu bedruckenden Materialien, wie z. B. d\u00fcnne Substrate und leicht verformbare Materialien.<\/p>","protected":false},"featured_media":9840,"comment_status":"open","ping_status":"closed","template":"","meta":[],"product_brand":[],"product_cat":[83,82,38],"product_tag":[],"class_list":{"0":"post-9841","1":"product","2":"type-product","3":"status-publish","4":"has-post-thumbnail","6":"product_cat-devices","7":"product_cat-peripheral-devices","8":"product_cat-imago-food-printers","10":"first","11":"instock","12":"shipping-taxable","13":"purchasable","14":"product-type-simple"},"_links":{"self":[{"href":"https:\/\/dersuessestopp.com\/de_at\/wp-json\/wp\/v2\/product\/9841","targetHints":{"allow":["GET"]}}],"collection":[{"href":"https:\/\/dersuessestopp.com\/de_at\/wp-json\/wp\/v2\/product"}],"about":[{"href":"https:\/\/dersuessestopp.com\/de_at\/wp-json\/wp\/v2\/types\/product"}],"replies":[{"embeddable":true,"href":"https:\/\/dersuessestopp.com\/de_at\/wp-json\/wp\/v2\/comments?post=9841"}],"version-history":[{"count":1,"href":"https:\/\/dersuessestopp.com\/de_at\/wp-json\/wp\/v2\/product\/9841\/revisions"}],"predecessor-version":[{"id":10015,"href":"https:\/\/dersuessestopp.com\/de_at\/wp-json\/wp\/v2\/product\/9841\/revisions\/10015"}],"wp:featuredmedia":[{"embeddable":true,"href":"https:\/\/dersuessestopp.com\/de_at\/wp-json\/wp\/v2\/media\/9840"}],"wp:attachment":[{"href":"https:\/\/dersuessestopp.com\/de_at\/wp-json\/wp\/v2\/media?parent=9841"}],"wp:term":[{"taxonomy":"product_brand","embeddable":true,"href":"https:\/\/dersuessestopp.com\/de_at\/wp-json\/wp\/v2\/product_brand?post=9841"},{"taxonomy":"product_cat","embeddable":true,"href":"https:\/\/dersuessestopp.com\/de_at\/wp-json\/wp\/v2\/product_cat?post=9841"},{"taxonomy":"product_tag","embeddable":true,"href":"https:\/\/dersuessestopp.com\/de_at\/wp-json\/wp\/v2\/product_tag?post=9841"}],"curies":[{"name":"wp","href":"https:\/\/api.w.org\/{rel}","templated":true}]}}