{"id":8978,"date":"2025-09-23T11:47:40","date_gmt":"2025-09-23T11:47:40","guid":{"rendered":"https:\/\/dersuessestopp.com\/?post_type=product&#038;p=8978"},"modified":"2025-10-08T20:07:45","modified_gmt":"2025-10-08T20:07:45","slug":"cv-180-bev","status":"publish","type":"product","link":"https:\/\/dersuessestopp.com\/de_at\/product\/cv-180-bev\/","title":{"rendered":"CV 180 BEV"},"content":{"rendered":"<p data-start=\"174\" data-end=\"482\"><img fetchpriority=\"high\" decoding=\"async\" class=\"alignnone wp-image-11515 size-full\" src=\"https:\/\/dersuessestopp.com\/wp-content\/uploads\/2025\/09\/CV-180-BEV-Dettagli.jpg\" alt=\"\" width=\"2000\" height=\"600\" srcset=\"https:\/\/dersuessestopp.com\/wp-content\/uploads\/2025\/09\/CV-180-BEV-Dettagli.jpg 2000w, https:\/\/dersuessestopp.com\/wp-content\/uploads\/2025\/09\/CV-180-BEV-Dettagli-300x90.jpg 300w, https:\/\/dersuessestopp.com\/wp-content\/uploads\/2025\/09\/CV-180-BEV-Dettagli-1024x307.jpg 1024w, https:\/\/dersuessestopp.com\/wp-content\/uploads\/2025\/09\/CV-180-BEV-Dettagli-768x230.jpg 768w, https:\/\/dersuessestopp.com\/wp-content\/uploads\/2025\/09\/CV-180-BEV-Dettagli-1536x461.jpg 1536w, https:\/\/dersuessestopp.com\/wp-content\/uploads\/2025\/09\/CV-180-BEV-Dettagli-250x75.jpg 250w, https:\/\/dersuessestopp.com\/wp-content\/uploads\/2025\/09\/CV-180-BEV-Dettagli-600x180.jpg 600w\" sizes=\"(max-width: 2000px) 100vw, 2000px\" \/><\/p>\n<p data-start=\"174\" data-end=\"482\">Die <strong data-start=\"178\" data-end=\"192\">CV 180 BEV<\/strong> ist eine <strong data-start=\"198\" data-end=\"228\">bel\u00fcfteter Getr\u00e4nkek\u00fchler<\/strong> mit einer modernen <strong data-start=\"243\" data-end=\"272\">rahmenlose Vollglast\u00fcr<\/strong>, elektronischer Thermostat und optionale Holzeinlegeb\u00f6den. Konzipiert f\u00fcr <strong data-start=\"339\" data-end=\"391\">Bars, Restaurants, Lebensmittelgesch\u00e4fte und Caf\u00e9s<\/strong>, bietet er eine pr\u00e4zise Temperaturkontrolle und effiziente Lagerung f\u00fcr <strong data-start=\"459\" data-end=\"479\">Flaschen und Dosen<\/strong>.<\/p>\n<h2 data-start=\"911\" data-end=\"922\"><strong>Kapazit\u00e4t<\/strong><\/h2>\n<div class=\"_tableContainer_1rjym_1\">\n<div class=\"group _tableWrapper_1rjym_13 flex w-fit flex-col-reverse\">\n<table>\n<thead>\n<tr>\n<th>Modell<\/th>\n<th>75-cl-Flaschen<\/th>\n<th>33-cl-Flaschen<\/th>\n<th>33 cl Dosen<\/th>\n<th>Anmerkungen<\/th>\n<\/tr>\n<\/thead>\n<tbody>\n<tr>\n<td>CV 180 BEV<\/td>\n<td>160<\/td>\n<td>280<\/td>\n<td>630<\/td>\n<td>Das Fassungsverm\u00f6gen kann je nach Verpackung variieren<\/td>\n<\/tr>\n<\/tbody>\n<\/table>\n<h2 data-start=\"1244\" data-end=\"1257\"><strong>Abmessungen<\/strong><\/h2>\n<table>\n<thead>\n<tr>\n<th>Beschreibung<\/th>\n<th>Messung (mm)<\/th>\n<\/tr>\n<\/thead>\n<tbody>\n<tr>\n<td>\u00c4u\u00dfere Abmessungen (BxTxH)<\/td>\n<td>595 \u00d7 700 \u00d7 1804<\/td>\n<\/tr>\n<tr>\n<td>Abmessungen der Verpackung (BxTxH)<\/td>\n<td>645 \u00d7 770 \u00d7 1996<\/td>\n<\/tr>\n<tr>\n<td>Innere Breite (A)<\/td>\n<td>500<\/td>\n<\/tr>\n<tr>\n<td>Innere Tiefe (B)<\/td>\n<td>540<\/td>\n<\/tr>\n<tr>\n<td>Innere H\u00f6he (C)<\/td>\n<td>1630<\/td>\n<\/tr>\n<tr>\n<td>Mindesttiefe (D)<\/td>\n<td>380<\/td>\n<\/tr>\n<tr>\n<td>Mindesth\u00f6he (E)<\/td>\n<td>1420<\/td>\n<\/tr>\n<tr>\n<td>Seitenaufkleber<\/td>\n<td>648 \u00d7 1785<\/td>\n<\/tr>\n<tr>\n<td>Glasaufkleber<\/td>\n<td>462 \u00d7 1580<\/td>\n<\/tr>\n<\/tbody>\n<\/table>\n<div><\/div>\n<div class=\"_tableContainer_1rjym_1\">\n<div class=\"group _tableWrapper_1rjym_13 flex w-fit flex-col-reverse\">\n<h2 data-start=\"1642\" data-end=\"1663\"><strong>Technische Merkmale<\/strong><\/h2>\n<div class=\"_tableContainer_1rjym_1\">\n<div class=\"group _tableWrapper_1rjym_13 flex w-fit flex-col-reverse\">\n<table>\n<thead>\n<tr>\n<th>Merkmal<\/th>\n<th>Spezifikation<\/th>\n<\/tr>\n<\/thead>\n<tbody>\n<tr>\n<td>Temperaturbereich<\/td>\n<td>0\u00b0C \/ +10\u00b0C<\/td>\n<\/tr>\n<tr>\n<td>Klima-Klasse<\/td>\n<td>4<\/td>\n<\/tr>\n<tr>\n<td>Netto\/Brutto Volumen<\/td>\n<td>409 \/ 425 L<\/td>\n<\/tr>\n<tr>\n<td>Externer K\u00f6rper<\/td>\n<td>Bandbeschichtetes Blech mit Korrosionsschutzbehandlung<\/td>\n<\/tr>\n<tr>\n<td>T\u00fcr<\/td>\n<td>Schwarzes Vollglas<\/td>\n<\/tr>\n<tr>\n<td>Innenauskleidung<\/td>\n<td>ABS<\/td>\n<\/tr>\n<tr>\n<td>Thermostat<\/td>\n<td>Elektronisch<\/td>\n<\/tr>\n<tr>\n<td>L\u00e4rmpegel<\/td>\n<td>44 dB<\/td>\n<\/tr>\n<tr>\n<td>Dicke der Isolierung<\/td>\n<td>55 mm<\/td>\n<\/tr>\n<tr>\n<td>Abtau-System<\/td>\n<td>Automatisch (Kompressor aus) + Manuell<\/td>\n<\/tr>\n<tr>\n<td>Beleuchtung<\/td>\n<td>2 vertikale + 1 horizontale LED<\/td>\n<\/tr>\n<tr>\n<td>Schloss &amp; Schl\u00fcssel<\/td>\n<td>Ja<\/td>\n<\/tr>\n<tr>\n<td>Reversible T\u00fcr<\/td>\n<td>Ja<\/td>\n<\/tr>\n<tr>\n<td>Einlegeb\u00f6den (BxT)<\/td>\n<td>5 \u00d7 478 \u00d7 536 mm<\/td>\n<\/tr>\n<tr>\n<td>Korb (BxTxH)<\/td>\n<td>1 \u00d7 481 \u00d7 381 \u00d7 136 mm<\/td>\n<\/tr>\n<tr>\n<td>Holzregale<\/td>\n<td>Optional<\/td>\n<\/tr>\n<tr>\n<td>Rollen und F\u00fc\u00dfe<\/td>\n<td>4 F\u00fc\u00dfe<\/td>\n<\/tr>\n<\/tbody>\n<\/table>\n<h2 data-start=\"2311\" data-end=\"2329\"><strong>Elektrische Daten<\/strong><\/h2>\n<div class=\"_tableContainer_1rjym_1\">\n<div class=\"group _tableWrapper_1rjym_13 flex w-fit flex-col-reverse\">\n<table>\n<thead>\n<tr>\n<th>Spezifikation<\/th>\n<th>Wert<\/th>\n<\/tr>\n<\/thead>\n<tbody>\n<tr>\n<td>Spannung<\/td>\n<td>220 V<\/td>\n<\/tr>\n<tr>\n<td>Frequenz<\/td>\n<td>50 Hz<\/td>\n<\/tr>\n<tr>\n<td>K\u00e4ltemittel<\/td>\n<td>R600A<\/td>\n<\/tr>\n<tr>\n<td>Leistungsabsorption<\/td>\n<td>118 W<\/td>\n<\/tr>\n<tr>\n<td>Energieverbrauch (24h)<\/td>\n<td>0,425 kWh<\/td>\n<\/tr>\n<tr>\n<td>Netto-\/Bruttogewicht<\/td>\n<td>98 \/ 116 kg<\/td>\n<\/tr>\n<\/tbody>\n<\/table>\n<\/div>\n<\/div>\n<\/div>\n<\/div>\n<\/div>\n<\/div>\n<\/div>\n<\/div>","protected":false},"excerpt":{"rendered":"<p>The CV 180 BEV is a ventilated beverage cooler with a modern full glass frameless door, electronic thermostat, and optional wooden shelves. Designed for bars, restaurants, convenience stores, and caf\u00e9s, it provides precise temperature control and efficient storage for bottles and cans. Capacity Model 75 cl Bottles 33 cl Bottles 33 cl Cans Notes CV [&hellip;]<\/p>\n","protected":false},"featured_media":8983,"comment_status":"open","ping_status":"closed","template":"","meta":[],"product_brand":[],"product_cat":[49],"product_tag":[],"class_list":{"0":"post-8978","1":"product","2":"type-product","3":"status-publish","4":"has-post-thumbnail","6":"product_cat-wine-fridges","8":"first","9":"instock","10":"shipping-taxable","11":"product-type-simple"},"_links":{"self":[{"href":"https:\/\/dersuessestopp.com\/de_at\/wp-json\/wp\/v2\/product\/8978","targetHints":{"allow":["GET"]}}],"collection":[{"href":"https:\/\/dersuessestopp.com\/de_at\/wp-json\/wp\/v2\/product"}],"about":[{"href":"https:\/\/dersuessestopp.com\/de_at\/wp-json\/wp\/v2\/types\/product"}],"replies":[{"embeddable":true,"href":"https:\/\/dersuessestopp.com\/de_at\/wp-json\/wp\/v2\/comments?post=8978"}],"version-history":[{"count":3,"href":"https:\/\/dersuessestopp.com\/de_at\/wp-json\/wp\/v2\/product\/8978\/revisions"}],"predecessor-version":[{"id":11516,"href":"https:\/\/dersuessestopp.com\/de_at\/wp-json\/wp\/v2\/product\/8978\/revisions\/11516"}],"wp:featuredmedia":[{"embeddable":true,"href":"https:\/\/dersuessestopp.com\/de_at\/wp-json\/wp\/v2\/media\/8983"}],"wp:attachment":[{"href":"https:\/\/dersuessestopp.com\/de_at\/wp-json\/wp\/v2\/media?parent=8978"}],"wp:term":[{"taxonomy":"product_brand","embeddable":true,"href":"https:\/\/dersuessestopp.com\/de_at\/wp-json\/wp\/v2\/product_brand?post=8978"},{"taxonomy":"product_cat","embeddable":true,"href":"https:\/\/dersuessestopp.com\/de_at\/wp-json\/wp\/v2\/product_cat?post=8978"},{"taxonomy":"product_tag","embeddable":true,"href":"https:\/\/dersuessestopp.com\/de_at\/wp-json\/wp\/v2\/product_tag?post=8978"}],"curies":[{"name":"wp","href":"https:\/\/api.w.org\/{rel}","templated":true}]}}