{"id":8950,"date":"2025-09-23T11:03:48","date_gmt":"2025-09-23T11:03:48","guid":{"rendered":"https:\/\/dersuessestopp.com\/?post_type=product&#038;p=8950"},"modified":"2025-10-08T19:15:47","modified_gmt":"2025-10-08T19:15:47","slug":"clw-420-l-noce-medio","status":"publish","type":"product","link":"https:\/\/dersuessestopp.com\/de_at\/product\/clw-420-l-noce-medio\/","title":{"rendered":"CLW 420 L NOCE MEDIO"},"content":{"rendered":"<p><img fetchpriority=\"high\" decoding=\"async\" class=\"alignnone wp-image-11466 size-full\" src=\"https:\/\/dersuessestopp.com\/wp-content\/uploads\/2025\/09\/CLW420L-Dettagli-1.jpg\" alt=\"\" width=\"2000\" height=\"1005\" srcset=\"https:\/\/dersuessestopp.com\/wp-content\/uploads\/2025\/09\/CLW420L-Dettagli-1.jpg 2000w, https:\/\/dersuessestopp.com\/wp-content\/uploads\/2025\/09\/CLW420L-Dettagli-1-300x151.jpg 300w, https:\/\/dersuessestopp.com\/wp-content\/uploads\/2025\/09\/CLW420L-Dettagli-1-1024x515.jpg 1024w, https:\/\/dersuessestopp.com\/wp-content\/uploads\/2025\/09\/CLW420L-Dettagli-1-768x386.jpg 768w, https:\/\/dersuessestopp.com\/wp-content\/uploads\/2025\/09\/CLW420L-Dettagli-1-1536x772.jpg 1536w, https:\/\/dersuessestopp.com\/wp-content\/uploads\/2025\/09\/CLW420L-Dettagli-1-250x126.jpg 250w, https:\/\/dersuessestopp.com\/wp-content\/uploads\/2025\/09\/CLW420L-Dettagli-1-600x302.jpg 600w\" sizes=\"(max-width: 2000px) 100vw, 2000px\" \/><\/p>\n<p>Der CLW 420 L NOCE MEDIO ist ein hochwertiger statischer Weink\u00fchler mit optionalem Ventilatorbetrieb (on\/off) und Massivholzverkleidung. Er verbindet elegante \u00c4sthetik mit professioneller Funktionalit\u00e4t, ideal f\u00fcr Weinkeller, Restaurants, Hotels und private Sammler. Erh\u00e4ltlich in verschiedenen Ausf\u00fchrungen:<\/p>\n<ul data-start=\"500\" data-end=\"615\">\n<li data-start=\"500\" data-end=\"533\">\n<p data-start=\"502\" data-end=\"533\"><strong data-start=\"502\" data-end=\"520\">Walnuss mittel:<\/strong> Walnuss Esche<\/p>\n<\/li>\n<li data-start=\"534\" data-end=\"561\">\n<p data-start=\"536\" data-end=\"561\"><strong data-start=\"536\" data-end=\"546\">Wei\u00df:<\/strong> Gebleichtes Eschenholz<\/p>\n<\/li>\n<li data-start=\"562\" data-end=\"590\">\n<p data-start=\"564\" data-end=\"590\"><strong data-start=\"564\" data-end=\"576\">Nat\u00fcrlich:<\/strong> Natur-Esche<\/p>\n<\/li>\n<li data-start=\"591\" data-end=\"615\">\n<p data-start=\"593\" data-end=\"615\"><strong data-start=\"593\" data-end=\"603\">Schwarz:<\/strong> Schwarze Esche<\/p>\n<\/li>\n<\/ul>\n<h3 data-start=\"617\" data-end=\"632\"><strong>Kapazit\u00e4t<\/strong>:<\/h3>\n<table>\n<thead>\n<tr>\n<th>Modell<\/th>\n<th>Fassungsverm\u00f6gen (75-cl-Flaschen)<\/th>\n<th>Anmerkungen<\/th>\n<\/tr>\n<\/thead>\n<tbody>\n<tr>\n<td>CLW 420 L NOCE MEDIO<\/td>\n<td>126<\/td>\n<td>Daten k\u00f6nnen je nach Verpackung variieren<\/td>\n<\/tr>\n<\/tbody>\n<\/table>\n<h3 data-start=\"735\" data-end=\"751\"><strong>Abmessungen<\/strong><\/h3>\n<div class=\"_tableContainer_1rjym_1\">\n<div class=\"group _tableWrapper_1rjym_13 flex w-fit flex-col-reverse\">\n<table>\n<thead>\n<tr>\n<th>Beschreibung<\/th>\n<th>Messung (mm)<\/th>\n<\/tr>\n<\/thead>\n<tbody>\n<tr>\n<td>\u00c4u\u00dfere Abmessungen (BxTxH)<\/td>\n<td>655 \u00d7 635 \u00d7 1880<\/td>\n<\/tr>\n<tr>\n<td>Abmessungen der Verpackung (BxTxH)<\/td>\n<td>735 \u00d7 715 \u00d7 2050<\/td>\n<\/tr>\n<tr>\n<td>Innere Breite (A)<\/td>\n<td>522<\/td>\n<\/tr>\n<tr>\n<td>Innere Tiefe (B)<\/td>\n<td>449<\/td>\n<\/tr>\n<tr>\n<td>Innere H\u00f6he (C)<\/td>\n<td>1557<\/td>\n<\/tr>\n<tr>\n<td>Mindesttiefe (D)<\/td>\n<td>179<\/td>\n<\/tr>\n<tr>\n<td>Mindesth\u00f6he (E)<\/td>\n<td>1337<\/td>\n<\/tr>\n<tr>\n<td>Glasaufkleber<\/td>\n<td>503 \u00d7 1544<\/td>\n<\/tr>\n<\/tbody>\n<\/table>\n<\/div>\n<\/div>\n<h3 data-start=\"1108\" data-end=\"1132\"><strong>Technische Merkmale<\/strong><\/h3>\n<table>\n<thead>\n<tr>\n<th>Merkmal<\/th>\n<th>Spezifikation<\/th>\n<\/tr>\n<\/thead>\n<tbody>\n<tr>\n<td>Temperaturbereich (L\u00fcfter AUS)<\/td>\n<td>+16\u00b0C \/ +10\u00b0C \/ +5\u00b0C<\/td>\n<\/tr>\n<tr>\n<td>Temperaturbereich (L\u00fcfter EIN)<\/td>\n<td>+4\u00b0C \/ +18\u00b0C<\/td>\n<\/tr>\n<tr>\n<td>Klima-Klasse<\/td>\n<td>4<\/td>\n<\/tr>\n<tr>\n<td>Netto\/Brutto Volumen<\/td>\n<td>342 L \/ 382 L<\/td>\n<\/tr>\n<tr>\n<td>Beschichtung<\/td>\n<td>Massives Eschenholz<\/td>\n<\/tr>\n<tr>\n<td>Innenauskleidung<\/td>\n<td>Thermogeformtes ABS<\/td>\n<\/tr>\n<tr>\n<td>Thermostat<\/td>\n<td>Elektronisch<\/td>\n<\/tr>\n<tr>\n<td>Fernsteuerung<\/td>\n<td>Optionaler WiFi Smart Link<\/td>\n<\/tr>\n<tr>\n<td>L\u00e4rmpegel<\/td>\n<td>55 dB<\/td>\n<\/tr>\n<tr>\n<td>Dicke der Isolierung<\/td>\n<td>40 mm<\/td>\n<\/tr>\n<tr>\n<td>Abtau-System<\/td>\n<td>Automatisch (Kompressor aus) + Manuell<\/td>\n<\/tr>\n<tr>\n<td>Beleuchtung<\/td>\n<td>2 vertikale LEDs<\/td>\n<\/tr>\n<tr>\n<td>Selbstschlie\u00dfende T\u00fcr<\/td>\n<td>Ja<\/td>\n<\/tr>\n<tr>\n<td>Schloss &amp; Schl\u00fcssel<\/td>\n<td>Ja<\/td>\n<\/tr>\n<tr>\n<td>Einlegeb\u00f6den (BxT)<\/td>\n<td>5 \u00d7 513 \u00d7 410 mm, Holzb\u00f6den optional<\/td>\n<\/tr>\n<tr>\n<td>Rollen und F\u00fc\u00dfe<\/td>\n<td>2 F\u00fc\u00dfe + 2 Rollen<\/td>\n<\/tr>\n<tr>\n<td>Netto-\/Bruttogewicht<\/td>\n<td>80 \/ 87 kg<\/td>\n<\/tr>\n<\/tbody>\n<\/table>\n<div class=\"group _tableWrapper_1rjym_13 flex w-fit flex-col-reverse\"><\/div>\n<div>\n<h3 data-start=\"1828\" data-end=\"1849\"><strong>Elektrische Daten<\/strong><\/h3>\n<div class=\"_tableContainer_1rjym_1\">\n<div class=\"group _tableWrapper_1rjym_13 flex w-fit flex-col-reverse\">\n<table>\n<thead>\n<tr>\n<th>Spezifikation<\/th>\n<th>Wert<\/th>\n<\/tr>\n<\/thead>\n<tbody>\n<tr>\n<td>Spannung<\/td>\n<td>220 V<\/td>\n<\/tr>\n<tr>\n<td>Frequenz<\/td>\n<td>50 Hz<\/td>\n<\/tr>\n<tr>\n<td>K\u00e4ltemittel<\/td>\n<td>R600A<\/td>\n<\/tr>\n<tr>\n<td>Leistungsabsorption<\/td>\n<td>230 W<\/td>\n<\/tr>\n<tr>\n<td>Energieverbrauch (24h)<\/td>\n<td>2,84 kWh<\/td>\n<\/tr>\n<\/tbody>\n<\/table>\n<\/div>\n<\/div>\n<\/div>","protected":false},"excerpt":{"rendered":"<p>The CLW 420 L NOCE MEDIO is a premium static wine cooler with optional fan operation (on\/off) and solid wood coating. It combines elegant aesthetics with professional functionality, ideal for wine cellars, restaurants, hotels, and private collectors. Available in multiple finishes: Medium Walnut: Walnut Ash White: Bleached Ash Natural: Natural Ash Black: Black Ash Capacity: [&hellip;]<\/p>\n","protected":false},"featured_media":8951,"comment_status":"open","ping_status":"closed","template":"","meta":[],"product_brand":[],"product_cat":[49],"product_tag":[],"class_list":{"0":"post-8950","1":"product","2":"type-product","3":"status-publish","4":"has-post-thumbnail","6":"product_cat-wine-fridges","8":"first","9":"instock","10":"shipping-taxable","11":"product-type-simple"},"_links":{"self":[{"href":"https:\/\/dersuessestopp.com\/de_at\/wp-json\/wp\/v2\/product\/8950","targetHints":{"allow":["GET"]}}],"collection":[{"href":"https:\/\/dersuessestopp.com\/de_at\/wp-json\/wp\/v2\/product"}],"about":[{"href":"https:\/\/dersuessestopp.com\/de_at\/wp-json\/wp\/v2\/types\/product"}],"replies":[{"embeddable":true,"href":"https:\/\/dersuessestopp.com\/de_at\/wp-json\/wp\/v2\/comments?post=8950"}],"version-history":[{"count":9,"href":"https:\/\/dersuessestopp.com\/de_at\/wp-json\/wp\/v2\/product\/8950\/revisions"}],"predecessor-version":[{"id":11512,"href":"https:\/\/dersuessestopp.com\/de_at\/wp-json\/wp\/v2\/product\/8950\/revisions\/11512"}],"wp:featuredmedia":[{"embeddable":true,"href":"https:\/\/dersuessestopp.com\/de_at\/wp-json\/wp\/v2\/media\/8951"}],"wp:attachment":[{"href":"https:\/\/dersuessestopp.com\/de_at\/wp-json\/wp\/v2\/media?parent=8950"}],"wp:term":[{"taxonomy":"product_brand","embeddable":true,"href":"https:\/\/dersuessestopp.com\/de_at\/wp-json\/wp\/v2\/product_brand?post=8950"},{"taxonomy":"product_cat","embeddable":true,"href":"https:\/\/dersuessestopp.com\/de_at\/wp-json\/wp\/v2\/product_cat?post=8950"},{"taxonomy":"product_tag","embeddable":true,"href":"https:\/\/dersuessestopp.com\/de_at\/wp-json\/wp\/v2\/product_tag?post=8950"}],"curies":[{"name":"wp","href":"https:\/\/api.w.org\/{rel}","templated":true}]}}