{"id":7463,"date":"2025-09-01T08:58:44","date_gmt":"2025-09-01T08:58:44","guid":{"rendered":"https:\/\/dersuessestopp.com\/?post_type=product&#038;p=7463"},"modified":"2025-09-01T08:58:44","modified_gmt":"2025-09-01T08:58:44","slug":"tunnel","status":"publish","type":"product","link":"https:\/\/dersuessestopp.com\/de_at\/product\/tunnel\/","title":{"rendered":"Tunnel"},"content":{"rendered":"<p data-start=\"98\" data-end=\"343\">Die <strong data-start=\"102\" data-end=\"127\">Bilait-K\u00fchltunnel<\/strong> ist darauf ausgelegt <strong data-start=\"143\" data-end=\"194\">Schokoladenprodukte schnell und effektiv k\u00fchlen<\/strong>, und gew\u00e4hrleistet <strong data-start=\"205\" data-end=\"232\">gleichm\u00e4\u00dfiges Auskristallisieren<\/strong> und ein hochwertiges Endprodukt. Ideal f\u00fcr gro\u00dfe Labore und kleine bis mittlere industrielle Produktionen.<\/p>\n<h2 data-start=\"701\" data-end=\"718\">Wesentliche Merkmale<\/h2>\n<ul data-start=\"720\" data-end=\"1017\">\n<li data-start=\"720\" data-end=\"772\">\n<p data-start=\"722\" data-end=\"772\">Schnelle und gleichm\u00e4\u00dfige K\u00fchlung f\u00fcr Schokoladenprodukte<\/p>\n<\/li>\n<li data-start=\"773\" data-end=\"808\">\n<p data-start=\"775\" data-end=\"808\">Konsistente, fehlerfreie Ergebnisse<\/p>\n<\/li>\n<li data-start=\"809\" data-end=\"872\">\n<p data-start=\"811\" data-end=\"872\"><strong data-start=\"811\" data-end=\"838\">Energieeffizientes Design<\/strong> reduziert den Stromverbrauch<\/p>\n<\/li>\n<li data-start=\"873\" data-end=\"952\">\n<p data-start=\"875\" data-end=\"952\"><strong data-start=\"875\" data-end=\"907\">Konstruktion aus rostfreiem Stahl<\/strong> f\u00fcr Haltbarkeit, Hygiene und einfache Reinigung<\/p>\n<\/li>\n<li data-start=\"953\" data-end=\"1017\">\n<p data-start=\"955\" data-end=\"1017\">Anpassbare Optionen verf\u00fcgbar (L\u00e4nge, Bandbreite, Spannung)<\/p>\n<\/li>\n<\/ul>\n<h2 data-start=\"1024\" data-end=\"1053\">Technische Daten<\/h2>\n<table>\n<thead>\n<tr>\n<th>Merkmal<\/th>\n<th>Einzelheiten<\/th>\n<\/tr>\n<\/thead>\n<tbody>\n<tr>\n<td><strong>K\u00fchlbereich L\u00e4ngen<\/strong><\/td>\n<td>4 \/ 6 \/ 8 \/ 10 \/ 12 m<\/td>\n<\/tr>\n<tr>\n<td><strong>Breite des Bandes<\/strong><\/td>\n<td>220 mm \/ 300 mm \/ 400 mm (anpassbar)<\/td>\n<\/tr>\n<tr>\n<td><strong>Geeignet f\u00fcr<\/strong><\/td>\n<td>Gro\u00dflaboratorien und kleine bis mittelgro\u00dfe Industrieunternehmen<\/td>\n<\/tr>\n<tr>\n<td><strong>Bauwesen<\/strong><\/td>\n<td>Rostfreier Stahl<\/td>\n<\/tr>\n<tr>\n<td><strong>Spannung Optionen<\/strong><\/td>\n<td>Anpassbar an 220 V dreiphasig - 50\/60 Hz<\/td>\n<\/tr>\n<tr>\n<td><strong>Energie-Effizienz<\/strong><\/td>\n<td>Optimiertes Design zur Reduzierung des Verbrauchs<\/td>\n<\/tr>\n<\/tbody>\n<\/table>","protected":false},"excerpt":{"rendered":"<p>The Bilait Cooling Tunnel is designed to rapidly and effectively cool chocolate products, ensuring uniform crystallization and a high-quality finished product. Ideal for large laboratories and small-to-medium industrial production. Key Features Rapid and uniform cooling for chocolate products Consistent, defect-free results Energy-efficient design reduces electricity consumption Stainless steel construction for durability, hygiene, and easy cleaning [&hellip;]<\/p>\n","protected":false},"featured_media":7464,"comment_status":"open","ping_status":"closed","template":"","meta":[],"product_brand":[],"product_cat":[56],"product_tag":[],"class_list":{"0":"post-7463","1":"product","2":"type-product","3":"status-publish","4":"has-post-thumbnail","6":"product_cat-cooling-tunnel","8":"first","9":"instock","10":"shipping-taxable","11":"product-type-simple"},"_links":{"self":[{"href":"https:\/\/dersuessestopp.com\/de_at\/wp-json\/wp\/v2\/product\/7463","targetHints":{"allow":["GET"]}}],"collection":[{"href":"https:\/\/dersuessestopp.com\/de_at\/wp-json\/wp\/v2\/product"}],"about":[{"href":"https:\/\/dersuessestopp.com\/de_at\/wp-json\/wp\/v2\/types\/product"}],"replies":[{"embeddable":true,"href":"https:\/\/dersuessestopp.com\/de_at\/wp-json\/wp\/v2\/comments?post=7463"}],"version-history":[{"count":2,"href":"https:\/\/dersuessestopp.com\/de_at\/wp-json\/wp\/v2\/product\/7463\/revisions"}],"predecessor-version":[{"id":7476,"href":"https:\/\/dersuessestopp.com\/de_at\/wp-json\/wp\/v2\/product\/7463\/revisions\/7476"}],"wp:featuredmedia":[{"embeddable":true,"href":"https:\/\/dersuessestopp.com\/de_at\/wp-json\/wp\/v2\/media\/7464"}],"wp:attachment":[{"href":"https:\/\/dersuessestopp.com\/de_at\/wp-json\/wp\/v2\/media?parent=7463"}],"wp:term":[{"taxonomy":"product_brand","embeddable":true,"href":"https:\/\/dersuessestopp.com\/de_at\/wp-json\/wp\/v2\/product_brand?post=7463"},{"taxonomy":"product_cat","embeddable":true,"href":"https:\/\/dersuessestopp.com\/de_at\/wp-json\/wp\/v2\/product_cat?post=7463"},{"taxonomy":"product_tag","embeddable":true,"href":"https:\/\/dersuessestopp.com\/de_at\/wp-json\/wp\/v2\/product_tag?post=7463"}],"curies":[{"name":"wp","href":"https:\/\/api.w.org\/{rel}","templated":true}]}}