{"id":7459,"date":"2025-09-01T08:14:18","date_gmt":"2025-09-01T08:14:18","guid":{"rendered":"https:\/\/dersuessestopp.com\/?post_type=product&#038;p=7459"},"modified":"2025-09-24T21:57:28","modified_gmt":"2025-09-24T21:57:28","slug":"6795-c","status":"publish","type":"product","link":"https:\/\/dersuessestopp.com\/de_at\/product\/6795-c\/","title":{"rendered":"6795-C"},"content":{"rendered":"<p data-start=\"153\" data-end=\"445\">Die <strong data-start=\"157\" data-end=\"176\">Weltraumfahrer 6795-C<\/strong> ist eine <strong data-start=\"182\" data-end=\"247\">Gefrierschrank f\u00fcr gefrorene Getr\u00e4nke mit hohem Fassungsverm\u00f6gen und zwei Geschmacksrichtungen als Standmodell<\/strong>, entwickelt f\u00fcr den Getr\u00e4nkebetrieb mit hohem Volumen. Perfekt f\u00fcr Bars, Restaurants und Foodservice-Standorte, serviert es effizient <strong data-start=\"375\" data-end=\"420\">alkoholische und alkoholfreie Tiefk\u00fchlgetr\u00e4nke<\/strong>, einschlie\u00dflich Milchshakes.<\/p>\n<p data-start=\"447\" data-end=\"728\">Mit <strong data-start=\"457\" data-end=\"489\">durchsichtige Schankt\u00fcren<\/strong>, <strong data-start=\"491\" data-end=\"511\">schnelles Einfrieren<\/strong>, und <strong data-start=\"517\" data-end=\"537\">Trichterr\u00fchrwerke<\/strong>, Der 6795-C gew\u00e4hrleistet gleichbleibende Produktqualit\u00e4t und schnellen Service. Optionale Merkmale umfassen eine <strong data-start=\"632\" data-end=\"661\">einh\u00e4ndig bedienbarer Spinner<\/strong> und <strong data-start=\"666\" data-end=\"679\">Lichtkasten<\/strong> f\u00fcr mehr Produktivit\u00e4t und Kundenzufriedenheit.<\/p>\n<h2 data-start=\"735\" data-end=\"752\">Wesentliche Merkmale<\/h2>\n<ul data-start=\"754\" data-end=\"1408\">\n<li data-start=\"754\" data-end=\"820\">\n<p data-start=\"756\" data-end=\"820\"><strong data-start=\"756\" data-end=\"782\">Bodenmodell mit zwei Geschmacksrichtungen<\/strong> f\u00fcr Tiefk\u00fchlgetr\u00e4nke und Milchshakes<\/p>\n<\/li>\n<li data-start=\"821\" data-end=\"884\">\n<p data-start=\"823\" data-end=\"884\"><strong data-start=\"823\" data-end=\"855\">Durchsichtige Schankt\u00fcren<\/strong> die Sichtbarkeit der Produkte verbessern<\/p>\n<\/li>\n<li data-start=\"885\" data-end=\"954\">\n<p data-start=\"887\" data-end=\"954\"><strong data-start=\"887\" data-end=\"907\">Schnelles Einfrieren<\/strong> mit patentiertem hocheffizientem W\u00e4rmetauscher<\/p>\n<\/li>\n<li data-start=\"955\" data-end=\"1009\">\n<p data-start=\"957\" data-end=\"1009\"><strong data-start=\"957\" data-end=\"984\">Kontrollleuchte f\u00fcr niedrige Mischung<\/strong> Warnungen bei niedrigem Mischungsverh\u00e4ltnis<\/p>\n<\/li>\n<li data-start=\"1010\" data-end=\"1082\">\n<p data-start=\"1012\" data-end=\"1082\"><strong data-start=\"1012\" data-end=\"1051\">Gek\u00fchlte Trichter mit R\u00fchrwerken<\/strong> Aufrechterhaltung der Produktkonsistenz<\/p>\n<\/li>\n<li data-start=\"1083\" data-end=\"1142\">\n<p data-start=\"1085\" data-end=\"1142\"><strong data-start=\"1085\" data-end=\"1101\">Standby-Modus<\/strong> h\u00e4lt die Mischung \u00fcber Nacht unter 4,4\u00b0C (40\u00b0F)<\/p>\n<\/li>\n<li data-start=\"1143\" data-end=\"1198\">\n<p data-start=\"1145\" data-end=\"1198\"><strong data-start=\"1145\" data-end=\"1179\">Selbstschlie\u00dfende Zapfventile<\/strong> \u00dcberlaufen verhindern<\/p>\n<\/li>\n<li data-start=\"1199\" data-end=\"1268\">\n<p data-start=\"1201\" data-end=\"1268\"><strong data-start=\"1201\" data-end=\"1223\">Sicherheitsvorkehrungen<\/strong>: Hochdruckschalter und thermische \u00dcberlast<\/p>\n<\/li>\n<li data-start=\"1269\" data-end=\"1341\">\n<p data-start=\"1271\" data-end=\"1341\"><strong data-start=\"1271\" data-end=\"1309\">Optionaler einh\u00e4ndig bedienbarer Spinner<\/strong> zum Mischen und Multitasking<\/p>\n<\/li>\n<li data-start=\"1342\" data-end=\"1408\">\n<p data-start=\"1344\" data-end=\"1408\"><strong data-start=\"1344\" data-end=\"1366\">Optionaler Lichtkasten<\/strong> f\u00fcr beleuchtete Geschmackskarten und Warnhinweise<\/p>\n<\/li>\n<\/ul>\n<h2 data-start=\"1415\" data-end=\"1434\">Spezifikationen<\/h2>\n<table>\n<thead>\n<tr>\n<th><strong>Modell<\/strong><\/th>\n<th>Weltraumfahrer 6795-C<\/th>\n<\/tr>\n<\/thead>\n<tbody>\n<tr>\n<td><strong>Geschm\u00e4cker<\/strong><\/td>\n<td>2<\/td>\n<\/tr>\n<tr>\n<td><strong>Einfrieren von Zylindern<\/strong><\/td>\n<td>2 \u00d7 6,9 L (7,3 qt)<\/td>\n<\/tr>\n<tr>\n<td><strong>Mischbunker<\/strong><\/td>\n<td>2 \u00d7 12 L (12,7 qt)<\/td>\n<\/tr>\n<tr>\n<td><strong>Ausgabekapazit\u00e4t (250 ml)<\/strong><\/td>\n<td>480 Portionen\/Stunde<\/td>\n<\/tr>\n<tr>\n<td><strong>Kontrollsystem<\/strong><\/td>\n<td>Mechanisch, 2 Einheiten<\/td>\n<\/tr>\n<tr>\n<td><strong>Dosierventile<\/strong><\/td>\n<td>Selbstschlie\u00dfende<\/td>\n<\/tr>\n<tr>\n<td><strong>Trichterr\u00fchrwerke<\/strong><\/td>\n<td>Ja<\/td>\n<\/tr>\n<tr>\n<td><strong>Standby-Modus<\/strong><\/td>\n<td>Ja (h\u00e4lt die Mischung unter 4,4\u00b0C \/ 40\u00b0F)<\/td>\n<\/tr>\n<tr>\n<td><strong>Sicherheitsmerkmale<\/strong><\/td>\n<td>Hochdruckschutz, thermischer \u00dcberlastungsschutz<\/td>\n<\/tr>\n<\/tbody>\n<\/table>\n<h2 data-start=\"1925\" data-end=\"1949\">Abmessungen und Gewicht<\/h2>\n<div class=\"_tableContainer_1rjym_1\">\n<div class=\"_tableWrapper_1rjym_13 group flex w-fit flex-col-reverse\">\n<table>\n<thead>\n<tr>\n<th><strong>Messung<\/strong><\/th>\n<th><strong>Netto (mm \/ in)<\/strong><\/th>\n<th><strong>Versand (mm \/ in)<\/strong><\/th>\n<\/tr>\n<\/thead>\n<tbody>\n<tr>\n<td>Breite<\/td>\n<td>553 mm \/ 21,8 Zoll<\/td>\n<td>710 mm \/ 28.0 in<\/td>\n<\/tr>\n<tr>\n<td>Tiefe<\/td>\n<td>651 mm \/ 25.6 in<\/td>\n<td>830 mm \/ 32.7 in<\/td>\n<\/tr>\n<tr>\n<td>H\u00f6he<\/td>\n<td>1497 mm \/ 58.9 in<\/td>\n<td>1670 mm \/ 65.7 in<\/td>\n<\/tr>\n<tr>\n<td>Gewicht<\/td>\n<td>250 kg \/ 551 lb<\/td>\n<td>270 kg \/ 595 lb<\/td>\n<\/tr>\n<tr>\n<td>Band<\/td>\n<td>0,98 CBM \/ 34,75 CBF<\/td>\n<td>&#8211;<\/td>\n<\/tr>\n<\/tbody>\n<\/table>\n<h2 data-start=\"2318\" data-end=\"2333\">Elektrisch<\/h2>\n<div class=\"_tableContainer_1rjym_1\">\n<div class=\"_tableWrapper_1rjym_13 group flex w-fit flex-col-reverse\">\n<table>\n<thead>\n<tr>\n<th><strong>Spannung<\/strong><\/th>\n<th><strong>Leistung (kW)<\/strong><\/th>\n<th><strong>Gesamtstromst\u00e4rke (A)<\/strong><\/th>\n<th><strong>Sicherung (A)<\/strong><\/th>\n<\/tr>\n<\/thead>\n<tbody>\n<tr>\n<td>220-240V \/ 50Hz \/ 1Ph<\/td>\n<td>4.6<\/td>\n<td>22<\/td>\n<td>30<\/td>\n<\/tr>\n<tr>\n<td>208-230V \/ 60Hz \/ 1Ph<\/td>\n<td>5.0<\/td>\n<td>24<\/td>\n<td>35<\/td>\n<\/tr>\n<\/tbody>\n<\/table>\n<\/div>\n<\/div>\n<\/div>\n<\/div>","protected":false},"excerpt":{"rendered":"<p>The Spaceman 6795-C is a high-capacity, two-flavor floor model frozen beverage freezer, designed for high-volume beverage operations. Perfect for bars, restaurants, and foodservice locations, it efficiently serves alcoholic and non-alcoholic frozen drinks, including milkshakes. Featuring see-through dispensing doors, fast freeze down, and hopper agitators, the 6795-C ensures consistent product quality and quick service. Optional features [&hellip;]<\/p>\n","protected":false},"featured_media":7460,"comment_status":"open","ping_status":"closed","template":"","meta":[],"product_brand":[],"product_cat":[67,55],"product_tag":[],"class_list":{"0":"post-7459","1":"product","2":"type-product","3":"status-publish","4":"has-post-thumbnail","6":"product_cat-professional-frozen-drink-maschines","7":"product_cat-frozen-drinks-machines","9":"first","10":"instock","11":"shipping-taxable","12":"product-type-simple"},"_links":{"self":[{"href":"https:\/\/dersuessestopp.com\/de_at\/wp-json\/wp\/v2\/product\/7459","targetHints":{"allow":["GET"]}}],"collection":[{"href":"https:\/\/dersuessestopp.com\/de_at\/wp-json\/wp\/v2\/product"}],"about":[{"href":"https:\/\/dersuessestopp.com\/de_at\/wp-json\/wp\/v2\/types\/product"}],"replies":[{"embeddable":true,"href":"https:\/\/dersuessestopp.com\/de_at\/wp-json\/wp\/v2\/comments?post=7459"}],"version-history":[{"count":2,"href":"https:\/\/dersuessestopp.com\/de_at\/wp-json\/wp\/v2\/product\/7459\/revisions"}],"predecessor-version":[{"id":7462,"href":"https:\/\/dersuessestopp.com\/de_at\/wp-json\/wp\/v2\/product\/7459\/revisions\/7462"}],"wp:featuredmedia":[{"embeddable":true,"href":"https:\/\/dersuessestopp.com\/de_at\/wp-json\/wp\/v2\/media\/7460"}],"wp:attachment":[{"href":"https:\/\/dersuessestopp.com\/de_at\/wp-json\/wp\/v2\/media?parent=7459"}],"wp:term":[{"taxonomy":"product_brand","embeddable":true,"href":"https:\/\/dersuessestopp.com\/de_at\/wp-json\/wp\/v2\/product_brand?post=7459"},{"taxonomy":"product_cat","embeddable":true,"href":"https:\/\/dersuessestopp.com\/de_at\/wp-json\/wp\/v2\/product_cat?post=7459"},{"taxonomy":"product_tag","embeddable":true,"href":"https:\/\/dersuessestopp.com\/de_at\/wp-json\/wp\/v2\/product_tag?post=7459"}],"curies":[{"name":"wp","href":"https:\/\/api.w.org\/{rel}","templated":true}]}}