{"id":7444,"date":"2025-09-01T08:05:00","date_gmt":"2025-09-01T08:05:00","guid":{"rendered":"https:\/\/dersuessestopp.com\/?post_type=product&#038;p=7444"},"modified":"2025-09-24T21:58:39","modified_gmt":"2025-09-24T21:58:39","slug":"6690-c","status":"publish","type":"product","link":"https:\/\/dersuessestopp.com\/de_at\/product\/6690-c\/","title":{"rendered":"6690-C"},"content":{"rendered":"<p data-start=\"172\" data-end=\"397\">Die <strong data-start=\"176\" data-end=\"195\">Weltraumfahrer 6690-C<\/strong> ist eine <strong data-start=\"201\" data-end=\"268\">Gefrierschrank f\u00fcr gefrorene Getr\u00e4nke mit hohem Fassungsverm\u00f6gen und einzelnen Geschmacksrichtungen<\/strong>, Das Ger\u00e4t eignet sich perfekt f\u00fcr Caf\u00e9s, Restaurants und Veranstaltungsr\u00e4ume, die eine gro\u00dfe Anzahl von Menschen mit gefrorenen Getr\u00e4nken, Smoothies und Milchshakes versorgen m\u00f6chten.<\/p>\n<p data-start=\"399\" data-end=\"736\">Dieses Modell verf\u00fcgt \u00fcber eine <strong data-start=\"421\" data-end=\"452\">durchsichtige Schankt\u00fcr<\/strong> f\u00fcr die Sichtbarkeit des Produkts, eine <strong data-start=\"479\" data-end=\"501\">Schnellgefriersystem<\/strong> f\u00fcr eine schnelle Zubereitung, und <strong data-start=\"529\" data-end=\"549\">Trichterr\u00fchrwerke<\/strong> um die Produktkonsistenz zu erhalten. Er verf\u00fcgt \u00fcber intuitive Bedienelemente f\u00fcr eine einfache Bedienung und Viskosit\u00e4tseinstellung sowie \u00fcber Sicherheitsfunktionen wie thermische \u00dcberlastung und Hochdruckschutz.<\/p>\n<p data-start=\"738\" data-end=\"883\">Optionale Erg\u00e4nzungen wie ein <strong data-start=\"765\" data-end=\"776\">Spinner<\/strong> f\u00fcr Mixgetr\u00e4nke und ein <strong data-start=\"802\" data-end=\"815\">Lichtkasten<\/strong> f\u00fcr Werbung und Warnmeldungen erh\u00f6hen Flexibilit\u00e4t und Produktivit\u00e4t.<\/p>\n<h2 data-start=\"890\" data-end=\"907\">Wesentliche Merkmale<\/h2>\n<ul data-start=\"909\" data-end=\"1531\">\n<li data-start=\"909\" data-end=\"982\">\n<p data-start=\"911\" data-end=\"982\"><strong data-start=\"911\" data-end=\"942\">Durchsichtige Schankt\u00fcr<\/strong> steigert die Attraktivit\u00e4t des Produkts und die Vermarktung<\/p>\n<\/li>\n<li data-start=\"983\" data-end=\"1052\">\n<p data-start=\"985\" data-end=\"1052\"><strong data-start=\"985\" data-end=\"1005\">Schnelles Einfrieren<\/strong> mit patentiertem hocheffizientem W\u00e4rmetauscher<\/p>\n<\/li>\n<li data-start=\"1053\" data-end=\"1123\">\n<p data-start=\"1055\" data-end=\"1123\"><strong data-start=\"1055\" data-end=\"1093\">Gek\u00fchlter Trichter mit R\u00fchrwerken<\/strong> verhindert Produkttrennung<\/p>\n<\/li>\n<li data-start=\"1124\" data-end=\"1187\">\n<p data-start=\"1126\" data-end=\"1187\"><strong data-start=\"1126\" data-end=\"1153\">Kontrollleuchte f\u00fcr niedrige Mischung<\/strong> warnt den Bediener, wenn die Mischung zu niedrig ist<\/p>\n<\/li>\n<li data-start=\"1188\" data-end=\"1248\">\n<p data-start=\"1190\" data-end=\"1248\"><strong data-start=\"1190\" data-end=\"1206\">Standby-Modus<\/strong> h\u00e4lt die Produkttemperatur \u00fcber Nacht aufrecht<\/p>\n<\/li>\n<li data-start=\"1249\" data-end=\"1304\">\n<p data-start=\"1251\" data-end=\"1304\"><strong data-start=\"1251\" data-end=\"1284\">Selbstschlie\u00dfendes Dosierventil<\/strong> verhindert \u00dcberlaufen<\/p>\n<\/li>\n<li data-start=\"1305\" data-end=\"1382\">\n<p data-start=\"1307\" data-end=\"1382\"><strong data-start=\"1307\" data-end=\"1338\">Eingebaute Sicherheitsvorkehrungen<\/strong> (Hochdruckschalter und thermische \u00dcberlast)<\/p>\n<\/li>\n<li data-start=\"1383\" data-end=\"1449\">\n<p data-start=\"1385\" data-end=\"1449\"><strong data-start=\"1385\" data-end=\"1405\">Optionaler Spinner<\/strong> zum Mixen von Milchshakes und gefrorenen Getr\u00e4nken<\/p>\n<\/li>\n<li data-start=\"1450\" data-end=\"1531\">\n<p data-start=\"1452\" data-end=\"1531\"><strong data-start=\"1452\" data-end=\"1474\">Optionaler Lichtkasten<\/strong> leuchtet Aromakarten auf und zeigt einen niedrigen Misch-\/Bereitschaftszustand an<\/p>\n<\/li>\n<\/ul>\n<h2 data-start=\"1538\" data-end=\"1557\">Spezifikationen<\/h2>\n<table>\n<thead>\n<tr>\n<th><strong>Modell<\/strong><\/th>\n<th>Weltraumfahrer 6690-C<\/th>\n<\/tr>\n<\/thead>\n<tbody>\n<tr>\n<td><strong>Geschm\u00e4cker<\/strong><\/td>\n<td>1 (einzelne Geschmacksrichtung)<\/td>\n<\/tr>\n<tr>\n<td><strong>Gefrierzylinder<\/strong><\/td>\n<td>1 \u00d7 6,9 L (7,3 qt)<\/td>\n<\/tr>\n<tr>\n<td><strong>Mischtrichter<\/strong><\/td>\n<td>1 \u00d7 20 L (21,2 qt)<\/td>\n<\/tr>\n<tr>\n<td><strong>Leistung Kapazit\u00e4t<\/strong><\/td>\n<td>~240 Portionen\/Stunde (je 250 ml)<\/td>\n<\/tr>\n<tr>\n<td><strong>Kontrollsystem<\/strong><\/td>\n<td>Mechanisch<\/td>\n<\/tr>\n<tr>\n<td><strong>Dosierventil<\/strong><\/td>\n<td>Selbstschlie\u00dfende<\/td>\n<\/tr>\n<tr>\n<td><strong>Trichterr\u00fchrwerk<\/strong><\/td>\n<td>Ja<\/td>\n<\/tr>\n<tr>\n<td><strong>Standby-Funktion<\/strong><\/td>\n<td>Ja (h\u00e4lt die Mischung unter 4,4\u00b0C \/ 40\u00b0F)<\/td>\n<\/tr>\n<tr>\n<td><strong>Sicherheitsmerkmale<\/strong><\/td>\n<td>Hochdruckschalter, thermischer \u00dcberlastungsschutz<\/td>\n<\/tr>\n<\/tbody>\n<\/table>\n<h2 data-start=\"2054\" data-end=\"2069\">Elektrisch<\/h2>\n<div class=\"_tableContainer_1rjym_1\">\n<div class=\"_tableWrapper_1rjym_13 group flex w-fit flex-col-reverse\">\n<table>\n<thead>\n<tr>\n<th><strong>Spannung<\/strong><\/th>\n<th><strong>Leistung (kW)<\/strong><\/th>\n<th><strong>Gesamtstromst\u00e4rke (A)<\/strong><\/th>\n<th><strong>Sicherung (A)<\/strong><\/th>\n<\/tr>\n<\/thead>\n<tbody>\n<tr>\n<td>220-240V \/ 50Hz \/ 1Ph<\/td>\n<td>2.4<\/td>\n<td>12<\/td>\n<td>20<\/td>\n<\/tr>\n<tr>\n<td>208-230V \/ 60Hz \/ 1Ph<\/td>\n<td>2.6<\/td>\n<td>13<\/td>\n<td>20<\/td>\n<\/tr>\n<\/tbody>\n<\/table>\n<h2 data-start=\"2300\" data-end=\"2324\">Abmessungen und Gewicht<\/h2>\n<div class=\"_tableContainer_1rjym_1\">\n<div class=\"_tableWrapper_1rjym_13 group flex w-fit flex-col-reverse\">\n<table>\n<thead>\n<tr>\n<th><strong>Messung<\/strong><\/th>\n<th><strong>Netto (mm \/ in)<\/strong><\/th>\n<th><strong>Versand (mm \/ in)<\/strong><\/th>\n<\/tr>\n<\/thead>\n<tbody>\n<tr>\n<td>Breite<\/td>\n<td>454 mm \/ 17,9 Zoll<\/td>\n<td>520 mm \/ 20,5 Zoll<\/td>\n<\/tr>\n<tr>\n<td>Tiefe<\/td>\n<td>657 mm \/ 25,9 Zoll<\/td>\n<td>860 mm \/ 33.9 in<\/td>\n<\/tr>\n<tr>\n<td>H\u00f6he<\/td>\n<td>862 mm \/ 33.9 in<\/td>\n<td>980 mm \/ 38,6 Zoll<\/td>\n<\/tr>\n<\/tbody>\n<\/table>\n<\/div>\n<\/div>\n<\/div>\n<\/div>","protected":false},"excerpt":{"rendered":"<p>The Spaceman 6690-C is a high-capacity, single-flavor countertop frozen beverage freezer, perfect for caf\u00e9s, restaurants, and event spaces looking to serve large crowds with frozen drinks, smoothies, and milkshakes. This model features a see-through dispensing door for product visibility, a fast freeze system for quick preparation, and hopper agitators to maintain product consistency. It includes [&hellip;]<\/p>\n","protected":false},"featured_media":7445,"comment_status":"open","ping_status":"closed","template":"","meta":[],"product_brand":[],"product_cat":[66,67,55],"product_tag":[],"class_list":{"0":"post-7444","1":"product","2":"type-product","3":"status-publish","4":"has-post-thumbnail","6":"product_cat-milkshake-maschines","7":"product_cat-professional-frozen-drink-maschines","8":"product_cat-frozen-drinks-machines","10":"first","11":"instock","12":"shipping-taxable","13":"product-type-simple"},"_links":{"self":[{"href":"https:\/\/dersuessestopp.com\/de_at\/wp-json\/wp\/v2\/product\/7444","targetHints":{"allow":["GET"]}}],"collection":[{"href":"https:\/\/dersuessestopp.com\/de_at\/wp-json\/wp\/v2\/product"}],"about":[{"href":"https:\/\/dersuessestopp.com\/de_at\/wp-json\/wp\/v2\/types\/product"}],"replies":[{"embeddable":true,"href":"https:\/\/dersuessestopp.com\/de_at\/wp-json\/wp\/v2\/comments?post=7444"}],"version-history":[{"count":3,"href":"https:\/\/dersuessestopp.com\/de_at\/wp-json\/wp\/v2\/product\/7444\/revisions"}],"predecessor-version":[{"id":7454,"href":"https:\/\/dersuessestopp.com\/de_at\/wp-json\/wp\/v2\/product\/7444\/revisions\/7454"}],"wp:featuredmedia":[{"embeddable":true,"href":"https:\/\/dersuessestopp.com\/de_at\/wp-json\/wp\/v2\/media\/7445"}],"wp:attachment":[{"href":"https:\/\/dersuessestopp.com\/de_at\/wp-json\/wp\/v2\/media?parent=7444"}],"wp:term":[{"taxonomy":"product_brand","embeddable":true,"href":"https:\/\/dersuessestopp.com\/de_at\/wp-json\/wp\/v2\/product_brand?post=7444"},{"taxonomy":"product_cat","embeddable":true,"href":"https:\/\/dersuessestopp.com\/de_at\/wp-json\/wp\/v2\/product_cat?post=7444"},{"taxonomy":"product_tag","embeddable":true,"href":"https:\/\/dersuessestopp.com\/de_at\/wp-json\/wp\/v2\/product_tag?post=7444"}],"curies":[{"name":"wp","href":"https:\/\/api.w.org\/{rel}","templated":true}]}}