{"id":7439,"date":"2025-09-01T08:02:54","date_gmt":"2025-09-01T08:02:54","guid":{"rendered":"https:\/\/dersuessestopp.com\/?post_type=product&#038;p=7439"},"modified":"2025-09-24T21:59:02","modified_gmt":"2025-09-24T21:59:02","slug":"6450-c","status":"publish","type":"product","link":"https:\/\/dersuessestopp.com\/de_at\/product\/6450-c\/","title":{"rendered":"6450-C"},"content":{"rendered":"<p data-start=\"172\" data-end=\"425\">Die <strong data-start=\"176\" data-end=\"195\">Raumfahrer 6450-C<\/strong> ist ein kompakter und vielseitiger Thekengefrierschrank f\u00fcr Getr\u00e4nke mit nur einer Geschmacksrichtung, ideal f\u00fcr Caf\u00e9s, Bars, Restaurants und Veranstaltungsr\u00e4ume, die gefrorene Getr\u00e4nke, Smoothies, Milchshakes sowie alkoholische und nichtalkoholische Getr\u00e4nke servieren m\u00f6chten.<\/p>\n<p data-start=\"427\" data-end=\"862\">Dieses Modell verf\u00fcgt \u00fcber eine durchsichtige Ausgabet\u00fcr, die die Sichtbarkeit der Produkte verbessert und als starkes Marketinginstrument dient. Durch die patentierte Schnellgefriertechnologie wird die Gefrierzeit verk\u00fcrzt und der Energieverbrauch niedrig gehalten. Der gek\u00fchlte Trichter und die R\u00fchrwerke sorgen f\u00fcr eine gleichbleibende Produktqualit\u00e4t, w\u00e4hrend das intuitive Bedienfeld die Bedienung vereinfacht. Sicherheitsmerkmale wie Kompressor- und Motorschutz gew\u00e4hrleisten Langlebigkeit und Zuverl\u00e4ssigkeit.<\/p>\n<p data-start=\"864\" data-end=\"1003\">Optionale Erg\u00e4nzungen wie ein <strong data-start=\"891\" data-end=\"902\">Spinner<\/strong> f\u00fcr gemischte Leckereien und eine <strong data-start=\"928\" data-end=\"941\">Lichtkasten<\/strong> f\u00fcr Werbung bieten Flexibilit\u00e4t, um den Gesch\u00e4ftsanforderungen gerecht zu werden.<\/p>\n<h2 data-start=\"1010\" data-end=\"1027\">Wesentliche Merkmale<\/h2>\n<ul data-start=\"1029\" data-end=\"1626\">\n<li data-start=\"1029\" data-end=\"1101\">\n<p data-start=\"1031\" data-end=\"1101\"><strong data-start=\"1031\" data-end=\"1062\">Durchsichtige Schankt\u00fcr<\/strong> f\u00fcr Produktsichtbarkeit und Marketing<\/p>\n<\/li>\n<li data-start=\"1102\" data-end=\"1171\">\n<p data-start=\"1104\" data-end=\"1171\"><strong data-start=\"1104\" data-end=\"1124\">Schnelles Einfrieren<\/strong> mit patentiertem hocheffizientem W\u00e4rmetauscher<\/p>\n<\/li>\n<li data-start=\"1172\" data-end=\"1244\">\n<p data-start=\"1174\" data-end=\"1244\"><strong data-start=\"1174\" data-end=\"1212\">Gek\u00fchlter Trichter mit R\u00fchrwerken<\/strong> um eine Produkttrennung zu verhindern<\/p>\n<\/li>\n<li data-start=\"1245\" data-end=\"1294\">\n<p data-start=\"1247\" data-end=\"1294\"><strong data-start=\"1247\" data-end=\"1274\">Kontrollleuchte f\u00fcr niedrige Mischung<\/strong> zur Alarmierung des Betreibers<\/p>\n<\/li>\n<li data-start=\"1295\" data-end=\"1363\">\n<p data-start=\"1297\" data-end=\"1363\"><strong data-start=\"1297\" data-end=\"1313\">Standby-Modus<\/strong> h\u00e4lt das Produkt \u00fcber Nacht sicher unter 4,4\u00b0C (40\u00b0F)<\/p>\n<\/li>\n<li data-start=\"1364\" data-end=\"1419\">\n<p data-start=\"1366\" data-end=\"1419\"><strong data-start=\"1366\" data-end=\"1399\">Selbstschlie\u00dfendes Dosierventil<\/strong> um einen \u00dcberlauf zu vermeiden<\/p>\n<\/li>\n<li data-start=\"1420\" data-end=\"1497\">\n<p data-start=\"1422\" data-end=\"1497\"><strong data-start=\"1422\" data-end=\"1453\">Eingebaute Sicherheitsvorkehrungen<\/strong> (Hochdruckschalter und thermische \u00dcberlast)<\/p>\n<\/li>\n<li data-start=\"1498\" data-end=\"1564\">\n<p data-start=\"1500\" data-end=\"1564\"><strong data-start=\"1500\" data-end=\"1520\">Optionaler Spinner<\/strong> zum Mixen von Milchshakes und gefrorenen Getr\u00e4nken<\/p>\n<\/li>\n<li data-start=\"1565\" data-end=\"1626\">\n<p data-start=\"1567\" data-end=\"1626\"><strong data-start=\"1567\" data-end=\"1589\">Optionaler Lichtkasten<\/strong> mit Leuchtreklamekarten<\/p>\n<\/li>\n<\/ul>\n<h2 data-start=\"1633\" data-end=\"1652\">Spezifikationen<\/h2>\n<div class=\"_tableContainer_1rjym_1\">\n<div class=\"_tableWrapper_1rjym_13 group flex w-fit flex-col-reverse\">\n<table>\n<thead>\n<tr>\n<th><strong>Modell<\/strong><\/th>\n<th>Raumfahrer 6450-C<\/th>\n<\/tr>\n<\/thead>\n<tbody>\n<tr>\n<td><strong>Geschm\u00e4cker<\/strong><\/td>\n<td>1 (einzelne Geschmacksrichtung)<\/td>\n<\/tr>\n<tr>\n<td><strong>Gefrierzylinder<\/strong><\/td>\n<td>1 \u00d7 3,8 L (4,0 qt)<\/td>\n<\/tr>\n<tr>\n<td><strong>Mischtrichter<\/strong><\/td>\n<td>1 \u00d7 12 L (12,7 qt)<\/td>\n<\/tr>\n<tr>\n<td><strong>Leistung Kapazit\u00e4t<\/strong><\/td>\n<td>~80 Portionen\/Stunde (je 250 ml)<\/td>\n<\/tr>\n<tr>\n<td><strong>Kontrollsystem<\/strong><\/td>\n<td>Mechanisch<\/td>\n<\/tr>\n<tr>\n<td><strong>Dosierventil<\/strong><\/td>\n<td>Selbstschlie\u00dfende<\/td>\n<\/tr>\n<tr>\n<td><strong>Trichterr\u00fchrwerk<\/strong><\/td>\n<td>Ja<\/td>\n<\/tr>\n<tr>\n<td><strong>Standby-Funktion<\/strong><\/td>\n<td>Ja (h\u00e4lt die Mischung unter 4,4\u00b0C \/ 40\u00b0F)<\/td>\n<\/tr>\n<tr>\n<td><strong>Sicherheitsmerkmale<\/strong><\/td>\n<td>Hochdruckschalter, thermischer \u00dcberlastungsschutz<\/td>\n<\/tr>\n<\/tbody>\n<\/table>\n<h2 data-start=\"2148\" data-end=\"2163\">Elektrisch<\/h2>\n<div class=\"_tableContainer_1rjym_1\">\n<div class=\"_tableWrapper_1rjym_13 group flex w-fit flex-col-reverse\">\n<table>\n<thead>\n<tr>\n<th><strong>Spannung<\/strong><\/th>\n<th><strong>Leistung (kW)<\/strong><\/th>\n<th><strong>Gesamtstromst\u00e4rke (A)<\/strong><\/th>\n<th><strong>Sicherung (A)<\/strong><\/th>\n<\/tr>\n<\/thead>\n<tbody>\n<tr>\n<td>220-240V \/ 50Hz \/ 1Ph<\/td>\n<td>1.6<\/td>\n<td>7<\/td>\n<td>13<\/td>\n<\/tr>\n<tr>\n<td>208-230V \/ 60Hz \/ 1Ph<\/td>\n<td>1.6<\/td>\n<td>8<\/td>\n<td>15<\/td>\n<\/tr>\n<tr>\n<td>110-120V \/ 60Hz \/ 1Ph<\/td>\n<td>1.4<\/td>\n<td>14<\/td>\n<td>20<\/td>\n<\/tr>\n<\/tbody>\n<\/table>\n<h2 data-start=\"2434\" data-end=\"2458\">Abmessungen und Gewicht<\/h2>\n<div class=\"_tableContainer_1rjym_1\">\n<div class=\"_tableWrapper_1rjym_13 group flex w-fit flex-col-reverse\">\n<table>\n<thead>\n<tr>\n<th><strong>Messung<\/strong><\/th>\n<th><strong>Netto (mm \/ in)<\/strong><\/th>\n<th><strong>Versand (mm \/ in)<\/strong><\/th>\n<\/tr>\n<\/thead>\n<tbody>\n<tr>\n<td>Breite<\/td>\n<td>384 mm \/ 15,1 Zoll<\/td>\n<td>420 mm \/ 16,5 Zoll<\/td>\n<\/tr>\n<tr>\n<td>Tiefe<\/td>\n<td>645 mm \/ 25.4 in<\/td>\n<td>790 mm \/ 31.1 in<\/td>\n<\/tr>\n<tr>\n<td>H\u00f6he<\/td>\n<td>760 mm \/ 29,9 Zoll<\/td>\n<td>890 mm \/ 35.0 in<\/td>\n<\/tr>\n<\/tbody>\n<\/table>\n<\/div>\n<\/div>\n<\/div>\n<\/div>\n<\/div>\n<\/div>","protected":false},"excerpt":{"rendered":"<p>The Spaceman 6450-C is a compact and versatile single-flavor countertop beverage freezer, ideal for caf\u00e9s, bars, restaurants, and event spaces that want to serve frozen beverages, smoothies, milkshakes, and both alcoholic and non-alcoholic drinks. This model features a clear dispensing door that enhances product visibility and serves as a strong marketing tool. With patented fast [&hellip;]<\/p>\n","protected":false},"featured_media":7440,"comment_status":"open","ping_status":"closed","template":"","meta":[],"product_brand":[],"product_cat":[66,67,55],"product_tag":[],"class_list":{"0":"post-7439","1":"product","2":"type-product","3":"status-publish","4":"has-post-thumbnail","6":"product_cat-milkshake-maschines","7":"product_cat-professional-frozen-drink-maschines","8":"product_cat-frozen-drinks-machines","10":"first","11":"instock","12":"shipping-taxable","13":"product-type-simple"},"_links":{"self":[{"href":"https:\/\/dersuessestopp.com\/de_at\/wp-json\/wp\/v2\/product\/7439","targetHints":{"allow":["GET"]}}],"collection":[{"href":"https:\/\/dersuessestopp.com\/de_at\/wp-json\/wp\/v2\/product"}],"about":[{"href":"https:\/\/dersuessestopp.com\/de_at\/wp-json\/wp\/v2\/types\/product"}],"replies":[{"embeddable":true,"href":"https:\/\/dersuessestopp.com\/de_at\/wp-json\/wp\/v2\/comments?post=7439"}],"version-history":[{"count":4,"href":"https:\/\/dersuessestopp.com\/de_at\/wp-json\/wp\/v2\/product\/7439\/revisions"}],"predecessor-version":[{"id":7455,"href":"https:\/\/dersuessestopp.com\/de_at\/wp-json\/wp\/v2\/product\/7439\/revisions\/7455"}],"wp:featuredmedia":[{"embeddable":true,"href":"https:\/\/dersuessestopp.com\/de_at\/wp-json\/wp\/v2\/media\/7440"}],"wp:attachment":[{"href":"https:\/\/dersuessestopp.com\/de_at\/wp-json\/wp\/v2\/media?parent=7439"}],"wp:term":[{"taxonomy":"product_brand","embeddable":true,"href":"https:\/\/dersuessestopp.com\/de_at\/wp-json\/wp\/v2\/product_brand?post=7439"},{"taxonomy":"product_cat","embeddable":true,"href":"https:\/\/dersuessestopp.com\/de_at\/wp-json\/wp\/v2\/product_cat?post=7439"},{"taxonomy":"product_tag","embeddable":true,"href":"https:\/\/dersuessestopp.com\/de_at\/wp-json\/wp\/v2\/product_tag?post=7439"}],"curies":[{"name":"wp","href":"https:\/\/api.w.org\/{rel}","templated":true}]}}