{"id":7400,"date":"2025-09-01T07:27:31","date_gmt":"2025-09-01T07:27:31","guid":{"rendered":"https:\/\/dersuessestopp.com\/?post_type=product&#038;p=7400"},"modified":"2025-09-24T22:09:09","modified_gmt":"2025-09-24T22:09:09","slug":"tortchenmaschine","status":"publish","type":"product","link":"https:\/\/dersuessestopp.com\/de_at\/product\/tartlet-machine\/","title":{"rendered":"T\u00f6rtchenmaschine"},"content":{"rendered":"<p data-start=\"239\" data-end=\"546\">Die <strong data-start=\"243\" data-end=\"269\">Bilait-T\u00f6rtchen-Maschine<\/strong> ist darauf ausgelegt, die <strong data-start=\"299\" data-end=\"344\">Beschleunigung der Zubereitung von T\u00f6rtchenb\u00f6den<\/strong> aus s\u00fc\u00dfem oder herzhaftem M\u00fcrbeteig hergestellt. Sein <strong data-start=\"394\" data-end=\"420\">austauschbare Platten<\/strong> erm\u00f6glichen eine individuelle Anpassung der T\u00f6rtchengr\u00f6\u00dfe und -form, wobei mehrere Modelle aus dem Katalog oder auf Anfrage als Sonderanfertigung erh\u00e4ltlich sind.<\/p>\n<p data-start=\"548\" data-end=\"960\">Diese professionelle Geb\u00e4ckmaschine kombiniert <strong data-start=\"590\" data-end=\"620\">Effizienz mit Einfachheit<\/strong>. Sobald der Teig zwischen den Platten platziert ist und die Garzeit und Temperatur eingestellt sind, werden die beiden Platten gekoppelt, um innerhalb von Minuten perfekt geformte T\u00f6rtchen herzustellen. Mit seiner hohen Produktivit\u00e4t, <strong data-start=\"817\" data-end=\"878\">ein einzelner Bediener kann bis zu 750 T\u00f6rtchen pro Stunde herstellen<\/strong>, Damit ist er ideal f\u00fcr B\u00e4ckereien, Konditoreien und Gro\u00dfk\u00fcchen.<\/p>\n<h3 data-start=\"962\" data-end=\"984\">Produktmerkmale<\/h3>\n<ul data-start=\"985\" data-end=\"1468\">\n<li data-start=\"985\" data-end=\"1055\">\n<p data-start=\"987\" data-end=\"1055\"><strong data-start=\"987\" data-end=\"1013\">Auswechselbare Platten<\/strong> f\u00fcr verschiedene T\u00f6rtchengr\u00f6\u00dfen und -formen.<\/p>\n<\/li>\n<li data-start=\"1056\" data-end=\"1124\">\n<p data-start=\"1058\" data-end=\"1124\"><strong data-start=\"1058\" data-end=\"1091\">Schnelle und effiziente Produktion<\/strong> - bis zu 750 T\u00f6rtchen pro Stunde.<\/p>\n<\/li>\n<li data-start=\"1125\" data-end=\"1219\">\n<p data-start=\"1127\" data-end=\"1219\"><strong data-start=\"1127\" data-end=\"1154\">Benutzerfreundliche Bedienung<\/strong> mit digitaler Anzeige zur Kontrolle von Temperatur und Garzeit.<\/p>\n<\/li>\n<li data-start=\"1220\" data-end=\"1353\">\n<p data-start=\"1222\" data-end=\"1353\">Gebaut mit <strong data-start=\"1233\" data-end=\"1265\">robustes Geh\u00e4use aus rostfreiem Stahl<\/strong> und <strong data-start=\"1270\" data-end=\"1303\">Teflonbeschichtete Aluminiumplatten<\/strong> f\u00fcr einfache Reinigung und lang anhaltende Leistung.<\/p>\n<\/li>\n<li data-start=\"1354\" data-end=\"1468\">\n<p data-start=\"1356\" data-end=\"1468\"><strong data-start=\"1356\" data-end=\"1382\">Pr\u00e4zises Heizsystem<\/strong> mit zwei internen Widerst\u00e4nden und Thermoelement J zur genauen Temperaturerfassung.<\/p>\n<\/li>\n<\/ul>\n<h3 data-start=\"1475\" data-end=\"1505\">Technische Daten<\/h3>\n<div class=\"_tableContainer_1rjym_1\">\n<div class=\"_tableWrapper_1rjym_13 group flex w-fit flex-col-reverse\">\n<table>\n<thead>\n<tr>\n<th><strong>Kategorie<\/strong><\/th>\n<th><strong>Einzelheiten<\/strong><\/th>\n<\/tr>\n<\/thead>\n<tbody>\n<tr>\n<td><strong>Abmessungen der Maschine<\/strong><\/td>\n<td>L 54,5 \u00d7 B 44 \u00d7 H 35 cm<\/td>\n<\/tr>\n<tr>\n<td><strong>Maschine Gewicht<\/strong><\/td>\n<td>34 kg<\/td>\n<\/tr>\n<tr>\n<td><strong>Material des Geh\u00e4uses<\/strong><\/td>\n<td>Rostfreier Stahl<\/td>\n<\/tr>\n<tr>\n<td><strong>Material der Platte<\/strong><\/td>\n<td>Teflonbeschichtetes Aluminium<\/td>\n<\/tr>\n<tr>\n<td><strong>Abmessungen der Platte<\/strong><\/td>\n<td>L 32,9 \u00d7 B 38 cm<\/td>\n<\/tr>\n<tr>\n<td><strong>Verbrauch<\/strong><\/td>\n<td>3,2 kW (dreiphasig)<\/td>\n<\/tr>\n<tr>\n<td><strong>Stromversorgung<\/strong><\/td>\n<td>230 V - 50\/60 Hz<\/td>\n<\/tr>\n<tr>\n<td><strong>Instrumentierung<\/strong><\/td>\n<td>Digitale Anzeige (Temperatur und Uhrzeit)<\/td>\n<\/tr>\n<tr>\n<td><strong>Handhabung des Produkts<\/strong><\/td>\n<td>Handbuch<\/td>\n<\/tr>\n<tr>\n<td><strong>Heizungsanlage<\/strong><\/td>\n<td>2 Interne Widerst\u00e4nde<\/td>\n<\/tr>\n<tr>\n<td><strong>Maximale Temperatur<\/strong><\/td>\n<td>250 \u00b0C<\/td>\n<\/tr>\n<tr>\n<td><strong>Temperatur-Erkennung<\/strong><\/td>\n<td>Thermoelement J<\/td>\n<\/tr>\n<\/tbody>\n<\/table>\n<\/div>\n<\/div>","protected":false},"excerpt":{"rendered":"<h3 data-start=\"1007\" data-end=\"1057\"><strong data-start=\"1011\" data-end=\"1055\">T\u00f6rtchen-Maschine - T\u00f6rtchen-Maschine<\/strong><\/h3>\n<p data-start=\"1059\" data-end=\"1271\"><em data-start=\"1059\" data-end=\"1269\">Automatischer Tortenschalenfertiger f\u00fcr die schnelle Herstellung einheitlicher Tortenb\u00f6den mit minimalem manuellem Arbeitsaufwand. Gleichbleibende Gr\u00f6\u00dfe, Dicke und Backqualit\u00e4t - perfekt f\u00fcr die Herstellung von Tortenb\u00f6den in hohen St\u00fcckzahlen oder f\u00fcr Catering-Labore.<\/em><\/p>","protected":false},"featured_media":7401,"comment_status":"open","ping_status":"closed","template":"","meta":[],"product_brand":[],"product_cat":[70],"product_tag":[],"class_list":{"0":"post-7400","1":"product","2":"type-product","3":"status-publish","4":"has-post-thumbnail","6":"product_cat-pastry-line","8":"first","9":"instock","10":"shipping-taxable","11":"product-type-simple"},"_links":{"self":[{"href":"https:\/\/dersuessestopp.com\/de_at\/wp-json\/wp\/v2\/product\/7400","targetHints":{"allow":["GET"]}}],"collection":[{"href":"https:\/\/dersuessestopp.com\/de_at\/wp-json\/wp\/v2\/product"}],"about":[{"href":"https:\/\/dersuessestopp.com\/de_at\/wp-json\/wp\/v2\/types\/product"}],"replies":[{"embeddable":true,"href":"https:\/\/dersuessestopp.com\/de_at\/wp-json\/wp\/v2\/comments?post=7400"}],"version-history":[{"count":4,"href":"https:\/\/dersuessestopp.com\/de_at\/wp-json\/wp\/v2\/product\/7400\/revisions"}],"predecessor-version":[{"id":9299,"href":"https:\/\/dersuessestopp.com\/de_at\/wp-json\/wp\/v2\/product\/7400\/revisions\/9299"}],"wp:featuredmedia":[{"embeddable":true,"href":"https:\/\/dersuessestopp.com\/de_at\/wp-json\/wp\/v2\/media\/7401"}],"wp:attachment":[{"href":"https:\/\/dersuessestopp.com\/de_at\/wp-json\/wp\/v2\/media?parent=7400"}],"wp:term":[{"taxonomy":"product_brand","embeddable":true,"href":"https:\/\/dersuessestopp.com\/de_at\/wp-json\/wp\/v2\/product_brand?post=7400"},{"taxonomy":"product_cat","embeddable":true,"href":"https:\/\/dersuessestopp.com\/de_at\/wp-json\/wp\/v2\/product_cat?post=7400"},{"taxonomy":"product_tag","embeddable":true,"href":"https:\/\/dersuessestopp.com\/de_at\/wp-json\/wp\/v2\/product_tag?post=7400"}],"curies":[{"name":"wp","href":"https:\/\/api.w.org\/{rel}","templated":true}]}}