{"id":7378,"date":"2025-09-01T07:21:30","date_gmt":"2025-09-01T07:21:30","guid":{"rendered":"https:\/\/dersuessestopp.com\/?post_type=product&#038;p=7378"},"modified":"2025-09-24T22:10:35","modified_gmt":"2025-09-24T22:10:35","slug":"doppelgitarre","status":"publish","type":"product","link":"https:\/\/dersuessestopp.com\/de_at\/product\/double-guitar\/","title":{"rendered":"Doppelte Gitarre"},"content":{"rendered":"<h3 data-start=\"184\" data-end=\"201\">Beschreibung<\/h3>\n<p data-start=\"202\" data-end=\"678\">Die <strong data-start=\"206\" data-end=\"230\">Bilait Doppelgitarre<\/strong> ist ein professionelles Geb\u00e4ckwerkzeug, das f\u00fcr <strong data-start=\"274\" data-end=\"319\">Pr\u00e4zises Schneiden von Konditoreiprodukten<\/strong> wie Cremini, Ganache, Semifreddo und andere delikate Kreationen auf Teigbasis. Sein Doppelrahmensystem erm\u00f6glicht ein schnelles und gleichm\u00e4\u00dfiges Schneiden und eignet sich daher besonders f\u00fcr die Herstellung gro\u00dfer Mengen mit gleichbleibender Genauigkeit. Ob in Handwerksbetrieben oder professionellen Konditoreien, die Double Guitar garantiert Effizienz und Pr\u00e4zision bei jedem Schnitt.<\/p>\n<h3 data-start=\"680\" data-end=\"702\">Produktmerkmale<\/h3>\n<ul data-start=\"703\" data-end=\"1027\">\n<li data-start=\"703\" data-end=\"784\">\n<p data-start=\"705\" data-end=\"784\">Verf\u00fcgbar in <strong data-start=\"718\" data-end=\"754\">Versionen f\u00fcr eine oder zwei Gitarren<\/strong> f\u00fcr vielseitige Anwendungen.<\/p>\n<\/li>\n<li data-start=\"785\" data-end=\"873\">\n<p data-start=\"787\" data-end=\"873\">Entworfen mit einer <strong data-start=\"804\" data-end=\"838\">innovatives Verschlusssystem<\/strong> die das Einf\u00fcgen von Rahmen vereinfacht.<\/p>\n<\/li>\n<li data-start=\"874\" data-end=\"949\">\n<p data-start=\"876\" data-end=\"949\">Erheblich reduziert <strong data-start=\"898\" data-end=\"946\">Montage-, Demontage- und Wartungszeiten<\/strong>.<\/p>\n<\/li>\n<li data-start=\"950\" data-end=\"1027\">\n<p data-start=\"952\" data-end=\"1027\">Vollst\u00e4ndig konstruiert aus <strong data-start=\"978\" data-end=\"997\">rostfreier Stahl<\/strong> f\u00fcr Haltbarkeit und Hygiene.<\/p>\n<\/li>\n<\/ul>\n<h3 data-start=\"1034\" data-end=\"1064\">Technische Daten<\/h3>\n<div class=\"_tableContainer_1rjym_1\">\n<div class=\"_tableWrapper_1rjym_13 group flex w-fit flex-col-reverse\">\n<table>\n<thead>\n<tr>\n<th><strong>Kategorie<\/strong><\/th>\n<th><strong>Einzelheiten<\/strong><\/th>\n<\/tr>\n<\/thead>\n<tbody>\n<tr>\n<td><strong>Basis Abmessungen<\/strong><\/td>\n<td>530 \u00d7 520 mm<\/td>\n<\/tr>\n<tr>\n<td><strong>Basis Gewicht<\/strong><\/td>\n<td>14 kg<\/td>\n<\/tr>\n<tr>\n<td><strong>Rahmen-Modelle<\/strong><\/td>\n<td>60 - 45 - 37,5 - 30 - 22,5 - 15 mm<\/td>\n<\/tr>\n<tr>\n<td><strong>Rahmen Gewicht<\/strong><\/td>\n<td>6 kg<\/td>\n<\/tr>\n<tr>\n<td><strong>Rahmengr\u00f6\u00dfe<\/strong><\/td>\n<td>430 \u00d7 650 mm<\/td>\n<\/tr>\n<tr>\n<td><strong>Material<\/strong><\/td>\n<td>Rostfreier Stahl<\/td>\n<\/tr>\n<\/tbody>\n<\/table>\n<\/div>\n<\/div>","protected":false},"excerpt":{"rendered":"<h3 data-start=\"415\" data-end=\"463\"><strong data-start=\"419\" data-end=\"461\">Doppelgitarre - Konditoreigitarre<\/strong><\/h3>\n<p data-start=\"465\" data-end=\"724\"><em data-start=\"465\" data-end=\"722\">Professionelle Doppelrahmen-Teiggitarre zum Schneiden von Schichtdesserts, Pralinen, Ganache oder Gelees in gleichm\u00e4\u00dfige Quadrate oder Rechtecke. Zwei austauschbare Rahmen f\u00fcr unterschiedliche Schnittgr\u00f6\u00dfen. Saiten aus rostfreiem Stahl sorgen f\u00fcr saubere Schnitte und hohe Produktivit\u00e4t.<\/em><\/p>","protected":false},"featured_media":7379,"comment_status":"open","ping_status":"closed","template":"","meta":[],"product_brand":[],"product_cat":[70],"product_tag":[],"class_list":{"0":"post-7378","1":"product","2":"type-product","3":"status-publish","4":"has-post-thumbnail","6":"product_cat-pastry-line","8":"first","9":"instock","10":"shipping-taxable","11":"product-type-simple"},"_links":{"self":[{"href":"https:\/\/dersuessestopp.com\/de_at\/wp-json\/wp\/v2\/product\/7378","targetHints":{"allow":["GET"]}}],"collection":[{"href":"https:\/\/dersuessestopp.com\/de_at\/wp-json\/wp\/v2\/product"}],"about":[{"href":"https:\/\/dersuessestopp.com\/de_at\/wp-json\/wp\/v2\/types\/product"}],"replies":[{"embeddable":true,"href":"https:\/\/dersuessestopp.com\/de_at\/wp-json\/wp\/v2\/comments?post=7378"}],"version-history":[{"count":3,"href":"https:\/\/dersuessestopp.com\/de_at\/wp-json\/wp\/v2\/product\/7378\/revisions"}],"predecessor-version":[{"id":9301,"href":"https:\/\/dersuessestopp.com\/de_at\/wp-json\/wp\/v2\/product\/7378\/revisions\/9301"}],"wp:featuredmedia":[{"embeddable":true,"href":"https:\/\/dersuessestopp.com\/de_at\/wp-json\/wp\/v2\/media\/7379"}],"wp:attachment":[{"href":"https:\/\/dersuessestopp.com\/de_at\/wp-json\/wp\/v2\/media?parent=7378"}],"wp:term":[{"taxonomy":"product_brand","embeddable":true,"href":"https:\/\/dersuessestopp.com\/de_at\/wp-json\/wp\/v2\/product_brand?post=7378"},{"taxonomy":"product_cat","embeddable":true,"href":"https:\/\/dersuessestopp.com\/de_at\/wp-json\/wp\/v2\/product_cat?post=7378"},{"taxonomy":"product_tag","embeddable":true,"href":"https:\/\/dersuessestopp.com\/de_at\/wp-json\/wp\/v2\/product_tag?post=7378"}],"curies":[{"name":"wp","href":"https:\/\/api.w.org\/{rel}","templated":true}]}}