{"id":7352,"date":"2025-09-01T07:13:03","date_gmt":"2025-09-01T07:13:03","guid":{"rendered":"https:\/\/dersuessestopp.com\/?post_type=product&#038;p=7352"},"modified":"2025-09-24T22:12:30","modified_gmt":"2025-09-24T22:12:30","slug":"chocohot-spray-double","status":"publish","type":"product","link":"https:\/\/dersuessestopp.com\/de_at\/product\/chocohot-spray-double\/","title":{"rendered":"Chocohot Spray Double"},"content":{"rendered":"<p data-start=\"286\" data-end=\"624\">Die <strong data-start=\"290\" data-end=\"315\">Chocohot Spray Double<\/strong> ist ein professionelles Spr\u00fchger\u00e4t f\u00fcr Chocolatiers, Konditoren und Kunsthandwerker, die ihre Kreationen mit dekorativen Oberfl\u00e4chen veredeln m\u00f6chten. Dieses Ger\u00e4t ist ideal f\u00fcr Pralinen, Torten, Mousse und Ostereier. Es spritzt Schokolade oder Kakaobutter mit Pr\u00e4zision und bietet unendlich viele kreative M\u00f6glichkeiten.<\/p>\n<p data-start=\"626\" data-end=\"1028\">Ausgestattet mit <strong data-start=\"640\" data-end=\"663\">zwei beheizte Kammern<\/strong> und <strong data-start=\"668\" data-end=\"699\">zwei professionelle Airbrushes<\/strong>, Mit dem Chocohot Spray Double k\u00f6nnen Sie zwei verschiedene Produkte gleichzeitig spr\u00fchen, z. B. gef\u00e4rbte Kakaobutter oder Schokolade, und dabei die ideale Arbeitstemperatur beibehalten. Durch die Einstellung der Airbrush-Kn\u00f6pfe k\u00f6nnen Sie die Dicke und den Stil des Sprays steuern, von feinen Samtstrukturen bis zu dickeren dekorativen Schichten.<\/p>\n<p data-start=\"1030\" data-end=\"1179\">Diese doppelte Funktionalit\u00e4t macht ihn zu einem unverzichtbaren Werkzeug f\u00fcr professionelle K\u00fcchen und Chocolaterien, das Vielseitigkeit, Langlebigkeit und Benutzerfreundlichkeit vereint.<\/p>\n<h3 data-start=\"1186\" data-end=\"1208\">Produktmerkmale<\/h3>\n<ul data-start=\"1209\" data-end=\"1640\">\n<li data-start=\"1209\" data-end=\"1299\">\n<p data-start=\"1211\" data-end=\"1299\">Zwei beheizte Kammern, um Schokolade oder Kakaobutter auf der perfekten Temperatur zu halten.<\/p>\n<\/li>\n<li data-start=\"1300\" data-end=\"1407\">\n<p data-start=\"1302\" data-end=\"1407\">Zwei professionelle Airbrushes mit <strong data-start=\"1335\" data-end=\"1357\">1 kg Fassungsverm\u00f6gen pro St\u00fcck<\/strong>, angeschlossen an einen Kompressor f\u00fcr gleichm\u00e4\u00dfiges Spr\u00fchen.<\/p>\n<\/li>\n<li data-start=\"1408\" data-end=\"1494\">\n<p data-start=\"1410\" data-end=\"1494\">Einstellbare Spr\u00fchintensit\u00e4t f\u00fcr verschiedene dekorative Effekte (z. B. Samtoptik).<\/p>\n<\/li>\n<li data-start=\"1495\" data-end=\"1570\">\n<p data-start=\"1497\" data-end=\"1570\">Vollst\u00e4ndig aus rostfreiem Stahl gefertigt f\u00fcr lange Haltbarkeit und einfache Reinigung.<\/p>\n<\/li>\n<li data-start=\"1571\" data-end=\"1640\">\n<p data-start=\"1573\" data-end=\"1640\">Digitale Steuerung und pr\u00e4zise Regler f\u00fcr pr\u00e4zise Leistung.<\/p>\n<\/li>\n<\/ul>\n<h3 data-start=\"1647\" data-end=\"1677\">Technische Daten<\/h3>\n<table>\n<thead>\n<tr>\n<th>Spezifikation<\/th>\n<th>Wert<\/th>\n<\/tr>\n<\/thead>\n<tbody>\n<tr>\n<td>Maschine L\u00e4nge<\/td>\n<td>24 cm<\/td>\n<\/tr>\n<tr>\n<td>Breite der Maschine<\/td>\n<td>44 cm<\/td>\n<\/tr>\n<tr>\n<td>H\u00f6he der Maschine<\/td>\n<td>45 cm<\/td>\n<\/tr>\n<tr>\n<td>Maschine Gewicht<\/td>\n<td>26 kg<\/td>\n<\/tr>\n<tr>\n<td>Material des Geh\u00e4uses<\/td>\n<td>Rostfreier Stahl<\/td>\n<\/tr>\n<\/tbody>\n<\/table>\n<h4 data-start=\"1900\" data-end=\"1927\">Elektrischer Verbrauch<\/h4>\n<div class=\"_tableContainer_1rjym_1\">\n<div class=\"_tableWrapper_1rjym_13 group flex w-fit flex-col-reverse\">\n<table>\n<thead>\n<tr>\n<th>Spezifikation<\/th>\n<th>Wert<\/th>\n<\/tr>\n<\/thead>\n<tbody>\n<tr>\n<td>Strom<\/td>\n<td>1000 W<\/td>\n<\/tr>\n<tr>\n<td>Spannung<\/td>\n<td>230 V<\/td>\n<\/tr>\n<tr>\n<td>Frequenz<\/td>\n<td>50\/60 Hz<\/td>\n<\/tr>\n<\/tbody>\n<\/table>\n<h4 data-start=\"2045\" data-end=\"2075\">Kontrolle und Instrumentierung<\/h4>\n<div class=\"_tableContainer_1rjym_1\">\n<div class=\"_tableWrapper_1rjym_13 group flex w-fit flex-col-reverse\">\n<table>\n<thead>\n<tr>\n<th>Spezifikation<\/th>\n<th>Wert<\/th>\n<\/tr>\n<\/thead>\n<tbody>\n<tr>\n<td>Digitale Anzeigen<\/td>\n<td>2 (zur Steuerung der Kammertemperatur)<\/td>\n<\/tr>\n<tr>\n<td>Druckminderer<\/td>\n<td>2<\/td>\n<\/tr>\n<tr>\n<td>Druckmessger\u00e4te<\/td>\n<td>2<\/td>\n<\/tr>\n<tr>\n<td>Luftarmaturen<\/td>\n<td>4 (Eingang vom Kompressor und Ausgang zu den Airbrushes)<\/td>\n<\/tr>\n<\/tbody>\n<\/table>\n<h4 data-start=\"2310\" data-end=\"2332\">Airbrush-Merkmale<\/h4>\n<div class=\"_tableContainer_1rjym_1\">\n<div class=\"_tableWrapper_1rjym_13 group flex w-fit flex-col-reverse\">\n<table>\n<thead>\n<tr>\n<th>Spezifikation<\/th>\n<th>Wert<\/th>\n<\/tr>\n<\/thead>\n<tbody>\n<tr>\n<td>Anzahl der Airbrushes<\/td>\n<td>2<\/td>\n<\/tr>\n<tr>\n<td>Airbrush Abmessungen<\/td>\n<td>20 \u00d7 11 \u00d7 26 cm<\/td>\n<\/tr>\n<tr>\n<td>Container-Kapazit\u00e4t<\/td>\n<td>1 kg pro St\u00fcck<\/td>\n<\/tr>\n<tr>\n<td>Kn\u00f6pfe<\/td>\n<td>Lufteinlass, Produktstrom, Luftauslass<\/td>\n<\/tr>\n<tr>\n<td>D\u00fcse Gr\u00f6\u00dfe<\/td>\n<td>1,9 mm, verstellbare \u00d6ffnung<\/td>\n<\/tr>\n<\/tbody>\n<\/table>\n<h4 data-start=\"2586\" data-end=\"2605\">Heizungsanlage<\/h4>\n<div class=\"_tableContainer_1rjym_1\">\n<div class=\"_tableWrapper_1rjym_13 group flex w-fit flex-col-reverse\">\n<table>\n<thead>\n<tr>\n<th>Spezifikation<\/th>\n<th>Wert<\/th>\n<\/tr>\n<\/thead>\n<tbody>\n<tr>\n<td>Beheizte Kammern<\/td>\n<td>2 (f\u00fcr die Lagerung der Airbrush)<\/td>\n<\/tr>\n<tr>\n<td>Heizelemente<\/td>\n<td>2<\/td>\n<\/tr>\n<tr>\n<td>Fans<\/td>\n<td>2 (f\u00fcr Warmluftventilation)<\/td>\n<\/tr>\n<\/tbody>\n<\/table>\n<\/div>\n<\/div>\n<\/div>\n<\/div>\n<\/div>\n<\/div>\n<\/div>\n<\/div>","protected":false},"excerpt":{"rendered":"<h3 data-start=\"809\" data-end=\"893\"><strong data-start=\"813\" data-end=\"891\">Chocohot Spray Double - Schokoladen- und Kakaobutter-Spr\u00fchmaschine<\/strong><\/h3>\n<p data-start=\"895\" data-end=\"1206\"><em data-start=\"895\" data-end=\"1204\">Zwei-Tank-Spr\u00fchmaschine f\u00fcr Schokolade und Kakaobutter. Erm\u00f6glicht das Einf\u00fcllen von zwei verschiedenen Produkten (z. B. dunkle und wei\u00dfe) und den sofortigen Wechsel. Erzeugt ein gleichm\u00e4\u00dfiges, samtiges Finish auf Torten, Pralinen, Semifreddo und gefrorenen Desserts. Geh\u00e4use aus rostfreiem Stahl, leicht zu reinigen und f\u00fcr den intensiven professionellen Gebrauch konzipiert.<\/em><\/p>","protected":false},"featured_media":7354,"comment_status":"open","ping_status":"closed","template":"","meta":[],"product_brand":[],"product_cat":[52],"product_tag":[],"class_list":{"0":"post-7352","1":"product","2":"type-product","3":"status-publish","4":"has-post-thumbnail","6":"product_cat-chocolate-equipment","8":"first","9":"instock","10":"shipping-taxable","11":"product-type-simple"},"_links":{"self":[{"href":"https:\/\/dersuessestopp.com\/de_at\/wp-json\/wp\/v2\/product\/7352","targetHints":{"allow":["GET"]}}],"collection":[{"href":"https:\/\/dersuessestopp.com\/de_at\/wp-json\/wp\/v2\/product"}],"about":[{"href":"https:\/\/dersuessestopp.com\/de_at\/wp-json\/wp\/v2\/types\/product"}],"replies":[{"embeddable":true,"href":"https:\/\/dersuessestopp.com\/de_at\/wp-json\/wp\/v2\/comments?post=7352"}],"version-history":[{"count":3,"href":"https:\/\/dersuessestopp.com\/de_at\/wp-json\/wp\/v2\/product\/7352\/revisions"}],"predecessor-version":[{"id":9303,"href":"https:\/\/dersuessestopp.com\/de_at\/wp-json\/wp\/v2\/product\/7352\/revisions\/9303"}],"wp:featuredmedia":[{"embeddable":true,"href":"https:\/\/dersuessestopp.com\/de_at\/wp-json\/wp\/v2\/media\/7354"}],"wp:attachment":[{"href":"https:\/\/dersuessestopp.com\/de_at\/wp-json\/wp\/v2\/media?parent=7352"}],"wp:term":[{"taxonomy":"product_brand","embeddable":true,"href":"https:\/\/dersuessestopp.com\/de_at\/wp-json\/wp\/v2\/product_brand?post=7352"},{"taxonomy":"product_cat","embeddable":true,"href":"https:\/\/dersuessestopp.com\/de_at\/wp-json\/wp\/v2\/product_cat?post=7352"},{"taxonomy":"product_tag","embeddable":true,"href":"https:\/\/dersuessestopp.com\/de_at\/wp-json\/wp\/v2\/product_tag?post=7352"}],"curies":[{"name":"wp","href":"https:\/\/api.w.org\/{rel}","templated":true}]}}