{"id":7337,"date":"2025-09-01T07:07:43","date_gmt":"2025-09-01T07:07:43","guid":{"rendered":"https:\/\/dersuessestopp.com\/?post_type=product&#038;p=7337"},"modified":"2025-09-24T22:13:16","modified_gmt":"2025-09-24T22:13:16","slug":"chocobox","status":"publish","type":"product","link":"https:\/\/dersuessestopp.com\/de_at\/product\/chocobox\/","title":{"rendered":"Chocobox"},"content":{"rendered":"<p data-start=\"149\" data-end=\"727\">Ob Sie nun Chocolatier oder Konditor sind oder ein Restaurant betreiben, die <strong data-start=\"221\" data-end=\"257\">Bilait Chocobox Schokoladenschmelzger\u00e4t<\/strong> wurde entwickelt, um allen beruflichen Anforderungen gerecht zu werden. Erh\u00e4ltlich in mehreren Gr\u00f6\u00dfen - <strong data-start=\"333\" data-end=\"367\">0,8L, 1,5L, 2,5L, 3,5L und 6L<\/strong> - Es gew\u00e4hrleistet ein gleichm\u00e4\u00dfiges Schmelzen und eine perfekte Temperaturhaltung bis zu <strong data-start=\"438\" data-end=\"446\">50\u00b0C<\/strong>. Die <strong data-start=\"452\" data-end=\"477\">austauschbare Tabletts<\/strong> k\u00f6nnen Sie ganz einfach zwischen verschiedenen Schokoladentypen wechseln und so Ihren Arbeitsablauf effizienter gestalten. Gebaut mit einer <strong data-start=\"588\" data-end=\"612\">Geh\u00e4use aus rostfreiem Stahl<\/strong>, Dieses Schmelzger\u00e4t garantiert nicht nur Langlebigkeit, sondern auch eine hervorragende W\u00e4rmeleitf\u00e4higkeit f\u00fcr gleichbleibende Ergebnisse.<\/p>\n<h3 data-start=\"734\" data-end=\"756\">Produktmerkmale<\/h3>\n<ul data-start=\"757\" data-end=\"1064\">\n<li data-start=\"757\" data-end=\"825\">\n<p data-start=\"759\" data-end=\"825\">Verf\u00fcgbar in <strong data-start=\"772\" data-end=\"791\">f\u00fcnf Kapazit\u00e4ten<\/strong>: 0,8L, 1,5L, 2,5L, 3,5L und 6L<\/p>\n<\/li>\n<li data-start=\"826\" data-end=\"859\">\n<p data-start=\"828\" data-end=\"859\"><strong data-start=\"828\" data-end=\"852\">Maximale Temperatur:<\/strong> 50\u00b0C<\/p>\n<\/li>\n<li data-start=\"860\" data-end=\"926\">\n<p data-start=\"862\" data-end=\"926\"><strong data-start=\"862\" data-end=\"887\">Auswechselbare Tabletts<\/strong> f\u00fcr die Arbeit mit mehreren Schokoladensorten<\/p>\n<\/li>\n<li data-start=\"927\" data-end=\"1000\">\n<p data-start=\"929\" data-end=\"1000\"><strong data-start=\"929\" data-end=\"958\">Struktur aus rostfreiem Stahl<\/strong> f\u00fcr Haltbarkeit und bessere W\u00e4rme\u00fcbertragung<\/p>\n<\/li>\n<li data-start=\"1001\" data-end=\"1064\">\n<p data-start=\"1003\" data-end=\"1064\">Ideal f\u00fcr professionelle Werkst\u00e4tten, B\u00e4ckereien und Restaurants<\/p>\n<\/li>\n<\/ul>\n<h3 data-start=\"1071\" data-end=\"1101\">Technische Daten<\/h3>\n<div class=\"_tableContainer_1rjym_1\">\n<div class=\"_tableWrapper_1rjym_13 group flex w-fit flex-col-reverse\">\n<table>\n<thead>\n<tr>\n<th>Merkmal<\/th>\n<th>Einzelheiten<\/th>\n<\/tr>\n<\/thead>\n<tbody>\n<tr>\n<td><strong>Material<\/strong><\/td>\n<td>Rostfreier Stahl<\/td>\n<\/tr>\n<tr>\n<td><strong>Kapazit\u00e4t<\/strong><\/td>\n<td>0,8L \/ 1,5L \/ 2,5L \/ 3,5L \/ 6L<\/td>\n<\/tr>\n<tr>\n<td><strong>Abmessungen<\/strong><\/td>\n<td>230 \u00d7 140 \u00d7 270 mm<\/td>\n<\/tr>\n<tr>\n<td><strong>Gewicht<\/strong><\/td>\n<td>Variiert je nach Modell<\/td>\n<\/tr>\n<tr>\n<td><strong>Maximale Temperatur<\/strong><\/td>\n<td>50\u00b0C<\/td>\n<\/tr>\n<tr>\n<td><strong>Verbrauch<\/strong><\/td>\n<td>60W<\/td>\n<\/tr>\n<tr>\n<td><strong>Spannung<\/strong><\/td>\n<td>230V<\/td>\n<\/tr>\n<tr>\n<td><strong>Frequenz<\/strong><\/td>\n<td>50\/60 Hz<\/td>\n<\/tr>\n<\/tbody>\n<\/table>\n<\/div>\n<\/div>","protected":false},"excerpt":{"rendered":"<h3 data-start=\"490\" data-end=\"536\"><strong data-start=\"494\" data-end=\"534\"> Chocobox - Schokoladenschmelzer<\/strong><\/h3>\n<p data-start=\"538\" data-end=\"802\"><em data-start=\"538\" data-end=\"800\">Kompaktes professionelles Schmelzger\u00e4t f\u00fcr Schokolade, Fondant oder Kuvert\u00fcre. Die Chocobox h\u00e4lt die Schokolade mit gleichm\u00e4\u00dfiger Erw\u00e4rmung und einfacher Kontrolle auf der perfekten Arbeitstemperatur. Ideal zum Eintauchen, Gie\u00dfen und f\u00fcr die Kleinserienproduktion in Konditoreien, Caf\u00e9s und Schokoladenlabors.<\/em><\/p>","protected":false},"featured_media":7338,"comment_status":"open","ping_status":"closed","template":"","meta":[],"product_brand":[],"product_cat":[52],"product_tag":[],"class_list":{"0":"post-7337","1":"product","2":"type-product","3":"status-publish","4":"has-post-thumbnail","6":"product_cat-chocolate-equipment","8":"first","9":"instock","10":"shipping-taxable","11":"product-type-simple"},"_links":{"self":[{"href":"https:\/\/dersuessestopp.com\/de_at\/wp-json\/wp\/v2\/product\/7337","targetHints":{"allow":["GET"]}}],"collection":[{"href":"https:\/\/dersuessestopp.com\/de_at\/wp-json\/wp\/v2\/product"}],"about":[{"href":"https:\/\/dersuessestopp.com\/de_at\/wp-json\/wp\/v2\/types\/product"}],"replies":[{"embeddable":true,"href":"https:\/\/dersuessestopp.com\/de_at\/wp-json\/wp\/v2\/comments?post=7337"}],"version-history":[{"count":3,"href":"https:\/\/dersuessestopp.com\/de_at\/wp-json\/wp\/v2\/product\/7337\/revisions"}],"predecessor-version":[{"id":9304,"href":"https:\/\/dersuessestopp.com\/de_at\/wp-json\/wp\/v2\/product\/7337\/revisions\/9304"}],"wp:featuredmedia":[{"embeddable":true,"href":"https:\/\/dersuessestopp.com\/de_at\/wp-json\/wp\/v2\/media\/7338"}],"wp:attachment":[{"href":"https:\/\/dersuessestopp.com\/de_at\/wp-json\/wp\/v2\/media?parent=7337"}],"wp:term":[{"taxonomy":"product_brand","embeddable":true,"href":"https:\/\/dersuessestopp.com\/de_at\/wp-json\/wp\/v2\/product_brand?post=7337"},{"taxonomy":"product_cat","embeddable":true,"href":"https:\/\/dersuessestopp.com\/de_at\/wp-json\/wp\/v2\/product_cat?post=7337"},{"taxonomy":"product_tag","embeddable":true,"href":"https:\/\/dersuessestopp.com\/de_at\/wp-json\/wp\/v2\/product_tag?post=7337"}],"curies":[{"name":"wp","href":"https:\/\/api.w.org\/{rel}","templated":true}]}}