{"id":7326,"date":"2025-09-01T06:51:53","date_gmt":"2025-09-01T06:51:53","guid":{"rendered":"https:\/\/dersuessestopp.com\/?post_type=product&#038;p=7326"},"modified":"2025-10-08T23:16:23","modified_gmt":"2025-10-08T23:16:23","slug":"saladette-sf-901","status":"publish","type":"product","link":"https:\/\/dersuessestopp.com\/de_at\/product\/saladette-sf-901\/","title":{"rendered":"SALADETTE SF 901"},"content":{"rendered":"<p data-start=\"203\" data-end=\"549\"><img decoding=\"async\" src=\"https:\/\/customer.klimaitalia.it\/api\/file\/image\/6845\" \/><\/p>\n<p data-start=\"203\" data-end=\"549\">\n<p data-start=\"203\" data-end=\"549\">Die <strong data-start=\"207\" data-end=\"227\">Saladette SF 901<\/strong> und <strong data-start=\"232\" data-end=\"246\">SF 903 OBEN<\/strong> sind qualitativ hochwertige K\u00fchltische mit statischem Gebl\u00e4se, die speziell f\u00fcr die Anforderungen von Gro\u00dfk\u00fcchen, Cateringservices und Restaurants entwickelt wurden. Gebaut mit einer <strong data-start=\"408\" data-end=\"465\">robustes Geh\u00e4use und Innenauskleidung aus Edelstahl AISI 304<\/strong>, Diese Ger\u00e4te gew\u00e4hrleisten ein H\u00f6chstma\u00df an Hygiene, eine einfache Reinigung und eine lange Lebensdauer.<\/p>\n<p data-start=\"551\" data-end=\"861\">Ausgestattet mit einem <strong data-start=\"568\" data-end=\"593\">elektronisches Thermostat<\/strong>, halten die Saladetten einen pr\u00e4zisen Temperaturbereich zwischen <strong data-start=\"655\" data-end=\"674\">+2 \u00b0C und +8 \u00b0C<\/strong>, Dadurch sind sie ideal f\u00fcr die Aufbewahrung frischer Zutaten. Ihr <strong data-start=\"734\" data-end=\"762\">Abtauautomatik<\/strong> sorgt f\u00fcr einen problemlosen Betrieb, w\u00e4hrend die <strong data-start=\"804\" data-end=\"823\">verschiebbare Regale<\/strong> bieten flexible Speicherl\u00f6sungen.<\/p>\n<p data-start=\"863\" data-end=\"1164\">F\u00fcr zus\u00e4tzlichen Komfort k\u00f6nnen die Ger\u00e4te ausgestattet werden mit <strong data-start=\"917\" data-end=\"951\">Smart Link WiFi-Fernbedienung<\/strong> (optional), was eine digitale \u00dcberwachung und Verwaltung erm\u00f6glicht. Das Design bietet verstellbare F\u00fc\u00dfe f\u00fcr Stabilit\u00e4t und ger\u00e4uscharmen Betrieb bei nur <strong data-start=\"1090\" data-end=\"1099\">42 dB<\/strong>, Das macht sie effizient und benutzerfreundlich in gesch\u00e4ftigen Umgebungen.<\/p>\n<h3 data-start=\"1171\" data-end=\"1187\">Abmessungen<\/h3>\n<div class=\"_tableContainer_1rjym_1\">\n<div class=\"_tableWrapper_1rjym_13 group flex w-fit flex-col-reverse\">\n<table>\n<thead>\n<tr>\n<th>Modell<\/th>\n<th>\u00c4u\u00dfere Abmessungen (BxTxH)<\/th>\n<th>Abmessungen der Verpackung (BxTxH)<\/th>\n<th>Breite (A)<\/th>\n<th>Tiefe (B)<\/th>\n<th>H\u00f6he (C)<\/th>\n<\/tr>\n<\/thead>\n<tbody>\n<tr>\n<td>SF 901<\/td>\n<td>900 x 700 x 870 mm*<\/td>\n<td>978 x 760 x 1060 mm<\/td>\n<td>830 mm<\/td>\n<td>595 mm<\/td>\n<td>456 mm<\/td>\n<\/tr>\n<tr>\n<td>SF 903 OBEN<\/td>\n<td>1368 x 700 x 870 mm*<\/td>\n<td>1390 x 730 x 1054 mm<\/td>\n<td>1295 mm<\/td>\n<td>595 mm<\/td>\n<td>456 mm<\/td>\n<\/tr>\n<\/tbody>\n<\/table>\n<h3 data-start=\"1720\" data-end=\"1744\">Technische Merkmale<\/h3>\n<div class=\"_tableContainer_1rjym_1\">\n<div class=\"_tableWrapper_1rjym_13 group flex w-fit flex-col-reverse\">\n<table>\n<thead>\n<tr>\n<th>Merkmal<\/th>\n<th>SF 901<\/th>\n<th>SF 903 OBEN<\/th>\n<\/tr>\n<\/thead>\n<tbody>\n<tr>\n<td>Temperaturbereich<\/td>\n<td>+2 \u00b0C \/ +8 \u00b0C<\/td>\n<td>+2 \u00b0C \/ +8 \u00b0C<\/td>\n<\/tr>\n<tr>\n<td>Klima-Klasse<\/td>\n<td>4<\/td>\n<td>4<\/td>\n<\/tr>\n<tr>\n<td>Netto\/Brutto Volumen<\/td>\n<td>160 \/ 257 Lt.<\/td>\n<td>251 \/ 400 Lt.<\/td>\n<\/tr>\n<tr>\n<td>Material des Geh\u00e4uses<\/td>\n<td>AISI 304 Edelstahl<\/td>\n<td>AISI 304 Edelstahl<\/td>\n<\/tr>\n<tr>\n<td>Material der Innenauskleidung<\/td>\n<td>AISI 304 Edelstahl<\/td>\n<td>AISI 304 Edelstahl<\/td>\n<\/tr>\n<tr>\n<td>Thermostat<\/td>\n<td>Elektronisch<\/td>\n<td>Elektronisch<\/td>\n<\/tr>\n<tr>\n<td>L\u00e4rmpegel<\/td>\n<td>42 dB<\/td>\n<td>42 dB<\/td>\n<\/tr>\n<tr>\n<td>Smart Link WiFi<\/td>\n<td>Optional<\/td>\n<td>Optional<\/td>\n<\/tr>\n<tr>\n<td>Dicke der Isolierung<\/td>\n<td>35 mm<\/td>\n<td>35 mm<\/td>\n<\/tr>\n<tr>\n<td>Abtauen<\/td>\n<td>Automatischer Kompressorzyklus<\/td>\n<td>Automatischer Kompressorzyklus<\/td>\n<\/tr>\n<tr>\n<td>Einlegeb\u00f6den (BxT)<\/td>\n<td>2 - 335 x 530 mm<\/td>\n<td>3 - 335 x 530 mm<\/td>\n<\/tr>\n<tr>\n<td>Rollen \/ F\u00fc\u00dfe<\/td>\n<td>4 F\u00fc\u00dfe - h 25\/33 mm<\/td>\n<td>4 F\u00fc\u00dfe - h 25\/33 mm<\/td>\n<\/tr>\n<tr>\n<td>K\u00f6rbe<\/td>\n<td>Nicht verf\u00fcgbar<\/td>\n<td>Nicht verf\u00fcgbar<\/td>\n<\/tr>\n<tr>\n<td>Netto-\/Bruttogewicht<\/td>\n<td>72 \/ 83 Kg<\/td>\n<td>110 \/ 130 Kg<\/td>\n<\/tr>\n<tr>\n<td>Spannung<\/td>\n<td>220-240 V<\/td>\n<td>220-240 V<\/td>\n<\/tr>\n<tr>\n<td>Frequenz<\/td>\n<td>50 Hz<\/td>\n<td>50 Hz<\/td>\n<\/tr>\n<tr>\n<td>K\u00e4ltemittel<\/td>\n<td>R600A<\/td>\n<td>R600A<\/td>\n<\/tr>\n<tr>\n<td>Stromverbrauch<\/td>\n<td>155 W<\/td>\n<td>235 W<\/td>\n<\/tr>\n<tr>\n<td>Energieverbrauch (24h)<\/td>\n<td>2,38 kWh<\/td>\n<td>2,96 kWh<\/td>\n<\/tr>\n<\/tbody>\n<\/table>\n<\/div>\n<\/div>\n<\/div>\n<\/div>","protected":false},"excerpt":{"rendered":"<p>The Saladette SF 901 and SF 903 TOP are high-quality static-fan assisted refrigerated benches, designed to meet the needs of professional kitchens, catering services, and restaurants. Built with a durable AISI 304 stainless steel body and inner liner, these units ensure maximum hygiene, easy cleaning, and long-lasting performance. Equipped with an electronic thermostat, the saladettes [&hellip;]<\/p>\n","protected":false},"featured_media":7328,"comment_status":"open","ping_status":"closed","template":"","meta":[],"product_brand":[],"product_cat":[51],"product_tag":[],"class_list":{"0":"post-7326","1":"product","2":"type-product","3":"status-publish","4":"has-post-thumbnail","6":"product_cat-kitchen-catering-cooling","8":"first","9":"instock","10":"shipping-taxable","11":"product-type-simple"},"_links":{"self":[{"href":"https:\/\/dersuessestopp.com\/de_at\/wp-json\/wp\/v2\/product\/7326","targetHints":{"allow":["GET"]}}],"collection":[{"href":"https:\/\/dersuessestopp.com\/de_at\/wp-json\/wp\/v2\/product"}],"about":[{"href":"https:\/\/dersuessestopp.com\/de_at\/wp-json\/wp\/v2\/types\/product"}],"replies":[{"embeddable":true,"href":"https:\/\/dersuessestopp.com\/de_at\/wp-json\/wp\/v2\/comments?post=7326"}],"version-history":[{"count":3,"href":"https:\/\/dersuessestopp.com\/de_at\/wp-json\/wp\/v2\/product\/7326\/revisions"}],"predecessor-version":[{"id":11944,"href":"https:\/\/dersuessestopp.com\/de_at\/wp-json\/wp\/v2\/product\/7326\/revisions\/11944"}],"wp:featuredmedia":[{"embeddable":true,"href":"https:\/\/dersuessestopp.com\/de_at\/wp-json\/wp\/v2\/media\/7328"}],"wp:attachment":[{"href":"https:\/\/dersuessestopp.com\/de_at\/wp-json\/wp\/v2\/media?parent=7326"}],"wp:term":[{"taxonomy":"product_brand","embeddable":true,"href":"https:\/\/dersuessestopp.com\/de_at\/wp-json\/wp\/v2\/product_brand?post=7326"},{"taxonomy":"product_cat","embeddable":true,"href":"https:\/\/dersuessestopp.com\/de_at\/wp-json\/wp\/v2\/product_cat?post=7326"},{"taxonomy":"product_tag","embeddable":true,"href":"https:\/\/dersuessestopp.com\/de_at\/wp-json\/wp\/v2\/product_tag?post=7326"}],"curies":[{"name":"wp","href":"https:\/\/api.w.org\/{rel}","templated":true}]}}