{"id":7321,"date":"2025-09-01T06:48:59","date_gmt":"2025-09-01T06:48:59","guid":{"rendered":"https:\/\/dersuessestopp.com\/?post_type=product&#038;p=7321"},"modified":"2025-10-08T23:15:23","modified_gmt":"2025-10-08T23:15:23","slug":"saladette-sf-903-pz","status":"publish","type":"product","link":"https:\/\/dersuessestopp.com\/de_at\/product\/saladette-sf-903-pz\/","title":{"rendered":"SALADETTE SF 903 PZ"},"content":{"rendered":"<p data-start=\"219\" data-end=\"635\"><img decoding=\"async\" src=\"https:\/\/customer.klimaitalia.it\/api\/file\/image\/6839\" \/><\/p>\n<p data-start=\"219\" data-end=\"635\">Die <strong data-start=\"223\" data-end=\"246\">SALADETTE SF 903 PZ<\/strong> ist eine professionelle gek\u00fchlte Pizzabank, die f\u00fcr Hochleistungs-Catering-Umgebungen entwickelt wurde. Vollst\u00e4ndig gebaut in <strong data-start=\"361\" data-end=\"389\">Rostfreier Stahl AISI 304<\/strong>, Sowohl innen als auch au\u00dfen gew\u00e4hrleistet es Hygiene, Haltbarkeit und Korrosionsbest\u00e4ndigkeit. Ausgestattet mit einer <strong data-start=\"493\" data-end=\"512\">Granit-Arbeitsplatte<\/strong>, Dieses Ger\u00e4t bietet eine ideale Oberfl\u00e4che f\u00fcr die Zubereitung von Pizzen und h\u00e4lt die Zutaten im gek\u00fchlten Boden frisch.<\/p>\n<p data-start=\"637\" data-end=\"988\">Dank seiner <strong data-start=\"651\" data-end=\"689\">K\u00fchlsystem mit statischem Ventilator<\/strong>, verst\u00e4rkte Struktur, und optional <strong data-start=\"726\" data-end=\"760\">Smart Link WiFi-Fernbedienung<\/strong>, Die Serie SALADETTE garantiert Effizienz und Zuverl\u00e4ssigkeit. Das Modell kommt mit <strong data-start=\"843\" data-end=\"881\">automatische Abtauung mit Kompressorzyklus<\/strong>, sanft schlie\u00dfende T\u00fcren und verstellbare F\u00fc\u00dfe f\u00fcr mehr Stabilit\u00e4t machen ihn zu einem Muss f\u00fcr professionelle Pizzerien.<\/p>\n<h2 data-start=\"1462\" data-end=\"1483\"><strong data-start=\"1465\" data-end=\"1483\">Modell-\u00dcbersicht<\/strong><\/h2>\n<div class=\"_tableContainer_1rjym_1\">\n<div class=\"_tableWrapper_1rjym_13 group flex w-fit flex-col-reverse\">\n<table>\n<thead>\n<tr>\n<th>Modell<\/th>\n<th>Beschreibung<\/th>\n<th>K\u00fchlung<\/th>\n<th>Temp. Bereich<\/th>\n<th>Arbeitsplatte<\/th>\n<\/tr>\n<\/thead>\n<tbody>\n<tr>\n<td><strong>SF 903 PZ<\/strong><\/td>\n<td>Pizzabank mit statischem Gebl\u00e4se<\/td>\n<td>Statisch<\/td>\n<td>+2 \u00b0C \/ +8 \u00b0C<\/td>\n<td>Granit<\/td>\n<\/tr>\n<tr>\n<td><strong>PZF 02 C<\/strong><\/td>\n<td>Bel\u00fcftete Pizzabank mit Schubladen<\/td>\n<td>Bel\u00fcftet<\/td>\n<td>+2 \u00b0C \/ +8 \u00b0C<\/td>\n<td>Granit<\/td>\n<\/tr>\n<tr>\n<td><strong>PZF 03<\/strong><\/td>\n<td>Bel\u00fcftete Pizzabank<\/td>\n<td>Bel\u00fcftet<\/td>\n<td>+2 \u00b0C \/ +8 \u00b0C<\/td>\n<td>Granit<\/td>\n<\/tr>\n<\/tbody>\n<\/table>\n<h2 data-start=\"1867\" data-end=\"1884\"><strong data-start=\"1870\" data-end=\"1884\">Abmessungen<\/strong><\/h2>\n<div class=\"_tableContainer_1rjym_1\">\n<div class=\"_tableWrapper_1rjym_13 group flex w-fit flex-col-reverse\">\n<table>\n<thead>\n<tr>\n<th>Spezifikation<\/th>\n<th>SF 903 PZ<\/th>\n<th>PZF 02 C<\/th>\n<th>PZF 03<\/th>\n<\/tr>\n<\/thead>\n<tbody>\n<tr>\n<td><strong>\u00c4u\u00dfere Abmessungen (BxTxH)<\/strong><\/td>\n<td>1400 x 700 x 1010 mm*<\/td>\n<td>2025 x 800 x 1000 mm*<\/td>\n<td>2020 x 800 x 1000 mm*<\/td>\n<\/tr>\n<tr>\n<td><strong>Abmessungen der Verpackung (BxTxH)<\/strong><\/td>\n<td>1430 x 730 x 1264 mm<\/td>\n<td>2055 x 830 x 1050 mm<\/td>\n<td>2050 x 830 x 1050 mm<\/td>\n<\/tr>\n<tr>\n<td><strong>Breite (A)<\/strong><\/td>\n<td>1295 mm<\/td>\n<td>945 mm<\/td>\n<td>1455 mm<\/td>\n<\/tr>\n<tr>\n<td><strong>Tiefe (B)<\/strong><\/td>\n<td>595 mm<\/td>\n<td>680 mm<\/td>\n<td>680 mm<\/td>\n<\/tr>\n<tr>\n<td><strong>H\u00f6he (C)<\/strong><\/td>\n<td>456 mm<\/td>\n<td>564 mm<\/td>\n<td>564 mm<\/td>\n<\/tr>\n<tr>\n<td><strong>Gesamth\u00f6he mit F\u00fc\u00dfen<\/strong><\/td>\n<td>1010 mm<\/td>\n<td>1000 mm<\/td>\n<td>1000 mm<\/td>\n<\/tr>\n<\/tbody>\n<\/table>\n<h2 data-start=\"2461\" data-end=\"2486\"><strong data-start=\"2464\" data-end=\"2486\">Technische Merkmale<\/strong><\/h2>\n<div class=\"_tableContainer_1rjym_1\">\n<div class=\"_tableWrapper_1rjym_13 group flex w-fit flex-col-reverse\">\n<table>\n<thead>\n<tr>\n<th>Merkmal<\/th>\n<th>SF 903 PZ<\/th>\n<th>PZF 02 C<\/th>\n<th>PZF 03<\/th>\n<\/tr>\n<\/thead>\n<tbody>\n<tr>\n<td><strong>Temperaturbereich<\/strong><\/td>\n<td>+2 \u00b0C \/ +8 \u00b0C<\/td>\n<td>+2 \u00b0C \/ +8 \u00b0C<\/td>\n<td>+2 \u00b0C \/ +8 \u00b0C<\/td>\n<\/tr>\n<tr>\n<td><strong>Klima-Klasse<\/strong><\/td>\n<td>4<\/td>\n<td>5<\/td>\n<td>5<\/td>\n<\/tr>\n<tr>\n<td><strong>Netto-Brutto-Volumen<\/strong><\/td>\n<td>251 \/ 400 L<\/td>\n<td>266 \/ 428 L<\/td>\n<td>406 \/ 635 L<\/td>\n<\/tr>\n<tr>\n<td><strong>Externer K\u00f6rper<\/strong><\/td>\n<td>AISI 304 Rostfreier Stahl<\/td>\n<td>Rostfreier Stahl<\/td>\n<td>Rostfreier Stahl<\/td>\n<\/tr>\n<tr>\n<td><strong>Innenauskleidung<\/strong><\/td>\n<td>AISI 304 Rostfreier Stahl<\/td>\n<td>Rostfreier Stahl<\/td>\n<td>Rostfreier Stahl<\/td>\n<\/tr>\n<tr>\n<td><strong>Thermostat<\/strong><\/td>\n<td>Elektronisch<\/td>\n<td>Elektronisch<\/td>\n<td>Elektronisch<\/td>\n<\/tr>\n<tr>\n<td><strong>L\u00e4rmpegel<\/strong><\/td>\n<td>42 dB<\/td>\n<td>42 dB<\/td>\n<td>42 dB<\/td>\n<\/tr>\n<tr>\n<td><strong>Smart Link WiFi<\/strong><\/td>\n<td>Optional<\/td>\n<td>Optional<\/td>\n<td>Optional<\/td>\n<\/tr>\n<tr>\n<td><strong>Dicke der Isolierung<\/strong><\/td>\n<td>35 mm<\/td>\n<td>60 mm<\/td>\n<td>60 mm<\/td>\n<\/tr>\n<tr>\n<td><strong>Abtauen<\/strong><\/td>\n<td>Automatisch - Kompressorzyklus<\/td>\n<td>Automatisch - elektrische Heizung<\/td>\n<td>Automatisch - elektrische Heizung<\/td>\n<\/tr>\n<tr>\n<td><strong>Regale<\/strong><\/td>\n<td>3 \u00d7 335\u00d7530 mm + 3 \u00d7 323\u00d7570 mm<\/td>\n<td>2 \u00d7 465\u00d7605 mm (Boden)<\/td>\n<td>3 \u00d7 465\u00d7605 mm (Boden)<\/td>\n<\/tr>\n<tr>\n<td><strong>T\u00fcren<\/strong><\/td>\n<td>Sanftes Schlie\u00dfen<\/td>\n<td>Sanftes Schlie\u00dfen<\/td>\n<td>Sanftes Schlie\u00dfen<\/td>\n<\/tr>\n<tr>\n<td><strong>Schubladen<\/strong><\/td>\n<td>-<\/td>\n<td>7 \u00d7 400x630x70 mm<\/td>\n<td>-<\/td>\n<\/tr>\n<tr>\n<td><strong>F\u00fc\u00dfe<\/strong><\/td>\n<td>4 einstellbar (25-33 mm)<\/td>\n<td>8 einstellbar (110-170 mm)<\/td>\n<td>6 verstellbar (110-170 mm)<\/td>\n<\/tr>\n<tr>\n<td><strong>Rollen<\/strong><\/td>\n<td>Wahlweise h 140 mm<\/td>\n<td>Wahlweise h 140 mm<\/td>\n<td>Wahlweise h 140 mm<\/td>\n<\/tr>\n<tr>\n<td><strong>Arbeitsplatte<\/strong><\/td>\n<td>Granit, 25 mm<\/td>\n<td>Granit, 25 mm<\/td>\n<td>Granit, 25 mm<\/td>\n<\/tr>\n<tr>\n<td><strong>Netto-Brutto Gewicht<\/strong><\/td>\n<td>170 \/ 190 kg<\/td>\n<td>362 \/ 380 kg<\/td>\n<td>320 \/ 340 kg<\/td>\n<\/tr>\n<tr>\n<td><strong>Spannung<\/strong><\/td>\n<td>220-240 V<\/td>\n<td>220-240 V<\/td>\n<td>220-240 V<\/td>\n<\/tr>\n<tr>\n<td><strong>Frequenz<\/strong><\/td>\n<td>50 Hz<\/td>\n<td>50 Hz<\/td>\n<td>50 Hz<\/td>\n<\/tr>\n<tr>\n<td><strong>K\u00e4ltemittel<\/strong><\/td>\n<td>R600A<\/td>\n<td>R600A<\/td>\n<td>R600A<\/td>\n<\/tr>\n<tr>\n<td><strong>Absorption<\/strong><\/td>\n<td>235 W<\/td>\n<td>300 W<\/td>\n<td>300 W<\/td>\n<\/tr>\n<tr>\n<td><strong>Energieverbrauch (24h)<\/strong><\/td>\n<td>2,96 kWh<\/td>\n<td>2,17 kWh<\/td>\n<td>3,20 kWh<\/td>\n<\/tr>\n<\/tbody>\n<\/table>\n<\/div>\n<\/div>\n<\/div>\n<\/div>\n<\/div>\n<\/div>","protected":false},"excerpt":{"rendered":"<p>The SALADETTE SF 903 PZ is a professional refrigerated pizza bench designed for high-performance catering environments. Built entirely in AISI 304 stainless steel, both inside and outside, it ensures hygiene, durability, and resistance to corrosion. Equipped with a granite worktop, this unit provides an ideal surface for pizza preparation while keeping ingredients fresh within the [&hellip;]<\/p>\n","protected":false},"featured_media":7322,"comment_status":"open","ping_status":"closed","template":"","meta":[],"product_brand":[],"product_cat":[51],"product_tag":[],"class_list":{"0":"post-7321","1":"product","2":"type-product","3":"status-publish","4":"has-post-thumbnail","6":"product_cat-kitchen-catering-cooling","8":"first","9":"instock","10":"shipping-taxable","11":"product-type-simple"},"_links":{"self":[{"href":"https:\/\/dersuessestopp.com\/de_at\/wp-json\/wp\/v2\/product\/7321","targetHints":{"allow":["GET"]}}],"collection":[{"href":"https:\/\/dersuessestopp.com\/de_at\/wp-json\/wp\/v2\/product"}],"about":[{"href":"https:\/\/dersuessestopp.com\/de_at\/wp-json\/wp\/v2\/types\/product"}],"replies":[{"embeddable":true,"href":"https:\/\/dersuessestopp.com\/de_at\/wp-json\/wp\/v2\/comments?post=7321"}],"version-history":[{"count":4,"href":"https:\/\/dersuessestopp.com\/de_at\/wp-json\/wp\/v2\/product\/7321\/revisions"}],"predecessor-version":[{"id":11943,"href":"https:\/\/dersuessestopp.com\/de_at\/wp-json\/wp\/v2\/product\/7321\/revisions\/11943"}],"wp:featuredmedia":[{"embeddable":true,"href":"https:\/\/dersuessestopp.com\/de_at\/wp-json\/wp\/v2\/media\/7322"}],"wp:attachment":[{"href":"https:\/\/dersuessestopp.com\/de_at\/wp-json\/wp\/v2\/media?parent=7321"}],"wp:term":[{"taxonomy":"product_brand","embeddable":true,"href":"https:\/\/dersuessestopp.com\/de_at\/wp-json\/wp\/v2\/product_brand?post=7321"},{"taxonomy":"product_cat","embeddable":true,"href":"https:\/\/dersuessestopp.com\/de_at\/wp-json\/wp\/v2\/product_cat?post=7321"},{"taxonomy":"product_tag","embeddable":true,"href":"https:\/\/dersuessestopp.com\/de_at\/wp-json\/wp\/v2\/product_tag?post=7321"}],"curies":[{"name":"wp","href":"https:\/\/api.w.org\/{rel}","templated":true}]}}