{"id":7316,"date":"2025-09-01T06:46:40","date_gmt":"2025-09-01T06:46:40","guid":{"rendered":"https:\/\/dersuessestopp.com\/?post_type=product&#038;p=7316"},"modified":"2025-10-09T02:32:06","modified_gmt":"2025-10-09T02:32:06","slug":"gn-200-g-tn-blk","status":"publish","type":"product","link":"https:\/\/dersuessestopp.com\/de_at\/product\/gn-200-g-tn-blk\/","title":{"rendered":"GN 200 G TN BLK"},"content":{"rendered":"<p data-start=\"193\" data-end=\"621\"><img decoding=\"async\" src=\"https:\/\/customer.klimaitalia.it\/api\/file\/image\/9992\" \/><\/p>\n<p data-start=\"193\" data-end=\"621\">Die <strong data-start=\"197\" data-end=\"216\">GN 200 G TN BLK<\/strong> ist eine kompakte K\u00fchltruhe, die f\u00fcr die professionelle Gastronomie entwickelt wurde. Mit seinem K\u00fchlsystem mit statischem Ventilator, verst\u00e4rkten Einlegeb\u00f6den, LED-Beleuchtung und einer eleganten Glast\u00fcr verbindet es Funktionalit\u00e4t mit modernem Stil. Der eingebaute Griff und das korrosionsgesch\u00fctzte \u00c4u\u00dfere sorgen f\u00fcr eine lange Lebensdauer, w\u00e4hrend der positive Temperaturbereich sie ideal f\u00fcr die Lagerung von frischen Lebensmitteln und Getr\u00e4nken macht.<\/p>\n<p data-start=\"623\" data-end=\"867\">Dieses Modell unterst\u00fctzt auch <strong data-start=\"648\" data-end=\"680\">Smart Link WiFi-Konnektivit\u00e4t<\/strong> (optional), die eine Fern\u00fcberwachung und -steuerung erm\u00f6glicht. Ob in Restaurants, Caf\u00e9s oder Catering-Unternehmen, die GN 200-Serie garantiert Zuverl\u00e4ssigkeit, Energieeffizienz und Benutzerfreundlichkeit.<\/p>\n<h2 data-start=\"1266\" data-end=\"1287\"><strong data-start=\"1269\" data-end=\"1287\">Modell-\u00dcbersicht<\/strong><\/h2>\n<div class=\"_tableContainer_1rjym_1\">\n<div class=\"_tableWrapper_1rjym_13 group flex w-fit flex-col-reverse\">\n<table>\n<thead>\n<tr>\n<th>Modell<\/th>\n<th>Beschreibung<\/th>\n<th>Temp. Bereich<\/th>\n<th>Typ der T\u00fcr<\/th>\n<\/tr>\n<\/thead>\n<tbody>\n<tr>\n<td><strong>GN 200 PS TN<\/strong><\/td>\n<td>Statischer Schrank mit R\u00fchrwerk<\/td>\n<td>0 \u00b0C \/ +10 \u00b0C<\/td>\n<td>ABS<\/td>\n<\/tr>\n<tr>\n<td><strong>GN 200 G TN<\/strong><\/td>\n<td>Statik-Ventilator, Glast\u00fcr<\/td>\n<td>+2 \u00b0C \/ +10 \u00b0C<\/td>\n<td>Glas<\/td>\n<\/tr>\n<tr>\n<td><strong>GN 200 G TN BLK<\/strong><\/td>\n<td>Statik-Ventilator, schwarze Glast\u00fcr<\/td>\n<td>+2 \u00b0C \/ +10 \u00b0C<\/td>\n<td>Glas<\/td>\n<\/tr>\n<\/tbody>\n<\/table>\n<h2 data-start=\"1636\" data-end=\"1653\"><strong data-start=\"1639\" data-end=\"1653\">Abmessungen<\/strong><\/h2>\n<div class=\"_tableContainer_1rjym_1\">\n<div class=\"_tableWrapper_1rjym_13 group flex w-fit flex-col-reverse\">\n<table>\n<thead>\n<tr>\n<th>Spezifikation<\/th>\n<th>GN 200 PS TN<\/th>\n<th>GN 200 G TN \/ BLK<\/th>\n<\/tr>\n<\/thead>\n<tbody>\n<tr>\n<td><strong>\u00c4u\u00dfere Abmessungen (BxTxH)<\/strong><\/td>\n<td>600 x 625 x 850 mm<\/td>\n<td>600 x 625 x 850 mm<\/td>\n<\/tr>\n<tr>\n<td><strong>Abmessungen der Verpackung (BxTxH)<\/strong><\/td>\n<td>660 x 725 x 1000 mm<\/td>\n<td>660 x 725 x 1000 mm<\/td>\n<\/tr>\n<tr>\n<td><strong>Breite (A)<\/strong><\/td>\n<td>457 mm<\/td>\n<td>457 mm<\/td>\n<\/tr>\n<tr>\n<td><strong>Tiefe (B)<\/strong><\/td>\n<td>474 mm<\/td>\n<td>474 mm<\/td>\n<\/tr>\n<tr>\n<td><strong>H\u00f6he (C)<\/strong><\/td>\n<td>600 mm<\/td>\n<td>600 mm<\/td>\n<\/tr>\n<tr>\n<td><strong>Min. Tiefe (D)<\/strong><\/td>\n<td>264 mm<\/td>\n<td>264 mm<\/td>\n<\/tr>\n<tr>\n<td><strong>Min. H\u00f6he (E)<\/strong><\/td>\n<td>390 mm<\/td>\n<td>390 mm<\/td>\n<\/tr>\n<\/tbody>\n<\/table>\n<h2 data-start=\"2118\" data-end=\"2143\"><strong data-start=\"2121\" data-end=\"2143\">Technische Merkmale<\/strong><\/h2>\n<div class=\"_tableContainer_1rjym_1\">\n<div class=\"_tableWrapper_1rjym_13 group flex w-fit flex-col-reverse\">\n<table>\n<thead>\n<tr>\n<th>Merkmal<\/th>\n<th>GN 200 PS TN<\/th>\n<th>GN 200 G TN \/ BLK<\/th>\n<\/tr>\n<\/thead>\n<tbody>\n<tr>\n<td><strong>Temperaturbereich<\/strong><\/td>\n<td>0 \u00b0C \/ +10 \u00b0C<\/td>\n<td>+2 \u00b0C \/ +10 \u00b0C<\/td>\n<\/tr>\n<tr>\n<td><strong>Klima-Klasse<\/strong><\/td>\n<td>4<\/td>\n<td>4<\/td>\n<\/tr>\n<tr>\n<td><strong>Kapazit\u00e4t<\/strong><\/td>\n<td>200 L<\/td>\n<td>200 L<\/td>\n<\/tr>\n<tr>\n<td><strong>Externer K\u00f6rper<\/strong><\/td>\n<td>Vorlackiertes Blech mit Korrosionsschutzbehandlung<\/td>\n<td>Vorlackiertes Blech mit Korrosionsschutzbehandlung<\/td>\n<\/tr>\n<tr>\n<td><strong>Innenauskleidung<\/strong><\/td>\n<td>ABS<\/td>\n<td>ABS<\/td>\n<\/tr>\n<tr>\n<td><strong>Thermostat<\/strong><\/td>\n<td>Elektronisch<\/td>\n<td>Elektronisch<\/td>\n<\/tr>\n<tr>\n<td><strong>L\u00e4rmpegel<\/strong><\/td>\n<td>43,8 dB<\/td>\n<td>38,6 dB<\/td>\n<\/tr>\n<tr>\n<td><strong>Smart Link WiFi<\/strong><\/td>\n<td>Optional<\/td>\n<td>Optional<\/td>\n<\/tr>\n<tr>\n<td><strong>Dicke der Isolierung<\/strong><\/td>\n<td>70 mm<\/td>\n<td>70 mm<\/td>\n<\/tr>\n<tr>\n<td><strong>Abtauen<\/strong><\/td>\n<td>Automatisch<\/td>\n<td>Automatisch<\/td>\n<\/tr>\n<tr>\n<td><strong>Beleuchtung<\/strong><\/td>\n<td>1 Horizontale LED 6W<\/td>\n<td>2 vertikale LED 6W + 6W<\/td>\n<\/tr>\n<tr>\n<td><strong>Selbstschlie\u00dfende T\u00fcr<\/strong><\/td>\n<td>Ja<\/td>\n<td>Ja<\/td>\n<\/tr>\n<tr>\n<td><strong>Schloss &amp; Schl\u00fcssel<\/strong><\/td>\n<td>Ja<\/td>\n<td>Ja<\/td>\n<\/tr>\n<tr>\n<td><strong>Reversible T\u00fcr<\/strong><\/td>\n<td>Ja<\/td>\n<td>Nein<\/td>\n<\/tr>\n<tr>\n<td><strong>Regale<\/strong><\/td>\n<td>2 \u00d7 476\u00d7436 mm + 1 \u00d7 477\u00d7207 mm<\/td>\n<td>2 \u00d7 476\u00d7436 mm + 1 \u00d7 477\u00d7207 mm<\/td>\n<\/tr>\n<tr>\n<td><strong>Rollen \/ F\u00fc\u00dfe<\/strong><\/td>\n<td>2 F\u00fc\u00dfe + 2 Rollen<\/td>\n<td>2 F\u00fc\u00dfe + 2 Rollen<\/td>\n<\/tr>\n<tr>\n<td><strong>Typ der T\u00fcr<\/strong><\/td>\n<td>ABS<\/td>\n<td>Glas<\/td>\n<\/tr>\n<tr>\n<td><strong>Netto\/Brutto Gewicht<\/strong><\/td>\n<td>40 \/ 43 kg<\/td>\n<td>41 \/ 45 kg<\/td>\n<\/tr>\n<tr>\n<td><strong>Spannung<\/strong><\/td>\n<td>220-240 V<\/td>\n<td>220-240 V<\/td>\n<\/tr>\n<tr>\n<td><strong>Frequenz<\/strong><\/td>\n<td>50 Hz<\/td>\n<td>50 Hz<\/td>\n<\/tr>\n<tr>\n<td><strong>K\u00e4ltemittel<\/strong><\/td>\n<td>R600A<\/td>\n<td>R600A<\/td>\n<\/tr>\n<tr>\n<td><strong>Leistungsabsorption<\/strong><\/td>\n<td>125 W<\/td>\n<td>157 W<\/td>\n<\/tr>\n<tr>\n<td><strong>Energieverbrauch (24h)<\/strong><\/td>\n<td>1,25 kWh<\/td>\n<td>1,96 kWh<\/td>\n<\/tr>\n<\/tbody>\n<\/table>\n<\/div>\n<\/div>\n<\/div>\n<\/div>\n<\/div>\n<\/div>","protected":false},"excerpt":{"rendered":"<p>The GN 200 G TN BLK is a compact refrigerated cabinet designed for professional catering environments. With its static-fan assisted cooling system, reinforced shelves, LED lighting, and sleek glass door, it combines practicality with modern style. The built-in handle and anti-corrosion treated exterior ensure long-term durability, while the positive temperature range makes it ideal for [&hellip;]<\/p>\n","protected":false},"featured_media":7317,"comment_status":"open","ping_status":"closed","template":"","meta":[],"product_brand":[],"product_cat":[51],"product_tag":[],"class_list":{"0":"post-7316","1":"product","2":"type-product","3":"status-publish","4":"has-post-thumbnail","6":"product_cat-kitchen-catering-cooling","8":"first","9":"instock","10":"shipping-taxable","11":"product-type-simple"},"_links":{"self":[{"href":"https:\/\/dersuessestopp.com\/de_at\/wp-json\/wp\/v2\/product\/7316","targetHints":{"allow":["GET"]}}],"collection":[{"href":"https:\/\/dersuessestopp.com\/de_at\/wp-json\/wp\/v2\/product"}],"about":[{"href":"https:\/\/dersuessestopp.com\/de_at\/wp-json\/wp\/v2\/types\/product"}],"replies":[{"embeddable":true,"href":"https:\/\/dersuessestopp.com\/de_at\/wp-json\/wp\/v2\/comments?post=7316"}],"version-history":[{"count":3,"href":"https:\/\/dersuessestopp.com\/de_at\/wp-json\/wp\/v2\/product\/7316\/revisions"}],"predecessor-version":[{"id":12197,"href":"https:\/\/dersuessestopp.com\/de_at\/wp-json\/wp\/v2\/product\/7316\/revisions\/12197"}],"wp:featuredmedia":[{"embeddable":true,"href":"https:\/\/dersuessestopp.com\/de_at\/wp-json\/wp\/v2\/media\/7317"}],"wp:attachment":[{"href":"https:\/\/dersuessestopp.com\/de_at\/wp-json\/wp\/v2\/media?parent=7316"}],"wp:term":[{"taxonomy":"product_brand","embeddable":true,"href":"https:\/\/dersuessestopp.com\/de_at\/wp-json\/wp\/v2\/product_brand?post=7316"},{"taxonomy":"product_cat","embeddable":true,"href":"https:\/\/dersuessestopp.com\/de_at\/wp-json\/wp\/v2\/product_cat?post=7316"},{"taxonomy":"product_tag","embeddable":true,"href":"https:\/\/dersuessestopp.com\/de_at\/wp-json\/wp\/v2\/product_tag?post=7316"}],"curies":[{"name":"wp","href":"https:\/\/api.w.org\/{rel}","templated":true}]}}