{"id":7302,"date":"2025-09-01T06:34:15","date_gmt":"2025-09-01T06:34:15","guid":{"rendered":"https:\/\/dersuessestopp.com\/?post_type=product&#038;p=7302"},"modified":"2025-10-08T23:11:12","modified_gmt":"2025-10-08T23:11:12","slug":"axf-1500-tn","status":"publish","type":"product","link":"https:\/\/dersuessestopp.com\/de_at\/product\/axf-1500-tn\/","title":{"rendered":"AXF 1500 TN"},"content":{"rendered":"<p data-start=\"350\" data-end=\"677\"><img fetchpriority=\"high\" decoding=\"async\" class=\"alignnone size-full wp-image-11940\" src=\"https:\/\/dersuessestopp.com\/wp-content\/uploads\/2025\/09\/AXF-1500-TN-BT-Dettagli.jpg\" alt=\"\" width=\"2000\" height=\"600\" srcset=\"https:\/\/dersuessestopp.com\/wp-content\/uploads\/2025\/09\/AXF-1500-TN-BT-Dettagli.jpg 2000w, https:\/\/dersuessestopp.com\/wp-content\/uploads\/2025\/09\/AXF-1500-TN-BT-Dettagli-300x90.jpg 300w, https:\/\/dersuessestopp.com\/wp-content\/uploads\/2025\/09\/AXF-1500-TN-BT-Dettagli-1024x307.jpg 1024w, https:\/\/dersuessestopp.com\/wp-content\/uploads\/2025\/09\/AXF-1500-TN-BT-Dettagli-768x230.jpg 768w, https:\/\/dersuessestopp.com\/wp-content\/uploads\/2025\/09\/AXF-1500-TN-BT-Dettagli-1536x461.jpg 1536w, https:\/\/dersuessestopp.com\/wp-content\/uploads\/2025\/09\/AXF-1500-TN-BT-Dettagli-250x75.jpg 250w, https:\/\/dersuessestopp.com\/wp-content\/uploads\/2025\/09\/AXF-1500-TN-BT-Dettagli-600x180.jpg 600w\" sizes=\"(max-width: 2000px) 100vw, 2000px\" \/><\/p>\n<p data-start=\"350\" data-end=\"677\">\n<p data-start=\"350\" data-end=\"677\">Die <strong data-start=\"354\" data-end=\"369\">AXF 1500 TN<\/strong> ist eine leistungsstarke <strong data-start=\"392\" data-end=\"449\">Doppelt\u00fcrige K\u00fchltruhe mit positiver Temperatur<\/strong> Gebrauch: F\u00fcr Gro\u00dfk\u00fcchen, Hotels, B\u00e4ckereien und Cateringdienste. Vollst\u00e4ndig gebaut in <strong data-start=\"545\" data-end=\"573\">Rostfreier Stahl AISI 304<\/strong> mit einer <strong data-start=\"581\" data-end=\"611\">60 mm D\u00e4mmst\u00e4rke<\/strong>, Sie gew\u00e4hrleistet ein H\u00f6chstma\u00df an Haltbarkeit, Hygiene und Energieeffizienz.<\/p>\n<p data-start=\"679\" data-end=\"1020\">Ausgestattet mit einem <strong data-start=\"696\" data-end=\"721\">elektronisches Thermostat<\/strong>, <strong data-start=\"723\" data-end=\"766\">sanft schlie\u00dfende T\u00fcren mit eingebautem Griff<\/strong>, <strong data-start=\"768\" data-end=\"784\">Schloss und Schl\u00fcssel<\/strong>, und <strong data-start=\"790\" data-end=\"818\">optionaler Smart Link WiFi<\/strong> Der AXF 1500 TN ist ein zuverl\u00e4ssiges und komfortables Ger\u00e4t f\u00fcr die Fern\u00fcberwachung. Sein <strong data-start=\"898\" data-end=\"928\">deckenmontierter Verdampfer<\/strong> und <strong data-start=\"933\" data-end=\"970\">automatische elektrische Abtauung<\/strong> sorgen f\u00fcr gleichm\u00e4\u00dfige K\u00fchlung und einfache Wartung.<\/p>\n<h2 data-start=\"1652\" data-end=\"1681\">Technische Daten<\/h2>\n<table>\n<thead>\n<tr>\n<th>Merkmal<\/th>\n<th>AXF 1500 TN<\/th>\n<\/tr>\n<\/thead>\n<tbody>\n<tr>\n<td>Netto\/Brutto Volumen<\/td>\n<td>1056 \/ 1476 L<\/td>\n<\/tr>\n<tr>\n<td>\u00c4u\u00dfere Abmessungen (B\u00d7T\u00d7H)<\/td>\n<td>1480 \u00d7 830 \u00d7 2010 mm*<\/td>\n<\/tr>\n<tr>\n<td>Abmessungen der Verpackung (B\u00d7T\u00d7H)<\/td>\n<td>1505 \u00d7 855 \u00d7 2070 mm<\/td>\n<\/tr>\n<tr>\n<td>A - Breite<\/td>\n<td>1360 mm<\/td>\n<\/tr>\n<tr>\n<td>B - Tiefe<\/td>\n<td>700 mm<\/td>\n<\/tr>\n<tr>\n<td>C - H\u00f6he<\/td>\n<td>1410 mm<\/td>\n<\/tr>\n<tr>\n<td>Netto-\/Bruttogewicht<\/td>\n<td>195 \/ 210 kg<\/td>\n<\/tr>\n<tr>\n<td>Dicke der Isolierung<\/td>\n<td>60 mm<\/td>\n<\/tr>\n<tr>\n<td>Einlegeb\u00f6den (BxT)<\/td>\n<td>6 \u00d7 534 \u00d7 650 mm + 2 \u00d7 636 \u00d7 660 mm<\/td>\n<\/tr>\n<\/tbody>\n<\/table>\n<h3 data-start=\"2176\" data-end=\"2193\">Leistung<\/h3>\n<div class=\"_tableContainer_1rjym_1\">\n<div class=\"_tableWrapper_1rjym_13 group flex w-fit flex-col-reverse\">\n<table>\n<thead>\n<tr>\n<th>Merkmal<\/th>\n<th>AXF 1500 TN<\/th>\n<\/tr>\n<\/thead>\n<tbody>\n<tr>\n<td>Temperaturbereich<\/td>\n<td>-2\u00b0C bis +8\u00b0C<\/td>\n<\/tr>\n<tr>\n<td>Klima-Klasse<\/td>\n<td>5 (tropentauglich)<\/td>\n<\/tr>\n<tr>\n<td>K\u00fchlsystem<\/td>\n<td>Verdampfer an der Decke<\/td>\n<\/tr>\n<tr>\n<td>Abtau-System<\/td>\n<td>Automatisch mit elektrischer Heizung<\/td>\n<\/tr>\n<tr>\n<td>L\u00e4rmpegel<\/td>\n<td>52 dB<\/td>\n<\/tr>\n<tr>\n<td>Energieverbrauch<\/td>\n<td>3,32 kWh\/24h<\/td>\n<\/tr>\n<\/tbody>\n<\/table>\n<h3 data-start=\"2482\" data-end=\"2511\">Konstruktion &amp; Merkmale<\/h3>\n<div class=\"_tableContainer_1rjym_1\">\n<div class=\"_tableWrapper_1rjym_13 group flex w-fit flex-col-reverse\">\n<table>\n<thead>\n<tr>\n<th>Merkmal<\/th>\n<th>AXF 1500 TN<\/th>\n<\/tr>\n<\/thead>\n<tbody>\n<tr>\n<td>K\u00f6rper &amp; Innenauskleidung<\/td>\n<td>AISI 304 Edelstahl<\/td>\n<\/tr>\n<tr>\n<td>Typ der T\u00fcr<\/td>\n<td>Doppelt\u00fcr, sanft schlie\u00dfend, integrierter Griff<\/td>\n<\/tr>\n<tr>\n<td>Schloss &amp; Schl\u00fcssel<\/td>\n<td>Ja<\/td>\n<\/tr>\n<tr>\n<td>Beleuchtung<\/td>\n<td>LED 220V \/ 0,6W<\/td>\n<\/tr>\n<tr>\n<td>Smart Link WiFi<\/td>\n<td>Optional<\/td>\n<\/tr>\n<tr>\n<td>F\u00fc\u00dfe\/Rollen<\/td>\n<td>4 verstellbare F\u00fc\u00dfe (110-170 mm) \/ optional Rollen (140 mm)<\/td>\n<\/tr>\n<\/tbody>\n<\/table>\n<h3 data-start=\"2846\" data-end=\"2862\">Elektrisch<\/h3>\n<div class=\"_tableContainer_1rjym_1\">\n<div class=\"_tableWrapper_1rjym_13 group flex w-fit flex-col-reverse\">\n<table>\n<thead>\n<tr>\n<th>Merkmal<\/th>\n<th>AXF 1500 TN<\/th>\n<\/tr>\n<\/thead>\n<tbody>\n<tr>\n<td>Spannung \/ Frequenz<\/td>\n<td>220-240 V \/ 50 Hz<\/td>\n<\/tr>\n<tr>\n<td>Leistungsabsorption<\/td>\n<td>320 W<\/td>\n<\/tr>\n<tr>\n<td>K\u00e4ltemittel<\/td>\n<td>R290<\/td>\n<\/tr>\n<\/tbody>\n<\/table>\n<\/div>\n<\/div>\n<\/div>\n<\/div>\n<\/div>\n<\/div>","protected":false},"excerpt":{"rendered":"<p>The AXF 1500 TN is a high-performance positive temperature double-door refrigerated cabinet designed for professional kitchens, hotels, bakeries, and catering services. Built entirely in AISI 304 stainless steel with a 60 mm insulation thickness, it ensures maximum durability, hygiene, and energy efficiency. Equipped with an electronic thermostat, soft-closing doors with built-in handle, lock and key, [&hellip;]<\/p>\n","protected":false},"featured_media":7303,"comment_status":"open","ping_status":"closed","template":"","meta":[],"product_brand":[],"product_cat":[51],"product_tag":[],"class_list":{"0":"post-7302","1":"product","2":"type-product","3":"status-publish","4":"has-post-thumbnail","6":"product_cat-kitchen-catering-cooling","8":"first","9":"instock","10":"shipping-taxable","11":"product-type-simple"},"_links":{"self":[{"href":"https:\/\/dersuessestopp.com\/de_at\/wp-json\/wp\/v2\/product\/7302","targetHints":{"allow":["GET"]}}],"collection":[{"href":"https:\/\/dersuessestopp.com\/de_at\/wp-json\/wp\/v2\/product"}],"about":[{"href":"https:\/\/dersuessestopp.com\/de_at\/wp-json\/wp\/v2\/types\/product"}],"replies":[{"embeddable":true,"href":"https:\/\/dersuessestopp.com\/de_at\/wp-json\/wp\/v2\/comments?post=7302"}],"version-history":[{"count":4,"href":"https:\/\/dersuessestopp.com\/de_at\/wp-json\/wp\/v2\/product\/7302\/revisions"}],"predecessor-version":[{"id":11941,"href":"https:\/\/dersuessestopp.com\/de_at\/wp-json\/wp\/v2\/product\/7302\/revisions\/11941"}],"wp:featuredmedia":[{"embeddable":true,"href":"https:\/\/dersuessestopp.com\/de_at\/wp-json\/wp\/v2\/media\/7303"}],"wp:attachment":[{"href":"https:\/\/dersuessestopp.com\/de_at\/wp-json\/wp\/v2\/media?parent=7302"}],"wp:term":[{"taxonomy":"product_brand","embeddable":true,"href":"https:\/\/dersuessestopp.com\/de_at\/wp-json\/wp\/v2\/product_brand?post=7302"},{"taxonomy":"product_cat","embeddable":true,"href":"https:\/\/dersuessestopp.com\/de_at\/wp-json\/wp\/v2\/product_cat?post=7302"},{"taxonomy":"product_tag","embeddable":true,"href":"https:\/\/dersuessestopp.com\/de_at\/wp-json\/wp\/v2\/product_tag?post=7302"}],"curies":[{"name":"wp","href":"https:\/\/api.w.org\/{rel}","templated":true}]}}