{"id":7297,"date":"2025-09-01T06:30:51","date_gmt":"2025-09-01T06:30:51","guid":{"rendered":"https:\/\/dersuessestopp.com\/?post_type=product&#038;p=7297"},"modified":"2025-10-08T23:03:47","modified_gmt":"2025-10-08T23:03:47","slug":"axf-800-tn","status":"publish","type":"product","link":"https:\/\/dersuessestopp.com\/de_at\/product\/axf-800-tn\/","title":{"rendered":"AXF 800 TN"},"content":{"rendered":"<p data-start=\"344\" data-end=\"689\"><img fetchpriority=\"high\" decoding=\"async\" class=\"alignnone size-full wp-image-11937\" src=\"https:\/\/dersuessestopp.com\/wp-content\/uploads\/2025\/09\/AXF-800-TN_BT-Dettagli.jpg\" alt=\"\" width=\"2000\" height=\"600\" srcset=\"https:\/\/dersuessestopp.com\/wp-content\/uploads\/2025\/09\/AXF-800-TN_BT-Dettagli.jpg 2000w, https:\/\/dersuessestopp.com\/wp-content\/uploads\/2025\/09\/AXF-800-TN_BT-Dettagli-300x90.jpg 300w, https:\/\/dersuessestopp.com\/wp-content\/uploads\/2025\/09\/AXF-800-TN_BT-Dettagli-1024x307.jpg 1024w, https:\/\/dersuessestopp.com\/wp-content\/uploads\/2025\/09\/AXF-800-TN_BT-Dettagli-768x230.jpg 768w, https:\/\/dersuessestopp.com\/wp-content\/uploads\/2025\/09\/AXF-800-TN_BT-Dettagli-1536x461.jpg 1536w, https:\/\/dersuessestopp.com\/wp-content\/uploads\/2025\/09\/AXF-800-TN_BT-Dettagli-250x75.jpg 250w, https:\/\/dersuessestopp.com\/wp-content\/uploads\/2025\/09\/AXF-800-TN_BT-Dettagli-600x180.jpg 600w\" sizes=\"(max-width: 2000px) 100vw, 2000px\" \/><\/p>\n<p data-start=\"344\" data-end=\"689\">\n<p data-start=\"344\" data-end=\"689\">Die <strong data-start=\"348\" data-end=\"362\">AXF 800 TN<\/strong> ist ein positiv temperaturbel\u00fcfteter Edelstahlschrank, der f\u00fcr Zuverl\u00e4ssigkeit und Effizienz in anspruchsvollen Gastronomieumgebungen entwickelt wurde. Vollst\u00e4ndig gebaut in <strong data-start=\"518\" data-end=\"546\">Rostfreier Stahl AISI 304<\/strong>, Mit seiner dicken Isolierung (103,5 mm) und der fortschrittlichen elektronischen Steuerung gew\u00e4hrleistet er die Konservierung von Lebensmitteln unter tropischen Bedingungen (Klimaklasse 5).<\/p>\n<p data-start=\"691\" data-end=\"911\">Ausgestattet mit <strong data-start=\"705\" data-end=\"735\">Smart Link WiFi (optional)<\/strong> f\u00fcr die Fern\u00fcberwachung, LED-Beleuchtung und sanft schlie\u00dfende Wendet\u00fcren mit Schloss und Schl\u00fcssel ist der AXF 800 TN darauf ausgelegt, Langlebigkeit, Hygiene und Energieeffizienz zu vereinen.<\/p>\n<h2 data-start=\"1474\" data-end=\"1503\">Technische Daten<\/h2>\n<table>\n<thead>\n<tr>\n<th>Merkmal<\/th>\n<th>AXF 800 TN<\/th>\n<\/tr>\n<\/thead>\n<tbody>\n<tr>\n<td>Netto\/Brutto Volumen<\/td>\n<td>408 \/ 560 L<\/td>\n<\/tr>\n<tr>\n<td>\u00c4u\u00dfere Abmessungen (B\u00d7T\u00d7H)<\/td>\n<td>740 \u00d7 875 \u00d7 2090 mm*<\/td>\n<\/tr>\n<tr>\n<td>Abmessungen der Verpackung (B\u00d7T\u00d7H)<\/td>\n<td>760 \u00d7 905 \u00d7 2150 mm<\/td>\n<\/tr>\n<tr>\n<td>A - Breite<\/td>\n<td>533 mm<\/td>\n<\/tr>\n<tr>\n<td>B - Tiefe<\/td>\n<td>700 mm<\/td>\n<\/tr>\n<tr>\n<td>C - H\u00f6he<\/td>\n<td>1501 mm<\/td>\n<\/tr>\n<tr>\n<td>Netto-\/Bruttogewicht<\/td>\n<td>134 \/ 143 kg<\/td>\n<\/tr>\n<tr>\n<td>Dicke der Isolierung<\/td>\n<td>103,5 mm<\/td>\n<\/tr>\n<tr>\n<td>Einlegeb\u00f6den (BxT)<\/td>\n<td>3 \u00d7 530 \u00d7 650 mm + 1 \u00d7 510 \u00d7 605 mm<\/td>\n<\/tr>\n<\/tbody>\n<\/table>\n<h3 data-start=\"2101\" data-end=\"2118\">Leistung<\/h3>\n<div class=\"_tableContainer_1rjym_1\">\n<div class=\"_tableWrapper_1rjym_13 group flex w-fit flex-col-reverse\">\n<table>\n<thead>\n<tr>\n<th>Merkmal<\/th>\n<th>AXF 800 TN<\/th>\n<\/tr>\n<\/thead>\n<tbody>\n<tr>\n<td>Temperaturbereich<\/td>\n<td>-2\u00b0C bis +8\u00b0C<\/td>\n<\/tr>\n<tr>\n<td>Klima-Klasse<\/td>\n<td>5 (tropentauglich)<\/td>\n<\/tr>\n<tr>\n<td>K\u00fchlsystem<\/td>\n<td>Verdampfer an der Decke<\/td>\n<\/tr>\n<tr>\n<td>Abtau-System<\/td>\n<td>Automatisch (Kompressorzyklus)<\/td>\n<\/tr>\n<tr>\n<td>L\u00e4rmpegel<\/td>\n<td>38 dB<\/td>\n<\/tr>\n<tr>\n<td>Energieverbrauch<\/td>\n<td>0,812 kWh\/24h<\/td>\n<\/tr>\n<\/tbody>\n<\/table>\n<h3 data-start=\"2496\" data-end=\"2525\">Konstruktion &amp; Merkmale<\/h3>\n<div class=\"_tableContainer_1rjym_1\">\n<div class=\"_tableWrapper_1rjym_13 group flex w-fit flex-col-reverse\">\n<table>\n<thead>\n<tr>\n<th>Merkmal<\/th>\n<th>AXF 800 TN<\/th>\n<\/tr>\n<\/thead>\n<tbody>\n<tr>\n<td>K\u00f6rper &amp; Innenauskleidung<\/td>\n<td>AISI 304 Edelstahl<\/td>\n<\/tr>\n<tr>\n<td>Typ der T\u00fcr<\/td>\n<td>Sanft schlie\u00dfend, reversibel<\/td>\n<\/tr>\n<tr>\n<td>Schloss &amp; Schl\u00fcssel<\/td>\n<td>Ja<\/td>\n<\/tr>\n<tr>\n<td>Beleuchtung<\/td>\n<td>1 horizontale LED (12V \/ 2,4W)<\/td>\n<\/tr>\n<tr>\n<td>Smart Link WiFi<\/td>\n<td>Optional<\/td>\n<\/tr>\n<tr>\n<td>F\u00fc\u00dfe\/Rollen<\/td>\n<td>4 verstellbare F\u00fc\u00dfe (110-170 mm) \/ optional Rollen (140 mm)<\/td>\n<\/tr>\n<\/tbody>\n<\/table>\n<h3 data-start=\"2957\" data-end=\"2973\">Elektrisch<\/h3>\n<div class=\"_tableContainer_1rjym_1\">\n<div class=\"_tableWrapper_1rjym_13 group flex w-fit flex-col-reverse\">\n<table>\n<thead>\n<tr>\n<th>Merkmal<\/th>\n<th>AXF 800 TN<\/th>\n<\/tr>\n<\/thead>\n<tbody>\n<tr>\n<td>Spannung \/ Frequenz<\/td>\n<td>220 V \/ 50 Hz<\/td>\n<\/tr>\n<tr>\n<td>Leistungsabsorption<\/td>\n<td>250 W<\/td>\n<\/tr>\n<tr>\n<td>K\u00e4ltemittel<\/td>\n<td>R600A<\/td>\n<\/tr>\n<\/tbody>\n<\/table>\n<\/div>\n<\/div>\n<\/div>\n<\/div>\n<\/div>\n<\/div>","protected":false},"excerpt":{"rendered":"<p>The AXF 800 TN is a positive temperature ventilated stainless steel cabinet designed for reliability and efficiency in demanding catering environments. Built entirely in AISI 304 stainless steel, with thick insulation (103.5 mm) and advanced electronic control, it ensures food preservation under tropical conditions (Climate Class 5). Equipped with Smart Link WiFi (optional) for remote [&hellip;]<\/p>\n","protected":false},"featured_media":7298,"comment_status":"open","ping_status":"closed","template":"","meta":[],"product_brand":[],"product_cat":[51],"product_tag":[],"class_list":{"0":"post-7297","1":"product","2":"type-product","3":"status-publish","4":"has-post-thumbnail","6":"product_cat-kitchen-catering-cooling","8":"first","9":"instock","10":"shipping-taxable","11":"product-type-simple"},"_links":{"self":[{"href":"https:\/\/dersuessestopp.com\/de_at\/wp-json\/wp\/v2\/product\/7297","targetHints":{"allow":["GET"]}}],"collection":[{"href":"https:\/\/dersuessestopp.com\/de_at\/wp-json\/wp\/v2\/product"}],"about":[{"href":"https:\/\/dersuessestopp.com\/de_at\/wp-json\/wp\/v2\/types\/product"}],"replies":[{"embeddable":true,"href":"https:\/\/dersuessestopp.com\/de_at\/wp-json\/wp\/v2\/comments?post=7297"}],"version-history":[{"count":4,"href":"https:\/\/dersuessestopp.com\/de_at\/wp-json\/wp\/v2\/product\/7297\/revisions"}],"predecessor-version":[{"id":11938,"href":"https:\/\/dersuessestopp.com\/de_at\/wp-json\/wp\/v2\/product\/7297\/revisions\/11938"}],"wp:featuredmedia":[{"embeddable":true,"href":"https:\/\/dersuessestopp.com\/de_at\/wp-json\/wp\/v2\/media\/7298"}],"wp:attachment":[{"href":"https:\/\/dersuessestopp.com\/de_at\/wp-json\/wp\/v2\/media?parent=7297"}],"wp:term":[{"taxonomy":"product_brand","embeddable":true,"href":"https:\/\/dersuessestopp.com\/de_at\/wp-json\/wp\/v2\/product_brand?post=7297"},{"taxonomy":"product_cat","embeddable":true,"href":"https:\/\/dersuessestopp.com\/de_at\/wp-json\/wp\/v2\/product_cat?post=7297"},{"taxonomy":"product_tag","embeddable":true,"href":"https:\/\/dersuessestopp.com\/de_at\/wp-json\/wp\/v2\/product_tag?post=7297"}],"curies":[{"name":"wp","href":"https:\/\/api.w.org\/{rel}","templated":true}]}}