{"id":7269,"date":"2025-09-01T06:07:33","date_gmt":"2025-09-01T06:07:33","guid":{"rendered":"https:\/\/dersuessestopp.com\/?post_type=product&#038;p=7269"},"modified":"2025-09-01T06:10:19","modified_gmt":"2025-09-01T06:10:19","slug":"vision-200","status":"publish","type":"product","link":"https:\/\/dersuessestopp.com\/de_at\/product\/vision-200\/","title":{"rendered":"VISION 200"},"content":{"rendered":"<p data-start=\"147\" data-end=\"410\">Die <strong data-start=\"151\" data-end=\"165\">VISION 200<\/strong> ist eine <strong data-start=\"171\" data-end=\"258\">bel\u00fcftete Multideck-K\u00fchlbox mit drei Glasseiten und drei rahmenlosen Fl\u00fcgelt\u00fcren<\/strong>, konzipiert f\u00fcr <strong data-start=\"273\" data-end=\"326\">Superm\u00e4rkte, Minim\u00e4rkte und Verbraucherm\u00e4rkte<\/strong> die eine leistungsstarke K\u00fchlung mit <strong data-start=\"373\" data-end=\"407\">positiver Temperaturbetrieb<\/strong>.<\/p>\n<p data-start=\"412\" data-end=\"723\">Mit einem <strong data-start=\"419\" data-end=\"459\">Temperaturbereich von +1 \u00b0C bis +10 \u00b0C<\/strong>, Es gew\u00e4hrleistet die sichere Lagerung von frischen Produkten und erh\u00e4lt gleichzeitig <strong data-start=\"522\" data-end=\"546\">ausgezeichnete Sichtbarkeit<\/strong> dank seiner <strong data-start=\"561\" data-end=\"587\">rahmenloses Glasdesign<\/strong>. Gebaut mit <strong data-start=\"600\" data-end=\"652\">vorlackiertes und gegen Korrosion behandeltes Blech<\/strong>, Der VISION 200 vereint Haltbarkeit, Hygiene und moderne \u00c4sthetik.<\/p>\n<h2 data-start=\"1474\" data-end=\"1518\"><strong data-start=\"1477\" data-end=\"1518\">Technische Daten - VISION 200<\/strong><\/h2>\n<div class=\"_tableContainer_1rjym_1\">\n<div class=\"_tableWrapper_1rjym_13 group flex w-fit flex-col-reverse\">\n<table>\n<thead>\n<tr>\n<th>Merkmal<\/th>\n<th>Spezifikation<\/th>\n<\/tr>\n<\/thead>\n<tbody>\n<tr>\n<td><strong>Temperaturbereich<\/strong><\/td>\n<td>+1 \u00b0C \/ +10 \u00b0C<\/td>\n<\/tr>\n<tr>\n<td><strong>Klima-Klasse<\/strong><\/td>\n<td>3<\/td>\n<\/tr>\n<tr>\n<td><strong>Netto\/Brutto Volumen<\/strong><\/td>\n<td>1147 L \/ 1939 L<\/td>\n<\/tr>\n<tr>\n<td><strong>Geh\u00e4use (Au\u00dfenfl\u00e4che)<\/strong><\/td>\n<td>Bandbeschichtetes Blech mit Korrosionsschutzbehandlung<\/td>\n<\/tr>\n<tr>\n<td><strong>Innenauskleidung<\/strong><\/td>\n<td>Bandbeschichtetes Blech mit Korrosionsschutzbehandlung<\/td>\n<\/tr>\n<tr>\n<td><strong>Thermostat<\/strong><\/td>\n<td>Elektronisch<\/td>\n<\/tr>\n<tr>\n<td><strong>L\u00e4rmpegel<\/strong><\/td>\n<td>62 dB<\/td>\n<\/tr>\n<tr>\n<td><strong>Smart Link WiFi<\/strong><\/td>\n<td>Optional<\/td>\n<\/tr>\n<tr>\n<td><strong>Dicke der Isolierung<\/strong><\/td>\n<td>40 mm<\/td>\n<\/tr>\n<tr>\n<td><strong>Abtau-System<\/strong><\/td>\n<td>Automatisch<\/td>\n<\/tr>\n<tr>\n<td><strong>Beleuchtung<\/strong><\/td>\n<td>LED<\/td>\n<\/tr>\n<tr>\n<td><strong>Regale<\/strong><\/td>\n<td>10 Einlegeb\u00f6den (935 \u00d7 450 mm), verstellbar und kippbar<\/td>\n<\/tr>\n<tr>\n<td><strong>F\u00fc\u00dfe<\/strong><\/td>\n<td>6<\/td>\n<\/tr>\n<tr>\n<td><strong>Spannung \/ Frequenz<\/strong><\/td>\n<td>220-240 V \/ 50 Hz<\/td>\n<\/tr>\n<tr>\n<td><strong>K\u00e4ltemittel<\/strong><\/td>\n<td>R290<\/td>\n<\/tr>\n<tr>\n<td><strong>Leistungsabsorption<\/strong><\/td>\n<td>980 W<\/td>\n<\/tr>\n<tr>\n<td><strong>Energieverbrauch<\/strong><\/td>\n<td>8,13 kWh \/ 24h<\/td>\n<\/tr>\n<tr>\n<td><strong>Netto-\/Bruttogewicht<\/strong><\/td>\n<td>370 \/ 420 kg<\/td>\n<\/tr>\n<\/tbody>\n<\/table>\n<h2 data-start=\"2312\" data-end=\"2342\"><strong data-start=\"2315\" data-end=\"2342\">Abmessungen - VISION 200<\/strong><\/h2>\n<div class=\"_tableContainer_1rjym_1\">\n<div class=\"_tableWrapper_1rjym_13 group flex w-fit flex-col-reverse\">\n<table>\n<thead>\n<tr>\n<th>Messung<\/th>\n<th>Wert<\/th>\n<\/tr>\n<\/thead>\n<tbody>\n<tr>\n<td><strong>\u00c4u\u00dfere Abmessungen (BxTxH)<\/strong><\/td>\n<td>1935 \u00d7 740 \u00d7 2010 mm<\/td>\n<\/tr>\n<tr>\n<td><strong>Abmessungen der Verpackung (BxTxH)<\/strong><\/td>\n<td>1965 \u00d7 767 \u00d7 2120 mm<\/td>\n<\/tr>\n<tr>\n<td><strong>Innere Breite (A)<\/strong><\/td>\n<td>1875 mm<\/td>\n<\/tr>\n<tr>\n<td><strong>Innere Tiefe (B)<\/strong><\/td>\n<td>544 mm<\/td>\n<\/tr>\n<tr>\n<td><strong>Innere H\u00f6he (C)<\/strong><\/td>\n<td>1540 mm<\/td>\n<\/tr>\n<\/tbody>\n<\/table>\n<\/div>\n<\/div>\n<\/div>\n<\/div>","protected":false},"excerpt":{"rendered":"<p>The VISION 200 is a ventilated multideck cooler with three glass sides and three frameless hinged doors, designed for supermarkets, minimarkets, and convenience stores that require high-capacity refrigeration with positive temperature operation. With a temperature range of +1 \u00b0C to +10 \u00b0C, it ensures safe storage for fresh products while maintaining excellent visibility thanks to [&hellip;]<\/p>\n","protected":false},"featured_media":7270,"comment_status":"open","ping_status":"closed","template":"","meta":[],"product_brand":[],"product_cat":[50],"product_tag":[],"class_list":{"0":"post-7269","1":"product","2":"type-product","3":"status-publish","4":"has-post-thumbnail","6":"product_cat-minimarket-supermarket-cooling","8":"first","9":"instock","10":"shipping-taxable","11":"product-type-simple"},"_links":{"self":[{"href":"https:\/\/dersuessestopp.com\/de_at\/wp-json\/wp\/v2\/product\/7269","targetHints":{"allow":["GET"]}}],"collection":[{"href":"https:\/\/dersuessestopp.com\/de_at\/wp-json\/wp\/v2\/product"}],"about":[{"href":"https:\/\/dersuessestopp.com\/de_at\/wp-json\/wp\/v2\/types\/product"}],"replies":[{"embeddable":true,"href":"https:\/\/dersuessestopp.com\/de_at\/wp-json\/wp\/v2\/comments?post=7269"}],"version-history":[{"count":3,"href":"https:\/\/dersuessestopp.com\/de_at\/wp-json\/wp\/v2\/product\/7269\/revisions"}],"predecessor-version":[{"id":7274,"href":"https:\/\/dersuessestopp.com\/de_at\/wp-json\/wp\/v2\/product\/7269\/revisions\/7274"}],"wp:featuredmedia":[{"embeddable":true,"href":"https:\/\/dersuessestopp.com\/de_at\/wp-json\/wp\/v2\/media\/7270"}],"wp:attachment":[{"href":"https:\/\/dersuessestopp.com\/de_at\/wp-json\/wp\/v2\/media?parent=7269"}],"wp:term":[{"taxonomy":"product_brand","embeddable":true,"href":"https:\/\/dersuessestopp.com\/de_at\/wp-json\/wp\/v2\/product_brand?post=7269"},{"taxonomy":"product_cat","embeddable":true,"href":"https:\/\/dersuessestopp.com\/de_at\/wp-json\/wp\/v2\/product_cat?post=7269"},{"taxonomy":"product_tag","embeddable":true,"href":"https:\/\/dersuessestopp.com\/de_at\/wp-json\/wp\/v2\/product_tag?post=7269"}],"curies":[{"name":"wp","href":"https:\/\/api.w.org\/{rel}","templated":true}]}}