{"id":7264,"date":"2025-09-01T06:06:01","date_gmt":"2025-09-01T06:06:01","guid":{"rendered":"https:\/\/dersuessestopp.com\/?post_type=product&#038;p=7264"},"modified":"2025-09-01T06:06:01","modified_gmt":"2025-09-01T06:06:01","slug":"vision-150","status":"publish","type":"product","link":"https:\/\/dersuessestopp.com\/de_at\/product\/vision-150\/","title":{"rendered":"VISION 150"},"content":{"rendered":"<p data-start=\"189\" data-end=\"423\">Die <strong data-start=\"193\" data-end=\"207\">VISION 150<\/strong> ist eine <strong data-start=\"213\" data-end=\"298\">bel\u00fcftete Multideck-K\u00fchlbox mit drei Glasseiten und zwei rahmenlosen Fl\u00fcgelt\u00fcren<\/strong>, konzipiert f\u00fcr <strong data-start=\"313\" data-end=\"362\">Superm\u00e4rkte, Minim\u00e4rkte und Einzelhandelsgesch\u00e4fte<\/strong> die zuverl\u00e4ssige <strong data-start=\"382\" data-end=\"420\">\u00dcbertemperaturk\u00fchlung<\/strong>.<\/p>\n<p data-start=\"425\" data-end=\"741\">Die T\u00e4tigkeit im <strong data-start=\"442\" data-end=\"461\">+1 \u00b0C bis +10 \u00b0C<\/strong> Bereich, gew\u00e4hrleistet sie <strong data-start=\"480\" data-end=\"522\">perfekte Konservierung von Frischprodukten<\/strong> bei gleichzeitiger Bereitstellung <strong data-start=\"539\" data-end=\"561\">maximale Sichtbarkeit<\/strong> dank seiner <strong data-start=\"576\" data-end=\"597\">Ganzglasdesign<\/strong>. Gebaut mit <strong data-start=\"610\" data-end=\"662\">vorlackiertes und gegen Korrosion behandeltes Blech<\/strong> Sowohl innen als auch au\u00dfen ist der VISION 150 langlebig, hygienisch und leicht zu reinigen.<\/p>\n<h2 data-start=\"1438\" data-end=\"1482\"><strong data-start=\"1441\" data-end=\"1482\">Technische Daten - VISION 150<\/strong><\/h2>\n<div class=\"_tableContainer_1rjym_1\">\n<div class=\"_tableWrapper_1rjym_13 group flex w-fit flex-col-reverse\">\n<table>\n<thead>\n<tr>\n<th>Merkmal<\/th>\n<th>Spezifikation<\/th>\n<\/tr>\n<\/thead>\n<tbody>\n<tr>\n<td><strong>Temperaturbereich<\/strong><\/td>\n<td>+1 \u00b0C \/ +10 \u00b0C<\/td>\n<\/tr>\n<tr>\n<td><strong>Klima-Klasse<\/strong><\/td>\n<td>3<\/td>\n<\/tr>\n<tr>\n<td><strong>Netto\/Brutto Volumen<\/strong><\/td>\n<td>764 L \/ 1292 L<\/td>\n<\/tr>\n<tr>\n<td><strong>Geh\u00e4use (Au\u00dfenfl\u00e4che)<\/strong><\/td>\n<td>Bandbeschichtetes Blech mit Korrosionsschutzbehandlung<\/td>\n<\/tr>\n<tr>\n<td><strong>Innenauskleidung<\/strong><\/td>\n<td>Bandbeschichtetes Blech mit Korrosionsschutzbehandlung<\/td>\n<\/tr>\n<tr>\n<td><strong>Thermostat<\/strong><\/td>\n<td>Elektronisch<\/td>\n<\/tr>\n<tr>\n<td><strong>L\u00e4rmpegel<\/strong><\/td>\n<td>58 dB<\/td>\n<\/tr>\n<tr>\n<td><strong>Smart Link WiFi<\/strong><\/td>\n<td>Optional<\/td>\n<\/tr>\n<tr>\n<td><strong>Dicke der Isolierung<\/strong><\/td>\n<td>40 mm<\/td>\n<\/tr>\n<tr>\n<td><strong>Abtau-System<\/strong><\/td>\n<td>Automatisch<\/td>\n<\/tr>\n<tr>\n<td><strong>Beleuchtung<\/strong><\/td>\n<td>LED<\/td>\n<\/tr>\n<tr>\n<td><strong>Regale<\/strong><\/td>\n<td>5 Einlegeb\u00f6den (1248 \u00d7 450 mm), verstellbar und kippbar<\/td>\n<\/tr>\n<tr>\n<td><strong>F\u00fc\u00dfe<\/strong><\/td>\n<td>4<\/td>\n<\/tr>\n<tr>\n<td><strong>Spannung \/ Frequenz<\/strong><\/td>\n<td>220-240 V \/ 50 Hz<\/td>\n<\/tr>\n<tr>\n<td><strong>K\u00e4ltemittel<\/strong><\/td>\n<td>R290<\/td>\n<\/tr>\n<tr>\n<td><strong>Leistungsabsorption<\/strong><\/td>\n<td>550 W<\/td>\n<\/tr>\n<tr>\n<td><strong>Energieverbrauch<\/strong><\/td>\n<td>5,87 kWh \/ 24h<\/td>\n<\/tr>\n<tr>\n<td><strong>Netto-\/Bruttogewicht<\/strong><\/td>\n<td>260 \/ 300 kg<\/td>\n<\/tr>\n<\/tbody>\n<\/table>\n<h2 data-start=\"2275\" data-end=\"2305\"><strong data-start=\"2278\" data-end=\"2305\">Abmessungen - VISION 150<\/strong><\/h2>\n<div class=\"_tableContainer_1rjym_1\">\n<div class=\"_tableWrapper_1rjym_13 group flex w-fit flex-col-reverse\">\n<table>\n<thead>\n<tr>\n<th>Messung<\/th>\n<th>Wert<\/th>\n<\/tr>\n<\/thead>\n<tbody>\n<tr>\n<td><strong>\u00c4u\u00dfere Abmessungen (BxTxH)<\/strong><\/td>\n<td>1310 \u00d7 740 \u00d7 2010 mm<\/td>\n<\/tr>\n<tr>\n<td><strong>Abmessungen der Verpackung (BxTxH)<\/strong><\/td>\n<td>1340 \u00d7 767 \u00d7 2120 mm<\/td>\n<\/tr>\n<tr>\n<td><strong>Innere Breite (A)<\/strong><\/td>\n<td>1250 mm<\/td>\n<\/tr>\n<tr>\n<td><strong>Innere Tiefe (B)<\/strong><\/td>\n<td>544 mm<\/td>\n<\/tr>\n<tr>\n<td><strong>Innere H\u00f6he (C)<\/strong><\/td>\n<td>1540 mm<\/td>\n<\/tr>\n<\/tbody>\n<\/table>\n<\/div>\n<\/div>\n<\/div>\n<\/div>","protected":false},"excerpt":{"rendered":"<p>The VISION 150 is a ventilated multideck cooler with three glass sides and two frameless hinged doors, designed for supermarkets, minimarkets, and retail outlets requiring reliable positive temperature refrigeration. Operating in the +1 \u00b0C to +10 \u00b0C range, it ensures perfect preservation of fresh products while providing maximum visibility thanks to its full-glass design. Built [&hellip;]<\/p>\n","protected":false},"featured_media":7265,"comment_status":"open","ping_status":"closed","template":"","meta":[],"product_brand":[],"product_cat":[50],"product_tag":[],"class_list":{"0":"post-7264","1":"product","2":"type-product","3":"status-publish","4":"has-post-thumbnail","6":"product_cat-minimarket-supermarket-cooling","8":"first","9":"instock","10":"shipping-taxable","11":"product-type-simple"},"_links":{"self":[{"href":"https:\/\/dersuessestopp.com\/de_at\/wp-json\/wp\/v2\/product\/7264","targetHints":{"allow":["GET"]}}],"collection":[{"href":"https:\/\/dersuessestopp.com\/de_at\/wp-json\/wp\/v2\/product"}],"about":[{"href":"https:\/\/dersuessestopp.com\/de_at\/wp-json\/wp\/v2\/types\/product"}],"replies":[{"embeddable":true,"href":"https:\/\/dersuessestopp.com\/de_at\/wp-json\/wp\/v2\/comments?post=7264"}],"version-history":[{"count":2,"href":"https:\/\/dersuessestopp.com\/de_at\/wp-json\/wp\/v2\/product\/7264\/revisions"}],"predecessor-version":[{"id":7268,"href":"https:\/\/dersuessestopp.com\/de_at\/wp-json\/wp\/v2\/product\/7264\/revisions\/7268"}],"wp:featuredmedia":[{"embeddable":true,"href":"https:\/\/dersuessestopp.com\/de_at\/wp-json\/wp\/v2\/media\/7265"}],"wp:attachment":[{"href":"https:\/\/dersuessestopp.com\/de_at\/wp-json\/wp\/v2\/media?parent=7264"}],"wp:term":[{"taxonomy":"product_brand","embeddable":true,"href":"https:\/\/dersuessestopp.com\/de_at\/wp-json\/wp\/v2\/product_brand?post=7264"},{"taxonomy":"product_cat","embeddable":true,"href":"https:\/\/dersuessestopp.com\/de_at\/wp-json\/wp\/v2\/product_cat?post=7264"},{"taxonomy":"product_tag","embeddable":true,"href":"https:\/\/dersuessestopp.com\/de_at\/wp-json\/wp\/v2\/product_tag?post=7264"}],"curies":[{"name":"wp","href":"https:\/\/api.w.org\/{rel}","templated":true}]}}