{"id":7259,"date":"2025-09-01T06:03:05","date_gmt":"2025-09-01T06:03:05","guid":{"rendered":"https:\/\/dersuessestopp.com\/?post_type=product&#038;p=7259"},"modified":"2025-09-01T06:03:39","modified_gmt":"2025-09-01T06:03:39","slug":"herr-75-bt1","status":"publish","type":"product","link":"https:\/\/dersuessestopp.com\/de_at\/product\/mr-75-bt1\/","title":{"rendered":"MR 75 BT1"},"content":{"rendered":"<p data-start=\"157\" data-end=\"450\">Die <strong data-start=\"161\" data-end=\"174\">MR 75 BT1<\/strong> ist eine <strong data-start=\"180\" data-end=\"219\">kompaktes, frostfreies Multideck-Gefrierger\u00e4t<\/strong> konzipiert f\u00fcr <strong data-start=\"233\" data-end=\"281\">Superm\u00e4rkte, Minim\u00e4rkte und Einzelhandelsgesch\u00e4fte<\/strong> die zuverl\u00e4ssige <strong data-start=\"301\" data-end=\"333\">Lagerung bei negativen Temperaturen<\/strong>. Mit einer <strong data-start=\"342\" data-end=\"383\">Temperaturbereich von -22 \u00b0C bis -18 \u00b0C<\/strong>, Dieser Gefrierschrank gew\u00e4hrleistet die sichere Aufbewahrung von Gefriergut.<\/p>\n<p data-start=\"452\" data-end=\"755\">Gebaut mit einer <strong data-start=\"465\" data-end=\"487\">lackierter Stahlk\u00f6rper<\/strong> und <strong data-start=\"492\" data-end=\"525\">lackierte Aluminium-Innenauskleidung<\/strong>, kombiniert sie <strong data-start=\"539\" data-end=\"572\">Langlebigkeit mit einfacher Reinigung<\/strong>. Der Gefrierschrank verf\u00fcgt \u00fcber eine <strong data-start=\"598\" data-end=\"623\">elektronisches Thermostat<\/strong>, <strong data-start=\"625\" data-end=\"675\">automatische Hei\u00dfgasabtauung (mit manueller Option)<\/strong>, und <strong data-start=\"681\" data-end=\"723\">energieeffiziente vertikale LED-Beleuchtung<\/strong> f\u00fcr klare Produktsichtbarkeit.<\/p>\n<h2 data-start=\"1428\" data-end=\"1459\"><strong data-start=\"1431\" data-end=\"1459\">Technische Daten<\/strong><\/h2>\n<div class=\"_tableContainer_1rjym_1\">\n<div class=\"_tableWrapper_1rjym_13 group flex w-fit flex-col-reverse\">\n<table>\n<thead>\n<tr>\n<th>Merkmal<\/th>\n<th>MR 75 BT1<\/th>\n<\/tr>\n<\/thead>\n<tbody>\n<tr>\n<td><strong>Temperaturbereich<\/strong><\/td>\n<td>-22 \u00b0C \/ -18 \u00b0C<\/td>\n<\/tr>\n<tr>\n<td><strong>Klima-Klasse<\/strong><\/td>\n<td>3<\/td>\n<\/tr>\n<tr>\n<td><strong>Netto\/Brutto Volumen<\/strong><\/td>\n<td>390 L \/ 560 L<\/td>\n<\/tr>\n<tr>\n<td><strong>Geh\u00e4use (Au\u00dfenfl\u00e4che)<\/strong><\/td>\n<td>Stahl lackiert (Schwarz \/ RAL7015 Grau)<\/td>\n<\/tr>\n<tr>\n<td><strong>Innenauskleidung<\/strong><\/td>\n<td>Lackiertes Aluminium<\/td>\n<\/tr>\n<tr>\n<td><strong>Thermostat<\/strong><\/td>\n<td>Elektronisch<\/td>\n<\/tr>\n<tr>\n<td><strong>L\u00e4rmpegel<\/strong><\/td>\n<td>61 dB<\/td>\n<\/tr>\n<tr>\n<td><strong>Smart Link WiFi<\/strong><\/td>\n<td>Optional<\/td>\n<\/tr>\n<tr>\n<td><strong>Dicke der Isolierung<\/strong><\/td>\n<td>60 mm<\/td>\n<\/tr>\n<tr>\n<td><strong>Abtau-System<\/strong><\/td>\n<td>Automatisch mit Hei\u00dfgas + manuell<\/td>\n<\/tr>\n<tr>\n<td><strong>Beleuchtung<\/strong><\/td>\n<td>2 vertikale LED<\/td>\n<\/tr>\n<tr>\n<td><strong>T\u00fcren<\/strong><\/td>\n<td>Selbstschlie\u00dfende<\/td>\n<\/tr>\n<tr>\n<td><strong>Regale<\/strong><\/td>\n<td>5 Einlegeb\u00f6den (610 \u00d7 470 mm)<\/td>\n<\/tr>\n<tr>\n<td><strong>Rollen<\/strong><\/td>\n<td>4<\/td>\n<\/tr>\n<tr>\n<td><strong>Spannung \/ Frequenz<\/strong><\/td>\n<td>220-240 V \/ 50 Hz<\/td>\n<\/tr>\n<tr>\n<td><strong>K\u00e4ltemittel<\/strong><\/td>\n<td>R290<\/td>\n<\/tr>\n<tr>\n<td><strong>Leistungsabsorption<\/strong><\/td>\n<td>600 W<\/td>\n<\/tr>\n<tr>\n<td><strong>Energieverbrauch<\/strong><\/td>\n<td>9,07 kWh \/ 24h<\/td>\n<\/tr>\n<tr>\n<td><strong>Netto-\/Bruttogewicht<\/strong><\/td>\n<td>150 \/ 158,5 kg<\/td>\n<\/tr>\n<\/tbody>\n<\/table>\n<h2 data-start=\"2250\" data-end=\"2267\"><strong data-start=\"2253\" data-end=\"2267\">Abmessungen<\/strong><\/h2>\n<div class=\"_tableContainer_1rjym_1\">\n<div class=\"_tableWrapper_1rjym_13 group flex w-fit flex-col-reverse\">\n<table>\n<thead>\n<tr>\n<th>Messung<\/th>\n<th>MR 75 BT1<\/th>\n<\/tr>\n<\/thead>\n<tbody>\n<tr>\n<td><strong>\u00c4u\u00dfere Abmessungen (BxTxH)<\/strong><\/td>\n<td>750 \u00d7 760 \u00d7 2003 mm<\/td>\n<\/tr>\n<tr>\n<td><strong>Abmessungen der Verpackung (BxTxH)<\/strong><\/td>\n<td>775 \u00d7 780 \u00d7 2090 mm<\/td>\n<\/tr>\n<tr>\n<td><strong>Innere Breite (A)<\/strong><\/td>\n<td>630 mm<\/td>\n<\/tr>\n<tr>\n<td><strong>Innere Tiefe (B)<\/strong><\/td>\n<td>580 mm<\/td>\n<\/tr>\n<tr>\n<td><strong>Innere H\u00f6he (C)<\/strong><\/td>\n<td>1538 mm<\/td>\n<\/tr>\n<\/tbody>\n<\/table>\n<\/div>\n<\/div>\n<\/div>\n<\/div>","protected":false},"excerpt":{"rendered":"<p>The MR 75 BT1 is a compact, no-frost multideck freezer designed for supermarkets, minimarkets, and retail stores requiring reliable negative temperature storage. With a temperature range of -22 \u00b0C to -18 \u00b0C, this upright freezer ensures safe preservation of frozen goods. Built with a painted steel body and painted aluminium inner liner, it combines durability [&hellip;]<\/p>\n","protected":false},"featured_media":7260,"comment_status":"open","ping_status":"closed","template":"","meta":[],"product_brand":[],"product_cat":[50],"product_tag":[],"class_list":{"0":"post-7259","1":"product","2":"type-product","3":"status-publish","4":"has-post-thumbnail","6":"product_cat-minimarket-supermarket-cooling","8":"first","9":"instock","10":"shipping-taxable","11":"product-type-simple"},"_links":{"self":[{"href":"https:\/\/dersuessestopp.com\/de_at\/wp-json\/wp\/v2\/product\/7259","targetHints":{"allow":["GET"]}}],"collection":[{"href":"https:\/\/dersuessestopp.com\/de_at\/wp-json\/wp\/v2\/product"}],"about":[{"href":"https:\/\/dersuessestopp.com\/de_at\/wp-json\/wp\/v2\/types\/product"}],"replies":[{"embeddable":true,"href":"https:\/\/dersuessestopp.com\/de_at\/wp-json\/wp\/v2\/comments?post=7259"}],"version-history":[{"count":2,"href":"https:\/\/dersuessestopp.com\/de_at\/wp-json\/wp\/v2\/product\/7259\/revisions"}],"predecessor-version":[{"id":7263,"href":"https:\/\/dersuessestopp.com\/de_at\/wp-json\/wp\/v2\/product\/7259\/revisions\/7263"}],"wp:featuredmedia":[{"embeddable":true,"href":"https:\/\/dersuessestopp.com\/de_at\/wp-json\/wp\/v2\/media\/7260"}],"wp:attachment":[{"href":"https:\/\/dersuessestopp.com\/de_at\/wp-json\/wp\/v2\/media?parent=7259"}],"wp:term":[{"taxonomy":"product_brand","embeddable":true,"href":"https:\/\/dersuessestopp.com\/de_at\/wp-json\/wp\/v2\/product_brand?post=7259"},{"taxonomy":"product_cat","embeddable":true,"href":"https:\/\/dersuessestopp.com\/de_at\/wp-json\/wp\/v2\/product_cat?post=7259"},{"taxonomy":"product_tag","embeddable":true,"href":"https:\/\/dersuessestopp.com\/de_at\/wp-json\/wp\/v2\/product_tag?post=7259"}],"curies":[{"name":"wp","href":"https:\/\/api.w.org\/{rel}","templated":true}]}}