{"id":7246,"date":"2025-09-01T05:53:59","date_gmt":"2025-09-01T05:53:59","guid":{"rendered":"https:\/\/dersuessestopp.com\/?post_type=product&#038;p=7246"},"modified":"2025-09-01T05:53:59","modified_gmt":"2025-09-01T05:53:59","slug":"iglu-25","status":"publish","type":"product","link":"https:\/\/dersuessestopp.com\/de_at\/product\/igloo-25\/","title":{"rendered":"IGLOO 25"},"content":{"rendered":"<p data-start=\"221\" data-end=\"385\">Die <strong data-start=\"225\" data-end=\"237\">IGLOO 25<\/strong> ist das gr\u00f6\u00dfte Modell der IGLOO-Gefrierinselreihe, die f\u00fcr <strong data-start=\"307\" data-end=\"339\">Superm\u00e4rkte und Minim\u00e4rkte<\/strong> mit <strong data-start=\"350\" data-end=\"382\">Hochkapazit\u00e4ts-Tiefk\u00fchllager<\/strong>.<\/p>\n<p data-start=\"387\" data-end=\"728\">Diese <strong data-start=\"392\" data-end=\"423\">statischer Jumbo-Inselgefrierschrank<\/strong> ist ausgestattet mit <strong data-start=\"441\" data-end=\"468\">Flachglasschiebedeckel<\/strong>, und gew\u00e4hrleistet so eine hervorragende Produktsichtbarkeit und einen bequemen Zugang f\u00fcr die Kunden. Sein <strong data-start=\"544\" data-end=\"580\">Geh\u00e4use aus korrosionsgesch\u00fctztem Stahl<\/strong> und <strong data-start=\"585\" data-end=\"615\">gepr\u00e4gter Aluminium-Innenraum<\/strong> sorgen f\u00fcr Haltbarkeit und Hygiene, w\u00e4hrend die <strong data-start=\"658\" data-end=\"694\">Hei\u00dfgas-Abtauautomatik<\/strong> garantiert eine einfache Wartung.<\/p>\n<p data-start=\"730\" data-end=\"955\">Der IGLOO 25 kombiniert <strong data-start=\"752\" data-end=\"776\">gro\u00dfes Speichervolumen<\/strong>, <strong data-start=\"778\" data-end=\"801\">moderne LED-Beleuchtung<\/strong>, und <strong data-start=\"807\" data-end=\"848\">optionale Smart Link WiFi-Konnektivit\u00e4t<\/strong> f\u00fcr die Fernverwaltung, was ihn zu einer zuverl\u00e4ssigen und effizienten L\u00f6sung f\u00fcr professionelle Einzelhandelsumgebungen macht.<\/p>\n<h2 data-start=\"1561\" data-end=\"1592\"><strong data-start=\"1564\" data-end=\"1592\">Technische Daten<\/strong><\/h2>\n<div class=\"_tableContainer_1rjym_1\">\n<div class=\"_tableWrapper_1rjym_13 group flex w-fit flex-col-reverse\">\n<table>\n<thead>\n<tr>\n<th>Merkmal<\/th>\n<th>IGLOO 25<\/th>\n<\/tr>\n<\/thead>\n<tbody>\n<tr>\n<td><strong>Temperaturbereich<\/strong><\/td>\n<td>-21 \u00b0C \/ -18 \u00b0C<\/td>\n<\/tr>\n<tr>\n<td><strong>Klima-Klasse<\/strong><\/td>\n<td>3<\/td>\n<\/tr>\n<tr>\n<td><strong>Netto\/Brutto Volumen<\/strong><\/td>\n<td>766 L \/ 1040 L<\/td>\n<\/tr>\n<tr>\n<td><strong>K\u00fchlsystem<\/strong><\/td>\n<td>Statisch<\/td>\n<\/tr>\n<tr>\n<td><strong>Abtauen<\/strong><\/td>\n<td>Automatisch (Hei\u00dfgas) + Manuell<\/td>\n<\/tr>\n<tr>\n<td><strong>Geh\u00e4use (Au\u00dfenfl\u00e4che)<\/strong><\/td>\n<td>Vorgestrichenes Blech mit Korrosionsschutzbehandlung<\/td>\n<\/tr>\n<tr>\n<td><strong>Innenauskleidung<\/strong><\/td>\n<td>Gepr\u00e4gtes Aluminium<\/td>\n<\/tr>\n<tr>\n<td><strong>Abscheider<\/strong><\/td>\n<td>5<\/td>\n<\/tr>\n<tr>\n<td><strong>K\u00f6rbe<\/strong><\/td>\n<td>Optional<\/td>\n<\/tr>\n<tr>\n<td><strong>Thermostat<\/strong><\/td>\n<td>Elektronisch<\/td>\n<\/tr>\n<tr>\n<td><strong>L\u00e4rmpegel<\/strong><\/td>\n<td>65 dB<\/td>\n<\/tr>\n<tr>\n<td><strong>Smart Link WiFi<\/strong><\/td>\n<td>Optional (Fernsteuerung)<\/td>\n<\/tr>\n<tr>\n<td><strong>Dicke der Isolierung<\/strong><\/td>\n<td>65 mm<\/td>\n<\/tr>\n<tr>\n<td><strong>Beleuchtung<\/strong><\/td>\n<td>LED<\/td>\n<\/tr>\n<tr>\n<td><strong>F\u00fc\u00dfe<\/strong><\/td>\n<td>4 einstellbar<\/td>\n<\/tr>\n<tr>\n<td><strong>Rollen<\/strong><\/td>\n<td>Optional<\/td>\n<\/tr>\n<tr>\n<td><strong>Spannung \/ Frequenz<\/strong><\/td>\n<td>220-240 V \/ 50 Hz<\/td>\n<\/tr>\n<tr>\n<td><strong>K\u00e4ltemittel<\/strong><\/td>\n<td>R290 (umweltfreundlich)<\/td>\n<\/tr>\n<tr>\n<td><strong>Leistungsabsorption<\/strong><\/td>\n<td>935 W<\/td>\n<\/tr>\n<tr>\n<td><strong>Energieverbrauch<\/strong><\/td>\n<td>9,20 kWh \/ 24h<\/td>\n<\/tr>\n<tr>\n<td><strong>Netto-\/Bruttogewicht<\/strong><\/td>\n<td>165 \/ 200 kg<\/td>\n<\/tr>\n<\/tbody>\n<\/table>\n<h2 data-start=\"2448\" data-end=\"2465\"><strong data-start=\"2451\" data-end=\"2465\">Abmessungen<\/strong><\/h2>\n<div class=\"_tableContainer_1rjym_1\">\n<div class=\"_tableWrapper_1rjym_13 group flex w-fit flex-col-reverse\">\n<table>\n<thead>\n<tr>\n<th>Messung<\/th>\n<th>IGLOO 25<\/th>\n<\/tr>\n<\/thead>\n<tbody>\n<tr>\n<td><strong>\u00c4u\u00dfere Abmessungen (BxTxH)<\/strong><\/td>\n<td>2500 \u00d7 850 \u00d7 870 mm<\/td>\n<\/tr>\n<tr>\n<td><strong>Abmessungen der Verpackung (BxTxH)<\/strong><\/td>\n<td>2580 \u00d7 934 \u00d7 1010 mm<\/td>\n<\/tr>\n<tr>\n<td><strong>Innere Breite (A)<\/strong><\/td>\n<td>2353 mm<\/td>\n<\/tr>\n<tr>\n<td><strong>Innere Tiefe (B)<\/strong><\/td>\n<td>691 mm<\/td>\n<\/tr>\n<tr>\n<td><strong>Innere H\u00f6he (C)<\/strong><\/td>\n<td>733 mm<\/td>\n<\/tr>\n<tr>\n<td><strong>Min. H\u00f6he (E)<\/strong><\/td>\n<td>473 mm<\/td>\n<\/tr>\n<tr>\n<td><strong>Min. Breite (F)<\/strong><\/td>\n<td>2118 mm<\/td>\n<\/tr>\n<\/tbody>\n<\/table>\n<h2 data-start=\"2448\" data-end=\"2465\"><strong data-start=\"2451\" data-end=\"2465\">Branding-Optionen\u00a0<\/strong><\/h2>\n<table>\n<thead>\n<tr>\n<th>Position<\/th>\n<th>Abmessungen<\/th>\n<\/tr>\n<\/thead>\n<tbody>\n<tr>\n<td><strong>Seite rechts<\/strong><\/td>\n<td>820 \u00d7 700 \/ 770 mm<\/td>\n<\/tr>\n<tr>\n<td><strong>Front-Aufkleber<\/strong><\/td>\n<td>2505 \u00d7 610 mm<\/td>\n<\/tr>\n<tr>\n<td><strong>Aufkleber f\u00fcr unteres Glas<\/strong><\/td>\n<td>1155 \u00d7 357 mm<\/td>\n<\/tr>\n<tr>\n<td><strong>Oberer Glasaufkleber<\/strong><\/td>\n<td>1125 \u00d7 345 mm<\/td>\n<\/tr>\n<\/tbody>\n<\/table>\n<\/div>\n<\/div>\n<\/div>\n<\/div>","protected":false},"excerpt":{"rendered":"<p>The IGLOO 25 is the largest model in the IGLOO freezer island range, designed for supermarkets and minimarkets requiring high-capacity frozen storage. This static jumbo island freezer is equipped with sliding flat glass lids, ensuring excellent product visibility and convenient customer access. Its anticorrosion-treated steel body and embossed aluminum interior provide durability and hygiene, while [&hellip;]<\/p>\n","protected":false},"featured_media":7247,"comment_status":"open","ping_status":"closed","template":"","meta":[],"product_brand":[],"product_cat":[50],"product_tag":[],"class_list":{"0":"post-7246","1":"product","2":"type-product","3":"status-publish","4":"has-post-thumbnail","6":"product_cat-minimarket-supermarket-cooling","8":"first","9":"instock","10":"shipping-taxable","11":"product-type-simple"},"_links":{"self":[{"href":"https:\/\/dersuessestopp.com\/de_at\/wp-json\/wp\/v2\/product\/7246","targetHints":{"allow":["GET"]}}],"collection":[{"href":"https:\/\/dersuessestopp.com\/de_at\/wp-json\/wp\/v2\/product"}],"about":[{"href":"https:\/\/dersuessestopp.com\/de_at\/wp-json\/wp\/v2\/types\/product"}],"replies":[{"embeddable":true,"href":"https:\/\/dersuessestopp.com\/de_at\/wp-json\/wp\/v2\/comments?post=7246"}],"version-history":[{"count":1,"href":"https:\/\/dersuessestopp.com\/de_at\/wp-json\/wp\/v2\/product\/7246\/revisions"}],"predecessor-version":[{"id":7249,"href":"https:\/\/dersuessestopp.com\/de_at\/wp-json\/wp\/v2\/product\/7246\/revisions\/7249"}],"wp:featuredmedia":[{"embeddable":true,"href":"https:\/\/dersuessestopp.com\/de_at\/wp-json\/wp\/v2\/media\/7247"}],"wp:attachment":[{"href":"https:\/\/dersuessestopp.com\/de_at\/wp-json\/wp\/v2\/media?parent=7246"}],"wp:term":[{"taxonomy":"product_brand","embeddable":true,"href":"https:\/\/dersuessestopp.com\/de_at\/wp-json\/wp\/v2\/product_brand?post=7246"},{"taxonomy":"product_cat","embeddable":true,"href":"https:\/\/dersuessestopp.com\/de_at\/wp-json\/wp\/v2\/product_cat?post=7246"},{"taxonomy":"product_tag","embeddable":true,"href":"https:\/\/dersuessestopp.com\/de_at\/wp-json\/wp\/v2\/product_tag?post=7246"}],"curies":[{"name":"wp","href":"https:\/\/api.w.org\/{rel}","templated":true}]}}